{"id":13592,"date":"2021-04-29T10:57:43","date_gmt":"2021-04-29T10:57:43","guid":{"rendered":"https:\/\/wellenreiten-surfen.de\/?product=aukai-sup-surfboard-320cm-tribal-stand-up-paddle-board-aufblasbar-paddel-surfbrett-paddling-padde"},"modified":"2023-04-08T23:13:18","modified_gmt":"2023-04-08T23:13:18","slug":"aukai-sup-surfboard-320cm-tribal-stand-up-paddle-board-aufblasbar-paddel-surfbrett-paddling-padde","status":"publish","type":"product","link":"https:\/\/wellenreiten-surfen.de\/?product=aukai-sup-surfboard-320cm-tribal-stand-up-paddle-board-aufblasbar-paddel-surfbrett-paddling-padde","title":{"rendered":"Aukai aufblasbares SUP Surfboard &#8211; Robustes Stand Up Paddle Board &#8211; Surfboard Komplett-Set &#8211; Hochwertiges Surfbrett mit\u2026"},"content":{"rendered":"<p><!-- show up to 2 reviews by default --> <\/p>\n<p>Das <b>SUP-320 von Aukai<\/b> ist <b>f\u00fcr Anf\u00e4nger als auch f\u00fcr Profis<\/b> geeignet. Das Board wird im <b>Premium Double Layer<\/b> verfahren hergestellt und ist somit <b>robuster und leichter<\/b> als einfach verklebte Boards. Der <b>Board-Kern<\/b> besteht aus einem <b>DTEX-1200D-Dropstitch. <\/b>Dieser erh\u00f6ht die Steifigkeit und l\u00e4sst ein Nutzgewicht von <b>bis zu 140 kg<\/b> zu. Die <b>Gesamtl\u00e4nge von 320 cm<\/b> und <b>Breite von 80cm<\/b> bieten ein <b>optimales Fahrverhalten<\/b> bei <b>minimalem Wasserwiderstand<\/b>. Die <b>22 cm lange Finne<\/b> erh\u00f6ht die <b>Spurstabilit\u00e4t<\/b> auch bei leichtem Wellengang. Durch die <b>gro\u00dfe Nutzfl\u00e4che<\/b> sowie der <b>formstabilen Bauweise<\/b>, kann das Board zum <b>entspannten Paddeln<\/b>, <b>f\u00fcr Yoga-\u00dcbungen<\/b> oder anderen <b>Trainingseinheiten<\/b> auf dem Wasser genutzt werden. Das gro\u00dfe <b>rutschfeste EVA-Deck<\/b> sorgt f\u00fcr einen <b>sicheren Stand<\/b>.<\/p>\n<p>Das <b>Aluminiumpaddel<\/b> besitzt einen <b>ergonomischen Handgriff<\/b> und kann in der L\u00e4nge von <b>170-220 cm<\/b> verstellt werden. Durch die <b>PU-Schaumf\u00fcllung<\/b> bleibt das Paddel im Falle eines unfreiwilligen Abstiegst immer <b>auf der Wasseroberfl\u00e4che<\/b>. Die dem <b>flexible Sicherungsleine<\/b> verhindert dabei das Abdriften des Boards. Das <b>Hochleistungs-Sicherheitsventil<\/b> ist f\u00fcr einen Druck von <b>15 PSI \/ 1,0 bar<\/b> ausgelegt. F\u00fcr den <b>schnellen und unkomplizierten Einsatz<\/b>, erhalten Sie die <b>3-Wege-Hochdruckpumpe <\/b>dazu. Damit ist Ihr Board <b>in wenigen Minuten einsatzbereit<\/b>.<\/p>\n<p>Auf dem Board sind zudem <b>9 Befestigungs-\u00d6sen<\/b> angebracht, welche es Ihnen erm\u00f6glichen <b>diverses Zubeh\u00f6r<\/b> am Board <b>zu befestigen<\/b>. Durch den <b>mittig angebrachten Tragegriff<\/b> k\u00f6nnen Sie das Board einfach <b>mit nur einer Hand<\/b> zum gew\u00fcnschten <b>Einsatzort transportieren<\/b>. Zudem erhalten Sie den <b>komfortablen Transportrucksack<\/b>, welcher Platz f\u00fcr <b>Board<\/b>, <b>Pumpe<\/b>, <b>Paddel<\/b> und <b>Sicherheitsleine<\/b> bietet. <\/p>\n<p>Mit einer Gesamtl\u00e4nge von 320cm und einer Breite von 80cm, gew\u00e4hrleistet das &#8222;SUP-320&#8243;von Aukai ein optimales Fahrverhalten im Wasser mit minimalem Wasserwiderstand und ist somit f\u00fcr Anf\u00e4nger als auch f\u00fcr Profis geeignet.<br \/>\nDer Board-Kern besteht aus einem DTEX-1200D-Dropstitch, welcher die Steifigkeit im aufgepumpten Zustand deutlich erh\u00f6ht und das Board \u00e4u\u00dferst formstabil macht.<br \/>\nDurch die gro\u00dfe Nutzfl\u00e4che sowie der formstabilen Bauweise, kann das Board nicht nur zum entspannten Paddeln, sondern auch f\u00fcr Yoga-\u00dcbungen oder anderen Trainingseinheiten auf dem Wasser genutzt werden.<br \/>\nDas gro\u00dfe rutschfeste EVA-Deck sorgt dabei steht&#8217;s f\u00fcr einen sicheren Stand. Durch das geringe Gewicht und den angebrachten Tragegriff kann das Board einfach zum gew\u00fcnschten Einsatzort transportiert werden.<br \/>\nZus\u00e4tzlich erhalten Sie den komfortablen Transportrucksack mit 2-Schultergurten, welcher Platz f\u00fcr das Board, die Pumpe, das Paddel und die Sicherheitsleine bietet. Kompakt verstaut, k\u00f6nnen Sie so das Board einfach auf dem R\u00fccken, dem Fahrrad oder im Auto transportieren.<br \/>\n<div class=\"main-cross-sell\" data-asin=\"B08QW34ZKZ\">\n\n\t<div class=\"WooZone-cross-sell-loader\">\n\t\t<div>\n\t\t\t<div id=\"floatingBarsG\">\n\t\t\t\t<div class=\"blockG\" id=\"rotateG_01\"><\/div>\n\t\t\t\t<div class=\"blockG\" id=\"rotateG_02\"><\/div>\n\t\t\t\t<div class=\"blockG\" id=\"rotateG_03\"><\/div>\n\t\t\t\t<div class=\"blockG\" id=\"rotateG_04\"><\/div>\n\t\t\t\t<div class=\"blockG\" id=\"rotateG_05\"><\/div>\n\t\t\t\t<div class=\"blockG\" id=\"rotateG_06\"><\/div>\n\t\t\t\t<div class=\"blockG\" id=\"rotateG_07\"><\/div>\n\t\t\t\t<div class=\"blockG\" id=\"rotateG_08\"><\/div>\n\t\t\t<\/div>\n\t\t\t<div class=\"WooZone-cross-sell-loader-text\"><\/div>\n\t\t<\/div>\n\t<\/div>\n\n\t\t\n<\/div>\n<div style=\"clear:both;\"><\/div>\n","protected":false},"excerpt":{"rendered":"<p>Mit einer Gesamtl\u00e4nge von 320cm und einer Breite von 80cm, gew\u00e4hrleistet das &#8222;SUP-320&#8243;von Aukai ein optimales Fahrverhalten im Wasser mit minimalem Wasserwiderstand und ist somit f\u00fcr Anf\u00e4nger als auch f\u00fcr Profis geeignet.<br \/>\nDer Board-Kern besteht aus einem DTEX-1200D-Dropstitch, welcher die Steifigkeit im aufgepumpten Zustand deutlich erh\u00f6ht und das Board \u00e4u\u00dferst formstabil macht.<br \/>\nDurch die gro\u00dfe Nutzfl\u00e4che sowie der formstabilen Bauweise, kann das Board nicht nur zum entspannten Paddeln, sondern auch f\u00fcr Yoga-\u00dcbungen oder anderen Trainingseinheiten auf dem Wasser genutzt werden.<\/p>\n","protected":false},"featured_media":13593,"comment_status":"open","ping_status":"closed","template":"","meta":[],"product_cat":[3184],"product_tag":[],"_links":{"self":[{"href":"https:\/\/wellenreiten-surfen.de\/index.php?rest_route=\/wp\/v2\/product\/13592"}],"collection":[{"href":"https:\/\/wellenreiten-surfen.de\/index.php?rest_route=\/wp\/v2\/product"}],"about":[{"href":"https:\/\/wellenreiten-surfen.de\/index.php?rest_route=\/wp\/v2\/types\/product"}],"replies":[{"embeddable":true,"href":"https:\/\/wellenreiten-surfen.de\/index.php?rest_route=%2Fwp%2Fv2%2Fcomments&post=13592"}],"wp:featuredmedia":[{"embeddable":true,"href":"https:\/\/wellenreiten-surfen.de\/index.php?rest_route=\/wp\/v2\/media\/13593"}],"wp:attachment":[{"href":"https:\/\/wellenreiten-surfen.de\/index.php?rest_route=%2Fwp%2Fv2%2Fmedia&parent=13592"}],"wp:term":[{"taxonomy":"product_cat","embeddable":true,"href":"https:\/\/wellenreiten-surfen.de\/index.php?rest_route=%2Fwp%2Fv2%2Fproduct_cat&post=13592"},{"taxonomy":"product_tag","embeddable":true,"href":"https:\/\/wellenreiten-surfen.de\/index.php?rest_route=%2Fwp%2Fv2%2Fproduct_tag&post=13592"}],"curies":[{"name":"wp","href":"https:\/\/api.w.org\/{rel}","templated":true}]}}