{"id":13602,"date":"2021-04-29T10:57:51","date_gmt":"2021-04-29T10:57:51","guid":{"rendered":"https:\/\/wellenreiten-surfen.de\/?product=aqualust-106-sup-board-stand-up-paddle-surf-board-aufblasbar-paddel-leash-isup-320x81cm-red"},"modified":"2023-04-08T23:13:18","modified_gmt":"2023-04-08T23:13:18","slug":"aqualust-106-sup-board-stand-up-paddle-surf-board-aufblasbar-paddel-leash-isup-320x81cm-red","status":"publish","type":"product","link":"https:\/\/wellenreiten-surfen.de\/?product=aqualust-106-sup-board-stand-up-paddle-surf-board-aufblasbar-paddel-leash-isup-320x81cm-red","title":{"rendered":"AQUALUST 10&#8217;6&#8243; SUP Board Stand Up Paddle Surf-Board aufblasbar Paddel Leash ISUP 320x81cm red"},"content":{"rendered":"<div id='gallery-1' class='gallery galleryid-13602 gallery-columns-3 gallery-size-thumbnail'><figure class='gallery-item'>\n\t\t\t<div class='gallery-icon landscape'>\n\t\t\t\t<a href='https:\/\/wellenreiten-surfen.de\/?attachment_id=13603'><img width=\"150\" height=\"150\" src=\"https:\/\/images-na.ssl-images-amazon.com\/images\/I\/51VBrzjkExS._SS150_.jpg\" class=\"attachment-thumbnail size-thumbnail\" alt=\"\" decoding=\"async\" loading=\"lazy\" srcset=\"https:\/\/images-na.ssl-images-amazon.com\/images\/I\/51VBrzjkExS._SS150_.jpg 150w, https:\/\/images-na.ssl-images-amazon.com\/images\/I\/51VBrzjkExS._SS300_.jpg 300w, https:\/\/images-na.ssl-images-amazon.com\/images\/I\/51VBrzjkExS._SS768_.jpg 768w, https:\/\/images-na.ssl-images-amazon.com\/images\/I\/51VBrzjkExS._SS1024_.jpg 1024w, https:\/\/images-na.ssl-images-amazon.com\/images\/I\/51VBrzjkExS._SS1536_.jpg 1536w, https:\/\/images-na.ssl-images-amazon.com\/images\/I\/51VBrzjkExS._SS2048_.jpg 2048w, https:\/\/images-na.ssl-images-amazon.com\/images\/I\/51VBrzjkExS._SS80_.jpg 80w, https:\/\/images-na.ssl-images-amazon.com\/images\/I\/51VBrzjkExS._SS200_.jpg 200w, https:\/\/images-na.ssl-images-amazon.com\/images\/I\/51VBrzjkExS.jpg 500w, https:\/\/images-na.ssl-images-amazon.com\/images\/I\/51VBrzjkExS._SS450_.jpg 450w, https:\/\/images-na.ssl-images-amazon.com\/images\/I\/51VBrzjkExS._SS1400_.jpg 1400w, https:\/\/images-na.ssl-images-amazon.com\/images\/I\/51VBrzjkExS._SS180_.jpg 180w, https:\/\/images-na.ssl-images-amazon.com\/images\/I\/51VBrzjkExS._SS600_.jpg 600w, https:\/\/images-na.ssl-images-amazon.com\/images\/I\/51VBrzjkExS._SS100_.jpg 100w\" sizes=\"(max-width: 150px) 100vw, 150px\" \/><\/a>\n\t\t\t<\/div><\/figure><figure class='gallery-item'>\n\t\t\t<div class='gallery-icon landscape'>\n\t\t\t\t<a href='https:\/\/wellenreiten-surfen.de\/?attachment_id=13604'><img width=\"150\" height=\"150\" src=\"https:\/\/images-na.ssl-images-amazon.com\/images\/I\/41IM7TJ5DJS._SS150_.jpg\" class=\"attachment-thumbnail size-thumbnail\" alt=\"\" decoding=\"async\" loading=\"lazy\" srcset=\"https:\/\/images-na.ssl-images-amazon.com\/images\/I\/41IM7TJ5DJS._SS150_.jpg 150w, https:\/\/images-na.ssl-images-amazon.com\/images\/I\/41IM7TJ5DJS._SS300_.jpg 300w, https:\/\/images-na.ssl-images-amazon.com\/images\/I\/41IM7TJ5DJS._SS768_.jpg 768w, https:\/\/images-na.ssl-images-amazon.com\/images\/I\/41IM7TJ5DJS._SS1024_.jpg 1024w, https:\/\/images-na.ssl-images-amazon.com\/images\/I\/41IM7TJ5DJS._SS1536_.jpg 1536w, https:\/\/images-na.ssl-images-amazon.com\/images\/I\/41IM7TJ5DJS._SS2048_.jpg 2048w, https:\/\/images-na.ssl-images-amazon.com\/images\/I\/41IM7TJ5DJS._SS80_.jpg 80w, https:\/\/images-na.ssl-images-amazon.com\/images\/I\/41IM7TJ5DJS._SS200_.jpg 200w, https:\/\/images-na.ssl-images-amazon.com\/images\/I\/41IM7TJ5DJS.jpg 500w, https:\/\/images-na.ssl-images-amazon.com\/images\/I\/41IM7TJ5DJS._SS450_.jpg 450w, https:\/\/images-na.ssl-images-amazon.com\/images\/I\/41IM7TJ5DJS._SS1400_.jpg 1400w, https:\/\/images-na.ssl-images-amazon.com\/images\/I\/41IM7TJ5DJS._SS180_.jpg 180w, https:\/\/images-na.ssl-images-amazon.com\/images\/I\/41IM7TJ5DJS._SS600_.jpg 600w, https:\/\/images-na.ssl-images-amazon.com\/images\/I\/41IM7TJ5DJS._SS100_.jpg 100w\" sizes=\"(max-width: 150px) 100vw, 150px\" \/><\/a>\n\t\t\t<\/div><\/figure><figure class='gallery-item'>\n\t\t\t<div class='gallery-icon landscape'>\n\t\t\t\t<a href='https:\/\/wellenreiten-surfen.de\/?attachment_id=13605'><img width=\"150\" height=\"150\" src=\"https:\/\/images-na.ssl-images-amazon.com\/images\/I\/41HziODUSXS._SS150_.jpg\" class=\"attachment-thumbnail size-thumbnail\" alt=\"\" decoding=\"async\" loading=\"lazy\" srcset=\"https:\/\/images-na.ssl-images-amazon.com\/images\/I\/41HziODUSXS._SS150_.jpg 150w, https:\/\/images-na.ssl-images-amazon.com\/images\/I\/41HziODUSXS._SS300_.jpg 300w, https:\/\/images-na.ssl-images-amazon.com\/images\/I\/41HziODUSXS._SS768_.jpg 768w, https:\/\/images-na.ssl-images-amazon.com\/images\/I\/41HziODUSXS._SS1024_.jpg 1024w, https:\/\/images-na.ssl-images-amazon.com\/images\/I\/41HziODUSXS._SS1536_.jpg 1536w, https:\/\/images-na.ssl-images-amazon.com\/images\/I\/41HziODUSXS._SS2048_.jpg 2048w, https:\/\/images-na.ssl-images-amazon.com\/images\/I\/41HziODUSXS._SS80_.jpg 80w, https:\/\/images-na.ssl-images-amazon.com\/images\/I\/41HziODUSXS._SS200_.jpg 200w, https:\/\/images-na.ssl-images-amazon.com\/images\/I\/41HziODUSXS.jpg 500w, https:\/\/images-na.ssl-images-amazon.com\/images\/I\/41HziODUSXS._SS450_.jpg 450w, https:\/\/images-na.ssl-images-amazon.com\/images\/I\/41HziODUSXS._SS1400_.jpg 1400w, https:\/\/images-na.ssl-images-amazon.com\/images\/I\/41HziODUSXS._SS180_.jpg 180w, https:\/\/images-na.ssl-images-amazon.com\/images\/I\/41HziODUSXS._SS600_.jpg 600w, https:\/\/images-na.ssl-images-amazon.com\/images\/I\/41HziODUSXS._SS100_.jpg 100w\" sizes=\"(max-width: 150px) 100vw, 150px\" \/><\/a>\n\t\t\t<\/div><\/figure>\n\t\t<\/div>\n<br \/>\n<!-- show up to 2 reviews by default --> <\/p>\n<p>Das AQUALUST 10&#8217;6&#8243; 320x81cm ist ein Allrounder im SUP-Bereich. Die neue Form vereint alle Allround-Features, bew\u00e4hrt sich sehr gut als Familienboard und hat eine sehr gro\u00dfe Nutzlast von 130kg. <\/p>\n<p> Das sehr leichte Boardgewicht (ca. 8,15kg) sorgt f\u00fcr schnellere Beschleunigung, leichte Drehbarkeit, Kontrolle und Sicherheit. Der 150mm Dicke Drop-Stitch Kern gibt eine top Steifigkeit, ohne die Fahrleistung zu beeinflussen. Das weiche und griffige EVA Deck (Diamantschliff) gibt ein sicheres Standgef\u00fchl. <\/p>\n<p> Das AQUALUST SUP Board-Set bietet das ultimative Paddle Board Erlebnis! <\/p>\n<p> \u2022 Geeignete Personenzahl: 1-2 \/ Tragkraft: Bis zu 130 kg \/ Volumen: 300 Liter <br \/> \u2022 Gr\u00f6\u00dfe: (L\/B\/H in cm): 320 x 81 x 15 \/ Gewicht (ohne Paddel): ca. 8,15 kg <br \/> \u2022 Drei Tragegriffe, dadurch leichteres Transportieren <br \/> \u2022 2-lagige PVC-Doppelwand-Konstruktion \/ 1-lagige Drop-Stitch-ULTRA Layer Technologie <br \/> \u2022 Hochdruck Doppelhup Pumpe &#8211; f\u00fcr schnelles &amp; kraftschonendes Aufpumpen <br \/> \u2022 Neustes highend Drop-Stitch-Material bietet enorme St\u00e4rke und Haltbarkeit <br \/> \u2022 Gro\u00dffl\u00e4chiges EVA-Deck Anti-Rutsch-Belag erm\u00f6glicht sicheren Stand und Fu\u00dfkomfort <br \/> \u2022 High-Class-Drop-Stitch-Kammer, 150 mm &#8211; mit Hunderten von Stabilisierungsf\u00e4den <br \/> \u2022 1 Slide-In-Zentralfinne, zentral f\u00fcr optimale Spurstabilit\u00e4t und 2 Flachwasser Finnen <br \/> \u2022 Hochdruck-Schraubventil (bis 15 psi) \/ 4 D-Ringe f\u00fcr einen Kajak-Sitz <br \/> \u2022 Gep\u00e4ckband, elastisch &#8211; jederzeit ben\u00f6tigtes Gep\u00e4ck sicher dabei \/ Inklusive gro\u00dfer Transportrucksack <\/p>\n<p> Lieferumfang: <br \/> 1 x AQUALUST 10&#8217;6&#8243; (320x81cm) Board, Transport Rucksack, Reparatur-Kit, Hochdruck Doppelhup Pumpe, Leash und 4-teiliges Dual Tech Kajakpaddel<\/p>\n<p>Das AQUALUST ist ein Allrounder im SUP-Bereich. Die neue Form vereint alle Allround-Features, bew\u00e4hrt sich sehr gut als Familienboard und hat eine sehr gro\u00dfe Nutzlast von 130kg.<br \/>\nDas sehr leichte Boardgewicht (8,15kg) sorgt f\u00fcr schnellere Beschleunigung, leichte Drehbarkeit, Kontrolle und Sicherheit.<br \/>\nOptional k\u00f6nnen Sie bei unseren Boards auch einen Kajak Sitz befestigen. 1 Slide-In-Zentralfinne, zentral f\u00fcr optimale Spurstabilit\u00e4t und 2 Flachwasser Finnen.<br \/>\nGeeignete Personenzahl: 1-2 \/ Volumen: 300 Liter \/ Tragegewicht: bis zu 130kg \/ Gr\u00f6\u00dfe: (L\/B\/H in cm): 320 x 81 x 15\/ Gewicht (ohne Paddel): 8,15 kg.<br \/>\nLieferumfang: 1x AQUALUST 10&#8217;6&#8243; Board, Transport Rucksack, Reparatur-Kit, eine Hochdruck Doppelhup Pumpe, Leash und 4-teiliges Dual Tech Kajakpaddel<br \/>\n<div class=\"main-cross-sell\" data-asin=\"B08C73WXTJ\">\n\n\t<div class=\"WooZone-cross-sell-loader\">\n\t\t<div>\n\t\t\t<div id=\"floatingBarsG\">\n\t\t\t\t<div class=\"blockG\" id=\"rotateG_01\"><\/div>\n\t\t\t\t<div class=\"blockG\" id=\"rotateG_02\"><\/div>\n\t\t\t\t<div class=\"blockG\" id=\"rotateG_03\"><\/div>\n\t\t\t\t<div class=\"blockG\" id=\"rotateG_04\"><\/div>\n\t\t\t\t<div class=\"blockG\" id=\"rotateG_05\"><\/div>\n\t\t\t\t<div class=\"blockG\" id=\"rotateG_06\"><\/div>\n\t\t\t\t<div class=\"blockG\" id=\"rotateG_07\"><\/div>\n\t\t\t\t<div class=\"blockG\" id=\"rotateG_08\"><\/div>\n\t\t\t<\/div>\n\t\t\t<div class=\"WooZone-cross-sell-loader-text\"><\/div>\n\t\t<\/div>\n\t<\/div>\n\n\t\t\n<\/div>\n<div style=\"clear:both;\"><\/div>\n","protected":false},"excerpt":{"rendered":"<p>Das AQUALUST ist ein Allrounder im SUP-Bereich. Die neue Form vereint alle Allround-Features, bew\u00e4hrt sich sehr gut als Familienboard und hat eine sehr gro\u00dfe Nutzlast von 130kg.<br \/>\nDas sehr leichte Boardgewicht (8,15kg) sorgt f\u00fcr schnellere Beschleunigung, leichte Drehbarkeit, Kontrolle und Sicherheit.<br \/>\nOptional k\u00f6nnen Sie bei unseren Boards auch einen Kajak Sitz befestigen. 1 Slide-In-Zentralfinne, zentral f\u00fcr optimale Spurstabilit\u00e4t und 2 Flachwasser Finnen.<\/p>\n","protected":false},"featured_media":13603,"comment_status":"open","ping_status":"closed","template":"","meta":[],"product_cat":[3184],"product_tag":[],"_links":{"self":[{"href":"https:\/\/wellenreiten-surfen.de\/index.php?rest_route=\/wp\/v2\/product\/13602"}],"collection":[{"href":"https:\/\/wellenreiten-surfen.de\/index.php?rest_route=\/wp\/v2\/product"}],"about":[{"href":"https:\/\/wellenreiten-surfen.de\/index.php?rest_route=\/wp\/v2\/types\/product"}],"replies":[{"embeddable":true,"href":"https:\/\/wellenreiten-surfen.de\/index.php?rest_route=%2Fwp%2Fv2%2Fcomments&post=13602"}],"wp:featuredmedia":[{"embeddable":true,"href":"https:\/\/wellenreiten-surfen.de\/index.php?rest_route=\/wp\/v2\/media\/13603"}],"wp:attachment":[{"href":"https:\/\/wellenreiten-surfen.de\/index.php?rest_route=%2Fwp%2Fv2%2Fmedia&parent=13602"}],"wp:term":[{"taxonomy":"product_cat","embeddable":true,"href":"https:\/\/wellenreiten-surfen.de\/index.php?rest_route=%2Fwp%2Fv2%2Fproduct_cat&post=13602"},{"taxonomy":"product_tag","embeddable":true,"href":"https:\/\/wellenreiten-surfen.de\/index.php?rest_route=%2Fwp%2Fv2%2Fproduct_tag&post=13602"}],"curies":[{"name":"wp","href":"https:\/\/api.w.org\/{rel}","templated":true}]}}