{"id":13682,"date":"2021-04-29T11:00:54","date_gmt":"2021-04-29T11:00:54","guid":{"rendered":"https:\/\/wellenreiten-surfen.de\/?product=brunelli-10-8-premium-sup-board-stand-up-paddle-surf-board-aufblasbar-paddel-isup-325cm"},"modified":"2023-04-08T23:13:19","modified_gmt":"2023-04-08T23:13:19","slug":"brunelli-10-8-premium-sup-board-stand-up-paddle-surf-board-aufblasbar-paddel-isup-325cm","status":"publish","type":"product","link":"https:\/\/wellenreiten-surfen.de\/?product=brunelli-10-8-premium-sup-board-stand-up-paddle-surf-board-aufblasbar-paddel-isup-325cm","title":{"rendered":"Brunelli 10.8 Premium SUP Board Stand Up Paddle Surf-Board aufblasbar Paddel ISUP 325cm"},"content":{"rendered":"<div id='gallery-1' class='gallery galleryid-13682 gallery-columns-3 gallery-size-thumbnail'><figure class='gallery-item'>\n\t\t\t<div class='gallery-icon landscape'>\n\t\t\t\t<a href='https:\/\/wellenreiten-surfen.de\/?attachment_id=13683'><img width=\"150\" height=\"150\" src=\"https:\/\/images-na.ssl-images-amazon.com\/images\/I\/51NvJWw2ssL._SS150_.jpg\" class=\"attachment-thumbnail size-thumbnail\" alt=\"\" decoding=\"async\" loading=\"lazy\" srcset=\"https:\/\/images-na.ssl-images-amazon.com\/images\/I\/51NvJWw2ssL._SS150_.jpg 150w, https:\/\/images-na.ssl-images-amazon.com\/images\/I\/51NvJWw2ssL._SS300_.jpg 300w, https:\/\/images-na.ssl-images-amazon.com\/images\/I\/51NvJWw2ssL._SS768_.jpg 768w, https:\/\/images-na.ssl-images-amazon.com\/images\/I\/51NvJWw2ssL._SS1024_.jpg 1024w, https:\/\/images-na.ssl-images-amazon.com\/images\/I\/51NvJWw2ssL._SS1536_.jpg 1536w, https:\/\/images-na.ssl-images-amazon.com\/images\/I\/51NvJWw2ssL._SS2048_.jpg 2048w, https:\/\/images-na.ssl-images-amazon.com\/images\/I\/51NvJWw2ssL._SS80_.jpg 80w, https:\/\/images-na.ssl-images-amazon.com\/images\/I\/51NvJWw2ssL._SS200_.jpg 200w, https:\/\/images-na.ssl-images-amazon.com\/images\/I\/51NvJWw2ssL.jpg 500w, https:\/\/images-na.ssl-images-amazon.com\/images\/I\/51NvJWw2ssL._SS450_.jpg 450w, https:\/\/images-na.ssl-images-amazon.com\/images\/I\/51NvJWw2ssL._SS1400_.jpg 1400w, https:\/\/images-na.ssl-images-amazon.com\/images\/I\/51NvJWw2ssL._SS180_.jpg 180w, https:\/\/images-na.ssl-images-amazon.com\/images\/I\/51NvJWw2ssL._SS600_.jpg 600w, https:\/\/images-na.ssl-images-amazon.com\/images\/I\/51NvJWw2ssL._SS100_.jpg 100w\" sizes=\"(max-width: 150px) 100vw, 150px\" \/><\/a>\n\t\t\t<\/div><\/figure><figure class='gallery-item'>\n\t\t\t<div class='gallery-icon landscape'>\n\t\t\t\t<a href='https:\/\/wellenreiten-surfen.de\/?attachment_id=13684'><img width=\"150\" height=\"150\" src=\"https:\/\/images-na.ssl-images-amazon.com\/images\/I\/41N8M-qDymL._SS150_.jpg\" class=\"attachment-thumbnail size-thumbnail\" alt=\"\" decoding=\"async\" loading=\"lazy\" srcset=\"https:\/\/images-na.ssl-images-amazon.com\/images\/I\/41N8M-qDymL._SS150_.jpg 150w, https:\/\/images-na.ssl-images-amazon.com\/images\/I\/41N8M-qDymL._SS300_.jpg 300w, https:\/\/images-na.ssl-images-amazon.com\/images\/I\/41N8M-qDymL._SS768_.jpg 768w, https:\/\/images-na.ssl-images-amazon.com\/images\/I\/41N8M-qDymL._SS1024_.jpg 1024w, https:\/\/images-na.ssl-images-amazon.com\/images\/I\/41N8M-qDymL._SS1536_.jpg 1536w, https:\/\/images-na.ssl-images-amazon.com\/images\/I\/41N8M-qDymL._SS2048_.jpg 2048w, https:\/\/images-na.ssl-images-amazon.com\/images\/I\/41N8M-qDymL._SS80_.jpg 80w, https:\/\/images-na.ssl-images-amazon.com\/images\/I\/41N8M-qDymL._SS200_.jpg 200w, https:\/\/images-na.ssl-images-amazon.com\/images\/I\/41N8M-qDymL.jpg 500w, https:\/\/images-na.ssl-images-amazon.com\/images\/I\/41N8M-qDymL._SS450_.jpg 450w, https:\/\/images-na.ssl-images-amazon.com\/images\/I\/41N8M-qDymL._SS1400_.jpg 1400w, https:\/\/images-na.ssl-images-amazon.com\/images\/I\/41N8M-qDymL._SS180_.jpg 180w, https:\/\/images-na.ssl-images-amazon.com\/images\/I\/41N8M-qDymL._SS600_.jpg 600w, https:\/\/images-na.ssl-images-amazon.com\/images\/I\/41N8M-qDymL._SS100_.jpg 100w\" sizes=\"(max-width: 150px) 100vw, 150px\" \/><\/a>\n\t\t\t<\/div><\/figure><figure class='gallery-item'>\n\t\t\t<div class='gallery-icon landscape'>\n\t\t\t\t<a href='https:\/\/wellenreiten-surfen.de\/?attachment_id=13685'><img width=\"150\" height=\"150\" src=\"https:\/\/images-na.ssl-images-amazon.com\/images\/I\/31eDSIGWbwL._SS150_.jpg\" class=\"attachment-thumbnail size-thumbnail\" alt=\"\" decoding=\"async\" loading=\"lazy\" srcset=\"https:\/\/images-na.ssl-images-amazon.com\/images\/I\/31eDSIGWbwL._SS150_.jpg 150w, https:\/\/images-na.ssl-images-amazon.com\/images\/I\/31eDSIGWbwL._SS300_.jpg 300w, https:\/\/images-na.ssl-images-amazon.com\/images\/I\/31eDSIGWbwL._SS768_.jpg 768w, https:\/\/images-na.ssl-images-amazon.com\/images\/I\/31eDSIGWbwL._SS1024_.jpg 1024w, https:\/\/images-na.ssl-images-amazon.com\/images\/I\/31eDSIGWbwL._SS1536_.jpg 1536w, https:\/\/images-na.ssl-images-amazon.com\/images\/I\/31eDSIGWbwL._SS2048_.jpg 2048w, https:\/\/images-na.ssl-images-amazon.com\/images\/I\/31eDSIGWbwL._SS80_.jpg 80w, https:\/\/images-na.ssl-images-amazon.com\/images\/I\/31eDSIGWbwL._SS200_.jpg 200w, https:\/\/images-na.ssl-images-amazon.com\/images\/I\/31eDSIGWbwL.jpg 500w, https:\/\/images-na.ssl-images-amazon.com\/images\/I\/31eDSIGWbwL._SS450_.jpg 450w, https:\/\/images-na.ssl-images-amazon.com\/images\/I\/31eDSIGWbwL._SS1400_.jpg 1400w, https:\/\/images-na.ssl-images-amazon.com\/images\/I\/31eDSIGWbwL._SS180_.jpg 180w, https:\/\/images-na.ssl-images-amazon.com\/images\/I\/31eDSIGWbwL._SS600_.jpg 600w, https:\/\/images-na.ssl-images-amazon.com\/images\/I\/31eDSIGWbwL._SS100_.jpg 100w\" sizes=\"(max-width: 150px) 100vw, 150px\" \/><\/a>\n\t\t\t<\/div><\/figure>\n\t\t<\/div>\n<br \/>\n<!-- show up to 2 reviews by default --> <\/p>\n<p>Das BRUNELLI 10&#8217;8 &#8220; 325 cm Board ist ein gro\u00dfartiges Allround-Touring-Board f\u00fcr Fahrer bis 180 kg. ( Auf unserem Board haben ein Erwachsener und Kinder ganz leicht Platz). Das sehr leichte Boardgewicht sorgt f\u00fcr schnellere Beschleunigung, leichte Drehbarkeit, Kontrolle und Sicherheit. Die 150mm Dicke doppelwandiger Drop-Stitch Kern (2-lagig) gibt eine top Steifigkeit, ohne die Fahrleistung zu beeinflussen. Sie k\u00f6nnen auch bei unseren Boards einen Kajak Sitz befestigen. Verwandeln Sie Ihr Paddel super einfach in ein Kajak Paddel. Ihr extra Paddel k\u00f6nnen im Gep\u00e4ckband lagern, wenn Sie es nicht gebrauchen. <\/p>\n<p> \u2022 Geeignete Personenzahl: 1-2 <br \/> \u2022 Volumen: 295 Liter <br \/> \u2022 Tragkraft: Bis zu 180 kg <br \/> \u2022 Gr\u00f6\u00dfe: (L\/B\/H in cm): 325 x 81 x 15 <br \/> \u2022 Gewicht (ohne Paddel): 10,4 kg <br \/> \u2022 Inklusive gro\u00dfer Transportrucksack mit Rollen <br \/> \u2022 Aluminium-Paddel, 4-teilig Allround Paddel, teleskopierbares &#8211; 160-225 cm f\u00fcr Sup und Kajak <br \/> \u2022 Hochdruck 2-Wege Doppelhup Standpumpe mit Manometer &#8211; f\u00fcr schnelles kraftschonendes Aufpumpen, Einfachzug auf Doppelzug umschalten <br \/> \u2022 Neuster Drop-Stitch-Material 2-lagig bietet enorme St\u00e4rke und Haltbarkeit <br \/> \u2022 Gro\u00dffl\u00e4chiges EVA-Deck Anti-Rutsch-Belag (Diamantschliff) erm\u00f6glicht sicheren Stand und Fu\u00dfkomfort <br \/> \u2022 Doppellagige Konstruktion mit zus\u00e4tzlich verst\u00e4rkten Rails &#8211; f\u00fcr beste Qualit\u00e4t und Standhaftigkeit <br \/> \u2022 High-Class-Drop-Stitch-Kammer, 150 mm &#8211; mit Hunderten von Stabilisierungsf\u00e4den <br \/> \u2022 1 Slide-In-Zentralfinn, zentral f\u00fcr optimale Spurstabilit\u00e4t und 2 Flachwasser Finnen <br \/> \u2022 5 Haltegriffe, &#8211; f\u00fcr mehr Sicherheit an Bord z.B. f\u00fcr Mitfahrer <br \/> \u2022 4 D-Ringe f\u00fcr einen Kajak-Sitz <\/p>\n<p>Das BRUNELLI 10&#8217;8 &#8220; 325 cm Board ist ein gro\u00dfartiges Allround-Touring-Board f\u00fcr Fahrer bis 180 kg. ( Auf unserem Board haben ein Erwachsener und Kinder ganz leicht Platz)<br \/>\nDas sehr leichte Boardgewicht sorgt f\u00fcr schnellere Beschleunigung, leichte Drehbarkeit, Kontrolle und Sicherheit.<br \/>\nDie 150mm Dicke doppelwandiger Drop-Stitch Kern (2-lagig) gibt eine top Steifigkeit, ohne die Fahrleistung zu beeinflussen.<br \/>\nGeeignete Personenzahl: 1-2\/Volumen: 295 Liter\/Tragegewicht: Bis zu 180 kg\/Gr\u00f6\u00dfe: (L\/B\/H in cm): 325 x 81 x 15\/Gewicht(ohne Paddel): 10,4 kg<br \/>\nSehr hochwertige Verarbeitung zum Top Preis- Leistungsverh\u00e4ltnis f\u00fcr riesen Spass auf dem Wasser!<br \/>\n<div class=\"main-cross-sell\" data-asin=\"B08D79HLHT\">\n\n\t<div class=\"WooZone-cross-sell-loader\">\n\t\t<div>\n\t\t\t<div id=\"floatingBarsG\">\n\t\t\t\t<div class=\"blockG\" id=\"rotateG_01\"><\/div>\n\t\t\t\t<div class=\"blockG\" id=\"rotateG_02\"><\/div>\n\t\t\t\t<div class=\"blockG\" id=\"rotateG_03\"><\/div>\n\t\t\t\t<div class=\"blockG\" id=\"rotateG_04\"><\/div>\n\t\t\t\t<div class=\"blockG\" id=\"rotateG_05\"><\/div>\n\t\t\t\t<div class=\"blockG\" id=\"rotateG_06\"><\/div>\n\t\t\t\t<div class=\"blockG\" id=\"rotateG_07\"><\/div>\n\t\t\t\t<div class=\"blockG\" id=\"rotateG_08\"><\/div>\n\t\t\t<\/div>\n\t\t\t<div class=\"WooZone-cross-sell-loader-text\"><\/div>\n\t\t<\/div>\n\t<\/div>\n\n\t\t\n<\/div>\n<div style=\"clear:both;\"><\/div>\n","protected":false},"excerpt":{"rendered":"<p>Das BRUNELLI 10&#8217;8 &#8220; 325 cm Board ist ein gro\u00dfartiges Allround-Touring-Board f\u00fcr Fahrer bis 180 kg. ( Auf unserem Board haben ein Erwachsener und Kinder ganz leicht Platz)<br \/>\nDas sehr leichte Boardgewicht sorgt f\u00fcr schnellere Beschleunigung, leichte Drehbarkeit, Kontrolle und Sicherheit.<br \/>\nDie 150mm Dicke doppelwandiger Drop-Stitch Kern (2-lagig) gibt eine top Steifigkeit, ohne die Fahrleistung zu beeinflussen.<\/p>\n","protected":false},"featured_media":13683,"comment_status":"open","ping_status":"closed","template":"","meta":[],"product_cat":[3184],"product_tag":[],"_links":{"self":[{"href":"https:\/\/wellenreiten-surfen.de\/index.php?rest_route=\/wp\/v2\/product\/13682"}],"collection":[{"href":"https:\/\/wellenreiten-surfen.de\/index.php?rest_route=\/wp\/v2\/product"}],"about":[{"href":"https:\/\/wellenreiten-surfen.de\/index.php?rest_route=\/wp\/v2\/types\/product"}],"replies":[{"embeddable":true,"href":"https:\/\/wellenreiten-surfen.de\/index.php?rest_route=%2Fwp%2Fv2%2Fcomments&post=13682"}],"wp:featuredmedia":[{"embeddable":true,"href":"https:\/\/wellenreiten-surfen.de\/index.php?rest_route=\/wp\/v2\/media\/13683"}],"wp:attachment":[{"href":"https:\/\/wellenreiten-surfen.de\/index.php?rest_route=%2Fwp%2Fv2%2Fmedia&parent=13682"}],"wp:term":[{"taxonomy":"product_cat","embeddable":true,"href":"https:\/\/wellenreiten-surfen.de\/index.php?rest_route=%2Fwp%2Fv2%2Fproduct_cat&post=13682"},{"taxonomy":"product_tag","embeddable":true,"href":"https:\/\/wellenreiten-surfen.de\/index.php?rest_route=%2Fwp%2Fv2%2Fproduct_tag&post=13682"}],"curies":[{"name":"wp","href":"https:\/\/api.w.org\/{rel}","templated":true}]}}