{"id":13694,"date":"2021-04-29T11:01:01","date_gmt":"2021-04-29T11:01:01","guid":{"rendered":"https:\/\/wellenreiten-surfen.de\/?product=seaflo-sup-board-stand-up-paddle-surf-board-aufblasbar-inkl-paddel-isup-335cm-11"},"modified":"2023-04-08T23:13:19","modified_gmt":"2023-04-08T23:13:19","slug":"seaflo-sup-board-stand-up-paddle-surf-board-aufblasbar-inkl-paddel-isup-335cm-11","status":"publish","type":"product","link":"https:\/\/wellenreiten-surfen.de\/?product=seaflo-sup-board-stand-up-paddle-surf-board-aufblasbar-inkl-paddel-isup-335cm-11","title":{"rendered":"Seaflo SUP Board Stand Up Paddle Surf-Board aufblasbar inkl.Paddel ISUP 335cm 11"},"content":{"rendered":"<div id='gallery-1' class='gallery galleryid-13694 gallery-columns-3 gallery-size-thumbnail'><figure class='gallery-item'>\n\t\t\t<div class='gallery-icon landscape'>\n\t\t\t\t<a href='https:\/\/wellenreiten-surfen.de\/?attachment_id=13695'><img width=\"150\" height=\"150\" src=\"https:\/\/images-na.ssl-images-amazon.com\/images\/I\/41PSCaxcWgL._SS150_.jpg\" class=\"attachment-thumbnail size-thumbnail\" alt=\"\" decoding=\"async\" loading=\"lazy\" srcset=\"https:\/\/images-na.ssl-images-amazon.com\/images\/I\/41PSCaxcWgL._SS150_.jpg 150w, https:\/\/images-na.ssl-images-amazon.com\/images\/I\/41PSCaxcWgL._SS300_.jpg 300w, https:\/\/images-na.ssl-images-amazon.com\/images\/I\/41PSCaxcWgL._SS768_.jpg 768w, https:\/\/images-na.ssl-images-amazon.com\/images\/I\/41PSCaxcWgL._SS1024_.jpg 1024w, https:\/\/images-na.ssl-images-amazon.com\/images\/I\/41PSCaxcWgL._SS1536_.jpg 1536w, https:\/\/images-na.ssl-images-amazon.com\/images\/I\/41PSCaxcWgL._SS2048_.jpg 2048w, https:\/\/images-na.ssl-images-amazon.com\/images\/I\/41PSCaxcWgL._SS80_.jpg 80w, https:\/\/images-na.ssl-images-amazon.com\/images\/I\/41PSCaxcWgL._SS200_.jpg 200w, https:\/\/images-na.ssl-images-amazon.com\/images\/I\/41PSCaxcWgL.jpg 500w, https:\/\/images-na.ssl-images-amazon.com\/images\/I\/41PSCaxcWgL._SS450_.jpg 450w, https:\/\/images-na.ssl-images-amazon.com\/images\/I\/41PSCaxcWgL._SS1400_.jpg 1400w, https:\/\/images-na.ssl-images-amazon.com\/images\/I\/41PSCaxcWgL._SS180_.jpg 180w, https:\/\/images-na.ssl-images-amazon.com\/images\/I\/41PSCaxcWgL._SS600_.jpg 600w, https:\/\/images-na.ssl-images-amazon.com\/images\/I\/41PSCaxcWgL._SS100_.jpg 100w\" sizes=\"(max-width: 150px) 100vw, 150px\" \/><\/a>\n\t\t\t<\/div><\/figure><figure class='gallery-item'>\n\t\t\t<div class='gallery-icon landscape'>\n\t\t\t\t<a href='https:\/\/wellenreiten-surfen.de\/?attachment_id=13696'><img width=\"150\" height=\"150\" src=\"https:\/\/images-na.ssl-images-amazon.com\/images\/I\/512ioz7ah6L._SS150_.jpg\" class=\"attachment-thumbnail size-thumbnail\" alt=\"\" decoding=\"async\" loading=\"lazy\" srcset=\"https:\/\/images-na.ssl-images-amazon.com\/images\/I\/512ioz7ah6L._SS150_.jpg 150w, https:\/\/images-na.ssl-images-amazon.com\/images\/I\/512ioz7ah6L._SS300_.jpg 300w, https:\/\/images-na.ssl-images-amazon.com\/images\/I\/512ioz7ah6L._SS768_.jpg 768w, https:\/\/images-na.ssl-images-amazon.com\/images\/I\/512ioz7ah6L._SS1024_.jpg 1024w, https:\/\/images-na.ssl-images-amazon.com\/images\/I\/512ioz7ah6L._SS1536_.jpg 1536w, https:\/\/images-na.ssl-images-amazon.com\/images\/I\/512ioz7ah6L._SS2048_.jpg 2048w, https:\/\/images-na.ssl-images-amazon.com\/images\/I\/512ioz7ah6L._SS80_.jpg 80w, https:\/\/images-na.ssl-images-amazon.com\/images\/I\/512ioz7ah6L._SS200_.jpg 200w, https:\/\/images-na.ssl-images-amazon.com\/images\/I\/512ioz7ah6L.jpg 500w, https:\/\/images-na.ssl-images-amazon.com\/images\/I\/512ioz7ah6L._SS450_.jpg 450w, https:\/\/images-na.ssl-images-amazon.com\/images\/I\/512ioz7ah6L._SS1400_.jpg 1400w, https:\/\/images-na.ssl-images-amazon.com\/images\/I\/512ioz7ah6L._SS180_.jpg 180w, https:\/\/images-na.ssl-images-amazon.com\/images\/I\/512ioz7ah6L._SS600_.jpg 600w, https:\/\/images-na.ssl-images-amazon.com\/images\/I\/512ioz7ah6L._SS100_.jpg 100w\" sizes=\"(max-width: 150px) 100vw, 150px\" \/><\/a>\n\t\t\t<\/div><\/figure><figure class='gallery-item'>\n\t\t\t<div class='gallery-icon landscape'>\n\t\t\t\t<a href='https:\/\/wellenreiten-surfen.de\/?attachment_id=13697'><img width=\"150\" height=\"150\" src=\"https:\/\/images-na.ssl-images-amazon.com\/images\/I\/41jRwMKZtnL._SS150_.jpg\" class=\"attachment-thumbnail size-thumbnail\" alt=\"\" decoding=\"async\" loading=\"lazy\" srcset=\"https:\/\/images-na.ssl-images-amazon.com\/images\/I\/41jRwMKZtnL._SS150_.jpg 150w, https:\/\/images-na.ssl-images-amazon.com\/images\/I\/41jRwMKZtnL._SS300_.jpg 300w, https:\/\/images-na.ssl-images-amazon.com\/images\/I\/41jRwMKZtnL._SS768_.jpg 768w, https:\/\/images-na.ssl-images-amazon.com\/images\/I\/41jRwMKZtnL._SS1024_.jpg 1024w, https:\/\/images-na.ssl-images-amazon.com\/images\/I\/41jRwMKZtnL._SS1536_.jpg 1536w, https:\/\/images-na.ssl-images-amazon.com\/images\/I\/41jRwMKZtnL._SS2048_.jpg 2048w, https:\/\/images-na.ssl-images-amazon.com\/images\/I\/41jRwMKZtnL._SS80_.jpg 80w, https:\/\/images-na.ssl-images-amazon.com\/images\/I\/41jRwMKZtnL._SS200_.jpg 200w, https:\/\/images-na.ssl-images-amazon.com\/images\/I\/41jRwMKZtnL.jpg 500w, https:\/\/images-na.ssl-images-amazon.com\/images\/I\/41jRwMKZtnL._SS450_.jpg 450w, https:\/\/images-na.ssl-images-amazon.com\/images\/I\/41jRwMKZtnL._SS1400_.jpg 1400w, https:\/\/images-na.ssl-images-amazon.com\/images\/I\/41jRwMKZtnL._SS180_.jpg 180w, https:\/\/images-na.ssl-images-amazon.com\/images\/I\/41jRwMKZtnL._SS600_.jpg 600w, https:\/\/images-na.ssl-images-amazon.com\/images\/I\/41jRwMKZtnL._SS100_.jpg 100w\" sizes=\"(max-width: 150px) 100vw, 150px\" \/><\/a>\n\t\t\t<\/div><\/figure>\n\t\t<\/div>\n<br \/>\n<!-- show up to 2 reviews by default --> <\/p>\n<p>Das Seaflo SF-11 ist ein gro\u00dfartiges iSUP f\u00fcr Einsteiger und Fortgeschrittene. Sie werden sich sofort in dieses SUP und den Sport zu verlieben. Die schnelle gew\u00f6lbte Linie und der stabile Stand bieten einen unkomplizierten Einstieg und zus\u00e4tzlich eine gute Geschwindigkeit. <\/p>\n<p> Dieses Board eignet sich aber nicht nur f\u00fcr Einsteiger, sondern ebenso f\u00fcr Fortgeschrittene auf langen Touren mit hoher Geschwindigkeit. Es f\u00e4hrt sich so leicht, dass sie sich denken es h\u00e4tte einen zus\u00e4tzlichen Motor. \ud83d\ude42 <\/p>\n<p> Die schmale Nase bietet gute Geschwindigkeit und Beweglichkeit, w\u00e4hrend die 75cm Breite und das runde Tail eine gute Balance und Stabilit\u00e4t bieten. <\/p>\n<p> Es ist ein gro\u00dfartiges Board f\u00fcr alle Paddler, da es aufgrund seines gro\u00dfz\u00fcgigen Volumens f\u00fcr den Fahrer leicht zu balancieren ist. <\/p>\n<p> Die gute Ausstattung sowie das umfangreiche Zubeh\u00f6r runden dieses phantastische SUP ab. Mit einem Gewicht von nur 9 kg Gewicht ist das Seaflo SUP ebenso leicht zu transportieren wie zu paddeln. <\/p>\n<p> Features: &#8211; 3-Finnen-System f\u00fcr optimale Richtungsstabilit\u00e4t &#8211; Drop Stich Technologie &#8211; 15cm Dick auf, daher gegen\u00fcber 10cm dicken SUP-Boards eine erheblich gr\u00f6\u00dfere Kipp-Stabilit\u00e4t und Gewichts-Belastbarkeit. &#8211; Umlaufender Verst\u00e4rkungsring f\u00fcr eine gro\u00dfe Langlebigkeit &#8211; EVA Anti-Rutsch-Standfl\u00e4che &#8211; mit 75cm Breite und 15cm Dicke gro\u00dfe Kipp-Stabilit\u00e4t und Steifigkeit &#8211; Hochdruck-Schraubventil f\u00fcr schnelles Bef\u00fcllen und Entleeren &#8211; Auspacken, aufpumpen, lospaddeln &#8211; Alles ben\u00f6tigte Zubeh\u00f6r im Lieferumfang enthalten &#8211; das leichte Aluminium-Paddel k\u00f6nnen Sie f\u00fcr einen einfachen Transport in 3 Teile zerlegen und dank seiner Teleskopfunktion stufenlos auf Ihre individuellen Bed\u00fcrfnisse anpassen. &#8211; D-Ring zum fixieren der Leash, oder zum sichern am Ufer. <\/p>\n<p> Technische Daten: &#8211; L\u00e4nge: 335cm &#8211; Breite: 75cm &#8211; H\u00f6he: 15cm &#8211; Gewicht: 9Kg (ohne Luft und Zubeh\u00f6r) &#8211; Zuladung: 150 Kg <\/p>\n<p> Lieferumfang: &#8211; SEAFLO SUP BOARD SF-11 &#8211; Teleskop-Alu-Paddel &#8211; Transport-Rucksack &#8211; Pumpe &#8211; Safety Leash &#8211; Reparaturk <\/p>\n<p>Das Seaflo SF-11 ist ein gro\u00dfartiges iSUP f\u00fcr Einsteiger und Fortgeschrittene. Sie werden sich sofort in dieses SUP und den Sport zu verlieben. Die schnelle gew\u00f6lbte Linie und der stabile Stand bieten einen unkomplizierten Einstieg und zus\u00e4tzlich eine gute Geschwindigkeit. Dieses Board eignet sich aber nicht nur f\u00fcr Einsteiger, sondern ebenso f\u00fcr Fortgeschrittene auf langen Touren mit hoher Geschwindigkeit. Es f\u00e4hrt sich so leicht, dass sie sich denken es h\u00e4tte einen zus\u00e4tzlichen Motor. \ud83d\ude42<br \/>\nDie schmale Nase bietet gute Geschwindigkeit und Beweglichkeit, w\u00e4hrend die 75cm Breite und das runde Tail eine gute Balance und Stabilit\u00e4t bieten. Es ist ein gro\u00dfartiges Board f\u00fcr alle Paddler, da es aufgrund seines gro\u00dfz\u00fcgigen Volumens f\u00fcr den Fahrer leicht zu balancieren ist. Die gute Ausstattung sowie das umfangreiche Zubeh\u00f6r runden dieses phantastische SUP ab. Mit einem Gewicht von nur 9 kg Gewicht ist das Seaflo SUP ebenso leicht zu transportieren wie zu paddeln.<br \/>\nFeatures: 3-Finnen-System f\u00fcr optimale Richtungsstabilit\u00e4t, Drop Stich Technologie, 15cm Dick auf, daher gegen\u00fcber 10cm dicken SUP-Boards eine erheblich gr\u00f6\u00dfere Kipp-Stabilit\u00e4t und Gewichts-Belastbarkeit, Umlaufender Verst\u00e4rkungsring f\u00fcr eine gro\u00dfe Langlebigkeit, EVA Anti-Rutsch-Standfl\u00e4che, mit 75cm Breite und 15cm Dicke gro\u00dfe Kipp-Stabilit\u00e4t und Steifigkeit, Hochdruck-Schraubventil, Alles ben\u00f6tigte Zubeh\u00f6r im Lieferumfang enthalten, 3 Teiliges und teleskopierbares Aluminium-Paddel,<br \/>\nLieferumfang: SEAFLO SUP BOARD SF-11, Teleskop-Alu-Paddel (3tlg. Zerlegbar), Transport-Rucksack, Hochdruck-Handpumpe mit Manometer, Safety Leash, Reparaturkit<br \/>\nTechnische Daten: L\u00e4nge: 335cm, Breite: 75cm, H\u00f6he: 15cm, Gewicht: 9Kg (ohne Luft und Zubeh\u00f6r), Zuladung: 150 Kg<br \/>\n<div class=\"main-cross-sell\" data-asin=\"B087D5JX7P\">\n\n\t<div class=\"WooZone-cross-sell-loader\">\n\t\t<div>\n\t\t\t<div id=\"floatingBarsG\">\n\t\t\t\t<div class=\"blockG\" id=\"rotateG_01\"><\/div>\n\t\t\t\t<div class=\"blockG\" id=\"rotateG_02\"><\/div>\n\t\t\t\t<div class=\"blockG\" id=\"rotateG_03\"><\/div>\n\t\t\t\t<div class=\"blockG\" id=\"rotateG_04\"><\/div>\n\t\t\t\t<div class=\"blockG\" id=\"rotateG_05\"><\/div>\n\t\t\t\t<div class=\"blockG\" id=\"rotateG_06\"><\/div>\n\t\t\t\t<div class=\"blockG\" id=\"rotateG_07\"><\/div>\n\t\t\t\t<div class=\"blockG\" id=\"rotateG_08\"><\/div>\n\t\t\t<\/div>\n\t\t\t<div class=\"WooZone-cross-sell-loader-text\"><\/div>\n\t\t<\/div>\n\t<\/div>\n\n\t\t\n<\/div>\n<div style=\"clear:both;\"><\/div>\n","protected":false},"excerpt":{"rendered":"<p>Das Seaflo SF-11 ist ein gro\u00dfartiges iSUP f\u00fcr Einsteiger und Fortgeschrittene. Sie werden sich sofort in dieses SUP und den Sport zu verlieben. Die schnelle gew\u00f6lbte Linie und der stabile Stand bieten einen unkomplizierten Einstieg und zus\u00e4tzlich eine gute Geschwindigkeit. Dieses Board eignet sich aber nicht nur f\u00fcr Einsteiger, sondern ebenso f\u00fcr Fortgeschrittene auf langen Touren mit hoher Geschwindigkeit. Es f\u00e4hrt sich so leicht, dass sie sich denken es h\u00e4tte einen zus\u00e4tzlichen Motor. \ud83d\ude42<br \/>\nDie schmale Nase bietet gute Geschwindigkeit und Beweglichkeit, w\u00e4hrend die 75cm Breite und das runde Tail eine gute Balance und Stabilit\u00e4t bieten. Es ist ein gro\u00dfartiges Board f\u00fcr alle Paddler, da es aufgrund seines gro\u00dfz\u00fcgigen Volumens f\u00fcr den Fahrer leicht zu balancieren ist. Die gute Ausstattung sowie das umfangreiche Zubeh\u00f6r runden dieses phantastische SUP ab. Mit einem Gewicht von nur 9 kg Gewicht ist das Seaflo SUP ebenso leicht zu transportieren wie zu paddeln.<br \/>\nFeatures: 3-Finnen-System f\u00fcr optimale Richtungsstabilit\u00e4t, Drop Stich Technologie, 15cm Dick auf, daher gegen\u00fcber 10cm dicken SUP-Boards eine erheblich gr\u00f6\u00dfere Kipp-Stabilit\u00e4t und Gewichts-Belastbarkeit, Umlaufender Verst\u00e4rkungsring f\u00fcr eine gro\u00dfe Langlebigkeit, EVA Anti-Rutsch-Standfl\u00e4che, mit 75cm Breite und 15cm Dicke gro\u00dfe Kipp-Stabilit\u00e4t und Steifigkeit, Hochdruck-Schraubventil, Alles ben\u00f6tigte Zubeh\u00f6r im Lieferumfang enthalten, 3 Teiliges und teleskopierbares Aluminium-Paddel,<\/p>\n","protected":false},"featured_media":13695,"comment_status":"open","ping_status":"closed","template":"","meta":[],"product_cat":[3184],"product_tag":[],"_links":{"self":[{"href":"https:\/\/wellenreiten-surfen.de\/index.php?rest_route=\/wp\/v2\/product\/13694"}],"collection":[{"href":"https:\/\/wellenreiten-surfen.de\/index.php?rest_route=\/wp\/v2\/product"}],"about":[{"href":"https:\/\/wellenreiten-surfen.de\/index.php?rest_route=\/wp\/v2\/types\/product"}],"replies":[{"embeddable":true,"href":"https:\/\/wellenreiten-surfen.de\/index.php?rest_route=%2Fwp%2Fv2%2Fcomments&post=13694"}],"wp:featuredmedia":[{"embeddable":true,"href":"https:\/\/wellenreiten-surfen.de\/index.php?rest_route=\/wp\/v2\/media\/13695"}],"wp:attachment":[{"href":"https:\/\/wellenreiten-surfen.de\/index.php?rest_route=%2Fwp%2Fv2%2Fmedia&parent=13694"}],"wp:term":[{"taxonomy":"product_cat","embeddable":true,"href":"https:\/\/wellenreiten-surfen.de\/index.php?rest_route=%2Fwp%2Fv2%2Fproduct_cat&post=13694"},{"taxonomy":"product_tag","embeddable":true,"href":"https:\/\/wellenreiten-surfen.de\/index.php?rest_route=%2Fwp%2Fv2%2Fproduct_tag&post=13694"}],"curies":[{"name":"wp","href":"https:\/\/api.w.org\/{rel}","templated":true}]}}