{"id":13773,"date":"2021-04-29T11:06:18","date_gmt":"2021-04-29T11:06:18","guid":{"rendered":"https:\/\/wellenreiten-surfen.de\/?product=zray-x-rider-deluxe-beistelltisch-tuerkis-1010"},"modified":"2023-04-08T23:13:20","modified_gmt":"2023-04-08T23:13:20","slug":"zray-x-rider-deluxe-beistelltisch-tuerkis-1010","status":"publish","type":"product","link":"https:\/\/wellenreiten-surfen.de\/?product=zray-x-rider-deluxe-beistelltisch-tuerkis-1010","title":{"rendered":"Zray X-Rider X1 Aufblasbares SUP Outdoor Sport All Around Stand Up Paddle Board Kit mit Ultimate Agile Light Technology\u2026"},"content":{"rendered":"<div id='gallery-1' class='gallery galleryid-13773 gallery-columns-3 gallery-size-thumbnail'><figure class='gallery-item'>\n\t\t\t<div class='gallery-icon landscape'>\n\t\t\t\t<a href='https:\/\/wellenreiten-surfen.de\/?attachment_id=13774'><img width=\"150\" height=\"150\" src=\"https:\/\/images-na.ssl-images-amazon.com\/images\/I\/51RYus94-qL._SS150_.jpg\" class=\"attachment-thumbnail size-thumbnail\" alt=\"\" decoding=\"async\" loading=\"lazy\" srcset=\"https:\/\/images-na.ssl-images-amazon.com\/images\/I\/51RYus94-qL._SS150_.jpg 150w, https:\/\/images-na.ssl-images-amazon.com\/images\/I\/51RYus94-qL._SS300_.jpg 300w, https:\/\/images-na.ssl-images-amazon.com\/images\/I\/51RYus94-qL._SS768_.jpg 768w, https:\/\/images-na.ssl-images-amazon.com\/images\/I\/51RYus94-qL._SS1024_.jpg 1024w, https:\/\/images-na.ssl-images-amazon.com\/images\/I\/51RYus94-qL._SS1536_.jpg 1536w, https:\/\/images-na.ssl-images-amazon.com\/images\/I\/51RYus94-qL._SS2048_.jpg 2048w, https:\/\/images-na.ssl-images-amazon.com\/images\/I\/51RYus94-qL._SS80_.jpg 80w, https:\/\/images-na.ssl-images-amazon.com\/images\/I\/51RYus94-qL._SS200_.jpg 200w, https:\/\/images-na.ssl-images-amazon.com\/images\/I\/51RYus94-qL.jpg 500w, https:\/\/images-na.ssl-images-amazon.com\/images\/I\/51RYus94-qL._SS450_.jpg 450w, https:\/\/images-na.ssl-images-amazon.com\/images\/I\/51RYus94-qL._SS1400_.jpg 1400w, https:\/\/images-na.ssl-images-amazon.com\/images\/I\/51RYus94-qL._SS180_.jpg 180w, https:\/\/images-na.ssl-images-amazon.com\/images\/I\/51RYus94-qL._SS600_.jpg 600w, https:\/\/images-na.ssl-images-amazon.com\/images\/I\/51RYus94-qL._SS100_.jpg 100w\" sizes=\"(max-width: 150px) 100vw, 150px\" \/><\/a>\n\t\t\t<\/div><\/figure><figure class='gallery-item'>\n\t\t\t<div class='gallery-icon landscape'>\n\t\t\t\t<a href='https:\/\/wellenreiten-surfen.de\/?attachment_id=13775'><img width=\"150\" height=\"150\" src=\"https:\/\/images-na.ssl-images-amazon.com\/images\/I\/41hvXEmDziL._SS150_.jpg\" class=\"attachment-thumbnail size-thumbnail\" alt=\"\" decoding=\"async\" loading=\"lazy\" srcset=\"https:\/\/images-na.ssl-images-amazon.com\/images\/I\/41hvXEmDziL._SS150_.jpg 150w, https:\/\/images-na.ssl-images-amazon.com\/images\/I\/41hvXEmDziL._SS300_.jpg 300w, https:\/\/images-na.ssl-images-amazon.com\/images\/I\/41hvXEmDziL._SS768_.jpg 768w, https:\/\/images-na.ssl-images-amazon.com\/images\/I\/41hvXEmDziL._SS1024_.jpg 1024w, https:\/\/images-na.ssl-images-amazon.com\/images\/I\/41hvXEmDziL._SS1536_.jpg 1536w, https:\/\/images-na.ssl-images-amazon.com\/images\/I\/41hvXEmDziL._SS2048_.jpg 2048w, https:\/\/images-na.ssl-images-amazon.com\/images\/I\/41hvXEmDziL._SS80_.jpg 80w, https:\/\/images-na.ssl-images-amazon.com\/images\/I\/41hvXEmDziL._SS200_.jpg 200w, https:\/\/images-na.ssl-images-amazon.com\/images\/I\/41hvXEmDziL.jpg 500w, https:\/\/images-na.ssl-images-amazon.com\/images\/I\/41hvXEmDziL._SS450_.jpg 450w, https:\/\/images-na.ssl-images-amazon.com\/images\/I\/41hvXEmDziL._SS1400_.jpg 1400w, https:\/\/images-na.ssl-images-amazon.com\/images\/I\/41hvXEmDziL._SS180_.jpg 180w, https:\/\/images-na.ssl-images-amazon.com\/images\/I\/41hvXEmDziL._SS600_.jpg 600w, https:\/\/images-na.ssl-images-amazon.com\/images\/I\/41hvXEmDziL._SS100_.jpg 100w\" sizes=\"(max-width: 150px) 100vw, 150px\" \/><\/a>\n\t\t\t<\/div><\/figure><figure class='gallery-item'>\n\t\t\t<div class='gallery-icon landscape'>\n\t\t\t\t<a href='https:\/\/wellenreiten-surfen.de\/?attachment_id=13776'><img width=\"150\" height=\"150\" src=\"https:\/\/images-na.ssl-images-amazon.com\/images\/I\/31I68zjXU-L._SS150_.jpg\" class=\"attachment-thumbnail size-thumbnail\" alt=\"\" decoding=\"async\" loading=\"lazy\" srcset=\"https:\/\/images-na.ssl-images-amazon.com\/images\/I\/31I68zjXU-L._SS150_.jpg 150w, https:\/\/images-na.ssl-images-amazon.com\/images\/I\/31I68zjXU-L._SS300_.jpg 300w, https:\/\/images-na.ssl-images-amazon.com\/images\/I\/31I68zjXU-L._SS768_.jpg 768w, https:\/\/images-na.ssl-images-amazon.com\/images\/I\/31I68zjXU-L._SS1024_.jpg 1024w, https:\/\/images-na.ssl-images-amazon.com\/images\/I\/31I68zjXU-L._SS1536_.jpg 1536w, https:\/\/images-na.ssl-images-amazon.com\/images\/I\/31I68zjXU-L._SS2048_.jpg 2048w, https:\/\/images-na.ssl-images-amazon.com\/images\/I\/31I68zjXU-L._SS80_.jpg 80w, https:\/\/images-na.ssl-images-amazon.com\/images\/I\/31I68zjXU-L._SS200_.jpg 200w, https:\/\/images-na.ssl-images-amazon.com\/images\/I\/31I68zjXU-L.jpg 500w, https:\/\/images-na.ssl-images-amazon.com\/images\/I\/31I68zjXU-L._SS450_.jpg 450w, https:\/\/images-na.ssl-images-amazon.com\/images\/I\/31I68zjXU-L._SS1400_.jpg 1400w, https:\/\/images-na.ssl-images-amazon.com\/images\/I\/31I68zjXU-L._SS180_.jpg 180w, https:\/\/images-na.ssl-images-amazon.com\/images\/I\/31I68zjXU-L._SS600_.jpg 600w, https:\/\/images-na.ssl-images-amazon.com\/images\/I\/31I68zjXU-L._SS100_.jpg 100w\" sizes=\"(max-width: 150px) 100vw, 150px\" \/><\/a>\n\t\t\t<\/div><\/figure>\n\t\t<\/div>\n<br \/>\n<!-- show up to 2 reviews by default --> <\/p>\n<p>Universelles und rundum Design: starre und stabile Form, ideal f\u00fcr alle Schwierigkeitsstufen und Bedingungen. Das weiche EVA-Deck-Pad macht es familien- und haustierfreundlich. [Einfache Lagerung und Transport] Schnelles Aufblasen und Luftablassen. Wenn die Luft nicht aufgepumpt wird, kann dieses Board mit einem Cinch-Gurt auf eine kompakte Gr\u00f6\u00dfe aufgerollt werden und passt so gut wie \u00fcberall \u2013 Kofferraum, Schrank, Bootspind oder unter Ihrem Bett. [15,2 cm Fallstich-Konstruktion] Sie m\u00fcssen sich keine Sorgen um Dellen, L\u00f6cher oder Sch\u00e4den machen. [Swift Glide Performance] 3 m x 81 cm x 15 cm. Mit 20,3 cm l\u00e4nger als X-Rider, k\u00f6nnen Sie viel mehr Geschwindigkeit und Spa\u00df beim Paddeln. [H\u00f6here Volumen und Kapazit\u00e4t] Die Tragf\u00e4higkeit betr\u00e4gt 150 kg, 25 kg h\u00f6her als X-Rider. Sie k\u00f6nnen einen kleinen Passagier\/ein Haustier oder eine zus\u00e4tzliche Fracht mit an Bord nehmen, weshalb es beliebt ist bei Familien-Paddlern und Menschen mit pelzigen Freunden. Zubeh\u00f6r: Doppelhub-Pumpe, X-Rider-Rucksack, Merit-Paddel, Leine, Pumpen-Adapter. <\/p>\n<p>L\u00e4nge: 330 cm<br \/>\nBreite: 81 cm<br \/>\nDicke: 15 cm<br \/>\nVolumen: 293 Liter<br \/>\nKapazit\u00e4t: bis zu 150 kg. Finne: 1 Zentralfinne<br \/>\n<div class=\"main-cross-sell\" data-asin=\"B08V94T8F3\">\n\n\t<div class=\"WooZone-cross-sell-loader\">\n\t\t<div>\n\t\t\t<div id=\"floatingBarsG\">\n\t\t\t\t<div class=\"blockG\" id=\"rotateG_01\"><\/div>\n\t\t\t\t<div class=\"blockG\" id=\"rotateG_02\"><\/div>\n\t\t\t\t<div class=\"blockG\" id=\"rotateG_03\"><\/div>\n\t\t\t\t<div class=\"blockG\" id=\"rotateG_04\"><\/div>\n\t\t\t\t<div class=\"blockG\" id=\"rotateG_05\"><\/div>\n\t\t\t\t<div class=\"blockG\" id=\"rotateG_06\"><\/div>\n\t\t\t\t<div class=\"blockG\" id=\"rotateG_07\"><\/div>\n\t\t\t\t<div class=\"blockG\" id=\"rotateG_08\"><\/div>\n\t\t\t<\/div>\n\t\t\t<div class=\"WooZone-cross-sell-loader-text\"><\/div>\n\t\t<\/div>\n\t<\/div>\n\n\t\t\n<\/div>\n<div style=\"clear:both;\"><\/div>\n","protected":false},"excerpt":{"rendered":"<p>L\u00e4nge: 330 cm<br \/>\nBreite: 81 cm<br \/>\nDicke: 15 cm<\/p>\n","protected":false},"featured_media":13774,"comment_status":"open","ping_status":"closed","template":"","meta":[],"product_cat":[3184],"product_tag":[],"_links":{"self":[{"href":"https:\/\/wellenreiten-surfen.de\/index.php?rest_route=\/wp\/v2\/product\/13773"}],"collection":[{"href":"https:\/\/wellenreiten-surfen.de\/index.php?rest_route=\/wp\/v2\/product"}],"about":[{"href":"https:\/\/wellenreiten-surfen.de\/index.php?rest_route=\/wp\/v2\/types\/product"}],"replies":[{"embeddable":true,"href":"https:\/\/wellenreiten-surfen.de\/index.php?rest_route=%2Fwp%2Fv2%2Fcomments&post=13773"}],"wp:featuredmedia":[{"embeddable":true,"href":"https:\/\/wellenreiten-surfen.de\/index.php?rest_route=\/wp\/v2\/media\/13774"}],"wp:attachment":[{"href":"https:\/\/wellenreiten-surfen.de\/index.php?rest_route=%2Fwp%2Fv2%2Fmedia&parent=13773"}],"wp:term":[{"taxonomy":"product_cat","embeddable":true,"href":"https:\/\/wellenreiten-surfen.de\/index.php?rest_route=%2Fwp%2Fv2%2Fproduct_cat&post=13773"},{"taxonomy":"product_tag","embeddable":true,"href":"https:\/\/wellenreiten-surfen.de\/index.php?rest_route=%2Fwp%2Fv2%2Fproduct_tag&post=13773"}],"curies":[{"name":"wp","href":"https:\/\/api.w.org\/{rel}","templated":true}]}}