{"id":13877,"date":"2021-04-29T11:26:35","date_gmt":"2021-04-29T11:26:35","guid":{"rendered":"https:\/\/wellenreiten-surfen.de\/?product=bestway-sport-2000-oceana-stand-up-paddleblau-weiss"},"modified":"2023-04-08T23:13:21","modified_gmt":"2023-04-08T23:13:21","slug":"bestway-sport-2000-oceana-stand-up-paddleblau-weiss","status":"publish","type":"product","link":"https:\/\/wellenreiten-surfen.de\/?product=bestway-sport-2000-oceana-stand-up-paddleblau-weiss","title":{"rendered":"Bestway HYDRO-FORCE iSUP Oceana 305x84x12 cm, aufblasbares Stand Up Paddle Allround-Board"},"content":{"rendered":"<div id='gallery-1' class='gallery galleryid-13877 gallery-columns-3 gallery-size-thumbnail'><figure class='gallery-item'>\n\t\t\t<div class='gallery-icon landscape'>\n\t\t\t\t<a href='https:\/\/wellenreiten-surfen.de\/?attachment_id=13878'><img width=\"150\" height=\"150\" src=\"https:\/\/images-na.ssl-images-amazon.com\/images\/I\/41fBMssqaNL._SS150_.jpg\" class=\"attachment-thumbnail size-thumbnail\" alt=\"\" decoding=\"async\" loading=\"lazy\" srcset=\"https:\/\/images-na.ssl-images-amazon.com\/images\/I\/41fBMssqaNL._SS150_.jpg 150w, https:\/\/images-na.ssl-images-amazon.com\/images\/I\/41fBMssqaNL._SS300_.jpg 300w, https:\/\/images-na.ssl-images-amazon.com\/images\/I\/41fBMssqaNL._SS768_.jpg 768w, https:\/\/images-na.ssl-images-amazon.com\/images\/I\/41fBMssqaNL._SS1024_.jpg 1024w, https:\/\/images-na.ssl-images-amazon.com\/images\/I\/41fBMssqaNL._SS1536_.jpg 1536w, https:\/\/images-na.ssl-images-amazon.com\/images\/I\/41fBMssqaNL._SS2048_.jpg 2048w, https:\/\/images-na.ssl-images-amazon.com\/images\/I\/41fBMssqaNL._SS80_.jpg 80w, https:\/\/images-na.ssl-images-amazon.com\/images\/I\/41fBMssqaNL._SS200_.jpg 200w, https:\/\/images-na.ssl-images-amazon.com\/images\/I\/41fBMssqaNL.jpg 500w, https:\/\/images-na.ssl-images-amazon.com\/images\/I\/41fBMssqaNL._SS450_.jpg 450w, https:\/\/images-na.ssl-images-amazon.com\/images\/I\/41fBMssqaNL._SS1400_.jpg 1400w, https:\/\/images-na.ssl-images-amazon.com\/images\/I\/41fBMssqaNL._SS180_.jpg 180w, https:\/\/images-na.ssl-images-amazon.com\/images\/I\/41fBMssqaNL._SS600_.jpg 600w, https:\/\/images-na.ssl-images-amazon.com\/images\/I\/41fBMssqaNL._SS100_.jpg 100w\" sizes=\"(max-width: 150px) 100vw, 150px\" \/><\/a>\n\t\t\t<\/div><\/figure><figure class='gallery-item'>\n\t\t\t<div class='gallery-icon landscape'>\n\t\t\t\t<a href='https:\/\/wellenreiten-surfen.de\/?attachment_id=13879'><img width=\"150\" height=\"150\" src=\"https:\/\/m.media-amazon.com\/images\/I\/61Mnoa+z8DL._SS150_.jpg\" class=\"attachment-thumbnail size-thumbnail\" alt=\"\" decoding=\"async\" loading=\"lazy\" srcset=\"https:\/\/m.media-amazon.com\/images\/I\/61Mnoa+z8DL._SS150_.jpg 150w, https:\/\/m.media-amazon.com\/images\/I\/61Mnoa+z8DL._SS300_.jpg 300w, https:\/\/m.media-amazon.com\/images\/I\/61Mnoa+z8DL._SS768_.jpg 768w, https:\/\/m.media-amazon.com\/images\/I\/61Mnoa+z8DL._SS1024_.jpg 1024w, https:\/\/m.media-amazon.com\/images\/I\/61Mnoa+z8DL._SS1536_.jpg 1536w, https:\/\/m.media-amazon.com\/images\/I\/61Mnoa+z8DL._SS2048_.jpg 2048w, https:\/\/m.media-amazon.com\/images\/I\/61Mnoa+z8DL._SS80_.jpg 80w, https:\/\/m.media-amazon.com\/images\/I\/61Mnoa+z8DL._SS200_.jpg 200w, https:\/\/m.media-amazon.com\/images\/I\/61Mnoa+z8DL.jpg 500w, https:\/\/m.media-amazon.com\/images\/I\/61Mnoa+z8DL._SS450_.jpg 450w, https:\/\/m.media-amazon.com\/images\/I\/61Mnoa+z8DL._SS1400_.jpg 1400w, https:\/\/m.media-amazon.com\/images\/I\/61Mnoa+z8DL._SS180_.jpg 180w, https:\/\/m.media-amazon.com\/images\/I\/61Mnoa+z8DL._SS600_.jpg 600w, https:\/\/m.media-amazon.com\/images\/I\/61Mnoa+z8DL._SS100_.jpg 100w\" sizes=\"(max-width: 150px) 100vw, 150px\" \/><\/a>\n\t\t\t<\/div><\/figure>\n\t\t<\/div>\n<br \/>\nArtikelnummer: 65303<br \/>\nGr\u00f6\u00dfe aufgeblasen: 305 x 84 x12 cm<br \/>\nMaximale Personenanzahl: Ein Erwachsener<br \/>\nMaximale Belastbarkeit: 110 kg<br \/>\nDrop Stitch-Material bietet extreme H\u00e4rte und Haltbarkeit<br \/>\nAnti-Rutsch-Belag, Tragegriff in der Mitte, Abnehmbarer Sitz mit R\u00fcckenlehne, drei eingearbeitete Finnen, Elastische Schnur f\u00fcr zus\u00e4tzliche Lagerung<br \/>\nInklusive: 217 cm dreiteiliges Aluminium-Paddel (auch als Doppelpaddel nutzbar), Hudro-Force iSUP-Hochdruck-Doppelhubkolbenpumpe, Reparatur-Set, Transporttasche, Coil-Leash<br \/>\n<div class=\"main-cross-sell\" data-asin=\"B074T3S4DH\">\n\n\t<div class=\"WooZone-cross-sell-loader\">\n\t\t<div>\n\t\t\t<div id=\"floatingBarsG\">\n\t\t\t\t<div class=\"blockG\" id=\"rotateG_01\"><\/div>\n\t\t\t\t<div class=\"blockG\" id=\"rotateG_02\"><\/div>\n\t\t\t\t<div class=\"blockG\" id=\"rotateG_03\"><\/div>\n\t\t\t\t<div class=\"blockG\" id=\"rotateG_04\"><\/div>\n\t\t\t\t<div class=\"blockG\" id=\"rotateG_05\"><\/div>\n\t\t\t\t<div class=\"blockG\" id=\"rotateG_06\"><\/div>\n\t\t\t\t<div class=\"blockG\" id=\"rotateG_07\"><\/div>\n\t\t\t\t<div class=\"blockG\" id=\"rotateG_08\"><\/div>\n\t\t\t<\/div>\n\t\t\t<div class=\"WooZone-cross-sell-loader-text\"><\/div>\n\t\t<\/div>\n\t<\/div>\n\n\t\t\n<\/div>\n<div style=\"clear:both;\"><\/div>\n","protected":false},"excerpt":{"rendered":"<p>Artikelnummer: 65303<br \/>\nGr\u00f6\u00dfe aufgeblasen: 305 x 84 x12 cm<br \/>\nMaximale Personenanzahl: Ein Erwachsener<\/p>\n","protected":false},"featured_media":13878,"comment_status":"open","ping_status":"closed","template":"","meta":[],"product_cat":[3184],"product_tag":[],"_links":{"self":[{"href":"https:\/\/wellenreiten-surfen.de\/index.php?rest_route=\/wp\/v2\/product\/13877"}],"collection":[{"href":"https:\/\/wellenreiten-surfen.de\/index.php?rest_route=\/wp\/v2\/product"}],"about":[{"href":"https:\/\/wellenreiten-surfen.de\/index.php?rest_route=\/wp\/v2\/types\/product"}],"replies":[{"embeddable":true,"href":"https:\/\/wellenreiten-surfen.de\/index.php?rest_route=%2Fwp%2Fv2%2Fcomments&post=13877"}],"wp:featuredmedia":[{"embeddable":true,"href":"https:\/\/wellenreiten-surfen.de\/index.php?rest_route=\/wp\/v2\/media\/13878"}],"wp:attachment":[{"href":"https:\/\/wellenreiten-surfen.de\/index.php?rest_route=%2Fwp%2Fv2%2Fmedia&parent=13877"}],"wp:term":[{"taxonomy":"product_cat","embeddable":true,"href":"https:\/\/wellenreiten-surfen.de\/index.php?rest_route=%2Fwp%2Fv2%2Fproduct_cat&post=13877"},{"taxonomy":"product_tag","embeddable":true,"href":"https:\/\/wellenreiten-surfen.de\/index.php?rest_route=%2Fwp%2Fv2%2Fproduct_tag&post=13877"}],"curies":[{"name":"wp","href":"https:\/\/api.w.org\/{rel}","templated":true}]}}