{"id":13919,"date":"2021-04-29T11:31:31","date_gmt":"2021-04-29T11:31:31","guid":{"rendered":"https:\/\/wellenreiten-surfen.de\/?product=osprey-surf-surfboard-unisex-foamie"},"modified":"2023-04-08T23:13:22","modified_gmt":"2023-04-08T23:13:22","slug":"osprey-surf-surfboard-unisex-foamie","status":"publish","type":"product","link":"https:\/\/wellenreiten-surfen.de\/?product=osprey-surf-surfboard-unisex-foamie","title":{"rendered":"Osprey Surf Surfboard, Unisex, Foamie"},"content":{"rendered":"<div id='gallery-1' class='gallery galleryid-13919 gallery-columns-3 gallery-size-thumbnail'><figure class='gallery-item'>\n\t\t\t<div class='gallery-icon landscape'>\n\t\t\t\t<a href='https:\/\/wellenreiten-surfen.de\/?attachment_id=13920'><img width=\"150\" height=\"150\" src=\"https:\/\/images-na.ssl-images-amazon.com\/images\/I\/41SDiPZPIuL._SS150_.jpg\" class=\"attachment-thumbnail size-thumbnail\" alt=\"\" decoding=\"async\" loading=\"lazy\" srcset=\"https:\/\/images-na.ssl-images-amazon.com\/images\/I\/41SDiPZPIuL._SS150_.jpg 150w, https:\/\/images-na.ssl-images-amazon.com\/images\/I\/41SDiPZPIuL._SS300_.jpg 300w, https:\/\/images-na.ssl-images-amazon.com\/images\/I\/41SDiPZPIuL._SS768_.jpg 768w, https:\/\/images-na.ssl-images-amazon.com\/images\/I\/41SDiPZPIuL._SS1024_.jpg 1024w, https:\/\/images-na.ssl-images-amazon.com\/images\/I\/41SDiPZPIuL._SS1536_.jpg 1536w, https:\/\/images-na.ssl-images-amazon.com\/images\/I\/41SDiPZPIuL._SS2048_.jpg 2048w, https:\/\/images-na.ssl-images-amazon.com\/images\/I\/41SDiPZPIuL._SS80_.jpg 80w, https:\/\/images-na.ssl-images-amazon.com\/images\/I\/41SDiPZPIuL._SS200_.jpg 200w, https:\/\/images-na.ssl-images-amazon.com\/images\/I\/41SDiPZPIuL.jpg 500w, https:\/\/images-na.ssl-images-amazon.com\/images\/I\/41SDiPZPIuL._SS450_.jpg 450w, https:\/\/images-na.ssl-images-amazon.com\/images\/I\/41SDiPZPIuL._SS1400_.jpg 1400w, https:\/\/images-na.ssl-images-amazon.com\/images\/I\/41SDiPZPIuL._SS180_.jpg 180w, https:\/\/images-na.ssl-images-amazon.com\/images\/I\/41SDiPZPIuL._SS600_.jpg 600w, https:\/\/images-na.ssl-images-amazon.com\/images\/I\/41SDiPZPIuL._SS100_.jpg 100w\" sizes=\"(max-width: 150px) 100vw, 150px\" \/><\/a>\n\t\t\t<\/div><\/figure><figure class='gallery-item'>\n\t\t\t<div class='gallery-icon landscape'>\n\t\t\t\t<a href='https:\/\/wellenreiten-surfen.de\/?attachment_id=13921'><img width=\"150\" height=\"150\" src=\"https:\/\/images-na.ssl-images-amazon.com\/images\/I\/51nWUDm606L._SS150_.jpg\" class=\"attachment-thumbnail size-thumbnail\" alt=\"\" decoding=\"async\" loading=\"lazy\" srcset=\"https:\/\/images-na.ssl-images-amazon.com\/images\/I\/51nWUDm606L._SS150_.jpg 150w, https:\/\/images-na.ssl-images-amazon.com\/images\/I\/51nWUDm606L._SS300_.jpg 300w, https:\/\/images-na.ssl-images-amazon.com\/images\/I\/51nWUDm606L._SS768_.jpg 768w, https:\/\/images-na.ssl-images-amazon.com\/images\/I\/51nWUDm606L._SS1024_.jpg 1024w, https:\/\/images-na.ssl-images-amazon.com\/images\/I\/51nWUDm606L._SS1536_.jpg 1536w, https:\/\/images-na.ssl-images-amazon.com\/images\/I\/51nWUDm606L._SS2048_.jpg 2048w, https:\/\/images-na.ssl-images-amazon.com\/images\/I\/51nWUDm606L._SS80_.jpg 80w, https:\/\/images-na.ssl-images-amazon.com\/images\/I\/51nWUDm606L._SS200_.jpg 200w, https:\/\/images-na.ssl-images-amazon.com\/images\/I\/51nWUDm606L.jpg 500w, https:\/\/images-na.ssl-images-amazon.com\/images\/I\/51nWUDm606L._SS450_.jpg 450w, https:\/\/images-na.ssl-images-amazon.com\/images\/I\/51nWUDm606L._SS1400_.jpg 1400w, https:\/\/images-na.ssl-images-amazon.com\/images\/I\/51nWUDm606L._SS180_.jpg 180w, https:\/\/images-na.ssl-images-amazon.com\/images\/I\/51nWUDm606L._SS600_.jpg 600w, https:\/\/images-na.ssl-images-amazon.com\/images\/I\/51nWUDm606L._SS100_.jpg 100w\" sizes=\"(max-width: 150px) 100vw, 150px\" \/><\/a>\n\t\t\t<\/div><\/figure><figure class='gallery-item'>\n\t\t\t<div class='gallery-icon landscape'>\n\t\t\t\t<a href='https:\/\/wellenreiten-surfen.de\/?attachment_id=13922'><img width=\"150\" height=\"150\" src=\"https:\/\/images-na.ssl-images-amazon.com\/images\/I\/41ZFjI5aM0L._SS150_.jpg\" class=\"attachment-thumbnail size-thumbnail\" alt=\"\" decoding=\"async\" loading=\"lazy\" srcset=\"https:\/\/images-na.ssl-images-amazon.com\/images\/I\/41ZFjI5aM0L._SS150_.jpg 150w, https:\/\/images-na.ssl-images-amazon.com\/images\/I\/41ZFjI5aM0L._SS300_.jpg 300w, https:\/\/images-na.ssl-images-amazon.com\/images\/I\/41ZFjI5aM0L._SS768_.jpg 768w, https:\/\/images-na.ssl-images-amazon.com\/images\/I\/41ZFjI5aM0L._SS1024_.jpg 1024w, https:\/\/images-na.ssl-images-amazon.com\/images\/I\/41ZFjI5aM0L._SS1536_.jpg 1536w, https:\/\/images-na.ssl-images-amazon.com\/images\/I\/41ZFjI5aM0L._SS2048_.jpg 2048w, https:\/\/images-na.ssl-images-amazon.com\/images\/I\/41ZFjI5aM0L._SS80_.jpg 80w, https:\/\/images-na.ssl-images-amazon.com\/images\/I\/41ZFjI5aM0L._SS200_.jpg 200w, https:\/\/images-na.ssl-images-amazon.com\/images\/I\/41ZFjI5aM0L.jpg 500w, https:\/\/images-na.ssl-images-amazon.com\/images\/I\/41ZFjI5aM0L._SS450_.jpg 450w, https:\/\/images-na.ssl-images-amazon.com\/images\/I\/41ZFjI5aM0L._SS1400_.jpg 1400w, https:\/\/images-na.ssl-images-amazon.com\/images\/I\/41ZFjI5aM0L._SS180_.jpg 180w, https:\/\/images-na.ssl-images-amazon.com\/images\/I\/41ZFjI5aM0L._SS600_.jpg 600w, https:\/\/images-na.ssl-images-amazon.com\/images\/I\/41ZFjI5aM0L._SS100_.jpg 100w\" sizes=\"(max-width: 150px) 100vw, 150px\" \/><\/a>\n\t\t\t<\/div><\/figure>\n\t\t<\/div>\n<br \/>\n<!-- show up to 2 reviews by default --> <\/p>\n<p>So Feet Surfboard Surfbrett oder &#8222;Foamie ist ideal f\u00fcr Anf\u00e4nger, denn sie hat alles, was Sie brauchen, um erfolgreich beim Lernen zu surfen, viel Volumen und Auftrieb f\u00fcr Stabilit\u00e4t und einen daher F\u00fc\u00dfe Au\u00dfenschicht aus Schaumstoff, um zu verhindern Druckstellen und Schl\u00e4gen, wie sie zum Erlernen einer besseren Kontrolle \u00fcber Surfbrett. Nine Feet Foamie Surfboard, bietet der Gr\u00f6\u00dfe und Stabilit\u00e4t f\u00fcr Anf\u00e4nger, Surfer, gepaart mit eine gute Menge an der Welle Fang F\u00e4higkeit, aufgrund ihrer Platz Schwanz Gestaltung. Das Board ist mit einem so Feet XPE Deck, 4 EPS-Kern und Holz-Stringer f\u00fcr Festigkeit und Haltbarkeit. <\/p>\n<p>h\u00f6chsten Lautst\u00e4rke Surfbrett<br \/>\nMini mal Form bietet Stabilit\u00e4t und Auftrieb<br \/>\nrobusten Schaumstoffkern f\u00fcr Auftrieb und Haltbarkeit<br \/>\nHolz Stringers f\u00fcr innere St\u00e4rke<br \/>\nEnth\u00e4lt drei Flossen und eine Leine<br \/>\n<div class=\"main-cross-sell\" data-asin=\"B079JW5XPX\">\n\n\t<div class=\"WooZone-cross-sell-loader\">\n\t\t<div>\n\t\t\t<div id=\"floatingBarsG\">\n\t\t\t\t<div class=\"blockG\" id=\"rotateG_01\"><\/div>\n\t\t\t\t<div class=\"blockG\" id=\"rotateG_02\"><\/div>\n\t\t\t\t<div class=\"blockG\" id=\"rotateG_03\"><\/div>\n\t\t\t\t<div class=\"blockG\" id=\"rotateG_04\"><\/div>\n\t\t\t\t<div class=\"blockG\" id=\"rotateG_05\"><\/div>\n\t\t\t\t<div class=\"blockG\" id=\"rotateG_06\"><\/div>\n\t\t\t\t<div class=\"blockG\" id=\"rotateG_07\"><\/div>\n\t\t\t\t<div class=\"blockG\" id=\"rotateG_08\"><\/div>\n\t\t\t<\/div>\n\t\t\t<div class=\"WooZone-cross-sell-loader-text\"><\/div>\n\t\t<\/div>\n\t<\/div>\n\n\t\t\n<\/div>\n<div style=\"clear:both;\"><\/div>\n","protected":false},"excerpt":{"rendered":"<p>h\u00f6chsten Lautst\u00e4rke Surfbrett<br \/>\nMini mal Form bietet Stabilit\u00e4t und Auftrieb<br \/>\nrobusten Schaumstoffkern f\u00fcr Auftrieb und Haltbarkeit<\/p>\n","protected":false},"featured_media":13920,"comment_status":"open","ping_status":"closed","template":"","meta":[],"product_cat":[3184],"product_tag":[],"_links":{"self":[{"href":"https:\/\/wellenreiten-surfen.de\/index.php?rest_route=\/wp\/v2\/product\/13919"}],"collection":[{"href":"https:\/\/wellenreiten-surfen.de\/index.php?rest_route=\/wp\/v2\/product"}],"about":[{"href":"https:\/\/wellenreiten-surfen.de\/index.php?rest_route=\/wp\/v2\/types\/product"}],"replies":[{"embeddable":true,"href":"https:\/\/wellenreiten-surfen.de\/index.php?rest_route=%2Fwp%2Fv2%2Fcomments&post=13919"}],"wp:featuredmedia":[{"embeddable":true,"href":"https:\/\/wellenreiten-surfen.de\/index.php?rest_route=\/wp\/v2\/media\/13920"}],"wp:attachment":[{"href":"https:\/\/wellenreiten-surfen.de\/index.php?rest_route=%2Fwp%2Fv2%2Fmedia&parent=13919"}],"wp:term":[{"taxonomy":"product_cat","embeddable":true,"href":"https:\/\/wellenreiten-surfen.de\/index.php?rest_route=%2Fwp%2Fv2%2Fproduct_cat&post=13919"},{"taxonomy":"product_tag","embeddable":true,"href":"https:\/\/wellenreiten-surfen.de\/index.php?rest_route=%2Fwp%2Fv2%2Fproduct_tag&post=13919"}],"curies":[{"name":"wp","href":"https:\/\/api.w.org\/{rel}","templated":true}]}}