{"id":13932,"date":"2021-04-29T11:31:38","date_gmt":"2021-04-29T11:31:38","guid":{"rendered":"https:\/\/wellenreiten-surfen.de\/?product=cbc-unisex-90-surf-softboard-light-brown-90"},"modified":"2023-04-08T23:13:22","modified_gmt":"2023-04-08T23:13:22","slug":"cbc-unisex-90-surf-softboard-light-brown-90","status":"publish","type":"product","link":"https:\/\/wellenreiten-surfen.de\/?product=cbc-unisex-90-surf-softboard-light-brown-90","title":{"rendered":"CBC SOFTBOARD 9&#8217;0&#8220; Surf, Light Brown, 9&#8217;0&#8243;"},"content":{"rendered":"<div id='gallery-1' class='gallery galleryid-13932 gallery-columns-3 gallery-size-thumbnail'><figure class='gallery-item'>\n\t\t\t<div class='gallery-icon landscape'>\n\t\t\t\t<a href='https:\/\/wellenreiten-surfen.de\/?attachment_id=13933'><img width=\"150\" height=\"150\" src=\"https:\/\/images-na.ssl-images-amazon.com\/images\/I\/311iRrmayLL._SS150_.jpg\" class=\"attachment-thumbnail size-thumbnail\" alt=\"\" decoding=\"async\" loading=\"lazy\" srcset=\"https:\/\/images-na.ssl-images-amazon.com\/images\/I\/311iRrmayLL._SS150_.jpg 150w, https:\/\/images-na.ssl-images-amazon.com\/images\/I\/311iRrmayLL._SS300_.jpg 300w, https:\/\/images-na.ssl-images-amazon.com\/images\/I\/311iRrmayLL._SS768_.jpg 768w, https:\/\/images-na.ssl-images-amazon.com\/images\/I\/311iRrmayLL._SS1024_.jpg 1024w, https:\/\/images-na.ssl-images-amazon.com\/images\/I\/311iRrmayLL._SS1536_.jpg 1536w, https:\/\/images-na.ssl-images-amazon.com\/images\/I\/311iRrmayLL._SS2048_.jpg 2048w, https:\/\/images-na.ssl-images-amazon.com\/images\/I\/311iRrmayLL._SS80_.jpg 80w, https:\/\/images-na.ssl-images-amazon.com\/images\/I\/311iRrmayLL._SS200_.jpg 200w, https:\/\/images-na.ssl-images-amazon.com\/images\/I\/311iRrmayLL.jpg 500w, https:\/\/images-na.ssl-images-amazon.com\/images\/I\/311iRrmayLL._SS450_.jpg 450w, https:\/\/images-na.ssl-images-amazon.com\/images\/I\/311iRrmayLL._SS1400_.jpg 1400w, https:\/\/images-na.ssl-images-amazon.com\/images\/I\/311iRrmayLL._SS180_.jpg 180w, https:\/\/images-na.ssl-images-amazon.com\/images\/I\/311iRrmayLL._SS600_.jpg 600w, https:\/\/images-na.ssl-images-amazon.com\/images\/I\/311iRrmayLL._SS100_.jpg 100w\" sizes=\"(max-width: 150px) 100vw, 150px\" \/><\/a>\n\t\t\t<\/div><\/figure><figure class='gallery-item'>\n\t\t\t<div class='gallery-icon landscape'>\n\t\t\t\t<a href='https:\/\/wellenreiten-surfen.de\/?attachment_id=13934'><img width=\"150\" height=\"150\" src=\"https:\/\/images-na.ssl-images-amazon.com\/images\/I\/41Qg462R9zL._SS150_.jpg\" class=\"attachment-thumbnail size-thumbnail\" alt=\"\" decoding=\"async\" loading=\"lazy\" srcset=\"https:\/\/images-na.ssl-images-amazon.com\/images\/I\/41Qg462R9zL._SS150_.jpg 150w, https:\/\/images-na.ssl-images-amazon.com\/images\/I\/41Qg462R9zL._SS300_.jpg 300w, https:\/\/images-na.ssl-images-amazon.com\/images\/I\/41Qg462R9zL._SS768_.jpg 768w, https:\/\/images-na.ssl-images-amazon.com\/images\/I\/41Qg462R9zL._SS1024_.jpg 1024w, https:\/\/images-na.ssl-images-amazon.com\/images\/I\/41Qg462R9zL._SS1536_.jpg 1536w, https:\/\/images-na.ssl-images-amazon.com\/images\/I\/41Qg462R9zL._SS2048_.jpg 2048w, https:\/\/images-na.ssl-images-amazon.com\/images\/I\/41Qg462R9zL._SS80_.jpg 80w, https:\/\/images-na.ssl-images-amazon.com\/images\/I\/41Qg462R9zL._SS200_.jpg 200w, https:\/\/images-na.ssl-images-amazon.com\/images\/I\/41Qg462R9zL.jpg 500w, https:\/\/images-na.ssl-images-amazon.com\/images\/I\/41Qg462R9zL._SS450_.jpg 450w, https:\/\/images-na.ssl-images-amazon.com\/images\/I\/41Qg462R9zL._SS1400_.jpg 1400w, https:\/\/images-na.ssl-images-amazon.com\/images\/I\/41Qg462R9zL._SS180_.jpg 180w, https:\/\/images-na.ssl-images-amazon.com\/images\/I\/41Qg462R9zL._SS600_.jpg 600w, https:\/\/images-na.ssl-images-amazon.com\/images\/I\/41Qg462R9zL._SS100_.jpg 100w\" sizes=\"(max-width: 150px) 100vw, 150px\" \/><\/a>\n\t\t\t<\/div><\/figure><figure class='gallery-item'>\n\t\t\t<div class='gallery-icon landscape'>\n\t\t\t\t<a href='https:\/\/wellenreiten-surfen.de\/?attachment_id=13935'><img width=\"150\" height=\"150\" src=\"https:\/\/images-na.ssl-images-amazon.com\/images\/I\/21ZdzB8sveL._SS150_.jpg\" class=\"attachment-thumbnail size-thumbnail\" alt=\"\" decoding=\"async\" loading=\"lazy\" srcset=\"https:\/\/images-na.ssl-images-amazon.com\/images\/I\/21ZdzB8sveL._SS150_.jpg 150w, https:\/\/images-na.ssl-images-amazon.com\/images\/I\/21ZdzB8sveL._SS300_.jpg 300w, https:\/\/images-na.ssl-images-amazon.com\/images\/I\/21ZdzB8sveL._SS768_.jpg 768w, https:\/\/images-na.ssl-images-amazon.com\/images\/I\/21ZdzB8sveL._SS1024_.jpg 1024w, https:\/\/images-na.ssl-images-amazon.com\/images\/I\/21ZdzB8sveL._SS1536_.jpg 1536w, https:\/\/images-na.ssl-images-amazon.com\/images\/I\/21ZdzB8sveL._SS2048_.jpg 2048w, https:\/\/images-na.ssl-images-amazon.com\/images\/I\/21ZdzB8sveL._SS80_.jpg 80w, https:\/\/images-na.ssl-images-amazon.com\/images\/I\/21ZdzB8sveL._SS200_.jpg 200w, https:\/\/images-na.ssl-images-amazon.com\/images\/I\/21ZdzB8sveL.jpg 500w, https:\/\/images-na.ssl-images-amazon.com\/images\/I\/21ZdzB8sveL._SS450_.jpg 450w, https:\/\/images-na.ssl-images-amazon.com\/images\/I\/21ZdzB8sveL._SS1400_.jpg 1400w, https:\/\/images-na.ssl-images-amazon.com\/images\/I\/21ZdzB8sveL._SS180_.jpg 180w, https:\/\/images-na.ssl-images-amazon.com\/images\/I\/21ZdzB8sveL._SS600_.jpg 600w, https:\/\/images-na.ssl-images-amazon.com\/images\/I\/21ZdzB8sveL._SS100_.jpg 100w\" sizes=\"(max-width: 150px) 100vw, 150px\" \/><\/a>\n\t\t\t<\/div><\/figure>\n\t\t<\/div>\n<br \/>\n<!-- show up to 2 reviews by default --> <\/p>\n<p>CBC SOFTBOARD Gr\u00f6\u00dfe 9&#8217;0&#8220; Drei L\u00e4ngen, Polyethylen-Verkleidung, Square Tail, Tri-Fin Soft und Leash <\/p>\n<p>Softboard<br \/>\nGeeignet zum Surfen<br \/>\nBei Nichtgebrauch nicht in der Sonne aussetzen<br \/>\n<div class=\"main-cross-sell\" data-asin=\"B00BIBXP2A\">\n\n\t<div class=\"WooZone-cross-sell-loader\">\n\t\t<div>\n\t\t\t<div id=\"floatingBarsG\">\n\t\t\t\t<div class=\"blockG\" id=\"rotateG_01\"><\/div>\n\t\t\t\t<div class=\"blockG\" id=\"rotateG_02\"><\/div>\n\t\t\t\t<div class=\"blockG\" id=\"rotateG_03\"><\/div>\n\t\t\t\t<div class=\"blockG\" id=\"rotateG_04\"><\/div>\n\t\t\t\t<div class=\"blockG\" id=\"rotateG_05\"><\/div>\n\t\t\t\t<div class=\"blockG\" id=\"rotateG_06\"><\/div>\n\t\t\t\t<div class=\"blockG\" id=\"rotateG_07\"><\/div>\n\t\t\t\t<div class=\"blockG\" id=\"rotateG_08\"><\/div>\n\t\t\t<\/div>\n\t\t\t<div class=\"WooZone-cross-sell-loader-text\"><\/div>\n\t\t<\/div>\n\t<\/div>\n\n\t\t\n<\/div>\n<div style=\"clear:both;\"><\/div>\n","protected":false},"excerpt":{"rendered":"<p>Softboard<br \/>\nGeeignet zum Surfen<br \/>\nBei Nichtgebrauch nicht in der Sonne aussetzen<\/p>\n","protected":false},"featured_media":13933,"comment_status":"open","ping_status":"closed","template":"","meta":[],"product_cat":[3184],"product_tag":[],"_links":{"self":[{"href":"https:\/\/wellenreiten-surfen.de\/index.php?rest_route=\/wp\/v2\/product\/13932"}],"collection":[{"href":"https:\/\/wellenreiten-surfen.de\/index.php?rest_route=\/wp\/v2\/product"}],"about":[{"href":"https:\/\/wellenreiten-surfen.de\/index.php?rest_route=\/wp\/v2\/types\/product"}],"replies":[{"embeddable":true,"href":"https:\/\/wellenreiten-surfen.de\/index.php?rest_route=%2Fwp%2Fv2%2Fcomments&post=13932"}],"wp:featuredmedia":[{"embeddable":true,"href":"https:\/\/wellenreiten-surfen.de\/index.php?rest_route=\/wp\/v2\/media\/13933"}],"wp:attachment":[{"href":"https:\/\/wellenreiten-surfen.de\/index.php?rest_route=%2Fwp%2Fv2%2Fmedia&parent=13932"}],"wp:term":[{"taxonomy":"product_cat","embeddable":true,"href":"https:\/\/wellenreiten-surfen.de\/index.php?rest_route=%2Fwp%2Fv2%2Fproduct_cat&post=13932"},{"taxonomy":"product_tag","embeddable":true,"href":"https:\/\/wellenreiten-surfen.de\/index.php?rest_route=%2Fwp%2Fv2%2Fproduct_tag&post=13932"}],"curies":[{"name":"wp","href":"https:\/\/api.w.org\/{rel}","templated":true}]}}