{"id":13941,"date":"2021-04-29T11:31:44","date_gmt":"2021-04-29T11:31:44","guid":{"rendered":"https:\/\/wellenreiten-surfen.de\/?product=bic-sport-paint-mini-surfbrett-softboard-hellblau-rot-15-m"},"modified":"2023-04-08T23:13:22","modified_gmt":"2023-04-08T23:13:22","slug":"bic-sport-paint-mini-surfbrett-softboard-hellblau-rot-15-m","status":"publish","type":"product","link":"https:\/\/wellenreiten-surfen.de\/?product=bic-sport-paint-mini-surfbrett-softboard-hellblau-rot-15-m","title":{"rendered":"BIC Sport Paint Surfboard"},"content":{"rendered":"<div id='gallery-1' class='gallery galleryid-13941 gallery-columns-3 gallery-size-thumbnail'><figure class='gallery-item'>\n\t\t\t<div class='gallery-icon landscape'>\n\t\t\t\t<a href='https:\/\/wellenreiten-surfen.de\/?attachment_id=13942'><img width=\"150\" height=\"150\" src=\"https:\/\/images-na.ssl-images-amazon.com\/images\/I\/21n49aSPK6L._SS150_.jpg\" class=\"attachment-thumbnail size-thumbnail\" alt=\"\" decoding=\"async\" loading=\"lazy\" srcset=\"https:\/\/images-na.ssl-images-amazon.com\/images\/I\/21n49aSPK6L._SS150_.jpg 150w, https:\/\/images-na.ssl-images-amazon.com\/images\/I\/21n49aSPK6L._SS300_.jpg 300w, https:\/\/images-na.ssl-images-amazon.com\/images\/I\/21n49aSPK6L._SS768_.jpg 768w, https:\/\/images-na.ssl-images-amazon.com\/images\/I\/21n49aSPK6L._SS1024_.jpg 1024w, https:\/\/images-na.ssl-images-amazon.com\/images\/I\/21n49aSPK6L._SS1536_.jpg 1536w, https:\/\/images-na.ssl-images-amazon.com\/images\/I\/21n49aSPK6L._SS2048_.jpg 2048w, https:\/\/images-na.ssl-images-amazon.com\/images\/I\/21n49aSPK6L._SS80_.jpg 80w, https:\/\/images-na.ssl-images-amazon.com\/images\/I\/21n49aSPK6L._SS200_.jpg 200w, https:\/\/images-na.ssl-images-amazon.com\/images\/I\/21n49aSPK6L.jpg 500w, https:\/\/images-na.ssl-images-amazon.com\/images\/I\/21n49aSPK6L._SS450_.jpg 450w, https:\/\/images-na.ssl-images-amazon.com\/images\/I\/21n49aSPK6L._SS1400_.jpg 1400w, https:\/\/images-na.ssl-images-amazon.com\/images\/I\/21n49aSPK6L._SS180_.jpg 180w, https:\/\/images-na.ssl-images-amazon.com\/images\/I\/21n49aSPK6L._SS600_.jpg 600w, https:\/\/images-na.ssl-images-amazon.com\/images\/I\/21n49aSPK6L._SS100_.jpg 100w\" sizes=\"(max-width: 150px) 100vw, 150px\" \/><\/a>\n\t\t\t<\/div><\/figure><figure class='gallery-item'>\n\t\t\t<div class='gallery-icon landscape'>\n\t\t\t\t<a href='https:\/\/wellenreiten-surfen.de\/?attachment_id=13943'><img width=\"150\" height=\"150\" src=\"https:\/\/images-na.ssl-images-amazon.com\/images\/I\/51xpevdN7LL._SS150_.jpg\" class=\"attachment-thumbnail size-thumbnail\" alt=\"\" decoding=\"async\" loading=\"lazy\" srcset=\"https:\/\/images-na.ssl-images-amazon.com\/images\/I\/51xpevdN7LL._SS150_.jpg 150w, https:\/\/images-na.ssl-images-amazon.com\/images\/I\/51xpevdN7LL._SS300_.jpg 300w, https:\/\/images-na.ssl-images-amazon.com\/images\/I\/51xpevdN7LL._SS768_.jpg 768w, https:\/\/images-na.ssl-images-amazon.com\/images\/I\/51xpevdN7LL._SS1024_.jpg 1024w, https:\/\/images-na.ssl-images-amazon.com\/images\/I\/51xpevdN7LL._SS1536_.jpg 1536w, https:\/\/images-na.ssl-images-amazon.com\/images\/I\/51xpevdN7LL._SS2048_.jpg 2048w, https:\/\/images-na.ssl-images-amazon.com\/images\/I\/51xpevdN7LL._SS80_.jpg 80w, https:\/\/images-na.ssl-images-amazon.com\/images\/I\/51xpevdN7LL._SS200_.jpg 200w, https:\/\/images-na.ssl-images-amazon.com\/images\/I\/51xpevdN7LL.jpg 500w, https:\/\/images-na.ssl-images-amazon.com\/images\/I\/51xpevdN7LL._SS450_.jpg 450w, https:\/\/images-na.ssl-images-amazon.com\/images\/I\/51xpevdN7LL._SS1400_.jpg 1400w, https:\/\/images-na.ssl-images-amazon.com\/images\/I\/51xpevdN7LL._SS180_.jpg 180w, https:\/\/images-na.ssl-images-amazon.com\/images\/I\/51xpevdN7LL._SS600_.jpg 600w, https:\/\/images-na.ssl-images-amazon.com\/images\/I\/51xpevdN7LL._SS100_.jpg 100w\" sizes=\"(max-width: 150px) 100vw, 150px\" \/><\/a>\n\t\t\t<\/div><\/figure><figure class='gallery-item'>\n\t\t\t<div class='gallery-icon landscape'>\n\t\t\t\t<a href='https:\/\/wellenreiten-surfen.de\/?attachment_id=13944'><img width=\"150\" height=\"150\" src=\"https:\/\/images-na.ssl-images-amazon.com\/images\/I\/31bIZeVl7qL._SS150_.jpg\" class=\"attachment-thumbnail size-thumbnail\" alt=\"\" decoding=\"async\" loading=\"lazy\" srcset=\"https:\/\/images-na.ssl-images-amazon.com\/images\/I\/31bIZeVl7qL._SS150_.jpg 150w, https:\/\/images-na.ssl-images-amazon.com\/images\/I\/31bIZeVl7qL._SS300_.jpg 300w, https:\/\/images-na.ssl-images-amazon.com\/images\/I\/31bIZeVl7qL._SS768_.jpg 768w, https:\/\/images-na.ssl-images-amazon.com\/images\/I\/31bIZeVl7qL._SS1024_.jpg 1024w, https:\/\/images-na.ssl-images-amazon.com\/images\/I\/31bIZeVl7qL._SS1536_.jpg 1536w, https:\/\/images-na.ssl-images-amazon.com\/images\/I\/31bIZeVl7qL._SS2048_.jpg 2048w, https:\/\/images-na.ssl-images-amazon.com\/images\/I\/31bIZeVl7qL._SS80_.jpg 80w, https:\/\/images-na.ssl-images-amazon.com\/images\/I\/31bIZeVl7qL._SS200_.jpg 200w, https:\/\/images-na.ssl-images-amazon.com\/images\/I\/31bIZeVl7qL.jpg 500w, https:\/\/images-na.ssl-images-amazon.com\/images\/I\/31bIZeVl7qL._SS450_.jpg 450w, https:\/\/images-na.ssl-images-amazon.com\/images\/I\/31bIZeVl7qL._SS1400_.jpg 1400w, https:\/\/images-na.ssl-images-amazon.com\/images\/I\/31bIZeVl7qL._SS180_.jpg 180w, https:\/\/images-na.ssl-images-amazon.com\/images\/I\/31bIZeVl7qL._SS600_.jpg 600w, https:\/\/images-na.ssl-images-amazon.com\/images\/I\/31bIZeVl7qL._SS100_.jpg 100w\" sizes=\"(max-width: 150px) 100vw, 150px\" \/><\/a>\n\t\t\t<\/div><\/figure>\n\t\t<\/div>\n<br \/>\n<!-- show up to 2 reviews by default --> <\/p>\n<p>Die Farbpalette ist ideal f\u00fcr alle, die mit maximaler Bedienungsfreundlichkeit, schnellem Fortschreiten und anhaltendem Spa\u00df ins Surfen springen m\u00f6chten. Die Malbretter verf\u00fcgen \u00fcber einzigartige Funktionen, die Spa\u00df und benutzerfreundliche Leistung f\u00fcr den Erstmaler maximieren und gleichzeitig als Fortschritt der Fertigkeiten dienen. Unsere Former-, Design- und Testpiloten haben die Farbserie auf Stabilit\u00e4t und Benutzerfreundlichkeit getestet und optimiert und erkl\u00e4rt, dass sie die ultimative Boards f\u00fcr Lernen und Fortschritt sind. Wir investierten in ma\u00dfgeschneiderte Pr\u00e4zisions-Aluminiumformen, um Konsistenz, Qualit\u00e4t und Langlebigkeit zu gew\u00e4hrleisten. Alle Lackbretter sind mit Fiberglas und Epoxidharz verst\u00e4rkt, um sie robust und langlebiger zu machen als typische Soft-Tops auf dem Markt. Die Konstruktion besteht aus einem geformten EPS-Kern mit geformten Holz- oder Verbund-Saitern (je nach Gr\u00f6\u00dfe) und abnehmbaren weichen SURFBOARD-Lamellen f\u00fcr zus\u00e4tzliche Haltbarkeit und Sicherheit. Ein flacher, integrierter Tragegriff an den Gr\u00f6\u00dfen 6&#8217;0&#8243; und gr\u00f6\u00dfer macht den Transport zu einem Kinderspiel f\u00fcr alle Fahrer, eine einzigartige Eigenschaft, die die oft \u00fcbersehen ist, dass das Tragen Ihres Bretts eine gro\u00dfe Abwechslung sein kann. Mit richtig gestalteten Rocker Profilen und Performance. Weiche Lamellen sind Lackbretter nicht nur f\u00fcr Anf\u00e4nger, sondern auch f\u00fcr erfahrene Surfer eine tolle Explosion. Tolle Formen, robuste Konstruktion f\u00fcr alle Bedingungen und Spa\u00df f\u00fcr alle F\u00e4higkeiten zu einem tollen Preis. <\/p>\n<p>Verzeihend, leicht zu fahren, langlebig, zerrei\u00dfbare Formen f\u00fcr sofortigen Erfolg zu einem tollen Preis<br \/>\nPerfekt f\u00fcr Anf\u00e4nger oder Fortgeschrittene Fahrer, die kleine Wellen in einen rei\u00dfbaren Skate-Park verwandeln m\u00f6chten.<br \/>\n5 Gr\u00f6\u00dfen (2 Modelle) zur Auswahl: 1,52 m langes Mini-Kurzbrett, 1,8 m langes Brett, 1,8 m langes Longboard, 2,1 m langes Brett, 2,1 m langes Super-Magnum Longboard<br \/>\nEps Core Soft Board-Technologie mit geformtem Holz oder Verbundwerkstoff Stringers (je nach Gr\u00f6\u00dfe), inklusive 3 abnehmbaren Surfbrett-Flossen + Tragegriff auf Gr\u00f6\u00dfen 1,8 m und gr\u00f6\u00dfer<br \/>\n2 x 170 g Vollschicht-Deck und Boden Fiberglas f\u00fcr au\u00dfergew\u00f6hnliche Haltbarkeit.<br \/>\n<div class=\"main-cross-sell\" data-asin=\"B07K3LQZ47\">\n\n\t<div class=\"WooZone-cross-sell-loader\">\n\t\t<div>\n\t\t\t<div id=\"floatingBarsG\">\n\t\t\t\t<div class=\"blockG\" id=\"rotateG_01\"><\/div>\n\t\t\t\t<div class=\"blockG\" id=\"rotateG_02\"><\/div>\n\t\t\t\t<div class=\"blockG\" id=\"rotateG_03\"><\/div>\n\t\t\t\t<div class=\"blockG\" id=\"rotateG_04\"><\/div>\n\t\t\t\t<div class=\"blockG\" id=\"rotateG_05\"><\/div>\n\t\t\t\t<div class=\"blockG\" id=\"rotateG_06\"><\/div>\n\t\t\t\t<div class=\"blockG\" id=\"rotateG_07\"><\/div>\n\t\t\t\t<div class=\"blockG\" id=\"rotateG_08\"><\/div>\n\t\t\t<\/div>\n\t\t\t<div class=\"WooZone-cross-sell-loader-text\"><\/div>\n\t\t<\/div>\n\t<\/div>\n\n\t\t\n<\/div>\n<div style=\"clear:both;\"><\/div>\n","protected":false},"excerpt":{"rendered":"<p>Verzeihend, leicht zu fahren, langlebig, zerrei\u00dfbare Formen f\u00fcr sofortigen Erfolg zu einem tollen Preis<br \/>\nPerfekt f\u00fcr Anf\u00e4nger oder Fortgeschrittene Fahrer, die kleine Wellen in einen rei\u00dfbaren Skate-Park verwandeln m\u00f6chten.<br \/>\n5 Gr\u00f6\u00dfen (2 Modelle) zur Auswahl: 1,52 m langes Mini-Kurzbrett, 1,8 m langes Brett, 1,8 m langes Longboard, 2,1 m langes Brett, 2,1 m langes Super-Magnum Longboard<\/p>\n","protected":false},"featured_media":13942,"comment_status":"open","ping_status":"closed","template":"","meta":[],"product_cat":[3184],"product_tag":[],"_links":{"self":[{"href":"https:\/\/wellenreiten-surfen.de\/index.php?rest_route=\/wp\/v2\/product\/13941"}],"collection":[{"href":"https:\/\/wellenreiten-surfen.de\/index.php?rest_route=\/wp\/v2\/product"}],"about":[{"href":"https:\/\/wellenreiten-surfen.de\/index.php?rest_route=\/wp\/v2\/types\/product"}],"replies":[{"embeddable":true,"href":"https:\/\/wellenreiten-surfen.de\/index.php?rest_route=%2Fwp%2Fv2%2Fcomments&post=13941"}],"wp:featuredmedia":[{"embeddable":true,"href":"https:\/\/wellenreiten-surfen.de\/index.php?rest_route=\/wp\/v2\/media\/13942"}],"wp:attachment":[{"href":"https:\/\/wellenreiten-surfen.de\/index.php?rest_route=%2Fwp%2Fv2%2Fmedia&parent=13941"}],"wp:term":[{"taxonomy":"product_cat","embeddable":true,"href":"https:\/\/wellenreiten-surfen.de\/index.php?rest_route=%2Fwp%2Fv2%2Fproduct_cat&post=13941"},{"taxonomy":"product_tag","embeddable":true,"href":"https:\/\/wellenreiten-surfen.de\/index.php?rest_route=%2Fwp%2Fv2%2Fproduct_tag&post=13941"}],"curies":[{"name":"wp","href":"https:\/\/api.w.org\/{rel}","templated":true}]}}