{"id":14031,"date":"2021-04-29T11:42:07","date_gmt":"2021-04-29T11:42:07","guid":{"rendered":"https:\/\/wellenreiten-surfen.de\/?product=sailfish-neoprene-swim-cap-adjustable-neopren-badekappe-freiwasserschwimmen"},"modified":"2023-04-08T23:15:10","modified_gmt":"2023-04-08T23:15:10","slug":"sailfish-neoprene-swim-cap-adjustable-neopren-badekappe-freiwasserschwimmen","status":"publish","type":"product","link":"https:\/\/wellenreiten-surfen.de\/?product=sailfish-neoprene-swim-cap-adjustable-neopren-badekappe-freiwasserschwimmen","title":{"rendered":"Sailfish Neoprene Cap Adjustable Farbe w\u00e4hlen Schwarz"},"content":{"rendered":"<div id='gallery-1' class='gallery galleryid-14031 gallery-columns-3 gallery-size-thumbnail'><figure class='gallery-item'>\n\t\t\t<div class='gallery-icon landscape'>\n\t\t\t\t<a href='https:\/\/wellenreiten-surfen.de\/?attachment_id=14032'><img width=\"150\" height=\"150\" src=\"https:\/\/images-na.ssl-images-amazon.com\/images\/I\/215Yls4gpnS._SS150_.jpg\" class=\"attachment-thumbnail size-thumbnail\" alt=\"\" decoding=\"async\" loading=\"lazy\" srcset=\"https:\/\/images-na.ssl-images-amazon.com\/images\/I\/215Yls4gpnS._SS150_.jpg 150w, https:\/\/images-na.ssl-images-amazon.com\/images\/I\/215Yls4gpnS._SS300_.jpg 300w, https:\/\/images-na.ssl-images-amazon.com\/images\/I\/215Yls4gpnS._SS768_.jpg 768w, https:\/\/images-na.ssl-images-amazon.com\/images\/I\/215Yls4gpnS._SS1024_.jpg 1024w, https:\/\/images-na.ssl-images-amazon.com\/images\/I\/215Yls4gpnS._SS1536_.jpg 1536w, https:\/\/images-na.ssl-images-amazon.com\/images\/I\/215Yls4gpnS._SS2048_.jpg 2048w, https:\/\/images-na.ssl-images-amazon.com\/images\/I\/215Yls4gpnS._SS80_.jpg 80w, https:\/\/images-na.ssl-images-amazon.com\/images\/I\/215Yls4gpnS._SS200_.jpg 200w, https:\/\/images-na.ssl-images-amazon.com\/images\/I\/215Yls4gpnS.jpg 500w, https:\/\/images-na.ssl-images-amazon.com\/images\/I\/215Yls4gpnS._SS450_.jpg 450w, https:\/\/images-na.ssl-images-amazon.com\/images\/I\/215Yls4gpnS._SS1400_.jpg 1400w, https:\/\/images-na.ssl-images-amazon.com\/images\/I\/215Yls4gpnS._SS180_.jpg 180w, https:\/\/images-na.ssl-images-amazon.com\/images\/I\/215Yls4gpnS._SS600_.jpg 600w, https:\/\/images-na.ssl-images-amazon.com\/images\/I\/215Yls4gpnS._SS100_.jpg 100w\" sizes=\"(max-width: 150px) 100vw, 150px\" \/><\/a>\n\t\t\t<\/div><\/figure><figure class='gallery-item'>\n\t\t\t<div class='gallery-icon landscape'>\n\t\t\t\t<a href='https:\/\/wellenreiten-surfen.de\/?attachment_id=14033'><img width=\"150\" height=\"150\" src=\"https:\/\/images-na.ssl-images-amazon.com\/images\/I\/31315PHi1bS._SS150_.jpg\" class=\"attachment-thumbnail size-thumbnail\" alt=\"\" decoding=\"async\" loading=\"lazy\" srcset=\"https:\/\/images-na.ssl-images-amazon.com\/images\/I\/31315PHi1bS._SS150_.jpg 150w, https:\/\/images-na.ssl-images-amazon.com\/images\/I\/31315PHi1bS._SS300_.jpg 300w, https:\/\/images-na.ssl-images-amazon.com\/images\/I\/31315PHi1bS._SS768_.jpg 768w, https:\/\/images-na.ssl-images-amazon.com\/images\/I\/31315PHi1bS._SS1024_.jpg 1024w, https:\/\/images-na.ssl-images-amazon.com\/images\/I\/31315PHi1bS._SS1536_.jpg 1536w, https:\/\/images-na.ssl-images-amazon.com\/images\/I\/31315PHi1bS._SS2048_.jpg 2048w, https:\/\/images-na.ssl-images-amazon.com\/images\/I\/31315PHi1bS._SS80_.jpg 80w, https:\/\/images-na.ssl-images-amazon.com\/images\/I\/31315PHi1bS._SS200_.jpg 200w, https:\/\/images-na.ssl-images-amazon.com\/images\/I\/31315PHi1bS.jpg 500w, https:\/\/images-na.ssl-images-amazon.com\/images\/I\/31315PHi1bS._SS450_.jpg 450w, https:\/\/images-na.ssl-images-amazon.com\/images\/I\/31315PHi1bS._SS1400_.jpg 1400w, https:\/\/images-na.ssl-images-amazon.com\/images\/I\/31315PHi1bS._SS180_.jpg 180w, https:\/\/images-na.ssl-images-amazon.com\/images\/I\/31315PHi1bS._SS600_.jpg 600w, https:\/\/images-na.ssl-images-amazon.com\/images\/I\/31315PHi1bS._SS100_.jpg 100w\" sizes=\"(max-width: 150px) 100vw, 150px\" \/><\/a>\n\t\t\t<\/div><\/figure>\n\t\t<\/div>\n<br \/>\nOptimal f\u00fcr das Freiwasserschwimmen<br \/>\nVerstellbarer Kinnriemen<br \/>\nW\u00e4rmende Schwimmkappe<br \/>\nIn drei Gr\u00f6\u00dfen erh\u00e4ltlich<br \/>\nIn drei Gr\u00f6\u00dfen erh\u00e4ltlich<br \/>\n<div class=\"main-cross-sell\" data-asin=\"B091KF8G3F\">\n\n\t<div class=\"WooZone-cross-sell-loader\">\n\t\t<div>\n\t\t\t<div id=\"floatingBarsG\">\n\t\t\t\t<div class=\"blockG\" id=\"rotateG_01\"><\/div>\n\t\t\t\t<div class=\"blockG\" id=\"rotateG_02\"><\/div>\n\t\t\t\t<div class=\"blockG\" id=\"rotateG_03\"><\/div>\n\t\t\t\t<div class=\"blockG\" id=\"rotateG_04\"><\/div>\n\t\t\t\t<div class=\"blockG\" id=\"rotateG_05\"><\/div>\n\t\t\t\t<div class=\"blockG\" id=\"rotateG_06\"><\/div>\n\t\t\t\t<div class=\"blockG\" id=\"rotateG_07\"><\/div>\n\t\t\t\t<div class=\"blockG\" id=\"rotateG_08\"><\/div>\n\t\t\t<\/div>\n\t\t\t<div class=\"WooZone-cross-sell-loader-text\"><\/div>\n\t\t<\/div>\n\t<\/div>\n\n\t\t\n<\/div>\n<div style=\"clear:both;\"><\/div>\n","protected":false},"excerpt":{"rendered":"<p>Optimal f\u00fcr das Freiwasserschwimmen<br \/>\nVerstellbarer Kinnriemen<br \/>\nW\u00e4rmende Schwimmkappe<\/p>\n","protected":false},"featured_media":14032,"comment_status":"open","ping_status":"closed","template":"","meta":[],"product_cat":[51],"product_tag":[],"_links":{"self":[{"href":"https:\/\/wellenreiten-surfen.de\/index.php?rest_route=\/wp\/v2\/product\/14031"}],"collection":[{"href":"https:\/\/wellenreiten-surfen.de\/index.php?rest_route=\/wp\/v2\/product"}],"about":[{"href":"https:\/\/wellenreiten-surfen.de\/index.php?rest_route=\/wp\/v2\/types\/product"}],"replies":[{"embeddable":true,"href":"https:\/\/wellenreiten-surfen.de\/index.php?rest_route=%2Fwp%2Fv2%2Fcomments&post=14031"}],"wp:featuredmedia":[{"embeddable":true,"href":"https:\/\/wellenreiten-surfen.de\/index.php?rest_route=\/wp\/v2\/media\/14032"}],"wp:attachment":[{"href":"https:\/\/wellenreiten-surfen.de\/index.php?rest_route=%2Fwp%2Fv2%2Fmedia&parent=14031"}],"wp:term":[{"taxonomy":"product_cat","embeddable":true,"href":"https:\/\/wellenreiten-surfen.de\/index.php?rest_route=%2Fwp%2Fv2%2Fproduct_cat&post=14031"},{"taxonomy":"product_tag","embeddable":true,"href":"https:\/\/wellenreiten-surfen.de\/index.php?rest_route=%2Fwp%2Fv2%2Fproduct_tag&post=14031"}],"curies":[{"name":"wp","href":"https:\/\/api.w.org\/{rel}","templated":true}]}}