{"id":14068,"date":"2021-04-29T11:42:22","date_gmt":"2021-04-29T11:42:22","guid":{"rendered":"https:\/\/wellenreiten-surfen.de\/?product=orca-neoprene-badekappe-orange-2020-bademode"},"modified":"2023-04-08T23:15:11","modified_gmt":"2023-04-08T23:15:11","slug":"orca-neoprene-badekappe-orange-2020-bademode","status":"publish","type":"product","link":"https:\/\/wellenreiten-surfen.de\/?product=orca-neoprene-badekappe-orange-2020-bademode","title":{"rendered":"ORCA Neoprene Badekappe orange\/schwarz 2020 Bademode"},"content":{"rendered":"<p><!-- show up to 2 reviews by default --> <\/p>\n<p>Orca Neopren Swim Cap Neopren Schwimmkappe <\/p>\n<p>Sehr viel W\u00e4rme geht \u00fcber den Kopf verloren. Unsere Neoprenhaube macht es Dir m\u00f6glich l\u00e4nger im Wasser zu verweilen und Dein Schwimmtraining vollst\u00e4ndig auszuf\u00fchren. <\/p>\n<p>Optimal f\u00fcr das Freiwasserschwimmen<br \/>\nOhne st\u00f6renden Klettverschluss am Kinn.<br \/>\nModellnummer: DVAC 54-S-M<br \/>\nWetsuit in Verbindung mit der Neopren Schwimmkappe bietet einen enormen K\u00e4lteschutz<br \/>\nMaterial: 100% Neopren<br \/>\n<div class=\"main-cross-sell\" data-asin=\"B00UZV73IQ\">\n\n\t<div class=\"WooZone-cross-sell-loader\">\n\t\t<div>\n\t\t\t<div id=\"floatingBarsG\">\n\t\t\t\t<div class=\"blockG\" id=\"rotateG_01\"><\/div>\n\t\t\t\t<div class=\"blockG\" id=\"rotateG_02\"><\/div>\n\t\t\t\t<div class=\"blockG\" id=\"rotateG_03\"><\/div>\n\t\t\t\t<div class=\"blockG\" id=\"rotateG_04\"><\/div>\n\t\t\t\t<div class=\"blockG\" id=\"rotateG_05\"><\/div>\n\t\t\t\t<div class=\"blockG\" id=\"rotateG_06\"><\/div>\n\t\t\t\t<div class=\"blockG\" id=\"rotateG_07\"><\/div>\n\t\t\t\t<div class=\"blockG\" id=\"rotateG_08\"><\/div>\n\t\t\t<\/div>\n\t\t\t<div class=\"WooZone-cross-sell-loader-text\"><\/div>\n\t\t<\/div>\n\t<\/div>\n\n\t\t\n<\/div>\n<div style=\"clear:both;\"><\/div>\n","protected":false},"excerpt":{"rendered":"<p>Optimal f\u00fcr das Freiwasserschwimmen<br \/>\nOhne st\u00f6renden Klettverschluss am Kinn.<br \/>\nModellnummer: DVAC 54-S-M<\/p>\n","protected":false},"featured_media":14069,"comment_status":"open","ping_status":"closed","template":"","meta":[],"product_cat":[51],"product_tag":[],"_links":{"self":[{"href":"https:\/\/wellenreiten-surfen.de\/index.php?rest_route=\/wp\/v2\/product\/14068"}],"collection":[{"href":"https:\/\/wellenreiten-surfen.de\/index.php?rest_route=\/wp\/v2\/product"}],"about":[{"href":"https:\/\/wellenreiten-surfen.de\/index.php?rest_route=\/wp\/v2\/types\/product"}],"replies":[{"embeddable":true,"href":"https:\/\/wellenreiten-surfen.de\/index.php?rest_route=%2Fwp%2Fv2%2Fcomments&post=14068"}],"wp:featuredmedia":[{"embeddable":true,"href":"https:\/\/wellenreiten-surfen.de\/index.php?rest_route=\/wp\/v2\/media\/14069"}],"wp:attachment":[{"href":"https:\/\/wellenreiten-surfen.de\/index.php?rest_route=%2Fwp%2Fv2%2Fmedia&parent=14068"}],"wp:term":[{"taxonomy":"product_cat","embeddable":true,"href":"https:\/\/wellenreiten-surfen.de\/index.php?rest_route=%2Fwp%2Fv2%2Fproduct_cat&post=14068"},{"taxonomy":"product_tag","embeddable":true,"href":"https:\/\/wellenreiten-surfen.de\/index.php?rest_route=%2Fwp%2Fv2%2Fproduct_tag&post=14068"}],"curies":[{"name":"wp","href":"https:\/\/api.w.org\/{rel}","templated":true}]}}