{"id":14070,"date":"2021-04-29T11:42:24","date_gmt":"2021-04-29T11:42:24","guid":{"rendered":"https:\/\/wellenreiten-surfen.de\/?product=zone3-neoprene-badekappe-black-red-groesse-m-2021-bademode"},"modified":"2023-04-08T23:15:11","modified_gmt":"2023-04-08T23:15:11","slug":"zone3-neoprene-badekappe-black-red-groesse-m-2021-bademode","status":"publish","type":"product","link":"https:\/\/wellenreiten-surfen.de\/?product=zone3-neoprene-badekappe-black-red-groesse-m-2021-bademode","title":{"rendered":"ZONE3 Neopren-Schwimmkappe"},"content":{"rendered":"<div id='gallery-1' class='gallery galleryid-14070 gallery-columns-3 gallery-size-thumbnail'><figure class='gallery-item'>\n\t\t\t<div class='gallery-icon landscape'>\n\t\t\t\t<a href='https:\/\/wellenreiten-surfen.de\/?attachment_id=14071'><img width=\"150\" height=\"150\" src=\"https:\/\/images-na.ssl-images-amazon.com\/images\/I\/31YbZGQpnEL._SS150_.jpg\" class=\"attachment-thumbnail size-thumbnail\" alt=\"\" decoding=\"async\" loading=\"lazy\" srcset=\"https:\/\/images-na.ssl-images-amazon.com\/images\/I\/31YbZGQpnEL._SS150_.jpg 150w, https:\/\/images-na.ssl-images-amazon.com\/images\/I\/31YbZGQpnEL._SS300_.jpg 300w, https:\/\/images-na.ssl-images-amazon.com\/images\/I\/31YbZGQpnEL._SS768_.jpg 768w, https:\/\/images-na.ssl-images-amazon.com\/images\/I\/31YbZGQpnEL._SS1024_.jpg 1024w, https:\/\/images-na.ssl-images-amazon.com\/images\/I\/31YbZGQpnEL._SS1536_.jpg 1536w, https:\/\/images-na.ssl-images-amazon.com\/images\/I\/31YbZGQpnEL._SS2048_.jpg 2048w, https:\/\/images-na.ssl-images-amazon.com\/images\/I\/31YbZGQpnEL._SS80_.jpg 80w, https:\/\/images-na.ssl-images-amazon.com\/images\/I\/31YbZGQpnEL._SS200_.jpg 200w, https:\/\/images-na.ssl-images-amazon.com\/images\/I\/31YbZGQpnEL.jpg 500w, https:\/\/images-na.ssl-images-amazon.com\/images\/I\/31YbZGQpnEL._SS450_.jpg 450w, https:\/\/images-na.ssl-images-amazon.com\/images\/I\/31YbZGQpnEL._SS1400_.jpg 1400w, https:\/\/images-na.ssl-images-amazon.com\/images\/I\/31YbZGQpnEL._SS180_.jpg 180w, https:\/\/images-na.ssl-images-amazon.com\/images\/I\/31YbZGQpnEL._SS600_.jpg 600w, https:\/\/images-na.ssl-images-amazon.com\/images\/I\/31YbZGQpnEL._SS100_.jpg 100w\" sizes=\"(max-width: 150px) 100vw, 150px\" \/><\/a>\n\t\t\t<\/div><\/figure><figure class='gallery-item'>\n\t\t\t<div class='gallery-icon landscape'>\n\t\t\t\t<a href='https:\/\/wellenreiten-surfen.de\/?attachment_id=14072'><img width=\"150\" height=\"150\" src=\"https:\/\/images-na.ssl-images-amazon.com\/images\/I\/41Af7GmQNsL._SS150_.jpg\" class=\"attachment-thumbnail size-thumbnail\" alt=\"\" decoding=\"async\" loading=\"lazy\" srcset=\"https:\/\/images-na.ssl-images-amazon.com\/images\/I\/41Af7GmQNsL._SS150_.jpg 150w, https:\/\/images-na.ssl-images-amazon.com\/images\/I\/41Af7GmQNsL._SS300_.jpg 300w, https:\/\/images-na.ssl-images-amazon.com\/images\/I\/41Af7GmQNsL._SS768_.jpg 768w, https:\/\/images-na.ssl-images-amazon.com\/images\/I\/41Af7GmQNsL._SS1024_.jpg 1024w, https:\/\/images-na.ssl-images-amazon.com\/images\/I\/41Af7GmQNsL._SS1536_.jpg 1536w, https:\/\/images-na.ssl-images-amazon.com\/images\/I\/41Af7GmQNsL._SS2048_.jpg 2048w, https:\/\/images-na.ssl-images-amazon.com\/images\/I\/41Af7GmQNsL._SS80_.jpg 80w, https:\/\/images-na.ssl-images-amazon.com\/images\/I\/41Af7GmQNsL._SS200_.jpg 200w, https:\/\/images-na.ssl-images-amazon.com\/images\/I\/41Af7GmQNsL.jpg 500w, https:\/\/images-na.ssl-images-amazon.com\/images\/I\/41Af7GmQNsL._SS450_.jpg 450w, https:\/\/images-na.ssl-images-amazon.com\/images\/I\/41Af7GmQNsL._SS1400_.jpg 1400w, https:\/\/images-na.ssl-images-amazon.com\/images\/I\/41Af7GmQNsL._SS180_.jpg 180w, https:\/\/images-na.ssl-images-amazon.com\/images\/I\/41Af7GmQNsL._SS600_.jpg 600w, https:\/\/images-na.ssl-images-amazon.com\/images\/I\/41Af7GmQNsL._SS100_.jpg 100w\" sizes=\"(max-width: 150px) 100vw, 150px\" \/><\/a>\n\t\t\t<\/div><\/figure><figure class='gallery-item'>\n\t\t\t<div class='gallery-icon landscape'>\n\t\t\t\t<a href='https:\/\/wellenreiten-surfen.de\/?attachment_id=14073'><img width=\"150\" height=\"150\" src=\"https:\/\/images-na.ssl-images-amazon.com\/images\/I\/51mqAvhPfLL._SS150_.jpg\" class=\"attachment-thumbnail size-thumbnail\" alt=\"\" decoding=\"async\" loading=\"lazy\" srcset=\"https:\/\/images-na.ssl-images-amazon.com\/images\/I\/51mqAvhPfLL._SS150_.jpg 150w, https:\/\/images-na.ssl-images-amazon.com\/images\/I\/51mqAvhPfLL._SS300_.jpg 300w, https:\/\/images-na.ssl-images-amazon.com\/images\/I\/51mqAvhPfLL._SS768_.jpg 768w, https:\/\/images-na.ssl-images-amazon.com\/images\/I\/51mqAvhPfLL._SS1024_.jpg 1024w, https:\/\/images-na.ssl-images-amazon.com\/images\/I\/51mqAvhPfLL._SS1536_.jpg 1536w, https:\/\/images-na.ssl-images-amazon.com\/images\/I\/51mqAvhPfLL._SS2048_.jpg 2048w, https:\/\/images-na.ssl-images-amazon.com\/images\/I\/51mqAvhPfLL._SS80_.jpg 80w, https:\/\/images-na.ssl-images-amazon.com\/images\/I\/51mqAvhPfLL._SS200_.jpg 200w, https:\/\/images-na.ssl-images-amazon.com\/images\/I\/51mqAvhPfLL.jpg 500w, https:\/\/images-na.ssl-images-amazon.com\/images\/I\/51mqAvhPfLL._SS450_.jpg 450w, https:\/\/images-na.ssl-images-amazon.com\/images\/I\/51mqAvhPfLL._SS1400_.jpg 1400w, https:\/\/images-na.ssl-images-amazon.com\/images\/I\/51mqAvhPfLL._SS180_.jpg 180w, https:\/\/images-na.ssl-images-amazon.com\/images\/I\/51mqAvhPfLL._SS600_.jpg 600w, https:\/\/images-na.ssl-images-amazon.com\/images\/I\/51mqAvhPfLL._SS100_.jpg 100w\" sizes=\"(max-width: 150px) 100vw, 150px\" \/><\/a>\n\t\t\t<\/div><\/figure>\n\t\t<\/div>\n<br \/>\n<!-- show up to 2 reviews by default --> <\/p>\n<p>Was macht dieses Produkt besonders: \u2022 Velcro Band unter dem Kinn, um f\u00fcr mehrere Kopfgr\u00f6\u00dfen angepasst werden zu k\u00f6nnen im Vergleich zu Alternativen Schwimmkappen aus einem St\u00fcck.<br \/>\u2022 Erm\u00f6glicht mehr Komfort unter dem Kinn.<br \/>\u2022 Hoch qualitatives 4mm Smoothskin Material Als ultimativer Thermoschutz f\u00fcr das Schwimmen in offenen Gew\u00e4ssern bietet diese erstklassige Zone3 Skull Cap aus Neopren W\u00e4rme, w\u00e4hrend sie gleichzeitig f\u00fcr gute Str\u00f6mungsdynamik im Wasser sorgt. Das neue Design fokussiert sich vor allem auf den bestm\u00f6glichen Sitz der Kappe und hat daher ein Band aus Velcro Material, das unter dem Kinn zusammenkommt, sodass man die Kappe den unterschiedlichen Kopfgr\u00f6\u00dfen anpassen kann. Die h\u00e4ufigste Beschwerde die uns von Schwimmern zu Ohren gekommen ist, die eine Schwimmkappe aus einem St\u00fcck benutzen, ist, dass diese Kappe oftmals zu eng unter dem Kinn sitzt und zus\u00e4tzlich eben nicht angepasst werden kann. Dieses Design hilft nun dabei dieses Problem zu l\u00f6sen. Und jeder, der bereist einmal beim Schwimmen in kaltem Gew\u00e4sser den so genannten \u201aHirnfrost\u2018, oder K\u00e4ltekopfschmerz, erlebt hat wei\u00df, wie wertvoll Triathlon Schwimmkappen sein k\u00f6nnen, um voran zu kommen! Materialzusammensetzung: 100% Neopren <\/p>\n<p>Neopren Schwimmkappe mit Velcro Band unter dem Kinn<br \/>\nf\u00fcr mehrere Kopfgr\u00f6\u00dfen<br \/>\nhoch qualitatives 4mm Smoothskin Material<br \/>\nbietet W\u00e4rme<br \/>\ngute Str\u00f6mungsdynamik<br \/>\n<div class=\"main-cross-sell\" data-asin=\"B01D1XI4JQ\">\n\n\t<div class=\"WooZone-cross-sell-loader\">\n\t\t<div>\n\t\t\t<div id=\"floatingBarsG\">\n\t\t\t\t<div class=\"blockG\" id=\"rotateG_01\"><\/div>\n\t\t\t\t<div class=\"blockG\" id=\"rotateG_02\"><\/div>\n\t\t\t\t<div class=\"blockG\" id=\"rotateG_03\"><\/div>\n\t\t\t\t<div class=\"blockG\" id=\"rotateG_04\"><\/div>\n\t\t\t\t<div class=\"blockG\" id=\"rotateG_05\"><\/div>\n\t\t\t\t<div class=\"blockG\" id=\"rotateG_06\"><\/div>\n\t\t\t\t<div class=\"blockG\" id=\"rotateG_07\"><\/div>\n\t\t\t\t<div class=\"blockG\" id=\"rotateG_08\"><\/div>\n\t\t\t<\/div>\n\t\t\t<div class=\"WooZone-cross-sell-loader-text\"><\/div>\n\t\t<\/div>\n\t<\/div>\n\n\t\t\n<\/div>\n<div style=\"clear:both;\"><\/div>\n","protected":false},"excerpt":{"rendered":"<p>Neopren Schwimmkappe mit Velcro Band unter dem Kinn<br \/>\nf\u00fcr mehrere Kopfgr\u00f6\u00dfen<br \/>\nhoch qualitatives 4mm Smoothskin Material<\/p>\n","protected":false},"featured_media":14071,"comment_status":"open","ping_status":"closed","template":"","meta":[],"product_cat":[51],"product_tag":[],"_links":{"self":[{"href":"https:\/\/wellenreiten-surfen.de\/index.php?rest_route=\/wp\/v2\/product\/14070"}],"collection":[{"href":"https:\/\/wellenreiten-surfen.de\/index.php?rest_route=\/wp\/v2\/product"}],"about":[{"href":"https:\/\/wellenreiten-surfen.de\/index.php?rest_route=\/wp\/v2\/types\/product"}],"replies":[{"embeddable":true,"href":"https:\/\/wellenreiten-surfen.de\/index.php?rest_route=%2Fwp%2Fv2%2Fcomments&post=14070"}],"wp:featuredmedia":[{"embeddable":true,"href":"https:\/\/wellenreiten-surfen.de\/index.php?rest_route=\/wp\/v2\/media\/14071"}],"wp:attachment":[{"href":"https:\/\/wellenreiten-surfen.de\/index.php?rest_route=%2Fwp%2Fv2%2Fmedia&parent=14070"}],"wp:term":[{"taxonomy":"product_cat","embeddable":true,"href":"https:\/\/wellenreiten-surfen.de\/index.php?rest_route=%2Fwp%2Fv2%2Fproduct_cat&post=14070"},{"taxonomy":"product_tag","embeddable":true,"href":"https:\/\/wellenreiten-surfen.de\/index.php?rest_route=%2Fwp%2Fv2%2Fproduct_tag&post=14070"}],"curies":[{"name":"wp","href":"https:\/\/api.w.org\/{rel}","templated":true}]}}