{"id":14102,"date":"2021-04-29T11:49:37","date_gmt":"2021-04-29T11:49:37","guid":{"rendered":"https:\/\/wellenreiten-surfen.de\/?product=cressi-herren-rash-guard-man-rash-guard-man"},"modified":"2023-04-08T23:15:11","modified_gmt":"2023-04-08T23:15:11","slug":"cressi-herren-rash-guard-man-rash-guard-man","status":"publish","type":"product","link":"https:\/\/wellenreiten-surfen.de\/?product=cressi-herren-rash-guard-man-rash-guard-man","title":{"rendered":"Cressi Herren Rash Guard Man Rash Guard Man (1er Pack)"},"content":{"rendered":"<div id='gallery-1' class='gallery galleryid-14102 gallery-columns-3 gallery-size-thumbnail'><figure class='gallery-item'>\n\t\t\t<div class='gallery-icon landscape'>\n\t\t\t\t<a href='https:\/\/wellenreiten-surfen.de\/?attachment_id=14103'><img width=\"150\" height=\"150\" src=\"https:\/\/images-na.ssl-images-amazon.com\/images\/I\/414P215ZKmL._SS150_.jpg\" class=\"attachment-thumbnail size-thumbnail\" alt=\"\" decoding=\"async\" loading=\"lazy\" srcset=\"https:\/\/images-na.ssl-images-amazon.com\/images\/I\/414P215ZKmL._SS150_.jpg 150w, https:\/\/images-na.ssl-images-amazon.com\/images\/I\/414P215ZKmL._SS300_.jpg 300w, https:\/\/images-na.ssl-images-amazon.com\/images\/I\/414P215ZKmL._SS768_.jpg 768w, https:\/\/images-na.ssl-images-amazon.com\/images\/I\/414P215ZKmL._SS1024_.jpg 1024w, https:\/\/images-na.ssl-images-amazon.com\/images\/I\/414P215ZKmL._SS1536_.jpg 1536w, https:\/\/images-na.ssl-images-amazon.com\/images\/I\/414P215ZKmL._SS2048_.jpg 2048w, https:\/\/images-na.ssl-images-amazon.com\/images\/I\/414P215ZKmL._SS80_.jpg 80w, https:\/\/images-na.ssl-images-amazon.com\/images\/I\/414P215ZKmL._SS200_.jpg 200w, https:\/\/images-na.ssl-images-amazon.com\/images\/I\/414P215ZKmL.jpg 500w, https:\/\/images-na.ssl-images-amazon.com\/images\/I\/414P215ZKmL._SS450_.jpg 450w, https:\/\/images-na.ssl-images-amazon.com\/images\/I\/414P215ZKmL._SS1400_.jpg 1400w, https:\/\/images-na.ssl-images-amazon.com\/images\/I\/414P215ZKmL._SS180_.jpg 180w, https:\/\/images-na.ssl-images-amazon.com\/images\/I\/414P215ZKmL._SS600_.jpg 600w, https:\/\/images-na.ssl-images-amazon.com\/images\/I\/414P215ZKmL._SS100_.jpg 100w\" sizes=\"(max-width: 150px) 100vw, 150px\" \/><\/a>\n\t\t\t<\/div><\/figure><figure class='gallery-item'>\n\t\t\t<div class='gallery-icon landscape'>\n\t\t\t\t<a href='https:\/\/wellenreiten-surfen.de\/?attachment_id=14104'><img width=\"150\" height=\"150\" src=\"https:\/\/images-na.ssl-images-amazon.com\/images\/I\/415RM9pDIdL._SS150_.jpg\" class=\"attachment-thumbnail size-thumbnail\" alt=\"\" decoding=\"async\" loading=\"lazy\" srcset=\"https:\/\/images-na.ssl-images-amazon.com\/images\/I\/415RM9pDIdL._SS150_.jpg 150w, https:\/\/images-na.ssl-images-amazon.com\/images\/I\/415RM9pDIdL._SS300_.jpg 300w, https:\/\/images-na.ssl-images-amazon.com\/images\/I\/415RM9pDIdL._SS768_.jpg 768w, https:\/\/images-na.ssl-images-amazon.com\/images\/I\/415RM9pDIdL._SS1024_.jpg 1024w, https:\/\/images-na.ssl-images-amazon.com\/images\/I\/415RM9pDIdL._SS1536_.jpg 1536w, https:\/\/images-na.ssl-images-amazon.com\/images\/I\/415RM9pDIdL._SS2048_.jpg 2048w, https:\/\/images-na.ssl-images-amazon.com\/images\/I\/415RM9pDIdL._SS80_.jpg 80w, https:\/\/images-na.ssl-images-amazon.com\/images\/I\/415RM9pDIdL._SS200_.jpg 200w, https:\/\/images-na.ssl-images-amazon.com\/images\/I\/415RM9pDIdL.jpg 500w, https:\/\/images-na.ssl-images-amazon.com\/images\/I\/415RM9pDIdL._SS450_.jpg 450w, https:\/\/images-na.ssl-images-amazon.com\/images\/I\/415RM9pDIdL._SS1400_.jpg 1400w, https:\/\/images-na.ssl-images-amazon.com\/images\/I\/415RM9pDIdL._SS180_.jpg 180w, https:\/\/images-na.ssl-images-amazon.com\/images\/I\/415RM9pDIdL._SS600_.jpg 600w, https:\/\/images-na.ssl-images-amazon.com\/images\/I\/415RM9pDIdL._SS100_.jpg 100w\" sizes=\"(max-width: 150px) 100vw, 150px\" \/><\/a>\n\t\t\t<\/div><\/figure><figure class='gallery-item'>\n\t\t\t<div class='gallery-icon landscape'>\n\t\t\t\t<a href='https:\/\/wellenreiten-surfen.de\/?attachment_id=14105'><img width=\"150\" height=\"150\" src=\"https:\/\/images-na.ssl-images-amazon.com\/images\/I\/411e8bKMTmL._SS150_.jpg\" class=\"attachment-thumbnail size-thumbnail\" alt=\"\" decoding=\"async\" loading=\"lazy\" srcset=\"https:\/\/images-na.ssl-images-amazon.com\/images\/I\/411e8bKMTmL._SS150_.jpg 150w, https:\/\/images-na.ssl-images-amazon.com\/images\/I\/411e8bKMTmL._SS300_.jpg 300w, https:\/\/images-na.ssl-images-amazon.com\/images\/I\/411e8bKMTmL._SS768_.jpg 768w, https:\/\/images-na.ssl-images-amazon.com\/images\/I\/411e8bKMTmL._SS1024_.jpg 1024w, https:\/\/images-na.ssl-images-amazon.com\/images\/I\/411e8bKMTmL._SS1536_.jpg 1536w, https:\/\/images-na.ssl-images-amazon.com\/images\/I\/411e8bKMTmL._SS2048_.jpg 2048w, https:\/\/images-na.ssl-images-amazon.com\/images\/I\/411e8bKMTmL._SS80_.jpg 80w, https:\/\/images-na.ssl-images-amazon.com\/images\/I\/411e8bKMTmL._SS200_.jpg 200w, https:\/\/images-na.ssl-images-amazon.com\/images\/I\/411e8bKMTmL.jpg 500w, https:\/\/images-na.ssl-images-amazon.com\/images\/I\/411e8bKMTmL._SS450_.jpg 450w, https:\/\/images-na.ssl-images-amazon.com\/images\/I\/411e8bKMTmL._SS1400_.jpg 1400w, https:\/\/images-na.ssl-images-amazon.com\/images\/I\/411e8bKMTmL._SS180_.jpg 180w, https:\/\/images-na.ssl-images-amazon.com\/images\/I\/411e8bKMTmL._SS600_.jpg 600w, https:\/\/images-na.ssl-images-amazon.com\/images\/I\/411e8bKMTmL._SS100_.jpg 100w\" sizes=\"(max-width: 150px) 100vw, 150px\" \/><\/a>\n\t\t\t<\/div><\/figure>\n\t\t<\/div>\n<br \/>\n<!-- show up to 2 reviews by default --> <\/p>\n<p>Kurz\u00e4rmeliges\/ Lunge\u00e4rmeliges Schutzhemd f\u00fcr Sportaktivit\u00e4ten. Garantiert umfassenden Schutz &#8211; sehr empfehlenswert den hellen Hauttypen &#8211; sowohl im Wasser, als auch auf dem Trockenen, gegen Sonne, Wind und kalte Temperaturen. Man kann dieses Hemd beim Schwimmen oder Schnorcheln, Surfen, Segeln, usw. nutzen. Auf dem Meer, bei intensiver Sonnenbestrahlung und hohen Temperaturen, bietet das Shirt sehr guten Schutz. Es ist sehr robust und hat zudem eine isolierende Wirkung, so dass man nicht schnell ausk\u00fchlt, trotz der langen Badezeit. Es ist recht d\u00fcnn und bietet eine sehr gute Bewegungsfreiheit durch den flexiblen Stoff. Keine N\u00e4hte die an der Innenseite unangenehm st\u00f6ren. Vor allem auch am Nacken\/Hals bietet es guten Schutz durch den Stehkragen. Das Material ist nicht selbst Wasser-undurchl\u00e4ssig. Trocknet an der Sonne sehr schnell. Verformt sich absolut nicht, f\u00e4rbt nicht ab. Wirkt hochwertig und angenehm auf der Haut und bietet tollen Tragekomfort im und au\u00dferhalb des Wassers. <\/p>\n<p>Kurz\u00e4rmeliges Schutzhemd f\u00fcr Erwachsene f\u00fcr Sportaktivit\u00e4ten, entwickelt in Italien; Cressi: Italian Quality Since 1946<br \/>\nGeeignet f\u00fcr Wassersport, Schwimmen oder Schnorcheln, Surfen, Segeln, usw.; H\u00f6her Tragekomfort und UV-Schutz<br \/>\n100% Elasthan<br \/>\nRash Guard Man<br \/>\nModellnummer: LW476601<br \/>\nSpezielles Stretchgewebe aus einem dehnbaren und schnell trocknenden Material gefertigt<br \/>\nGute Passform und Figur betonend, mit einer hohen Bewegungsfreiheit durch den flexiblen Stoff<br \/>\nErh\u00e4ltlich f\u00fcr M\u00e4nner in der blau Farbe und verschiedenen Gr\u00f6\u00dfen, trocknet an der Sonne sehr schnell<br \/>\n<div class=\"main-cross-sell\" data-asin=\"B003ZYEMZW\">\n\n\t<div class=\"WooZone-cross-sell-loader\">\n\t\t<div>\n\t\t\t<div id=\"floatingBarsG\">\n\t\t\t\t<div class=\"blockG\" id=\"rotateG_01\"><\/div>\n\t\t\t\t<div class=\"blockG\" id=\"rotateG_02\"><\/div>\n\t\t\t\t<div class=\"blockG\" id=\"rotateG_03\"><\/div>\n\t\t\t\t<div class=\"blockG\" id=\"rotateG_04\"><\/div>\n\t\t\t\t<div class=\"blockG\" id=\"rotateG_05\"><\/div>\n\t\t\t\t<div class=\"blockG\" id=\"rotateG_06\"><\/div>\n\t\t\t\t<div class=\"blockG\" id=\"rotateG_07\"><\/div>\n\t\t\t\t<div class=\"blockG\" id=\"rotateG_08\"><\/div>\n\t\t\t<\/div>\n\t\t\t<div class=\"WooZone-cross-sell-loader-text\"><\/div>\n\t\t<\/div>\n\t<\/div>\n\n\t\t\n<\/div>\n<div style=\"clear:both;\"><\/div>\n","protected":false},"excerpt":{"rendered":"<p>Kurz\u00e4rmeliges Schutzhemd f\u00fcr Erwachsene f\u00fcr Sportaktivit\u00e4ten, entwickelt in Italien; Cressi: Italian Quality Since 1946<br \/>\nGeeignet f\u00fcr Wassersport, Schwimmen oder Schnorcheln, Surfen, Segeln, usw.; H\u00f6her Tragekomfort und UV-Schutz<br \/>\n100% Elasthan<\/p>\n","protected":false},"featured_media":14103,"comment_status":"open","ping_status":"closed","template":"","meta":[],"product_cat":[51],"product_tag":[],"_links":{"self":[{"href":"https:\/\/wellenreiten-surfen.de\/index.php?rest_route=\/wp\/v2\/product\/14102"}],"collection":[{"href":"https:\/\/wellenreiten-surfen.de\/index.php?rest_route=\/wp\/v2\/product"}],"about":[{"href":"https:\/\/wellenreiten-surfen.de\/index.php?rest_route=\/wp\/v2\/types\/product"}],"replies":[{"embeddable":true,"href":"https:\/\/wellenreiten-surfen.de\/index.php?rest_route=%2Fwp%2Fv2%2Fcomments&post=14102"}],"wp:featuredmedia":[{"embeddable":true,"href":"https:\/\/wellenreiten-surfen.de\/index.php?rest_route=\/wp\/v2\/media\/14103"}],"wp:attachment":[{"href":"https:\/\/wellenreiten-surfen.de\/index.php?rest_route=%2Fwp%2Fv2%2Fmedia&parent=14102"}],"wp:term":[{"taxonomy":"product_cat","embeddable":true,"href":"https:\/\/wellenreiten-surfen.de\/index.php?rest_route=%2Fwp%2Fv2%2Fproduct_cat&post=14102"},{"taxonomy":"product_tag","embeddable":true,"href":"https:\/\/wellenreiten-surfen.de\/index.php?rest_route=%2Fwp%2Fv2%2Fproduct_tag&post=14102"}],"curies":[{"name":"wp","href":"https:\/\/api.w.org\/{rel}","templated":true}]}}