{"id":14137,"date":"2021-04-29T11:49:52","date_gmt":"2021-04-29T11:49:52","guid":{"rendered":"https:\/\/wellenreiten-surfen.de\/?product=pi-pe-neopren-beanie-2mm-black"},"modified":"2023-04-08T23:15:12","modified_gmt":"2023-04-08T23:15:12","slug":"pi-pe-neopren-beanie-2mm-black","status":"publish","type":"product","link":"https:\/\/wellenreiten-surfen.de\/?product=pi-pe-neopren-beanie-2mm-black","title":{"rendered":"PI-PE Neopren Beanie Hut M\u00fctze Active 2mm"},"content":{"rendered":"<div id='gallery-1' class='gallery galleryid-14137 gallery-columns-3 gallery-size-thumbnail'><figure class='gallery-item'>\n\t\t\t<div class='gallery-icon landscape'>\n\t\t\t\t<a href='https:\/\/wellenreiten-surfen.de\/?attachment_id=14138'><img width=\"150\" height=\"150\" src=\"https:\/\/images-na.ssl-images-amazon.com\/images\/I\/31-MFbdhVVL._SS150_.jpg\" class=\"attachment-thumbnail size-thumbnail\" alt=\"\" decoding=\"async\" loading=\"lazy\" srcset=\"https:\/\/images-na.ssl-images-amazon.com\/images\/I\/31-MFbdhVVL._SS150_.jpg 150w, https:\/\/images-na.ssl-images-amazon.com\/images\/I\/31-MFbdhVVL._SS300_.jpg 300w, https:\/\/images-na.ssl-images-amazon.com\/images\/I\/31-MFbdhVVL._SS768_.jpg 768w, https:\/\/images-na.ssl-images-amazon.com\/images\/I\/31-MFbdhVVL._SS1024_.jpg 1024w, https:\/\/images-na.ssl-images-amazon.com\/images\/I\/31-MFbdhVVL._SS1536_.jpg 1536w, https:\/\/images-na.ssl-images-amazon.com\/images\/I\/31-MFbdhVVL._SS2048_.jpg 2048w, https:\/\/images-na.ssl-images-amazon.com\/images\/I\/31-MFbdhVVL._SS80_.jpg 80w, https:\/\/images-na.ssl-images-amazon.com\/images\/I\/31-MFbdhVVL._SS200_.jpg 200w, https:\/\/images-na.ssl-images-amazon.com\/images\/I\/31-MFbdhVVL.jpg 500w, https:\/\/images-na.ssl-images-amazon.com\/images\/I\/31-MFbdhVVL._SS450_.jpg 450w, https:\/\/images-na.ssl-images-amazon.com\/images\/I\/31-MFbdhVVL._SS1400_.jpg 1400w, https:\/\/images-na.ssl-images-amazon.com\/images\/I\/31-MFbdhVVL._SS180_.jpg 180w, https:\/\/images-na.ssl-images-amazon.com\/images\/I\/31-MFbdhVVL._SS600_.jpg 600w, https:\/\/images-na.ssl-images-amazon.com\/images\/I\/31-MFbdhVVL._SS100_.jpg 100w\" sizes=\"(max-width: 150px) 100vw, 150px\" \/><\/a>\n\t\t\t<\/div><\/figure><figure class='gallery-item'>\n\t\t\t<div class='gallery-icon landscape'>\n\t\t\t\t<a href='https:\/\/wellenreiten-surfen.de\/?attachment_id=14139'><img width=\"150\" height=\"150\" src=\"https:\/\/images-na.ssl-images-amazon.com\/images\/I\/41d1fur%2BNyL._SS150_.jpg\" class=\"attachment-thumbnail size-thumbnail\" alt=\"\" decoding=\"async\" loading=\"lazy\" srcset=\"https:\/\/images-na.ssl-images-amazon.com\/images\/I\/41d1fur%2BNyL._SS150_.jpg 150w, https:\/\/images-na.ssl-images-amazon.com\/images\/I\/41d1fur%2BNyL._SS300_.jpg 300w, https:\/\/images-na.ssl-images-amazon.com\/images\/I\/41d1fur%2BNyL._SS768_.jpg 768w, https:\/\/images-na.ssl-images-amazon.com\/images\/I\/41d1fur%2BNyL._SS1024_.jpg 1024w, https:\/\/images-na.ssl-images-amazon.com\/images\/I\/41d1fur%2BNyL._SS1536_.jpg 1536w, https:\/\/images-na.ssl-images-amazon.com\/images\/I\/41d1fur%2BNyL._SS2048_.jpg 2048w, https:\/\/images-na.ssl-images-amazon.com\/images\/I\/41d1fur%2BNyL._SS80_.jpg 80w, https:\/\/images-na.ssl-images-amazon.com\/images\/I\/41d1fur%2BNyL._SS200_.jpg 200w, https:\/\/images-na.ssl-images-amazon.com\/images\/I\/41d1fur%2BNyL.jpg 500w, https:\/\/images-na.ssl-images-amazon.com\/images\/I\/41d1fur%2BNyL._SS450_.jpg 450w, https:\/\/images-na.ssl-images-amazon.com\/images\/I\/41d1fur%2BNyL._SS1400_.jpg 1400w, https:\/\/images-na.ssl-images-amazon.com\/images\/I\/41d1fur%2BNyL._SS180_.jpg 180w, https:\/\/images-na.ssl-images-amazon.com\/images\/I\/41d1fur%2BNyL._SS600_.jpg 600w, https:\/\/images-na.ssl-images-amazon.com\/images\/I\/41d1fur%2BNyL._SS100_.jpg 100w\" sizes=\"(max-width: 150px) 100vw, 150px\" \/><\/a>\n\t\t\t<\/div><\/figure>\n\t\t<\/div>\n<br \/>\n<!-- show up to 2 reviews by default --> <\/p>\n<p>Dieses Neopren Beanie bieten einen optimalen K\u00e4lteschutz im Wasser und sch\u00fctzt zuverl\u00e4ssig vor UV-Strahlen.<br \/>das Beanie stellt sicher, dass die K\u00f6rpertemperatur optimal gehalten wird und nicht \u00fcber den Kopf verloren geht. <br \/>Durch Flachn\u00e4hte wird eine lange Haltbarkeit garantiert. <\/p>\n<ul>\n<li>Neoprenst\u00e4rke: 2,0mm <\/li>\n<li>weicher und elastischer Neoprenstoff <\/li>\n<li>Flachn\u00e4hte <\/li>\n<li>Unisex<\/li>\n<\/ul>\n<\/p>\n<p>Neopren Beanie aus 2mm Neopren gefertig<br \/>\nHoher Tragekomfort durch flache N\u00e4hte<br \/>\nWeicher und elastischer Neoprenstoff<br \/>\nUnisex<br \/>\n<div class=\"main-cross-sell\" data-asin=\"B07GPM1DGP\">\n\n\t<div class=\"WooZone-cross-sell-loader\">\n\t\t<div>\n\t\t\t<div id=\"floatingBarsG\">\n\t\t\t\t<div class=\"blockG\" id=\"rotateG_01\"><\/div>\n\t\t\t\t<div class=\"blockG\" id=\"rotateG_02\"><\/div>\n\t\t\t\t<div class=\"blockG\" id=\"rotateG_03\"><\/div>\n\t\t\t\t<div class=\"blockG\" id=\"rotateG_04\"><\/div>\n\t\t\t\t<div class=\"blockG\" id=\"rotateG_05\"><\/div>\n\t\t\t\t<div class=\"blockG\" id=\"rotateG_06\"><\/div>\n\t\t\t\t<div class=\"blockG\" id=\"rotateG_07\"><\/div>\n\t\t\t\t<div class=\"blockG\" id=\"rotateG_08\"><\/div>\n\t\t\t<\/div>\n\t\t\t<div class=\"WooZone-cross-sell-loader-text\"><\/div>\n\t\t<\/div>\n\t<\/div>\n\n\t\t\n<\/div>\n<div style=\"clear:both;\"><\/div>\n","protected":false},"excerpt":{"rendered":"<p>Neopren Beanie aus 2mm Neopren gefertig<br \/>\nHoher Tragekomfort durch flache N\u00e4hte<br \/>\nWeicher und elastischer Neoprenstoff<\/p>\n","protected":false},"featured_media":14138,"comment_status":"open","ping_status":"closed","template":"","meta":[],"product_cat":[51],"product_tag":[],"_links":{"self":[{"href":"https:\/\/wellenreiten-surfen.de\/index.php?rest_route=\/wp\/v2\/product\/14137"}],"collection":[{"href":"https:\/\/wellenreiten-surfen.de\/index.php?rest_route=\/wp\/v2\/product"}],"about":[{"href":"https:\/\/wellenreiten-surfen.de\/index.php?rest_route=\/wp\/v2\/types\/product"}],"replies":[{"embeddable":true,"href":"https:\/\/wellenreiten-surfen.de\/index.php?rest_route=%2Fwp%2Fv2%2Fcomments&post=14137"}],"wp:featuredmedia":[{"embeddable":true,"href":"https:\/\/wellenreiten-surfen.de\/index.php?rest_route=\/wp\/v2\/media\/14138"}],"wp:attachment":[{"href":"https:\/\/wellenreiten-surfen.de\/index.php?rest_route=%2Fwp%2Fv2%2Fmedia&parent=14137"}],"wp:term":[{"taxonomy":"product_cat","embeddable":true,"href":"https:\/\/wellenreiten-surfen.de\/index.php?rest_route=%2Fwp%2Fv2%2Fproduct_cat&post=14137"},{"taxonomy":"product_tag","embeddable":true,"href":"https:\/\/wellenreiten-surfen.de\/index.php?rest_route=%2Fwp%2Fv2%2Fproduct_tag&post=14137"}],"curies":[{"name":"wp","href":"https:\/\/api.w.org\/{rel}","templated":true}]}}