{"id":14144,"date":"2021-04-29T11:49:55","date_gmt":"2021-04-29T11:49:55","guid":{"rendered":"https:\/\/wellenreiten-surfen.de\/?product=scubatec-3mm-kinder-neopren-shorty-kids-wave"},"modified":"2023-04-08T23:15:12","modified_gmt":"2023-04-08T23:15:12","slug":"scubatec-3mm-kinder-neopren-shorty-kids-wave","status":"publish","type":"product","link":"https:\/\/wellenreiten-surfen.de\/?product=scubatec-3mm-kinder-neopren-shorty-kids-wave","title":{"rendered":"Scubatec 3mm Kinder Neopren Shorty Kids Wave"},"content":{"rendered":"<div id='gallery-1' class='gallery galleryid-14144 gallery-columns-3 gallery-size-thumbnail'><figure class='gallery-item'>\n\t\t\t<div class='gallery-icon landscape'>\n\t\t\t\t<a href='https:\/\/wellenreiten-surfen.de\/?attachment_id=14145'><img width=\"150\" height=\"150\" src=\"https:\/\/images-na.ssl-images-amazon.com\/images\/I\/41OlsR-AoUL._SS150_.jpg\" class=\"attachment-thumbnail size-thumbnail\" alt=\"\" decoding=\"async\" loading=\"lazy\" srcset=\"https:\/\/images-na.ssl-images-amazon.com\/images\/I\/41OlsR-AoUL._SS150_.jpg 150w, https:\/\/images-na.ssl-images-amazon.com\/images\/I\/41OlsR-AoUL._SS300_.jpg 300w, https:\/\/images-na.ssl-images-amazon.com\/images\/I\/41OlsR-AoUL._SS768_.jpg 768w, https:\/\/images-na.ssl-images-amazon.com\/images\/I\/41OlsR-AoUL._SS1024_.jpg 1024w, https:\/\/images-na.ssl-images-amazon.com\/images\/I\/41OlsR-AoUL._SS1536_.jpg 1536w, https:\/\/images-na.ssl-images-amazon.com\/images\/I\/41OlsR-AoUL._SS2048_.jpg 2048w, https:\/\/images-na.ssl-images-amazon.com\/images\/I\/41OlsR-AoUL._SS80_.jpg 80w, https:\/\/images-na.ssl-images-amazon.com\/images\/I\/41OlsR-AoUL._SS200_.jpg 200w, https:\/\/images-na.ssl-images-amazon.com\/images\/I\/41OlsR-AoUL.jpg 500w, https:\/\/images-na.ssl-images-amazon.com\/images\/I\/41OlsR-AoUL._SS450_.jpg 450w, https:\/\/images-na.ssl-images-amazon.com\/images\/I\/41OlsR-AoUL._SS1400_.jpg 1400w, https:\/\/images-na.ssl-images-amazon.com\/images\/I\/41OlsR-AoUL._SS180_.jpg 180w, https:\/\/images-na.ssl-images-amazon.com\/images\/I\/41OlsR-AoUL._SS600_.jpg 600w, https:\/\/images-na.ssl-images-amazon.com\/images\/I\/41OlsR-AoUL._SS100_.jpg 100w\" sizes=\"(max-width: 150px) 100vw, 150px\" \/><\/a>\n\t\t\t<\/div><\/figure><figure class='gallery-item'>\n\t\t\t<div class='gallery-icon landscape'>\n\t\t\t\t<a href='https:\/\/wellenreiten-surfen.de\/?attachment_id=14146'><img width=\"150\" height=\"150\" src=\"https:\/\/images-na.ssl-images-amazon.com\/images\/I\/51K7-aJgGBL._SS150_.jpg\" class=\"attachment-thumbnail size-thumbnail\" alt=\"\" decoding=\"async\" loading=\"lazy\" srcset=\"https:\/\/images-na.ssl-images-amazon.com\/images\/I\/51K7-aJgGBL._SS150_.jpg 150w, https:\/\/images-na.ssl-images-amazon.com\/images\/I\/51K7-aJgGBL._SS300_.jpg 300w, https:\/\/images-na.ssl-images-amazon.com\/images\/I\/51K7-aJgGBL._SS768_.jpg 768w, https:\/\/images-na.ssl-images-amazon.com\/images\/I\/51K7-aJgGBL._SS1024_.jpg 1024w, https:\/\/images-na.ssl-images-amazon.com\/images\/I\/51K7-aJgGBL._SS1536_.jpg 1536w, https:\/\/images-na.ssl-images-amazon.com\/images\/I\/51K7-aJgGBL._SS2048_.jpg 2048w, https:\/\/images-na.ssl-images-amazon.com\/images\/I\/51K7-aJgGBL._SS80_.jpg 80w, https:\/\/images-na.ssl-images-amazon.com\/images\/I\/51K7-aJgGBL._SS200_.jpg 200w, https:\/\/images-na.ssl-images-amazon.com\/images\/I\/51K7-aJgGBL.jpg 500w, https:\/\/images-na.ssl-images-amazon.com\/images\/I\/51K7-aJgGBL._SS450_.jpg 450w, https:\/\/images-na.ssl-images-amazon.com\/images\/I\/51K7-aJgGBL._SS1400_.jpg 1400w, https:\/\/images-na.ssl-images-amazon.com\/images\/I\/51K7-aJgGBL._SS180_.jpg 180w, https:\/\/images-na.ssl-images-amazon.com\/images\/I\/51K7-aJgGBL._SS600_.jpg 600w, https:\/\/images-na.ssl-images-amazon.com\/images\/I\/51K7-aJgGBL._SS100_.jpg 100w\" sizes=\"(max-width: 150px) 100vw, 150px\" \/><\/a>\n\t\t\t<\/div><\/figure>\n\t\t<\/div>\n<br \/>\n<!-- show up to 2 reviews by default --> <\/p>\n<p>Der 3mm Kindershorty \u201eSCUBATEC kids\u201c ist ein \u00e4u\u00dferst vielseitig verwendbarer Anzug. Das 3mm Neopren gew\u00e4hrt einerseits eine gro\u00dfe Bewegungsfreiheit und bietet andererseits kompletten Wind- und ausreichenden K\u00e4lteschutz beim Spielen, Schwimmen oder Schnorcheln im Schwimmbad sowie offenen Gew\u00e4ssern mit einer Oberfl\u00e4chentrempertur von mindestens 20\u00baC (bei niedrigeren Temperaturen empfehlen wir einen unserer 2 oder 3mm Overalls). Damit ist dieser Anzug f\u00fcr nahezu jede Wassersportart hervorragend geeignet. Nicht zuletzt der kindgerechte Schnitt und das moderne Design machen diesen Shorty so beliebt. <\/p>\n<p>F\u00fcr jeglichen Wassersport oder einfach nur am Strand geeignet<br \/>\nNeopren Shorty f\u00fcr Kinder in 3mm<br \/>\nLangarm<br \/>\nVerschluss: Rei\u00dfverschluss<br \/>\nIn den Gr\u00f6\u00dfen 80 &#8211; 86 , 92 &#8211; 98 , 104 &#8211; 110 , 116 &#8211; 122 , 128 &#8211; 134 , 140 &#8211; 146 , 152 &#8211; 158<br \/>\nbei der Gr\u00f6\u00dfenwahl richten Sie sich bitte nach der Gr\u00f6\u00dfentabelle (zu finden unter den Produktbildern)<br \/>\n<div class=\"main-cross-sell\" data-asin=\"B00PVY6NMY\">\n\n\t<div class=\"WooZone-cross-sell-loader\">\n\t\t<div>\n\t\t\t<div id=\"floatingBarsG\">\n\t\t\t\t<div class=\"blockG\" id=\"rotateG_01\"><\/div>\n\t\t\t\t<div class=\"blockG\" id=\"rotateG_02\"><\/div>\n\t\t\t\t<div class=\"blockG\" id=\"rotateG_03\"><\/div>\n\t\t\t\t<div class=\"blockG\" id=\"rotateG_04\"><\/div>\n\t\t\t\t<div class=\"blockG\" id=\"rotateG_05\"><\/div>\n\t\t\t\t<div class=\"blockG\" id=\"rotateG_06\"><\/div>\n\t\t\t\t<div class=\"blockG\" id=\"rotateG_07\"><\/div>\n\t\t\t\t<div class=\"blockG\" id=\"rotateG_08\"><\/div>\n\t\t\t<\/div>\n\t\t\t<div class=\"WooZone-cross-sell-loader-text\"><\/div>\n\t\t<\/div>\n\t<\/div>\n\n\t\t\n<\/div>\n<div style=\"clear:both;\"><\/div>\n","protected":false},"excerpt":{"rendered":"<p>F\u00fcr jeglichen Wassersport oder einfach nur am Strand geeignet<br \/>\nNeopren Shorty f\u00fcr Kinder in 3mm<br \/>\nLangarm<\/p>\n","protected":false},"featured_media":14145,"comment_status":"open","ping_status":"closed","template":"","meta":[],"product_cat":[51],"product_tag":[],"_links":{"self":[{"href":"https:\/\/wellenreiten-surfen.de\/index.php?rest_route=\/wp\/v2\/product\/14144"}],"collection":[{"href":"https:\/\/wellenreiten-surfen.de\/index.php?rest_route=\/wp\/v2\/product"}],"about":[{"href":"https:\/\/wellenreiten-surfen.de\/index.php?rest_route=\/wp\/v2\/types\/product"}],"replies":[{"embeddable":true,"href":"https:\/\/wellenreiten-surfen.de\/index.php?rest_route=%2Fwp%2Fv2%2Fcomments&post=14144"}],"wp:featuredmedia":[{"embeddable":true,"href":"https:\/\/wellenreiten-surfen.de\/index.php?rest_route=\/wp\/v2\/media\/14145"}],"wp:attachment":[{"href":"https:\/\/wellenreiten-surfen.de\/index.php?rest_route=%2Fwp%2Fv2%2Fmedia&parent=14144"}],"wp:term":[{"taxonomy":"product_cat","embeddable":true,"href":"https:\/\/wellenreiten-surfen.de\/index.php?rest_route=%2Fwp%2Fv2%2Fproduct_cat&post=14144"},{"taxonomy":"product_tag","embeddable":true,"href":"https:\/\/wellenreiten-surfen.de\/index.php?rest_route=%2Fwp%2Fv2%2Fproduct_tag&post=14144"}],"curies":[{"name":"wp","href":"https:\/\/api.w.org\/{rel}","templated":true}]}}