{"id":14155,"date":"2021-04-29T11:49:58","date_gmt":"2021-04-29T11:49:58","guid":{"rendered":"https:\/\/wellenreiten-surfen.de\/?product=mares-unisex-dive-boots-classic-ng-5-mm"},"modified":"2023-04-08T23:15:12","modified_gmt":"2023-04-08T23:15:12","slug":"mares-unisex-dive-boots-classic-ng-5-mm","status":"publish","type":"product","link":"https:\/\/wellenreiten-surfen.de\/?product=mares-unisex-dive-boots-classic-ng-5-mm","title":{"rendered":"Mares Unisex Dive Boots Classic NG 5 mm"},"content":{"rendered":"<div id='gallery-1' class='gallery galleryid-14155 gallery-columns-3 gallery-size-thumbnail'><figure class='gallery-item'>\n\t\t\t<div class='gallery-icon landscape'>\n\t\t\t\t<a href='https:\/\/wellenreiten-surfen.de\/?attachment_id=14156'><img width=\"150\" height=\"150\" src=\"https:\/\/images-na.ssl-images-amazon.com\/images\/I\/41vYYiG%2BFpL._SS150_.jpg\" class=\"attachment-thumbnail size-thumbnail\" alt=\"\" decoding=\"async\" loading=\"lazy\" srcset=\"https:\/\/images-na.ssl-images-amazon.com\/images\/I\/41vYYiG%2BFpL._SS150_.jpg 150w, https:\/\/images-na.ssl-images-amazon.com\/images\/I\/41vYYiG%2BFpL._SS300_.jpg 300w, https:\/\/images-na.ssl-images-amazon.com\/images\/I\/41vYYiG%2BFpL._SS768_.jpg 768w, https:\/\/images-na.ssl-images-amazon.com\/images\/I\/41vYYiG%2BFpL._SS1024_.jpg 1024w, https:\/\/images-na.ssl-images-amazon.com\/images\/I\/41vYYiG%2BFpL._SS1536_.jpg 1536w, https:\/\/images-na.ssl-images-amazon.com\/images\/I\/41vYYiG%2BFpL._SS2048_.jpg 2048w, https:\/\/images-na.ssl-images-amazon.com\/images\/I\/41vYYiG%2BFpL._SS80_.jpg 80w, https:\/\/images-na.ssl-images-amazon.com\/images\/I\/41vYYiG%2BFpL._SS200_.jpg 200w, https:\/\/images-na.ssl-images-amazon.com\/images\/I\/41vYYiG%2BFpL.jpg 500w, https:\/\/images-na.ssl-images-amazon.com\/images\/I\/41vYYiG%2BFpL._SS450_.jpg 450w, https:\/\/images-na.ssl-images-amazon.com\/images\/I\/41vYYiG%2BFpL._SS1400_.jpg 1400w, https:\/\/images-na.ssl-images-amazon.com\/images\/I\/41vYYiG%2BFpL._SS180_.jpg 180w, https:\/\/images-na.ssl-images-amazon.com\/images\/I\/41vYYiG%2BFpL._SS600_.jpg 600w, https:\/\/images-na.ssl-images-amazon.com\/images\/I\/41vYYiG%2BFpL._SS100_.jpg 100w\" sizes=\"(max-width: 150px) 100vw, 150px\" \/><\/a>\n\t\t\t<\/div><\/figure><figure class='gallery-item'>\n\t\t\t<div class='gallery-icon landscape'>\n\t\t\t\t<a href='https:\/\/wellenreiten-surfen.de\/?attachment_id=14157'><img width=\"150\" height=\"150\" src=\"https:\/\/images-na.ssl-images-amazon.com\/images\/I\/31vlKy1SSGL._SS150_.jpg\" class=\"attachment-thumbnail size-thumbnail\" alt=\"\" decoding=\"async\" loading=\"lazy\" srcset=\"https:\/\/images-na.ssl-images-amazon.com\/images\/I\/31vlKy1SSGL._SS150_.jpg 150w, https:\/\/images-na.ssl-images-amazon.com\/images\/I\/31vlKy1SSGL._SS300_.jpg 300w, https:\/\/images-na.ssl-images-amazon.com\/images\/I\/31vlKy1SSGL._SS768_.jpg 768w, https:\/\/images-na.ssl-images-amazon.com\/images\/I\/31vlKy1SSGL._SS1024_.jpg 1024w, https:\/\/images-na.ssl-images-amazon.com\/images\/I\/31vlKy1SSGL._SS1536_.jpg 1536w, https:\/\/images-na.ssl-images-amazon.com\/images\/I\/31vlKy1SSGL._SS2048_.jpg 2048w, https:\/\/images-na.ssl-images-amazon.com\/images\/I\/31vlKy1SSGL._SS80_.jpg 80w, https:\/\/images-na.ssl-images-amazon.com\/images\/I\/31vlKy1SSGL._SS200_.jpg 200w, https:\/\/images-na.ssl-images-amazon.com\/images\/I\/31vlKy1SSGL.jpg 500w, https:\/\/images-na.ssl-images-amazon.com\/images\/I\/31vlKy1SSGL._SS450_.jpg 450w, https:\/\/images-na.ssl-images-amazon.com\/images\/I\/31vlKy1SSGL._SS1400_.jpg 1400w, https:\/\/images-na.ssl-images-amazon.com\/images\/I\/31vlKy1SSGL._SS180_.jpg 180w, https:\/\/images-na.ssl-images-amazon.com\/images\/I\/31vlKy1SSGL._SS600_.jpg 600w, https:\/\/images-na.ssl-images-amazon.com\/images\/I\/31vlKy1SSGL._SS100_.jpg 100w\" sizes=\"(max-width: 150px) 100vw, 150px\" \/><\/a>\n\t\t\t<\/div><\/figure><figure class='gallery-item'>\n\t\t\t<div class='gallery-icon landscape'>\n\t\t\t\t<a href='https:\/\/wellenreiten-surfen.de\/?attachment_id=14158'><img width=\"150\" height=\"150\" src=\"https:\/\/images-na.ssl-images-amazon.com\/images\/I\/31HPwjnqdgL._SS150_.jpg\" class=\"attachment-thumbnail size-thumbnail\" alt=\"\" decoding=\"async\" loading=\"lazy\" srcset=\"https:\/\/images-na.ssl-images-amazon.com\/images\/I\/31HPwjnqdgL._SS150_.jpg 150w, https:\/\/images-na.ssl-images-amazon.com\/images\/I\/31HPwjnqdgL._SS300_.jpg 300w, https:\/\/images-na.ssl-images-amazon.com\/images\/I\/31HPwjnqdgL._SS768_.jpg 768w, https:\/\/images-na.ssl-images-amazon.com\/images\/I\/31HPwjnqdgL._SS1024_.jpg 1024w, https:\/\/images-na.ssl-images-amazon.com\/images\/I\/31HPwjnqdgL._SS1536_.jpg 1536w, https:\/\/images-na.ssl-images-amazon.com\/images\/I\/31HPwjnqdgL._SS2048_.jpg 2048w, https:\/\/images-na.ssl-images-amazon.com\/images\/I\/31HPwjnqdgL._SS80_.jpg 80w, https:\/\/images-na.ssl-images-amazon.com\/images\/I\/31HPwjnqdgL._SS200_.jpg 200w, https:\/\/images-na.ssl-images-amazon.com\/images\/I\/31HPwjnqdgL.jpg 500w, https:\/\/images-na.ssl-images-amazon.com\/images\/I\/31HPwjnqdgL._SS450_.jpg 450w, https:\/\/images-na.ssl-images-amazon.com\/images\/I\/31HPwjnqdgL._SS1400_.jpg 1400w, https:\/\/images-na.ssl-images-amazon.com\/images\/I\/31HPwjnqdgL._SS180_.jpg 180w, https:\/\/images-na.ssl-images-amazon.com\/images\/I\/31HPwjnqdgL._SS600_.jpg 600w, https:\/\/images-na.ssl-images-amazon.com\/images\/I\/31HPwjnqdgL._SS100_.jpg 100w\" sizes=\"(max-width: 150px) 100vw, 150px\" \/><\/a>\n\t\t\t<\/div><\/figure>\n\t\t<\/div>\n<br \/>\n<!-- show up to 2 reviews by default --> <\/p>\n<h5>Mares Unisex Dive Boots Classic NG 5 mm<\/h5>\n<\/p>\n<p>Der 5 mm F\u00fc\u00dfling ist kn\u00f6chelhoch und bietet Schutz vor Muscheln und Tieren. Au\u00dferdem ist er f\u00fcr diverse Ger\u00e4teflossen n\u00f6twendig.<\/p>\n<\/p>\n<p>Verst\u00e4rkte Ferse<br \/>\nSeitlicher Rei\u00dfverschlu\u00df<br \/>\nBreite Zehenkappe<br \/>\n<div class=\"main-cross-sell\" data-asin=\"B004IYQEP4\">\n\n\t<div class=\"WooZone-cross-sell-loader\">\n\t\t<div>\n\t\t\t<div id=\"floatingBarsG\">\n\t\t\t\t<div class=\"blockG\" id=\"rotateG_01\"><\/div>\n\t\t\t\t<div class=\"blockG\" id=\"rotateG_02\"><\/div>\n\t\t\t\t<div class=\"blockG\" id=\"rotateG_03\"><\/div>\n\t\t\t\t<div class=\"blockG\" id=\"rotateG_04\"><\/div>\n\t\t\t\t<div class=\"blockG\" id=\"rotateG_05\"><\/div>\n\t\t\t\t<div class=\"blockG\" id=\"rotateG_06\"><\/div>\n\t\t\t\t<div class=\"blockG\" id=\"rotateG_07\"><\/div>\n\t\t\t\t<div class=\"blockG\" id=\"rotateG_08\"><\/div>\n\t\t\t<\/div>\n\t\t\t<div class=\"WooZone-cross-sell-loader-text\"><\/div>\n\t\t<\/div>\n\t<\/div>\n\n\t\t\n<\/div>\n<div style=\"clear:both;\"><\/div>\n","protected":false},"excerpt":{"rendered":"<p>Verst\u00e4rkte Ferse<br \/>\nSeitlicher Rei\u00dfverschlu\u00df<br \/>\nBreite Zehenkappe<\/p>\n","protected":false},"featured_media":14156,"comment_status":"open","ping_status":"closed","template":"","meta":[],"product_cat":[51],"product_tag":[],"_links":{"self":[{"href":"https:\/\/wellenreiten-surfen.de\/index.php?rest_route=\/wp\/v2\/product\/14155"}],"collection":[{"href":"https:\/\/wellenreiten-surfen.de\/index.php?rest_route=\/wp\/v2\/product"}],"about":[{"href":"https:\/\/wellenreiten-surfen.de\/index.php?rest_route=\/wp\/v2\/types\/product"}],"replies":[{"embeddable":true,"href":"https:\/\/wellenreiten-surfen.de\/index.php?rest_route=%2Fwp%2Fv2%2Fcomments&post=14155"}],"wp:featuredmedia":[{"embeddable":true,"href":"https:\/\/wellenreiten-surfen.de\/index.php?rest_route=\/wp\/v2\/media\/14156"}],"wp:attachment":[{"href":"https:\/\/wellenreiten-surfen.de\/index.php?rest_route=%2Fwp%2Fv2%2Fmedia&parent=14155"}],"wp:term":[{"taxonomy":"product_cat","embeddable":true,"href":"https:\/\/wellenreiten-surfen.de\/index.php?rest_route=%2Fwp%2Fv2%2Fproduct_cat&post=14155"},{"taxonomy":"product_tag","embeddable":true,"href":"https:\/\/wellenreiten-surfen.de\/index.php?rest_route=%2Fwp%2Fv2%2Fproduct_tag&post=14155"}],"curies":[{"name":"wp","href":"https:\/\/api.w.org\/{rel}","templated":true}]}}