{"id":14170,"date":"2021-04-29T11:50:04","date_gmt":"2021-04-29T11:50:04","guid":{"rendered":"https:\/\/wellenreiten-surfen.de\/?product=tamino-kinder-neoprenanzug"},"modified":"2023-04-08T23:15:12","modified_gmt":"2023-04-08T23:15:12","slug":"tamino-kinder-neoprenanzug","status":"publish","type":"product","link":"https:\/\/wellenreiten-surfen.de\/?product=tamino-kinder-neoprenanzug","title":{"rendered":"Tamino Kinder Neoprenanzug"},"content":{"rendered":"<div id='gallery-1' class='gallery galleryid-14170 gallery-columns-3 gallery-size-thumbnail'><figure class='gallery-item'>\n\t\t\t<div class='gallery-icon landscape'>\n\t\t\t\t<a href='https:\/\/wellenreiten-surfen.de\/?attachment_id=14171'><img width=\"150\" height=\"150\" src=\"https:\/\/images-na.ssl-images-amazon.com\/images\/I\/311-o2oAbRL._SS150_.jpg\" class=\"attachment-thumbnail size-thumbnail\" alt=\"\" decoding=\"async\" loading=\"lazy\" srcset=\"https:\/\/images-na.ssl-images-amazon.com\/images\/I\/311-o2oAbRL._SS150_.jpg 150w, https:\/\/images-na.ssl-images-amazon.com\/images\/I\/311-o2oAbRL._SS300_.jpg 300w, https:\/\/images-na.ssl-images-amazon.com\/images\/I\/311-o2oAbRL._SS768_.jpg 768w, https:\/\/images-na.ssl-images-amazon.com\/images\/I\/311-o2oAbRL._SS1024_.jpg 1024w, https:\/\/images-na.ssl-images-amazon.com\/images\/I\/311-o2oAbRL._SS1536_.jpg 1536w, https:\/\/images-na.ssl-images-amazon.com\/images\/I\/311-o2oAbRL._SS2048_.jpg 2048w, https:\/\/images-na.ssl-images-amazon.com\/images\/I\/311-o2oAbRL._SS80_.jpg 80w, https:\/\/images-na.ssl-images-amazon.com\/images\/I\/311-o2oAbRL._SS200_.jpg 200w, https:\/\/images-na.ssl-images-amazon.com\/images\/I\/311-o2oAbRL.jpg 500w, https:\/\/images-na.ssl-images-amazon.com\/images\/I\/311-o2oAbRL._SS450_.jpg 450w, https:\/\/images-na.ssl-images-amazon.com\/images\/I\/311-o2oAbRL._SS1400_.jpg 1400w, https:\/\/images-na.ssl-images-amazon.com\/images\/I\/311-o2oAbRL._SS180_.jpg 180w, https:\/\/images-na.ssl-images-amazon.com\/images\/I\/311-o2oAbRL._SS600_.jpg 600w, https:\/\/images-na.ssl-images-amazon.com\/images\/I\/311-o2oAbRL._SS100_.jpg 100w\" sizes=\"(max-width: 150px) 100vw, 150px\" \/><\/a>\n\t\t\t<\/div><\/figure><figure class='gallery-item'>\n\t\t\t<div class='gallery-icon landscape'>\n\t\t\t\t<a href='https:\/\/wellenreiten-surfen.de\/?attachment_id=14172'><img width=\"150\" height=\"150\" src=\"https:\/\/images-na.ssl-images-amazon.com\/images\/I\/317IUQJXe3L._SS150_.jpg\" class=\"attachment-thumbnail size-thumbnail\" alt=\"\" decoding=\"async\" loading=\"lazy\" srcset=\"https:\/\/images-na.ssl-images-amazon.com\/images\/I\/317IUQJXe3L._SS150_.jpg 150w, https:\/\/images-na.ssl-images-amazon.com\/images\/I\/317IUQJXe3L._SS300_.jpg 300w, https:\/\/images-na.ssl-images-amazon.com\/images\/I\/317IUQJXe3L._SS768_.jpg 768w, https:\/\/images-na.ssl-images-amazon.com\/images\/I\/317IUQJXe3L._SS1024_.jpg 1024w, https:\/\/images-na.ssl-images-amazon.com\/images\/I\/317IUQJXe3L._SS1536_.jpg 1536w, https:\/\/images-na.ssl-images-amazon.com\/images\/I\/317IUQJXe3L._SS2048_.jpg 2048w, https:\/\/images-na.ssl-images-amazon.com\/images\/I\/317IUQJXe3L._SS80_.jpg 80w, https:\/\/images-na.ssl-images-amazon.com\/images\/I\/317IUQJXe3L._SS200_.jpg 200w, https:\/\/images-na.ssl-images-amazon.com\/images\/I\/317IUQJXe3L.jpg 500w, https:\/\/images-na.ssl-images-amazon.com\/images\/I\/317IUQJXe3L._SS450_.jpg 450w, https:\/\/images-na.ssl-images-amazon.com\/images\/I\/317IUQJXe3L._SS1400_.jpg 1400w, https:\/\/images-na.ssl-images-amazon.com\/images\/I\/317IUQJXe3L._SS180_.jpg 180w, https:\/\/images-na.ssl-images-amazon.com\/images\/I\/317IUQJXe3L._SS600_.jpg 600w, https:\/\/images-na.ssl-images-amazon.com\/images\/I\/317IUQJXe3L._SS100_.jpg 100w\" sizes=\"(max-width: 150px) 100vw, 150px\" \/><\/a>\n\t\t\t<\/div><\/figure><figure class='gallery-item'>\n\t\t\t<div class='gallery-icon landscape'>\n\t\t\t\t<a href='https:\/\/wellenreiten-surfen.de\/?attachment_id=14173'><img width=\"150\" height=\"150\" src=\"https:\/\/images-na.ssl-images-amazon.com\/images\/I\/314buBN7WGL._SS150_.jpg\" class=\"attachment-thumbnail size-thumbnail\" alt=\"\" decoding=\"async\" loading=\"lazy\" srcset=\"https:\/\/images-na.ssl-images-amazon.com\/images\/I\/314buBN7WGL._SS150_.jpg 150w, https:\/\/images-na.ssl-images-amazon.com\/images\/I\/314buBN7WGL._SS300_.jpg 300w, https:\/\/images-na.ssl-images-amazon.com\/images\/I\/314buBN7WGL._SS768_.jpg 768w, https:\/\/images-na.ssl-images-amazon.com\/images\/I\/314buBN7WGL._SS1024_.jpg 1024w, https:\/\/images-na.ssl-images-amazon.com\/images\/I\/314buBN7WGL._SS1536_.jpg 1536w, https:\/\/images-na.ssl-images-amazon.com\/images\/I\/314buBN7WGL._SS2048_.jpg 2048w, https:\/\/images-na.ssl-images-amazon.com\/images\/I\/314buBN7WGL._SS80_.jpg 80w, https:\/\/images-na.ssl-images-amazon.com\/images\/I\/314buBN7WGL._SS200_.jpg 200w, https:\/\/images-na.ssl-images-amazon.com\/images\/I\/314buBN7WGL.jpg 500w, https:\/\/images-na.ssl-images-amazon.com\/images\/I\/314buBN7WGL._SS450_.jpg 450w, https:\/\/images-na.ssl-images-amazon.com\/images\/I\/314buBN7WGL._SS1400_.jpg 1400w, https:\/\/images-na.ssl-images-amazon.com\/images\/I\/314buBN7WGL._SS180_.jpg 180w, https:\/\/images-na.ssl-images-amazon.com\/images\/I\/314buBN7WGL._SS600_.jpg 600w, https:\/\/images-na.ssl-images-amazon.com\/images\/I\/314buBN7WGL._SS100_.jpg 100w\" sizes=\"(max-width: 150px) 100vw, 150px\" \/><\/a>\n\t\t\t<\/div><\/figure>\n\t\t<\/div>\n<br \/>\n<!-- show up to 2 reviews by default --> <\/p>\n<p>Der Kinder Neoprenanzug von Tamino ist ein \u00e4u\u00dferst vielseitig verwendbarer Anzug. Das weiche und flexible Neopren erlaubt einerseits eine gro\u00dfe Bewegungsfreiheit und und gew\u00e4hrt gleichzeitig einen hohen K\u00e4lteschutz. Daher ist der Anzug zum Schwimmen, Schnorcheln, Surfen, Tauchen, Segeln, Kanu- und Wasserskifahrten sowie zahlreiche weitere Wassersportarten gleicherma\u00dfen geeignet.<br \/> Der robuste und selbstverst\u00e4ndlich unterlegte Rei\u00dfverschlu\u00df mit Zugband von YKK erlaubt dem Kind, den Anzug selbstst\u00e4ndig an und auszuziehen.<br \/> Der Halsabschlu\u00df ist bewu\u00dft nicht umgen\u00e4ht oder eingefa\u00dft. Dies erh\u00f6ht den Tragekomfort und erlaubt es, die Kontur des Ausschnittes ganz einfach mit einer Schere und ohne anschlie\u00dfende aufwendige N\u00e4h- oder Klebearbeiten selbst so zu modifizieren, da\u00df er f\u00fcr jedes Kind optimal angepa\u00dft werden kann.<br \/> Bei dem hohen Tragekomfort kombiniert mit dem moderen Design macht jedem Kind der Wassersport noch mehr Spa\u00df.<\/p>\n<p> Dar\u00fcber hinaus ist der Anzug einfach zu pflegen. Er kann (in einem Feinw\u00e4schenetz) bei 30\u00baC entweder mit klarem Wasser oder mit Feinwaschmittel in jeder Waschmaschine gewaschen werden. Anschlie\u00dfend l\u00e4\u00dft man ihn auf einem B\u00fcgel an einem schattigen Platz trocknen. Fertig.<\/p>\n<p> Bei der Auswahl der Gr\u00f6\u00dfe achten Sie bitte darauf, da\u00df der Anzug recht eng sitzen soll. Wenn das Wasser \u00fcberall hinein und hinaus laufen kann, ist die w\u00e4rmende Funktion des Anzuges nicht mehr gew\u00e4hrleistet. Die Gr\u00f6\u00dfenngaben aus der folgenden Tabelle entsprechen der K\u00f6rpergr\u00f6\u00dfe, NICHT der Kleidergr\u00f6\u00dfe des Kindes, da diese meist in oder zwei Nummern gr\u00f6\u00dfer ist. <\/p>\n<p>Kinder \/ US \/ K\u00f6rperl\u00e4nge \/ Alter (ca.)<\/p>\n<p>116\/122 \/ XS \/ 110 &#8211; 122cm \/ 5 &#8211; 6 Jahre<\/p>\n<p>128\/134 \/ S \/ 122 &#8211; 134cm \/ 7 &#8211; 8 Jahre<\/p>\n<p>140\/146 \/ M \/ 134 &#8211; 146cm \/ 9 &#8211; 11 Jahre<\/p>\n<p>152\/158 \/ L \/ 146 &#8211; 158cm \/ 10 &#8211; 13 Jahre<\/p>\n<\/p>\n<p>unterlegter Rei\u00dfverschlu\u00df mit Zugband von YKK<br \/>\nf\u00fcr jegliche Art von Wassersport geeignet<br \/>\nLangarm<br \/>\nVerschluss: Rei\u00dfverschluss<br \/>\nweiches 2mm Neopren<br \/>\n<div class=\"main-cross-sell\" data-asin=\"B00JWMYX32\">\n\n\t<div class=\"WooZone-cross-sell-loader\">\n\t\t<div>\n\t\t\t<div id=\"floatingBarsG\">\n\t\t\t\t<div class=\"blockG\" id=\"rotateG_01\"><\/div>\n\t\t\t\t<div class=\"blockG\" id=\"rotateG_02\"><\/div>\n\t\t\t\t<div class=\"blockG\" id=\"rotateG_03\"><\/div>\n\t\t\t\t<div class=\"blockG\" id=\"rotateG_04\"><\/div>\n\t\t\t\t<div class=\"blockG\" id=\"rotateG_05\"><\/div>\n\t\t\t\t<div class=\"blockG\" id=\"rotateG_06\"><\/div>\n\t\t\t\t<div class=\"blockG\" id=\"rotateG_07\"><\/div>\n\t\t\t\t<div class=\"blockG\" id=\"rotateG_08\"><\/div>\n\t\t\t<\/div>\n\t\t\t<div class=\"WooZone-cross-sell-loader-text\"><\/div>\n\t\t<\/div>\n\t<\/div>\n\n\t\t\n<\/div>\n<div style=\"clear:both;\"><\/div>\n","protected":false},"excerpt":{"rendered":"<p>unterlegter Rei\u00dfverschlu\u00df mit Zugband von YKK<br \/>\nf\u00fcr jegliche Art von Wassersport geeignet<br \/>\nLangarm<\/p>\n","protected":false},"featured_media":14171,"comment_status":"open","ping_status":"closed","template":"","meta":[],"product_cat":[51],"product_tag":[],"_links":{"self":[{"href":"https:\/\/wellenreiten-surfen.de\/index.php?rest_route=\/wp\/v2\/product\/14170"}],"collection":[{"href":"https:\/\/wellenreiten-surfen.de\/index.php?rest_route=\/wp\/v2\/product"}],"about":[{"href":"https:\/\/wellenreiten-surfen.de\/index.php?rest_route=\/wp\/v2\/types\/product"}],"replies":[{"embeddable":true,"href":"https:\/\/wellenreiten-surfen.de\/index.php?rest_route=%2Fwp%2Fv2%2Fcomments&post=14170"}],"wp:featuredmedia":[{"embeddable":true,"href":"https:\/\/wellenreiten-surfen.de\/index.php?rest_route=\/wp\/v2\/media\/14171"}],"wp:attachment":[{"href":"https:\/\/wellenreiten-surfen.de\/index.php?rest_route=%2Fwp%2Fv2%2Fmedia&parent=14170"}],"wp:term":[{"taxonomy":"product_cat","embeddable":true,"href":"https:\/\/wellenreiten-surfen.de\/index.php?rest_route=%2Fwp%2Fv2%2Fproduct_cat&post=14170"},{"taxonomy":"product_tag","embeddable":true,"href":"https:\/\/wellenreiten-surfen.de\/index.php?rest_route=%2Fwp%2Fv2%2Fproduct_tag&post=14170"}],"curies":[{"name":"wp","href":"https:\/\/api.w.org\/{rel}","templated":true}]}}