{"id":14193,"date":"2021-04-29T11:50:13","date_gmt":"2021-04-29T11:50:13","guid":{"rendered":"https:\/\/wellenreiten-surfen.de\/?product=scubapro-neoprenstirnband-ohrenschutzband"},"modified":"2023-04-08T23:15:13","modified_gmt":"2023-04-08T23:15:13","slug":"scubapro-neoprenstirnband-ohrenschutzband","status":"publish","type":"product","link":"https:\/\/wellenreiten-surfen.de\/?product=scubapro-neoprenstirnband-ohrenschutzband","title":{"rendered":"SCUBAPRO Neoprenstirnband &#8211; Ohrenschutzband"},"content":{"rendered":"<p><!-- show up to 2 reviews by default --> <\/p>\n<p><strong>Scubapro Ohrenschutzband &#8211; Stirnband aus Neopren<\/p>\n<p><\/strong>Super dehnbares und komfortables Kopfband von Scubapro sch\u00fctzt die Ohren vor K\u00e4lte, vor, nach oder sogar w\u00e4hrend des Tauchens. Ein kleines Loch seitlich dient zum besseren Druckausgleich. W\u00e4hrend des Tauchens wird die Wasserzirkulation dadurch reduziert und der Geh\u00f6rgang weitgehend gesch\u00fctzt. Der gr\u00f6\u00dfte W\u00e4rmeverlust im Wasser findet \u00fcber den Kopf statt, deswegen tauche und schnorchle nicht ohne ein Neoprenstirnband!<\/p>\n<p><strong>Artikeldetails:<br \/><\/strong>X-FOAM Technologie<br \/>3 mm Neopren Kopfband<br \/>Super dehnbares und komfortables Kopfband sch\u00fctzt die Ohren vor K\u00e4lte; vor, nach oder sogar w\u00e4hrend des Tauchens<br \/>der gr\u00f6\u00dfte W\u00e4rmeverlust im Wasser findet \u00fcber den Kopf statt, deswegen tauche und schnorchle nicht ohne ein Neoprenstirnband!<br \/>In den Gr\u00f6\u00dfen S\/M und L\/XL<\/p>\n<p><strong>Lieferumfang:<br \/><\/strong>Stirnband in gew\u00e4hlter Gr\u00f6\u00dfe <\/p>\n<p>Super dehnbares und komfortables Kopfband<br \/>\nsch\u00fctzt die Ohren vor K\u00e4lte; vor, nach oder sogar w\u00e4hrend des Tauchens<br \/>\n3 mm Neopren Kopfband<br \/>\nder gr\u00f6\u00dfte W\u00e4rmeverlust im Wasser findet \u00fcber den Kopf statt, deswegen tauche und schnorchle nicht ohne ein Neoprenstirnband!<br \/>\nUnisex S\/M und L\/XL<br \/>\n<div class=\"main-cross-sell\" data-asin=\"B01ASUZ0ZG\">\n\n\t<div class=\"WooZone-cross-sell-loader\">\n\t\t<div>\n\t\t\t<div id=\"floatingBarsG\">\n\t\t\t\t<div class=\"blockG\" id=\"rotateG_01\"><\/div>\n\t\t\t\t<div class=\"blockG\" id=\"rotateG_02\"><\/div>\n\t\t\t\t<div class=\"blockG\" id=\"rotateG_03\"><\/div>\n\t\t\t\t<div class=\"blockG\" id=\"rotateG_04\"><\/div>\n\t\t\t\t<div class=\"blockG\" id=\"rotateG_05\"><\/div>\n\t\t\t\t<div class=\"blockG\" id=\"rotateG_06\"><\/div>\n\t\t\t\t<div class=\"blockG\" id=\"rotateG_07\"><\/div>\n\t\t\t\t<div class=\"blockG\" id=\"rotateG_08\"><\/div>\n\t\t\t<\/div>\n\t\t\t<div class=\"WooZone-cross-sell-loader-text\"><\/div>\n\t\t<\/div>\n\t<\/div>\n\n\t\t\n<\/div>\n<div style=\"clear:both;\"><\/div>\n","protected":false},"excerpt":{"rendered":"<p>Super dehnbares und komfortables Kopfband<br \/>\nsch\u00fctzt die Ohren vor K\u00e4lte; vor, nach oder sogar w\u00e4hrend des Tauchens<br \/>\n3 mm Neopren Kopfband<\/p>\n","protected":false},"featured_media":14194,"comment_status":"open","ping_status":"closed","template":"","meta":[],"product_cat":[51],"product_tag":[],"_links":{"self":[{"href":"https:\/\/wellenreiten-surfen.de\/index.php?rest_route=\/wp\/v2\/product\/14193"}],"collection":[{"href":"https:\/\/wellenreiten-surfen.de\/index.php?rest_route=\/wp\/v2\/product"}],"about":[{"href":"https:\/\/wellenreiten-surfen.de\/index.php?rest_route=\/wp\/v2\/types\/product"}],"replies":[{"embeddable":true,"href":"https:\/\/wellenreiten-surfen.de\/index.php?rest_route=%2Fwp%2Fv2%2Fcomments&post=14193"}],"wp:featuredmedia":[{"embeddable":true,"href":"https:\/\/wellenreiten-surfen.de\/index.php?rest_route=\/wp\/v2\/media\/14194"}],"wp:attachment":[{"href":"https:\/\/wellenreiten-surfen.de\/index.php?rest_route=%2Fwp%2Fv2%2Fmedia&parent=14193"}],"wp:term":[{"taxonomy":"product_cat","embeddable":true,"href":"https:\/\/wellenreiten-surfen.de\/index.php?rest_route=%2Fwp%2Fv2%2Fproduct_cat&post=14193"},{"taxonomy":"product_tag","embeddable":true,"href":"https:\/\/wellenreiten-surfen.de\/index.php?rest_route=%2Fwp%2Fv2%2Fproduct_tag&post=14193"}],"curies":[{"name":"wp","href":"https:\/\/api.w.org\/{rel}","templated":true}]}}