{"id":14203,"date":"2021-04-29T11:50:19","date_gmt":"2021-04-29T11:50:19","guid":{"rendered":"https:\/\/wellenreiten-surfen.de\/?product=reactor-3mm-rafting-hose-verstaerkt"},"modified":"2023-04-08T23:15:13","modified_gmt":"2023-04-08T23:15:13","slug":"reactor-3mm-rafting-hose-verstaerkt","status":"publish","type":"product","link":"https:\/\/wellenreiten-surfen.de\/?product=reactor-3mm-rafting-hose-verstaerkt","title":{"rendered":"Reactor 3mm Rafting Hose verst\u00e4rkt"},"content":{"rendered":"<div id='gallery-1' class='gallery galleryid-14203 gallery-columns-3 gallery-size-thumbnail'><figure class='gallery-item'>\n\t\t\t<div class='gallery-icon landscape'>\n\t\t\t\t<a href='https:\/\/wellenreiten-surfen.de\/?attachment_id=14204'><img width=\"150\" height=\"150\" src=\"https:\/\/images-na.ssl-images-amazon.com\/images\/I\/31Cxj-RsxlL._SS150_.jpg\" class=\"attachment-thumbnail size-thumbnail\" alt=\"\" decoding=\"async\" loading=\"lazy\" srcset=\"https:\/\/images-na.ssl-images-amazon.com\/images\/I\/31Cxj-RsxlL._SS150_.jpg 150w, https:\/\/images-na.ssl-images-amazon.com\/images\/I\/31Cxj-RsxlL._SS300_.jpg 300w, https:\/\/images-na.ssl-images-amazon.com\/images\/I\/31Cxj-RsxlL._SS768_.jpg 768w, https:\/\/images-na.ssl-images-amazon.com\/images\/I\/31Cxj-RsxlL._SS1024_.jpg 1024w, https:\/\/images-na.ssl-images-amazon.com\/images\/I\/31Cxj-RsxlL._SS1536_.jpg 1536w, https:\/\/images-na.ssl-images-amazon.com\/images\/I\/31Cxj-RsxlL._SS2048_.jpg 2048w, https:\/\/images-na.ssl-images-amazon.com\/images\/I\/31Cxj-RsxlL._SS80_.jpg 80w, https:\/\/images-na.ssl-images-amazon.com\/images\/I\/31Cxj-RsxlL._SS200_.jpg 200w, https:\/\/images-na.ssl-images-amazon.com\/images\/I\/31Cxj-RsxlL.jpg 500w, https:\/\/images-na.ssl-images-amazon.com\/images\/I\/31Cxj-RsxlL._SS450_.jpg 450w, https:\/\/images-na.ssl-images-amazon.com\/images\/I\/31Cxj-RsxlL._SS1400_.jpg 1400w, https:\/\/images-na.ssl-images-amazon.com\/images\/I\/31Cxj-RsxlL._SS180_.jpg 180w, https:\/\/images-na.ssl-images-amazon.com\/images\/I\/31Cxj-RsxlL._SS600_.jpg 600w, https:\/\/images-na.ssl-images-amazon.com\/images\/I\/31Cxj-RsxlL._SS100_.jpg 100w\" sizes=\"(max-width: 150px) 100vw, 150px\" \/><\/a>\n\t\t\t<\/div><\/figure><figure class='gallery-item'>\n\t\t\t<div class='gallery-icon landscape'>\n\t\t\t\t<a href='https:\/\/wellenreiten-surfen.de\/?attachment_id=14205'><img width=\"150\" height=\"150\" src=\"https:\/\/images-na.ssl-images-amazon.com\/images\/I\/31gqscHiSYL._SS150_.jpg\" class=\"attachment-thumbnail size-thumbnail\" alt=\"\" decoding=\"async\" loading=\"lazy\" srcset=\"https:\/\/images-na.ssl-images-amazon.com\/images\/I\/31gqscHiSYL._SS150_.jpg 150w, https:\/\/images-na.ssl-images-amazon.com\/images\/I\/31gqscHiSYL._SS300_.jpg 300w, https:\/\/images-na.ssl-images-amazon.com\/images\/I\/31gqscHiSYL._SS768_.jpg 768w, https:\/\/images-na.ssl-images-amazon.com\/images\/I\/31gqscHiSYL._SS1024_.jpg 1024w, https:\/\/images-na.ssl-images-amazon.com\/images\/I\/31gqscHiSYL._SS1536_.jpg 1536w, https:\/\/images-na.ssl-images-amazon.com\/images\/I\/31gqscHiSYL._SS2048_.jpg 2048w, https:\/\/images-na.ssl-images-amazon.com\/images\/I\/31gqscHiSYL._SS80_.jpg 80w, https:\/\/images-na.ssl-images-amazon.com\/images\/I\/31gqscHiSYL._SS200_.jpg 200w, https:\/\/images-na.ssl-images-amazon.com\/images\/I\/31gqscHiSYL.jpg 500w, https:\/\/images-na.ssl-images-amazon.com\/images\/I\/31gqscHiSYL._SS450_.jpg 450w, https:\/\/images-na.ssl-images-amazon.com\/images\/I\/31gqscHiSYL._SS1400_.jpg 1400w, https:\/\/images-na.ssl-images-amazon.com\/images\/I\/31gqscHiSYL._SS180_.jpg 180w, https:\/\/images-na.ssl-images-amazon.com\/images\/I\/31gqscHiSYL._SS600_.jpg 600w, https:\/\/images-na.ssl-images-amazon.com\/images\/I\/31gqscHiSYL._SS100_.jpg 100w\" sizes=\"(max-width: 150px) 100vw, 150px\" \/><\/a>\n\t\t\t<\/div><\/figure><figure class='gallery-item'>\n\t\t\t<div class='gallery-icon landscape'>\n\t\t\t\t<a href='https:\/\/wellenreiten-surfen.de\/?attachment_id=14206'><img width=\"150\" height=\"150\" src=\"https:\/\/images-na.ssl-images-amazon.com\/images\/I\/31qX0Vnl41L._SS150_.jpg\" class=\"attachment-thumbnail size-thumbnail\" alt=\"\" decoding=\"async\" loading=\"lazy\" srcset=\"https:\/\/images-na.ssl-images-amazon.com\/images\/I\/31qX0Vnl41L._SS150_.jpg 150w, https:\/\/images-na.ssl-images-amazon.com\/images\/I\/31qX0Vnl41L._SS300_.jpg 300w, https:\/\/images-na.ssl-images-amazon.com\/images\/I\/31qX0Vnl41L._SS768_.jpg 768w, https:\/\/images-na.ssl-images-amazon.com\/images\/I\/31qX0Vnl41L._SS1024_.jpg 1024w, https:\/\/images-na.ssl-images-amazon.com\/images\/I\/31qX0Vnl41L._SS1536_.jpg 1536w, https:\/\/images-na.ssl-images-amazon.com\/images\/I\/31qX0Vnl41L._SS2048_.jpg 2048w, https:\/\/images-na.ssl-images-amazon.com\/images\/I\/31qX0Vnl41L._SS80_.jpg 80w, https:\/\/images-na.ssl-images-amazon.com\/images\/I\/31qX0Vnl41L._SS200_.jpg 200w, https:\/\/images-na.ssl-images-amazon.com\/images\/I\/31qX0Vnl41L.jpg 500w, https:\/\/images-na.ssl-images-amazon.com\/images\/I\/31qX0Vnl41L._SS450_.jpg 450w, https:\/\/images-na.ssl-images-amazon.com\/images\/I\/31qX0Vnl41L._SS1400_.jpg 1400w, https:\/\/images-na.ssl-images-amazon.com\/images\/I\/31qX0Vnl41L._SS180_.jpg 180w, https:\/\/images-na.ssl-images-amazon.com\/images\/I\/31qX0Vnl41L._SS600_.jpg 600w, https:\/\/images-na.ssl-images-amazon.com\/images\/I\/31qX0Vnl41L._SS100_.jpg 100w\" sizes=\"(max-width: 150px) 100vw, 150px\" \/><\/a>\n\t\t\t<\/div><\/figure>\n\t\t<\/div>\n<br \/>\n<!-- show up to 2 reviews by default --> <\/p>\n<p>Diese Kajakhose besticht durch ihre hohe Funktionalit\u00e4t. Das 2mm SCR-Neopren garantiert einerseits eine hohe Flexibilit\u00e4t und Bewegungsfreiheit und gleichzeitig ausreichenden K\u00e4lteschutz. Damit ist sie sowohl f\u00fcr kalte Au\u00dfen- wie auch Wassertemperaturen ideal geeignet. Der Sitzbereich ist aus 3mm Neopren und verst\u00e4rkt mit besonders abriebfestem Strong-Pad Nylon. Dies erh\u00f6ht sowohl den Komfort wie auch die Lebensdauer der Hose. Dar\u00fcber hinaus verhindert die spezielle Flachnaht-Verarbeitung Druckstellen und Scheuern. Weitere Besonderheiten sind die \u00e4u\u00dferst praktischen Knie- und Schienbeinschoner sowie die Titan-beschichteten Glatthautmanschetten an den Beinen, die jegliches Eindringen von Wasser verhindern. <\/p>\n<p>2mm SCR-Neopren f\u00fcr viel Bewegungsfreiheit<br \/>\nGeeignet f\u00fcr kalte Wasser- und Aussentemperaturen<br \/>\n3mm Neopren mit Strong-Pad-Nylon kaschiert im Sitzbereich f\u00fcr mehr Komfort und l\u00e4ngere Lebensdauer<br \/>\nTitan-beschichtete Abschl\u00fcsse an den Beinen verhindern das Eindringen von Wasser<br \/>\nbei der Gr\u00f6\u00dfenwahl richten Sie sich bitte nach der Gr\u00f6\u00dfentabelle (zu finden unter den Produktbildern)<br \/>\n<div class=\"main-cross-sell\" data-asin=\"B00PVYE9HK\">\n\n\t<div class=\"WooZone-cross-sell-loader\">\n\t\t<div>\n\t\t\t<div id=\"floatingBarsG\">\n\t\t\t\t<div class=\"blockG\" id=\"rotateG_01\"><\/div>\n\t\t\t\t<div class=\"blockG\" id=\"rotateG_02\"><\/div>\n\t\t\t\t<div class=\"blockG\" id=\"rotateG_03\"><\/div>\n\t\t\t\t<div class=\"blockG\" id=\"rotateG_04\"><\/div>\n\t\t\t\t<div class=\"blockG\" id=\"rotateG_05\"><\/div>\n\t\t\t\t<div class=\"blockG\" id=\"rotateG_06\"><\/div>\n\t\t\t\t<div class=\"blockG\" id=\"rotateG_07\"><\/div>\n\t\t\t\t<div class=\"blockG\" id=\"rotateG_08\"><\/div>\n\t\t\t<\/div>\n\t\t\t<div class=\"WooZone-cross-sell-loader-text\"><\/div>\n\t\t<\/div>\n\t<\/div>\n\n\t\t\n<\/div>\n<div style=\"clear:both;\"><\/div>\n","protected":false},"excerpt":{"rendered":"<p>2mm SCR-Neopren f\u00fcr viel Bewegungsfreiheit<br \/>\nGeeignet f\u00fcr kalte Wasser- und Aussentemperaturen<br \/>\n3mm Neopren mit Strong-Pad-Nylon kaschiert im Sitzbereich f\u00fcr mehr Komfort und l\u00e4ngere Lebensdauer<\/p>\n","protected":false},"featured_media":14204,"comment_status":"open","ping_status":"closed","template":"","meta":[],"product_cat":[51],"product_tag":[],"_links":{"self":[{"href":"https:\/\/wellenreiten-surfen.de\/index.php?rest_route=\/wp\/v2\/product\/14203"}],"collection":[{"href":"https:\/\/wellenreiten-surfen.de\/index.php?rest_route=\/wp\/v2\/product"}],"about":[{"href":"https:\/\/wellenreiten-surfen.de\/index.php?rest_route=\/wp\/v2\/types\/product"}],"replies":[{"embeddable":true,"href":"https:\/\/wellenreiten-surfen.de\/index.php?rest_route=%2Fwp%2Fv2%2Fcomments&post=14203"}],"wp:featuredmedia":[{"embeddable":true,"href":"https:\/\/wellenreiten-surfen.de\/index.php?rest_route=\/wp\/v2\/media\/14204"}],"wp:attachment":[{"href":"https:\/\/wellenreiten-surfen.de\/index.php?rest_route=%2Fwp%2Fv2%2Fmedia&parent=14203"}],"wp:term":[{"taxonomy":"product_cat","embeddable":true,"href":"https:\/\/wellenreiten-surfen.de\/index.php?rest_route=%2Fwp%2Fv2%2Fproduct_cat&post=14203"},{"taxonomy":"product_tag","embeddable":true,"href":"https:\/\/wellenreiten-surfen.de\/index.php?rest_route=%2Fwp%2Fv2%2Fproduct_tag&post=14203"}],"curies":[{"name":"wp","href":"https:\/\/api.w.org\/{rel}","templated":true}]}}