{"id":14223,"date":"2021-04-29T11:53:43","date_gmt":"2021-04-29T11:53:43","guid":{"rendered":"https:\/\/wellenreiten-surfen.de\/?product=pi-pe-damen-neoprenanzug-pure-long-3mm"},"modified":"2023-04-08T23:15:13","modified_gmt":"2023-04-08T23:15:13","slug":"pi-pe-damen-neoprenanzug-pure-long-3mm","status":"publish","type":"product","link":"https:\/\/wellenreiten-surfen.de\/?product=pi-pe-damen-neoprenanzug-pure-long-3mm","title":{"rendered":"PI-PE Damen Neoprenanzug Pure Long 3mm"},"content":{"rendered":"<div id='gallery-1' class='gallery galleryid-14223 gallery-columns-3 gallery-size-thumbnail'><figure class='gallery-item'>\n\t\t\t<div class='gallery-icon landscape'>\n\t\t\t\t<a href='https:\/\/wellenreiten-surfen.de\/?attachment_id=14224'><img width=\"150\" height=\"150\" src=\"https:\/\/images-na.ssl-images-amazon.com\/images\/I\/31-bcAniu3L._SS150_.jpg\" class=\"attachment-thumbnail size-thumbnail\" alt=\"\" decoding=\"async\" loading=\"lazy\" srcset=\"https:\/\/images-na.ssl-images-amazon.com\/images\/I\/31-bcAniu3L._SS150_.jpg 150w, https:\/\/images-na.ssl-images-amazon.com\/images\/I\/31-bcAniu3L._SS300_.jpg 300w, https:\/\/images-na.ssl-images-amazon.com\/images\/I\/31-bcAniu3L._SS768_.jpg 768w, https:\/\/images-na.ssl-images-amazon.com\/images\/I\/31-bcAniu3L._SS1024_.jpg 1024w, https:\/\/images-na.ssl-images-amazon.com\/images\/I\/31-bcAniu3L._SS1536_.jpg 1536w, https:\/\/images-na.ssl-images-amazon.com\/images\/I\/31-bcAniu3L._SS2048_.jpg 2048w, https:\/\/images-na.ssl-images-amazon.com\/images\/I\/31-bcAniu3L._SS80_.jpg 80w, https:\/\/images-na.ssl-images-amazon.com\/images\/I\/31-bcAniu3L._SS200_.jpg 200w, https:\/\/images-na.ssl-images-amazon.com\/images\/I\/31-bcAniu3L.jpg 500w, https:\/\/images-na.ssl-images-amazon.com\/images\/I\/31-bcAniu3L._SS450_.jpg 450w, https:\/\/images-na.ssl-images-amazon.com\/images\/I\/31-bcAniu3L._SS1400_.jpg 1400w, https:\/\/images-na.ssl-images-amazon.com\/images\/I\/31-bcAniu3L._SS180_.jpg 180w, https:\/\/images-na.ssl-images-amazon.com\/images\/I\/31-bcAniu3L._SS600_.jpg 600w, https:\/\/images-na.ssl-images-amazon.com\/images\/I\/31-bcAniu3L._SS100_.jpg 100w\" sizes=\"(max-width: 150px) 100vw, 150px\" \/><\/a>\n\t\t\t<\/div><\/figure><figure class='gallery-item'>\n\t\t\t<div class='gallery-icon landscape'>\n\t\t\t\t<a href='https:\/\/wellenreiten-surfen.de\/?attachment_id=14225'><img width=\"150\" height=\"150\" src=\"https:\/\/images-na.ssl-images-amazon.com\/images\/I\/31zUl9Oer7L._SS150_.jpg\" class=\"attachment-thumbnail size-thumbnail\" alt=\"\" decoding=\"async\" loading=\"lazy\" srcset=\"https:\/\/images-na.ssl-images-amazon.com\/images\/I\/31zUl9Oer7L._SS150_.jpg 150w, https:\/\/images-na.ssl-images-amazon.com\/images\/I\/31zUl9Oer7L._SS300_.jpg 300w, https:\/\/images-na.ssl-images-amazon.com\/images\/I\/31zUl9Oer7L._SS768_.jpg 768w, https:\/\/images-na.ssl-images-amazon.com\/images\/I\/31zUl9Oer7L._SS1024_.jpg 1024w, https:\/\/images-na.ssl-images-amazon.com\/images\/I\/31zUl9Oer7L._SS1536_.jpg 1536w, https:\/\/images-na.ssl-images-amazon.com\/images\/I\/31zUl9Oer7L._SS2048_.jpg 2048w, https:\/\/images-na.ssl-images-amazon.com\/images\/I\/31zUl9Oer7L._SS80_.jpg 80w, https:\/\/images-na.ssl-images-amazon.com\/images\/I\/31zUl9Oer7L._SS200_.jpg 200w, https:\/\/images-na.ssl-images-amazon.com\/images\/I\/31zUl9Oer7L.jpg 500w, https:\/\/images-na.ssl-images-amazon.com\/images\/I\/31zUl9Oer7L._SS450_.jpg 450w, https:\/\/images-na.ssl-images-amazon.com\/images\/I\/31zUl9Oer7L._SS1400_.jpg 1400w, https:\/\/images-na.ssl-images-amazon.com\/images\/I\/31zUl9Oer7L._SS180_.jpg 180w, https:\/\/images-na.ssl-images-amazon.com\/images\/I\/31zUl9Oer7L._SS600_.jpg 600w, https:\/\/images-na.ssl-images-amazon.com\/images\/I\/31zUl9Oer7L._SS100_.jpg 100w\" sizes=\"(max-width: 150px) 100vw, 150px\" \/><\/a>\n\t\t\t<\/div><\/figure><figure class='gallery-item'>\n\t\t\t<div class='gallery-icon landscape'>\n\t\t\t\t<a href='https:\/\/wellenreiten-surfen.de\/?attachment_id=14226'><img width=\"150\" height=\"150\" src=\"https:\/\/images-na.ssl-images-amazon.com\/images\/I\/31zUwqTBvvL._SS150_.jpg\" class=\"attachment-thumbnail size-thumbnail\" alt=\"\" decoding=\"async\" loading=\"lazy\" srcset=\"https:\/\/images-na.ssl-images-amazon.com\/images\/I\/31zUwqTBvvL._SS150_.jpg 150w, https:\/\/images-na.ssl-images-amazon.com\/images\/I\/31zUwqTBvvL._SS300_.jpg 300w, https:\/\/images-na.ssl-images-amazon.com\/images\/I\/31zUwqTBvvL._SS768_.jpg 768w, https:\/\/images-na.ssl-images-amazon.com\/images\/I\/31zUwqTBvvL._SS1024_.jpg 1024w, https:\/\/images-na.ssl-images-amazon.com\/images\/I\/31zUwqTBvvL._SS1536_.jpg 1536w, https:\/\/images-na.ssl-images-amazon.com\/images\/I\/31zUwqTBvvL._SS2048_.jpg 2048w, https:\/\/images-na.ssl-images-amazon.com\/images\/I\/31zUwqTBvvL._SS80_.jpg 80w, https:\/\/images-na.ssl-images-amazon.com\/images\/I\/31zUwqTBvvL._SS200_.jpg 200w, https:\/\/images-na.ssl-images-amazon.com\/images\/I\/31zUwqTBvvL.jpg 500w, https:\/\/images-na.ssl-images-amazon.com\/images\/I\/31zUwqTBvvL._SS450_.jpg 450w, https:\/\/images-na.ssl-images-amazon.com\/images\/I\/31zUwqTBvvL._SS1400_.jpg 1400w, https:\/\/images-na.ssl-images-amazon.com\/images\/I\/31zUwqTBvvL._SS180_.jpg 180w, https:\/\/images-na.ssl-images-amazon.com\/images\/I\/31zUwqTBvvL._SS600_.jpg 600w, https:\/\/images-na.ssl-images-amazon.com\/images\/I\/31zUwqTBvvL._SS100_.jpg 100w\" sizes=\"(max-width: 150px) 100vw, 150px\" \/><\/a>\n\t\t\t<\/div><\/figure>\n\t\t<\/div>\n<br \/>\n<!-- show up to 2 reviews by default --> <\/p>\n<p>Die PI-PE Neopren-Long sind der ideale Allround-Neoprenanzug f\u00fcr Einsteiger und Fortgeschrittene. Ihr Material vereint Stabilit\u00e4t und Flexibilit\u00e4t im Wasser. Optimierte N\u00e4hte sorgen bei diesem Neoprenanzug f\u00fcr einen hohen Tragekomfort bei gleichzeitig hoher Belastbarkeit. Das Material ist dehnbar und passt sich perfekt an den eigenen K\u00f6rper an. So sind Bewegungen in alle Richtungen bequem m\u00f6glich. Die wasserabweisende Oberfl\u00e4che des Neoprenanzugs sorgt f\u00fcr Auftrieb und damit f\u00fcr kraftsparendes Fortbewegen im Wasser. <\/p>\n<p>PI-PE Neoprenanz\u00fcge: Allround-Neoprenanzug<br \/>\nVereint Stabilit\u00e4t und Flexibilit\u00e4t + Hoher Tragekomfort<br \/>\n80% Polychloropren, 20% Polyamid<br \/>\nPure Long<br \/>\nModellnummer: PNP-4-P<br \/>\nF\u00fcr Einsteiger und Fortgeschrittene<br \/>\nNeoprendicke 3mm<br \/>\nEigenschaften: Material: 80 % Neopren &amp; 20 % Nylon<br \/>\n<div class=\"main-cross-sell\" data-asin=\"B00K5MPKNA\">\n\n\t<div class=\"WooZone-cross-sell-loader\">\n\t\t<div>\n\t\t\t<div id=\"floatingBarsG\">\n\t\t\t\t<div class=\"blockG\" id=\"rotateG_01\"><\/div>\n\t\t\t\t<div class=\"blockG\" id=\"rotateG_02\"><\/div>\n\t\t\t\t<div class=\"blockG\" id=\"rotateG_03\"><\/div>\n\t\t\t\t<div class=\"blockG\" id=\"rotateG_04\"><\/div>\n\t\t\t\t<div class=\"blockG\" id=\"rotateG_05\"><\/div>\n\t\t\t\t<div class=\"blockG\" id=\"rotateG_06\"><\/div>\n\t\t\t\t<div class=\"blockG\" id=\"rotateG_07\"><\/div>\n\t\t\t\t<div class=\"blockG\" id=\"rotateG_08\"><\/div>\n\t\t\t<\/div>\n\t\t\t<div class=\"WooZone-cross-sell-loader-text\"><\/div>\n\t\t<\/div>\n\t<\/div>\n\n\t\t\n<\/div>\n<div style=\"clear:both;\"><\/div>\n","protected":false},"excerpt":{"rendered":"<p>PI-PE Neoprenanz\u00fcge: Allround-Neoprenanzug<br \/>\nVereint Stabilit\u00e4t und Flexibilit\u00e4t + Hoher Tragekomfort<br \/>\n80% Polychloropren, 20% Polyamid<\/p>\n","protected":false},"featured_media":14224,"comment_status":"open","ping_status":"closed","template":"","meta":[],"product_cat":[51],"product_tag":[],"_links":{"self":[{"href":"https:\/\/wellenreiten-surfen.de\/index.php?rest_route=\/wp\/v2\/product\/14223"}],"collection":[{"href":"https:\/\/wellenreiten-surfen.de\/index.php?rest_route=\/wp\/v2\/product"}],"about":[{"href":"https:\/\/wellenreiten-surfen.de\/index.php?rest_route=\/wp\/v2\/types\/product"}],"replies":[{"embeddable":true,"href":"https:\/\/wellenreiten-surfen.de\/index.php?rest_route=%2Fwp%2Fv2%2Fcomments&post=14223"}],"wp:featuredmedia":[{"embeddable":true,"href":"https:\/\/wellenreiten-surfen.de\/index.php?rest_route=\/wp\/v2\/media\/14224"}],"wp:attachment":[{"href":"https:\/\/wellenreiten-surfen.de\/index.php?rest_route=%2Fwp%2Fv2%2Fmedia&parent=14223"}],"wp:term":[{"taxonomy":"product_cat","embeddable":true,"href":"https:\/\/wellenreiten-surfen.de\/index.php?rest_route=%2Fwp%2Fv2%2Fproduct_cat&post=14223"},{"taxonomy":"product_tag","embeddable":true,"href":"https:\/\/wellenreiten-surfen.de\/index.php?rest_route=%2Fwp%2Fv2%2Fproduct_tag&post=14223"}],"curies":[{"name":"wp","href":"https:\/\/api.w.org\/{rel}","templated":true}]}}