{"id":14235,"date":"2021-04-29T11:53:46","date_gmt":"2021-04-29T11:53:46","guid":{"rendered":"https:\/\/wellenreiten-surfen.de\/?product=scubatec-5mm-nassanzug-mit-front-zip"},"modified":"2023-04-08T23:15:13","modified_gmt":"2023-04-08T23:15:13","slug":"scubatec-5mm-nassanzug-mit-front-zip","status":"publish","type":"product","link":"https:\/\/wellenreiten-surfen.de\/?product=scubatec-5mm-nassanzug-mit-front-zip","title":{"rendered":"Scubatec 5mm Na\u00dfanzug mit Front-Zip"},"content":{"rendered":"<div id='gallery-1' class='gallery galleryid-14235 gallery-columns-3 gallery-size-thumbnail'><figure class='gallery-item'>\n\t\t\t<div class='gallery-icon landscape'>\n\t\t\t\t<a href='https:\/\/wellenreiten-surfen.de\/?attachment_id=14236'><img width=\"150\" height=\"150\" src=\"https:\/\/images-na.ssl-images-amazon.com\/images\/I\/313N-KWbvXL._SS150_.jpg\" class=\"attachment-thumbnail size-thumbnail\" alt=\"\" decoding=\"async\" loading=\"lazy\" srcset=\"https:\/\/images-na.ssl-images-amazon.com\/images\/I\/313N-KWbvXL._SS150_.jpg 150w, https:\/\/images-na.ssl-images-amazon.com\/images\/I\/313N-KWbvXL._SS300_.jpg 300w, https:\/\/images-na.ssl-images-amazon.com\/images\/I\/313N-KWbvXL._SS768_.jpg 768w, https:\/\/images-na.ssl-images-amazon.com\/images\/I\/313N-KWbvXL._SS1024_.jpg 1024w, https:\/\/images-na.ssl-images-amazon.com\/images\/I\/313N-KWbvXL._SS1536_.jpg 1536w, https:\/\/images-na.ssl-images-amazon.com\/images\/I\/313N-KWbvXL._SS2048_.jpg 2048w, https:\/\/images-na.ssl-images-amazon.com\/images\/I\/313N-KWbvXL._SS80_.jpg 80w, https:\/\/images-na.ssl-images-amazon.com\/images\/I\/313N-KWbvXL._SS200_.jpg 200w, https:\/\/images-na.ssl-images-amazon.com\/images\/I\/313N-KWbvXL.jpg 500w, https:\/\/images-na.ssl-images-amazon.com\/images\/I\/313N-KWbvXL._SS450_.jpg 450w, https:\/\/images-na.ssl-images-amazon.com\/images\/I\/313N-KWbvXL._SS1400_.jpg 1400w, https:\/\/images-na.ssl-images-amazon.com\/images\/I\/313N-KWbvXL._SS180_.jpg 180w, https:\/\/images-na.ssl-images-amazon.com\/images\/I\/313N-KWbvXL._SS600_.jpg 600w, https:\/\/images-na.ssl-images-amazon.com\/images\/I\/313N-KWbvXL._SS100_.jpg 100w\" sizes=\"(max-width: 150px) 100vw, 150px\" \/><\/a>\n\t\t\t<\/div><\/figure><figure class='gallery-item'>\n\t\t\t<div class='gallery-icon landscape'>\n\t\t\t\t<a href='https:\/\/wellenreiten-surfen.de\/?attachment_id=14237'><img width=\"150\" height=\"150\" src=\"https:\/\/images-na.ssl-images-amazon.com\/images\/I\/41vvtr0GUsL._SS150_.jpg\" class=\"attachment-thumbnail size-thumbnail\" alt=\"\" decoding=\"async\" loading=\"lazy\" srcset=\"https:\/\/images-na.ssl-images-amazon.com\/images\/I\/41vvtr0GUsL._SS150_.jpg 150w, https:\/\/images-na.ssl-images-amazon.com\/images\/I\/41vvtr0GUsL._SS300_.jpg 300w, https:\/\/images-na.ssl-images-amazon.com\/images\/I\/41vvtr0GUsL._SS768_.jpg 768w, https:\/\/images-na.ssl-images-amazon.com\/images\/I\/41vvtr0GUsL._SS1024_.jpg 1024w, https:\/\/images-na.ssl-images-amazon.com\/images\/I\/41vvtr0GUsL._SS1536_.jpg 1536w, https:\/\/images-na.ssl-images-amazon.com\/images\/I\/41vvtr0GUsL._SS2048_.jpg 2048w, https:\/\/images-na.ssl-images-amazon.com\/images\/I\/41vvtr0GUsL._SS80_.jpg 80w, https:\/\/images-na.ssl-images-amazon.com\/images\/I\/41vvtr0GUsL._SS200_.jpg 200w, https:\/\/images-na.ssl-images-amazon.com\/images\/I\/41vvtr0GUsL.jpg 500w, https:\/\/images-na.ssl-images-amazon.com\/images\/I\/41vvtr0GUsL._SS450_.jpg 450w, https:\/\/images-na.ssl-images-amazon.com\/images\/I\/41vvtr0GUsL._SS1400_.jpg 1400w, https:\/\/images-na.ssl-images-amazon.com\/images\/I\/41vvtr0GUsL._SS180_.jpg 180w, https:\/\/images-na.ssl-images-amazon.com\/images\/I\/41vvtr0GUsL._SS600_.jpg 600w, https:\/\/images-na.ssl-images-amazon.com\/images\/I\/41vvtr0GUsL._SS100_.jpg 100w\" sizes=\"(max-width: 150px) 100vw, 150px\" \/><\/a>\n\t\t\t<\/div><\/figure><figure class='gallery-item'>\n\t\t\t<div class='gallery-icon landscape'>\n\t\t\t\t<a href='https:\/\/wellenreiten-surfen.de\/?attachment_id=14238'><img width=\"150\" height=\"150\" src=\"https:\/\/images-na.ssl-images-amazon.com\/images\/I\/51AKiJuWPmL._SS150_.jpg\" class=\"attachment-thumbnail size-thumbnail\" alt=\"\" decoding=\"async\" loading=\"lazy\" srcset=\"https:\/\/images-na.ssl-images-amazon.com\/images\/I\/51AKiJuWPmL._SS150_.jpg 150w, https:\/\/images-na.ssl-images-amazon.com\/images\/I\/51AKiJuWPmL._SS300_.jpg 300w, https:\/\/images-na.ssl-images-amazon.com\/images\/I\/51AKiJuWPmL._SS768_.jpg 768w, https:\/\/images-na.ssl-images-amazon.com\/images\/I\/51AKiJuWPmL._SS1024_.jpg 1024w, https:\/\/images-na.ssl-images-amazon.com\/images\/I\/51AKiJuWPmL._SS1536_.jpg 1536w, https:\/\/images-na.ssl-images-amazon.com\/images\/I\/51AKiJuWPmL._SS2048_.jpg 2048w, https:\/\/images-na.ssl-images-amazon.com\/images\/I\/51AKiJuWPmL._SS80_.jpg 80w, https:\/\/images-na.ssl-images-amazon.com\/images\/I\/51AKiJuWPmL._SS200_.jpg 200w, https:\/\/images-na.ssl-images-amazon.com\/images\/I\/51AKiJuWPmL.jpg 500w, https:\/\/images-na.ssl-images-amazon.com\/images\/I\/51AKiJuWPmL._SS450_.jpg 450w, https:\/\/images-na.ssl-images-amazon.com\/images\/I\/51AKiJuWPmL._SS1400_.jpg 1400w, https:\/\/images-na.ssl-images-amazon.com\/images\/I\/51AKiJuWPmL._SS180_.jpg 180w, https:\/\/images-na.ssl-images-amazon.com\/images\/I\/51AKiJuWPmL._SS600_.jpg 600w, https:\/\/images-na.ssl-images-amazon.com\/images\/I\/51AKiJuWPmL._SS100_.jpg 100w\" sizes=\"(max-width: 150px) 100vw, 150px\" \/><\/a>\n\t\t\t<\/div><\/figure>\n\t\t<\/div>\n<br \/>\n<!-- show up to 2 reviews by default --> <\/p>\n<p>Dieser 5mm Neoprenanzug von Scubatec hat eines der besten Preis-Leistungs-Verh\u00e4ltnisse im Neoprenbereich. Das weiche und flexible Neopren garantiert hohe Flexibilit\u00e4t und Bewegungsfreiheit bei gleichzeitige hohem K\u00e4lteschutz. Damit ist er f\u00fcr viele Wassersportarten bestens geeignet. Bedingt durch das aus zahlreichen Einzelteilen bestehende Design pa\u00dft sich dieser Anzug perfekt den K\u00f6rperkonturen an, was Faltenbildung minimiert und sich damit nahezu kein Wasser im Anzug ansammeln kann, das dem K\u00f6rper W\u00e4rme entzieht. Dar\u00fcber hinaus verhindert das dreifach-verklebete Blindstich-Verfahren das Eindringen von Wasser an den N\u00e4hten und erh\u00f6ht damit noch einmal den Isolationsfaktor. Besonders angenehm ist der Frontrei\u00dfverschlu\u00df, der das An- und Ausziehen wesentlich erleichtert, wozu auch die Arm und Beinrei\u00dfverschl\u00fcsse noch beitragen. Dar\u00fcber hinaus ist der Anzug mit extrem abriebfesten 3D Knie- und Schienbeinschonern ausgestattet. <\/p>\n<p>besonders gutes Preis-Leistungs-Verh\u00e4ltnis<br \/>\n5mm Neopren<br \/>\nsehr ergonomischer Schnitt<br \/>\nFront-Zip f\u00fcr leichtes an- und ausziehen<br \/>\nbei der Gr\u00f6\u00dfenwahl richten Sie sich bitte nach der Gr\u00f6\u00dfentabelle (zu finden unter den Produktbildern)<br \/>\n<div class=\"main-cross-sell\" data-asin=\"B00PVYBFUO\">\n\n\t<div class=\"WooZone-cross-sell-loader\">\n\t\t<div>\n\t\t\t<div id=\"floatingBarsG\">\n\t\t\t\t<div class=\"blockG\" id=\"rotateG_01\"><\/div>\n\t\t\t\t<div class=\"blockG\" id=\"rotateG_02\"><\/div>\n\t\t\t\t<div class=\"blockG\" id=\"rotateG_03\"><\/div>\n\t\t\t\t<div class=\"blockG\" id=\"rotateG_04\"><\/div>\n\t\t\t\t<div class=\"blockG\" id=\"rotateG_05\"><\/div>\n\t\t\t\t<div class=\"blockG\" id=\"rotateG_06\"><\/div>\n\t\t\t\t<div class=\"blockG\" id=\"rotateG_07\"><\/div>\n\t\t\t\t<div class=\"blockG\" id=\"rotateG_08\"><\/div>\n\t\t\t<\/div>\n\t\t\t<div class=\"WooZone-cross-sell-loader-text\"><\/div>\n\t\t<\/div>\n\t<\/div>\n\n\t\t\n<\/div>\n<div style=\"clear:both;\"><\/div>\n","protected":false},"excerpt":{"rendered":"<p>besonders gutes Preis-Leistungs-Verh\u00e4ltnis<br \/>\n5mm Neopren<br \/>\nsehr ergonomischer Schnitt<\/p>\n","protected":false},"featured_media":14236,"comment_status":"open","ping_status":"closed","template":"","meta":[],"product_cat":[51],"product_tag":[],"_links":{"self":[{"href":"https:\/\/wellenreiten-surfen.de\/index.php?rest_route=\/wp\/v2\/product\/14235"}],"collection":[{"href":"https:\/\/wellenreiten-surfen.de\/index.php?rest_route=\/wp\/v2\/product"}],"about":[{"href":"https:\/\/wellenreiten-surfen.de\/index.php?rest_route=\/wp\/v2\/types\/product"}],"replies":[{"embeddable":true,"href":"https:\/\/wellenreiten-surfen.de\/index.php?rest_route=%2Fwp%2Fv2%2Fcomments&post=14235"}],"wp:featuredmedia":[{"embeddable":true,"href":"https:\/\/wellenreiten-surfen.de\/index.php?rest_route=\/wp\/v2\/media\/14236"}],"wp:attachment":[{"href":"https:\/\/wellenreiten-surfen.de\/index.php?rest_route=%2Fwp%2Fv2%2Fmedia&parent=14235"}],"wp:term":[{"taxonomy":"product_cat","embeddable":true,"href":"https:\/\/wellenreiten-surfen.de\/index.php?rest_route=%2Fwp%2Fv2%2Fproduct_cat&post=14235"},{"taxonomy":"product_tag","embeddable":true,"href":"https:\/\/wellenreiten-surfen.de\/index.php?rest_route=%2Fwp%2Fv2%2Fproduct_tag&post=14235"}],"curies":[{"name":"wp","href":"https:\/\/api.w.org\/{rel}","templated":true}]}}