{"id":14298,"date":"2021-04-29T11:54:15","date_gmt":"2021-04-29T11:54:15","guid":{"rendered":"https:\/\/wellenreiten-surfen.de\/?product=cressi-damen-med-x-lady-shorty-neoprenanzug"},"modified":"2023-04-08T23:15:14","modified_gmt":"2023-04-08T23:15:14","slug":"cressi-damen-med-x-lady-shorty-neoprenanzug","status":"publish","type":"product","link":"https:\/\/wellenreiten-surfen.de\/?product=cressi-damen-med-x-lady-shorty-neoprenanzug","title":{"rendered":"Cressi Med X Lady Shorty 2.5mm &#8211; Damen Neopren Shorty Neoprenanzug 2.5 mm"},"content":{"rendered":"<div id='gallery-1' class='gallery galleryid-14298 gallery-columns-3 gallery-size-thumbnail'><figure class='gallery-item'>\n\t\t\t<div class='gallery-icon landscape'>\n\t\t\t\t<a href='https:\/\/wellenreiten-surfen.de\/?attachment_id=14299'><img width=\"150\" height=\"150\" src=\"https:\/\/images-na.ssl-images-amazon.com\/images\/I\/31mVj7hELYL._SS150_.jpg\" class=\"attachment-thumbnail size-thumbnail\" alt=\"\" decoding=\"async\" loading=\"lazy\" srcset=\"https:\/\/images-na.ssl-images-amazon.com\/images\/I\/31mVj7hELYL._SS150_.jpg 150w, https:\/\/images-na.ssl-images-amazon.com\/images\/I\/31mVj7hELYL._SS300_.jpg 300w, https:\/\/images-na.ssl-images-amazon.com\/images\/I\/31mVj7hELYL._SS768_.jpg 768w, https:\/\/images-na.ssl-images-amazon.com\/images\/I\/31mVj7hELYL._SS1024_.jpg 1024w, https:\/\/images-na.ssl-images-amazon.com\/images\/I\/31mVj7hELYL._SS1536_.jpg 1536w, https:\/\/images-na.ssl-images-amazon.com\/images\/I\/31mVj7hELYL._SS2048_.jpg 2048w, https:\/\/images-na.ssl-images-amazon.com\/images\/I\/31mVj7hELYL._SS80_.jpg 80w, https:\/\/images-na.ssl-images-amazon.com\/images\/I\/31mVj7hELYL._SS200_.jpg 200w, https:\/\/images-na.ssl-images-amazon.com\/images\/I\/31mVj7hELYL.jpg 500w, https:\/\/images-na.ssl-images-amazon.com\/images\/I\/31mVj7hELYL._SS450_.jpg 450w, https:\/\/images-na.ssl-images-amazon.com\/images\/I\/31mVj7hELYL._SS1400_.jpg 1400w, https:\/\/images-na.ssl-images-amazon.com\/images\/I\/31mVj7hELYL._SS180_.jpg 180w, https:\/\/images-na.ssl-images-amazon.com\/images\/I\/31mVj7hELYL._SS600_.jpg 600w, https:\/\/images-na.ssl-images-amazon.com\/images\/I\/31mVj7hELYL._SS100_.jpg 100w\" sizes=\"(max-width: 150px) 100vw, 150px\" \/><\/a>\n\t\t\t<\/div><\/figure><figure class='gallery-item'>\n\t\t\t<div class='gallery-icon landscape'>\n\t\t\t\t<a href='https:\/\/wellenreiten-surfen.de\/?attachment_id=14300'><img width=\"150\" height=\"150\" src=\"https:\/\/images-na.ssl-images-amazon.com\/images\/I\/31ccLdHUJ5L._SS150_.jpg\" class=\"attachment-thumbnail size-thumbnail\" alt=\"\" decoding=\"async\" loading=\"lazy\" srcset=\"https:\/\/images-na.ssl-images-amazon.com\/images\/I\/31ccLdHUJ5L._SS150_.jpg 150w, https:\/\/images-na.ssl-images-amazon.com\/images\/I\/31ccLdHUJ5L._SS300_.jpg 300w, https:\/\/images-na.ssl-images-amazon.com\/images\/I\/31ccLdHUJ5L._SS768_.jpg 768w, https:\/\/images-na.ssl-images-amazon.com\/images\/I\/31ccLdHUJ5L._SS1024_.jpg 1024w, https:\/\/images-na.ssl-images-amazon.com\/images\/I\/31ccLdHUJ5L._SS1536_.jpg 1536w, https:\/\/images-na.ssl-images-amazon.com\/images\/I\/31ccLdHUJ5L._SS2048_.jpg 2048w, https:\/\/images-na.ssl-images-amazon.com\/images\/I\/31ccLdHUJ5L._SS80_.jpg 80w, https:\/\/images-na.ssl-images-amazon.com\/images\/I\/31ccLdHUJ5L._SS200_.jpg 200w, https:\/\/images-na.ssl-images-amazon.com\/images\/I\/31ccLdHUJ5L.jpg 500w, https:\/\/images-na.ssl-images-amazon.com\/images\/I\/31ccLdHUJ5L._SS450_.jpg 450w, https:\/\/images-na.ssl-images-amazon.com\/images\/I\/31ccLdHUJ5L._SS1400_.jpg 1400w, https:\/\/images-na.ssl-images-amazon.com\/images\/I\/31ccLdHUJ5L._SS180_.jpg 180w, https:\/\/images-na.ssl-images-amazon.com\/images\/I\/31ccLdHUJ5L._SS600_.jpg 600w, https:\/\/images-na.ssl-images-amazon.com\/images\/I\/31ccLdHUJ5L._SS100_.jpg 100w\" sizes=\"(max-width: 150px) 100vw, 150px\" \/><\/a>\n\t\t\t<\/div><\/figure><figure class='gallery-item'>\n\t\t\t<div class='gallery-icon landscape'>\n\t\t\t\t<a href='https:\/\/wellenreiten-surfen.de\/?attachment_id=14301'><img width=\"150\" height=\"150\" src=\"https:\/\/images-na.ssl-images-amazon.com\/images\/I\/51qLhllWOaL._SS150_.jpg\" class=\"attachment-thumbnail size-thumbnail\" alt=\"\" decoding=\"async\" loading=\"lazy\" srcset=\"https:\/\/images-na.ssl-images-amazon.com\/images\/I\/51qLhllWOaL._SS150_.jpg 150w, https:\/\/images-na.ssl-images-amazon.com\/images\/I\/51qLhllWOaL._SS300_.jpg 300w, https:\/\/images-na.ssl-images-amazon.com\/images\/I\/51qLhllWOaL._SS768_.jpg 768w, https:\/\/images-na.ssl-images-amazon.com\/images\/I\/51qLhllWOaL._SS1024_.jpg 1024w, https:\/\/images-na.ssl-images-amazon.com\/images\/I\/51qLhllWOaL._SS1536_.jpg 1536w, https:\/\/images-na.ssl-images-amazon.com\/images\/I\/51qLhllWOaL._SS2048_.jpg 2048w, https:\/\/images-na.ssl-images-amazon.com\/images\/I\/51qLhllWOaL._SS80_.jpg 80w, https:\/\/images-na.ssl-images-amazon.com\/images\/I\/51qLhllWOaL._SS200_.jpg 200w, https:\/\/images-na.ssl-images-amazon.com\/images\/I\/51qLhllWOaL.jpg 500w, https:\/\/images-na.ssl-images-amazon.com\/images\/I\/51qLhllWOaL._SS450_.jpg 450w, https:\/\/images-na.ssl-images-amazon.com\/images\/I\/51qLhllWOaL._SS1400_.jpg 1400w, https:\/\/images-na.ssl-images-amazon.com\/images\/I\/51qLhllWOaL._SS180_.jpg 180w, https:\/\/images-na.ssl-images-amazon.com\/images\/I\/51qLhllWOaL._SS600_.jpg 600w, https:\/\/images-na.ssl-images-amazon.com\/images\/I\/51qLhllWOaL._SS100_.jpg 100w\" sizes=\"(max-width: 150px) 100vw, 150px\" \/><\/a>\n\t\t\t<\/div><\/figure>\n\t\t<\/div>\n<br \/>\n<!-- show up to 2 reviews by default --> <\/p>\n<p>Ist ein Shorty-Tauchanzug mit kurzen \u00c4rmeln und Hosenbeinen aus doppelt abgef\u00fcttertem Neopren mit 2, 5 mm St\u00e4rke, perfekt zum Schnorcheln, Schwimmen, in tropischen Meeren und f\u00fcr s\u00e4mtliche Wassersportarten. R\u00fcckseitiger YKK 8 Pitch-Zip mit Klettverschluss. Der Brustbereich besteht aus glattem Neopren, um eine h\u00f6here Elastizit\u00e4t zu ren. Eins\u00e4tze aus glattem Neopren auch auf B\u00fcndchen und Beinen, um das Eindringen von Wasser auf ein Mindestma\u00df zu beschr\u00e4nken. <\/p>\n<p>2,5 mm Dicke<br \/>\nR\u00fcckenrei\u00dfverschluss<br \/>\nEinstellbarer Kragen mit Klettverschluss<br \/>\nAuch in Kindergr\u00f6\u00dfen verf\u00fcgbar<br \/>\nBack Zip<br \/>\n<div class=\"main-cross-sell\" data-asin=\"B00STFEA5Y\">\n\n\t<div class=\"WooZone-cross-sell-loader\">\n\t\t<div>\n\t\t\t<div id=\"floatingBarsG\">\n\t\t\t\t<div class=\"blockG\" id=\"rotateG_01\"><\/div>\n\t\t\t\t<div class=\"blockG\" id=\"rotateG_02\"><\/div>\n\t\t\t\t<div class=\"blockG\" id=\"rotateG_03\"><\/div>\n\t\t\t\t<div class=\"blockG\" id=\"rotateG_04\"><\/div>\n\t\t\t\t<div class=\"blockG\" id=\"rotateG_05\"><\/div>\n\t\t\t\t<div class=\"blockG\" id=\"rotateG_06\"><\/div>\n\t\t\t\t<div class=\"blockG\" id=\"rotateG_07\"><\/div>\n\t\t\t\t<div class=\"blockG\" id=\"rotateG_08\"><\/div>\n\t\t\t<\/div>\n\t\t\t<div class=\"WooZone-cross-sell-loader-text\"><\/div>\n\t\t<\/div>\n\t<\/div>\n\n\t\t\n<\/div>\n<div style=\"clear:both;\"><\/div>\n","protected":false},"excerpt":{"rendered":"<p>2,5 mm Dicke<br \/>\nR\u00fcckenrei\u00dfverschluss<br \/>\nEinstellbarer Kragen mit Klettverschluss<\/p>\n","protected":false},"featured_media":14299,"comment_status":"open","ping_status":"closed","template":"","meta":[],"product_cat":[51],"product_tag":[],"_links":{"self":[{"href":"https:\/\/wellenreiten-surfen.de\/index.php?rest_route=\/wp\/v2\/product\/14298"}],"collection":[{"href":"https:\/\/wellenreiten-surfen.de\/index.php?rest_route=\/wp\/v2\/product"}],"about":[{"href":"https:\/\/wellenreiten-surfen.de\/index.php?rest_route=\/wp\/v2\/types\/product"}],"replies":[{"embeddable":true,"href":"https:\/\/wellenreiten-surfen.de\/index.php?rest_route=%2Fwp%2Fv2%2Fcomments&post=14298"}],"wp:featuredmedia":[{"embeddable":true,"href":"https:\/\/wellenreiten-surfen.de\/index.php?rest_route=\/wp\/v2\/media\/14299"}],"wp:attachment":[{"href":"https:\/\/wellenreiten-surfen.de\/index.php?rest_route=%2Fwp%2Fv2%2Fmedia&parent=14298"}],"wp:term":[{"taxonomy":"product_cat","embeddable":true,"href":"https:\/\/wellenreiten-surfen.de\/index.php?rest_route=%2Fwp%2Fv2%2Fproduct_cat&post=14298"},{"taxonomy":"product_tag","embeddable":true,"href":"https:\/\/wellenreiten-surfen.de\/index.php?rest_route=%2Fwp%2Fv2%2Fproduct_tag&post=14298"}],"curies":[{"name":"wp","href":"https:\/\/api.w.org\/{rel}","templated":true}]}}