{"id":14302,"date":"2021-04-29T11:54:17","date_gmt":"2021-04-29T11:54:17","guid":{"rendered":"https:\/\/wellenreiten-surfen.de\/?product=cressi-morea-herren-neoprenanzug-3mm-fuer-alle-wassersportarten"},"modified":"2023-04-08T23:15:14","modified_gmt":"2023-04-08T23:15:14","slug":"cressi-morea-herren-neoprenanzug-3mm-fuer-alle-wassersportarten","status":"publish","type":"product","link":"https:\/\/wellenreiten-surfen.de\/?product=cressi-morea-herren-neoprenanzug-3mm-fuer-alle-wassersportarten","title":{"rendered":"Cressi Morea Herren &#8211; Neoprenanzug 3mm f\u00fcr alle Wassersportarten"},"content":{"rendered":"<div id='gallery-1' class='gallery galleryid-14302 gallery-columns-3 gallery-size-thumbnail'><figure class='gallery-item'>\n\t\t\t<div class='gallery-icon landscape'>\n\t\t\t\t<a href='https:\/\/wellenreiten-surfen.de\/?attachment_id=14303'><img width=\"150\" height=\"150\" src=\"https:\/\/images-na.ssl-images-amazon.com\/images\/I\/31eirmX2M%2BL._SS150_.jpg\" class=\"attachment-thumbnail size-thumbnail\" alt=\"\" decoding=\"async\" loading=\"lazy\" srcset=\"https:\/\/images-na.ssl-images-amazon.com\/images\/I\/31eirmX2M%2BL._SS150_.jpg 150w, https:\/\/images-na.ssl-images-amazon.com\/images\/I\/31eirmX2M%2BL._SS300_.jpg 300w, https:\/\/images-na.ssl-images-amazon.com\/images\/I\/31eirmX2M%2BL._SS768_.jpg 768w, https:\/\/images-na.ssl-images-amazon.com\/images\/I\/31eirmX2M%2BL._SS1024_.jpg 1024w, https:\/\/images-na.ssl-images-amazon.com\/images\/I\/31eirmX2M%2BL._SS1536_.jpg 1536w, https:\/\/images-na.ssl-images-amazon.com\/images\/I\/31eirmX2M%2BL._SS2048_.jpg 2048w, https:\/\/images-na.ssl-images-amazon.com\/images\/I\/31eirmX2M%2BL._SS80_.jpg 80w, https:\/\/images-na.ssl-images-amazon.com\/images\/I\/31eirmX2M%2BL._SS200_.jpg 200w, https:\/\/images-na.ssl-images-amazon.com\/images\/I\/31eirmX2M%2BL.jpg 500w, https:\/\/images-na.ssl-images-amazon.com\/images\/I\/31eirmX2M%2BL._SS450_.jpg 450w, https:\/\/images-na.ssl-images-amazon.com\/images\/I\/31eirmX2M%2BL._SS1400_.jpg 1400w, https:\/\/images-na.ssl-images-amazon.com\/images\/I\/31eirmX2M%2BL._SS180_.jpg 180w, https:\/\/images-na.ssl-images-amazon.com\/images\/I\/31eirmX2M%2BL._SS600_.jpg 600w, https:\/\/images-na.ssl-images-amazon.com\/images\/I\/31eirmX2M%2BL._SS100_.jpg 100w\" sizes=\"(max-width: 150px) 100vw, 150px\" \/><\/a>\n\t\t\t<\/div><\/figure><figure class='gallery-item'>\n\t\t\t<div class='gallery-icon landscape'>\n\t\t\t\t<a href='https:\/\/wellenreiten-surfen.de\/?attachment_id=14304'><img width=\"150\" height=\"150\" src=\"https:\/\/images-na.ssl-images-amazon.com\/images\/I\/31WVJzHHxCL._SS150_.jpg\" class=\"attachment-thumbnail size-thumbnail\" alt=\"\" decoding=\"async\" loading=\"lazy\" srcset=\"https:\/\/images-na.ssl-images-amazon.com\/images\/I\/31WVJzHHxCL._SS150_.jpg 150w, https:\/\/images-na.ssl-images-amazon.com\/images\/I\/31WVJzHHxCL._SS300_.jpg 300w, https:\/\/images-na.ssl-images-amazon.com\/images\/I\/31WVJzHHxCL._SS768_.jpg 768w, https:\/\/images-na.ssl-images-amazon.com\/images\/I\/31WVJzHHxCL._SS1024_.jpg 1024w, https:\/\/images-na.ssl-images-amazon.com\/images\/I\/31WVJzHHxCL._SS1536_.jpg 1536w, https:\/\/images-na.ssl-images-amazon.com\/images\/I\/31WVJzHHxCL._SS2048_.jpg 2048w, https:\/\/images-na.ssl-images-amazon.com\/images\/I\/31WVJzHHxCL._SS80_.jpg 80w, https:\/\/images-na.ssl-images-amazon.com\/images\/I\/31WVJzHHxCL._SS200_.jpg 200w, https:\/\/images-na.ssl-images-amazon.com\/images\/I\/31WVJzHHxCL.jpg 500w, https:\/\/images-na.ssl-images-amazon.com\/images\/I\/31WVJzHHxCL._SS450_.jpg 450w, https:\/\/images-na.ssl-images-amazon.com\/images\/I\/31WVJzHHxCL._SS1400_.jpg 1400w, https:\/\/images-na.ssl-images-amazon.com\/images\/I\/31WVJzHHxCL._SS180_.jpg 180w, https:\/\/images-na.ssl-images-amazon.com\/images\/I\/31WVJzHHxCL._SS600_.jpg 600w, https:\/\/images-na.ssl-images-amazon.com\/images\/I\/31WVJzHHxCL._SS100_.jpg 100w\" sizes=\"(max-width: 150px) 100vw, 150px\" \/><\/a>\n\t\t\t<\/div><\/figure><figure class='gallery-item'>\n\t\t\t<div class='gallery-icon landscape'>\n\t\t\t\t<a href='https:\/\/wellenreiten-surfen.de\/?attachment_id=14305'><img width=\"150\" height=\"150\" src=\"https:\/\/images-na.ssl-images-amazon.com\/images\/I\/31kx9kCA55L._SS150_.jpg\" class=\"attachment-thumbnail size-thumbnail\" alt=\"\" decoding=\"async\" loading=\"lazy\" srcset=\"https:\/\/images-na.ssl-images-amazon.com\/images\/I\/31kx9kCA55L._SS150_.jpg 150w, https:\/\/images-na.ssl-images-amazon.com\/images\/I\/31kx9kCA55L._SS300_.jpg 300w, https:\/\/images-na.ssl-images-amazon.com\/images\/I\/31kx9kCA55L._SS768_.jpg 768w, https:\/\/images-na.ssl-images-amazon.com\/images\/I\/31kx9kCA55L._SS1024_.jpg 1024w, https:\/\/images-na.ssl-images-amazon.com\/images\/I\/31kx9kCA55L._SS1536_.jpg 1536w, https:\/\/images-na.ssl-images-amazon.com\/images\/I\/31kx9kCA55L._SS2048_.jpg 2048w, https:\/\/images-na.ssl-images-amazon.com\/images\/I\/31kx9kCA55L._SS80_.jpg 80w, https:\/\/images-na.ssl-images-amazon.com\/images\/I\/31kx9kCA55L._SS200_.jpg 200w, https:\/\/images-na.ssl-images-amazon.com\/images\/I\/31kx9kCA55L.jpg 500w, https:\/\/images-na.ssl-images-amazon.com\/images\/I\/31kx9kCA55L._SS450_.jpg 450w, https:\/\/images-na.ssl-images-amazon.com\/images\/I\/31kx9kCA55L._SS1400_.jpg 1400w, https:\/\/images-na.ssl-images-amazon.com\/images\/I\/31kx9kCA55L._SS180_.jpg 180w, https:\/\/images-na.ssl-images-amazon.com\/images\/I\/31kx9kCA55L._SS600_.jpg 600w, https:\/\/images-na.ssl-images-amazon.com\/images\/I\/31kx9kCA55L._SS100_.jpg 100w\" sizes=\"(max-width: 150px) 100vw, 150px\" \/><\/a>\n\t\t\t<\/div><\/figure>\n\t\t<\/div>\n<br \/>\n<!-- show up to 2 reviews by default --> <\/p>\n<p>Der perfekte Anzug f\u00fcr Tauchg\u00e4nge in tropischen Gew\u00e4ssern Er bietet einen hervorragenden Schutz gegen Abrieb, w\u00e4hrend er gleichzeitig den thermischen Schutz bietet, der f\u00fcr das Frei- und Ger\u00e4tetauchen erforderlich ist. Er ist zudem ein ausgezeichneter Schutzanzug f\u00fcr jeden Wassersport <\/p>\n<p>Kombiniertes Au\u00dfenfutter aus Nylon mit Ultraspan in den Gelenkbereichen. Dieses Gewebe kombiniert eine hohe Verschlei\u00dfbest\u00e4ndigkeit mit starker Elastizit\u00e4t und einem weichen Griff<br \/>\nBrustbereich aus glattem Neopren, au\u00dfen gepr\u00e4gt. Verbessert die Hydrodynamik, die Elastizit\u00e4t und gew\u00e4hrleistet schnelles Trocknen, wenn der Anzug au\u00dferhalb des Wassers im Wind f\u00fcr den Wassersport, wie Wasserski, Segeln oder Surfen getragen wird<br \/>\nDie Schnittf\u00fchrung \u201eAnatomic Shape\u201c sorgt f\u00fcr einen korrekten Sitz des Kragens in Bezug auf die Brust von 120\u00ba und verhindert Druckstellen in diesem Bereich<br \/>\nFlatlockn\u00e4hte mit nicht scheuerndem Garn<br \/>\nBein- und \u00c4rmelabschl\u00fcsse mit Overlock-S\u00e4umen, einfach, kosteng\u00fcnstig und zuverl\u00e4ssig<br \/>\n<div class=\"main-cross-sell\" data-asin=\"B00STFDMUS\">\n\n\t<div class=\"WooZone-cross-sell-loader\">\n\t\t<div>\n\t\t\t<div id=\"floatingBarsG\">\n\t\t\t\t<div class=\"blockG\" id=\"rotateG_01\"><\/div>\n\t\t\t\t<div class=\"blockG\" id=\"rotateG_02\"><\/div>\n\t\t\t\t<div class=\"blockG\" id=\"rotateG_03\"><\/div>\n\t\t\t\t<div class=\"blockG\" id=\"rotateG_04\"><\/div>\n\t\t\t\t<div class=\"blockG\" id=\"rotateG_05\"><\/div>\n\t\t\t\t<div class=\"blockG\" id=\"rotateG_06\"><\/div>\n\t\t\t\t<div class=\"blockG\" id=\"rotateG_07\"><\/div>\n\t\t\t\t<div class=\"blockG\" id=\"rotateG_08\"><\/div>\n\t\t\t<\/div>\n\t\t\t<div class=\"WooZone-cross-sell-loader-text\"><\/div>\n\t\t<\/div>\n\t<\/div>\n\n\t\t\n<\/div>\n<div style=\"clear:both;\"><\/div>\n","protected":false},"excerpt":{"rendered":"<p>Kombiniertes Au\u00dfenfutter aus Nylon mit Ultraspan in den Gelenkbereichen. Dieses Gewebe kombiniert eine hohe Verschlei\u00dfbest\u00e4ndigkeit mit starker Elastizit\u00e4t und einem weichen Griff<br \/>\nBrustbereich aus glattem Neopren, au\u00dfen gepr\u00e4gt. Verbessert die Hydrodynamik, die Elastizit\u00e4t und gew\u00e4hrleistet schnelles Trocknen, wenn der Anzug au\u00dferhalb des Wassers im Wind f\u00fcr den Wassersport, wie Wasserski, Segeln oder Surfen getragen wird<br \/>\nDie Schnittf\u00fchrung \u201eAnatomic Shape\u201c sorgt f\u00fcr einen korrekten Sitz des Kragens in Bezug auf die Brust von 120\u00ba und verhindert Druckstellen in diesem Bereich<\/p>\n","protected":false},"featured_media":14303,"comment_status":"open","ping_status":"closed","template":"","meta":[],"product_cat":[51],"product_tag":[],"_links":{"self":[{"href":"https:\/\/wellenreiten-surfen.de\/index.php?rest_route=\/wp\/v2\/product\/14302"}],"collection":[{"href":"https:\/\/wellenreiten-surfen.de\/index.php?rest_route=\/wp\/v2\/product"}],"about":[{"href":"https:\/\/wellenreiten-surfen.de\/index.php?rest_route=\/wp\/v2\/types\/product"}],"replies":[{"embeddable":true,"href":"https:\/\/wellenreiten-surfen.de\/index.php?rest_route=%2Fwp%2Fv2%2Fcomments&post=14302"}],"wp:featuredmedia":[{"embeddable":true,"href":"https:\/\/wellenreiten-surfen.de\/index.php?rest_route=\/wp\/v2\/media\/14303"}],"wp:attachment":[{"href":"https:\/\/wellenreiten-surfen.de\/index.php?rest_route=%2Fwp%2Fv2%2Fmedia&parent=14302"}],"wp:term":[{"taxonomy":"product_cat","embeddable":true,"href":"https:\/\/wellenreiten-surfen.de\/index.php?rest_route=%2Fwp%2Fv2%2Fproduct_cat&post=14302"},{"taxonomy":"product_tag","embeddable":true,"href":"https:\/\/wellenreiten-surfen.de\/index.php?rest_route=%2Fwp%2Fv2%2Fproduct_tag&post=14302"}],"curies":[{"name":"wp","href":"https:\/\/api.w.org\/{rel}","templated":true}]}}