{"id":14360,"date":"2021-04-29T11:59:09","date_gmt":"2021-04-29T11:59:09","guid":{"rendered":"https:\/\/wellenreiten-surfen.de\/?product=spadehill-damen-uv-sonnenschutz-kurzarm-rashguard-halber-reissverschluss-rashguard"},"modified":"2023-04-08T23:15:15","modified_gmt":"2023-04-08T23:15:15","slug":"spadehill-damen-uv-sonnenschutz-kurzarm-rashguard-halber-reissverschluss-rashguard","status":"publish","type":"product","link":"https:\/\/wellenreiten-surfen.de\/?product=spadehill-damen-uv-sonnenschutz-kurzarm-rashguard-halber-reissverschluss-rashguard","title":{"rendered":"Spadehill Damen UV-Sonnenschutz Kurzarm Rashguard Half Zipper Rashguard"},"content":{"rendered":"<div id='gallery-1' class='gallery galleryid-14360 gallery-columns-3 gallery-size-thumbnail'><figure class='gallery-item'>\n\t\t\t<div class='gallery-icon landscape'>\n\t\t\t\t<a href='https:\/\/wellenreiten-surfen.de\/?attachment_id=14361'><img width=\"150\" height=\"150\" src=\"https:\/\/images-na.ssl-images-amazon.com\/images\/I\/41ZCGQGY6lL._SS150_.jpg\" class=\"attachment-thumbnail size-thumbnail\" alt=\"\" decoding=\"async\" loading=\"lazy\" srcset=\"https:\/\/images-na.ssl-images-amazon.com\/images\/I\/41ZCGQGY6lL._SS150_.jpg 150w, https:\/\/images-na.ssl-images-amazon.com\/images\/I\/41ZCGQGY6lL._SS300_.jpg 300w, https:\/\/images-na.ssl-images-amazon.com\/images\/I\/41ZCGQGY6lL._SS768_.jpg 768w, https:\/\/images-na.ssl-images-amazon.com\/images\/I\/41ZCGQGY6lL._SS1024_.jpg 1024w, https:\/\/images-na.ssl-images-amazon.com\/images\/I\/41ZCGQGY6lL._SS1536_.jpg 1536w, https:\/\/images-na.ssl-images-amazon.com\/images\/I\/41ZCGQGY6lL._SS2048_.jpg 2048w, https:\/\/images-na.ssl-images-amazon.com\/images\/I\/41ZCGQGY6lL._SS80_.jpg 80w, https:\/\/images-na.ssl-images-amazon.com\/images\/I\/41ZCGQGY6lL._SS200_.jpg 200w, https:\/\/images-na.ssl-images-amazon.com\/images\/I\/41ZCGQGY6lL.jpg 500w, https:\/\/images-na.ssl-images-amazon.com\/images\/I\/41ZCGQGY6lL._SS450_.jpg 450w, https:\/\/images-na.ssl-images-amazon.com\/images\/I\/41ZCGQGY6lL._SS1400_.jpg 1400w, https:\/\/images-na.ssl-images-amazon.com\/images\/I\/41ZCGQGY6lL._SS180_.jpg 180w, https:\/\/images-na.ssl-images-amazon.com\/images\/I\/41ZCGQGY6lL._SS600_.jpg 600w, https:\/\/images-na.ssl-images-amazon.com\/images\/I\/41ZCGQGY6lL._SS100_.jpg 100w\" sizes=\"(max-width: 150px) 100vw, 150px\" \/><\/a>\n\t\t\t<\/div><\/figure><figure class='gallery-item'>\n\t\t\t<div class='gallery-icon landscape'>\n\t\t\t\t<a href='https:\/\/wellenreiten-surfen.de\/?attachment_id=14362'><img width=\"150\" height=\"150\" src=\"https:\/\/images-na.ssl-images-amazon.com\/images\/I\/41fV2u8EY3L._SS150_.jpg\" class=\"attachment-thumbnail size-thumbnail\" alt=\"\" decoding=\"async\" loading=\"lazy\" srcset=\"https:\/\/images-na.ssl-images-amazon.com\/images\/I\/41fV2u8EY3L._SS150_.jpg 150w, https:\/\/images-na.ssl-images-amazon.com\/images\/I\/41fV2u8EY3L._SS300_.jpg 300w, https:\/\/images-na.ssl-images-amazon.com\/images\/I\/41fV2u8EY3L._SS768_.jpg 768w, https:\/\/images-na.ssl-images-amazon.com\/images\/I\/41fV2u8EY3L._SS1024_.jpg 1024w, https:\/\/images-na.ssl-images-amazon.com\/images\/I\/41fV2u8EY3L._SS1536_.jpg 1536w, https:\/\/images-na.ssl-images-amazon.com\/images\/I\/41fV2u8EY3L._SS2048_.jpg 2048w, https:\/\/images-na.ssl-images-amazon.com\/images\/I\/41fV2u8EY3L._SS80_.jpg 80w, https:\/\/images-na.ssl-images-amazon.com\/images\/I\/41fV2u8EY3L._SS200_.jpg 200w, https:\/\/images-na.ssl-images-amazon.com\/images\/I\/41fV2u8EY3L.jpg 500w, https:\/\/images-na.ssl-images-amazon.com\/images\/I\/41fV2u8EY3L._SS450_.jpg 450w, https:\/\/images-na.ssl-images-amazon.com\/images\/I\/41fV2u8EY3L._SS1400_.jpg 1400w, https:\/\/images-na.ssl-images-amazon.com\/images\/I\/41fV2u8EY3L._SS180_.jpg 180w, https:\/\/images-na.ssl-images-amazon.com\/images\/I\/41fV2u8EY3L._SS600_.jpg 600w, https:\/\/images-na.ssl-images-amazon.com\/images\/I\/41fV2u8EY3L._SS100_.jpg 100w\" sizes=\"(max-width: 150px) 100vw, 150px\" \/><\/a>\n\t\t\t<\/div><\/figure><figure class='gallery-item'>\n\t\t\t<div class='gallery-icon landscape'>\n\t\t\t\t<a href='https:\/\/wellenreiten-surfen.de\/?attachment_id=14363'><img width=\"150\" height=\"150\" src=\"https:\/\/images-na.ssl-images-amazon.com\/images\/I\/41EFH8dfSkL._SS150_.jpg\" class=\"attachment-thumbnail size-thumbnail\" alt=\"\" decoding=\"async\" loading=\"lazy\" srcset=\"https:\/\/images-na.ssl-images-amazon.com\/images\/I\/41EFH8dfSkL._SS150_.jpg 150w, https:\/\/images-na.ssl-images-amazon.com\/images\/I\/41EFH8dfSkL._SS300_.jpg 300w, https:\/\/images-na.ssl-images-amazon.com\/images\/I\/41EFH8dfSkL._SS768_.jpg 768w, https:\/\/images-na.ssl-images-amazon.com\/images\/I\/41EFH8dfSkL._SS1024_.jpg 1024w, https:\/\/images-na.ssl-images-amazon.com\/images\/I\/41EFH8dfSkL._SS1536_.jpg 1536w, https:\/\/images-na.ssl-images-amazon.com\/images\/I\/41EFH8dfSkL._SS2048_.jpg 2048w, https:\/\/images-na.ssl-images-amazon.com\/images\/I\/41EFH8dfSkL._SS80_.jpg 80w, https:\/\/images-na.ssl-images-amazon.com\/images\/I\/41EFH8dfSkL._SS200_.jpg 200w, https:\/\/images-na.ssl-images-amazon.com\/images\/I\/41EFH8dfSkL.jpg 500w, https:\/\/images-na.ssl-images-amazon.com\/images\/I\/41EFH8dfSkL._SS450_.jpg 450w, https:\/\/images-na.ssl-images-amazon.com\/images\/I\/41EFH8dfSkL._SS1400_.jpg 1400w, https:\/\/images-na.ssl-images-amazon.com\/images\/I\/41EFH8dfSkL._SS180_.jpg 180w, https:\/\/images-na.ssl-images-amazon.com\/images\/I\/41EFH8dfSkL._SS600_.jpg 600w, https:\/\/images-na.ssl-images-amazon.com\/images\/I\/41EFH8dfSkL._SS100_.jpg 100w\" sizes=\"(max-width: 150px) 100vw, 150px\" \/><\/a>\n\t\t\t<\/div><\/figure>\n\t\t<\/div>\n<br \/>\n<!-- show up to 2 reviews by default --> <\/p>\n<p>Spadehill Damen Rashguard Sonnenschutz Shirt UPF 50+ <\/p>\n<p>Material: 84 % Polyester, 16 % Elastan. <br \/>Anlass: Schwimmen, Surfen, Schnorcheln, Sonnenschutz, Yoga, Urlaub. <br \/>Lieferumfang: 1 x Oberteil, andere Accessoires sind nicht im Lieferumfang enthalten. <\/p>\n<p>Gr\u00f6\u00dfenleitfaden: <\/p>\n<p>S US(4-6) Brustumfang: 33.0 &#8222;L\u00e4nge: 30.0&#8220; L\u00e4nge: 30.0 &#8222;\u00c4rmell\u00e4nge: 3.0&#8220; <br \/>M US(8-10) Brustumfang: 36.0 &#8222;, L\u00e4nge: 30.5 &#8222;, L\u00e4nge: 30.5 &#8222;, \u00c4rmell\u00e4nge: 3.5 &#8220; <br \/>L US(12-14) B\u00fcste:38.5&#8243; L\u00e4nge:31.5&#8243; \u00c4rmell\u00e4nge:4.0&#8243; <br \/>XL US(16-18) Brust 41.0 &#8222;L\u00e4nge 32.0&#8220; L\u00e4nge 32.0 &#8222;\u00c4rmell\u00e4nge 4.0&#8220; <br \/>2XL US(18-20) Brust 44.0 &#8222;L\u00e4nge 33.0&#8220; L\u00e4nge 33.0 &#8222;\u00c4rmell\u00e4nge 5.0&#8220; <\/p>\n<p>Produktdetails: <\/p>\n<p>UPF 50+ Sonnenschutz. <br \/>Half-Zip Neck, Side Ruching, Short Sleeve <br \/>Verstellbare Seite mit R\u00fcschen f\u00fcr ideale L\u00e4nge. <br \/>Feuchtigkeitsableitendes Material h\u00e4lt Sie trocken und bequem an Land <br \/>Schnell trocknendes, leichtes und dehnbares Material gibt Ihnen viel Bewegungsfreiheit. <\/p>\n<p>100% Zufriedenheitsgarantie. <br \/>Wenn Sie Fragen haben, z\u00f6gern Sie bitte nicht, Kundenfragen und Antworten zu hinterlassen. <\/p>\n<p>Pflegehinweise: <\/p>\n<p>Separat in kaltem Wasser waschen und chemisch reinigen. <br \/>2. Nicht bleichen. Im Trockner bei niedriger Temperatur trocknen oder auf der Leine trocknen oder chemisch reinigen. <\/p>\n<p>Warnung: <br \/>Die Fotos von Modellen aus unserem Shop Spadehill sind Original Bekleidung. <br \/>Fotos ohne Genehmigung verletzen die Rechte des Rechteinhabers. <\/p>\n<p>Seitlicher Rashguard \u2013 entworfen mit kurzen \u00c4rmeln, Front-Viertelrei\u00dfverschluss, UPF 50+ Sonnenschutzgewebe und verstellbarer Seite mit R\u00fcschen f\u00fcr ideale L\u00e4nge.<br \/>\nGr\u00f6\u00dfenrichtlinie \u2013 S (US 4-6), M (US 8-10), L (US 12-14), XL (US 16-18), 2XL (US 18-20). Details siehe Gr\u00f6\u00dfen in der Produktbeschreibung.<br \/>\nKurzarm<br \/>\nmodern\/enganliegend<br \/>\nModellnummer: SP2300102702<br \/>\nSurf-Anzug mit halbem Rei\u00dfverschluss \u2013 UPF 50+ Sonnenschutz sch\u00fctzt Sie vor UV-Strahlung. Elastizit\u00e4t verbessert die Formkraft und den Komfort, erm\u00f6glicht perfekte Bewegung und Passform.<br \/>\nWassersport-Kleidung: Ziehen Sie den Kordelzug straff, um ein Kleid in ein Hemd zu verwandeln, entworfen, um \u00fcber Ihrem Badeanzug zu tragen \u2013 im und au\u00dferhalb des Wassers. Perfekt zum Surfen, Schnorcheln, Schwimmen mit schnell trocknendem und dehnbarem Stoff.<br \/>\nKundenkommentar \u2013 &#8222;Ich habe es mit einem Bikini-Oberteil und -Unterseite getragen. Dies passt wie ein kurzes Kleid, aber Sie k\u00f6nnen die Kordelz\u00fcge hochziehen, um es k\u00fcrzer zu machen, wie ein Hemd. Leicht und schnell trocknend. Es ist effektiv bei hoher Sonne.&#8220;<br \/>\n<div class=\"main-cross-sell\" data-asin=\"B07MZQNWLM\">\n\n\t<div class=\"WooZone-cross-sell-loader\">\n\t\t<div>\n\t\t\t<div id=\"floatingBarsG\">\n\t\t\t\t<div class=\"blockG\" id=\"rotateG_01\"><\/div>\n\t\t\t\t<div class=\"blockG\" id=\"rotateG_02\"><\/div>\n\t\t\t\t<div class=\"blockG\" id=\"rotateG_03\"><\/div>\n\t\t\t\t<div class=\"blockG\" id=\"rotateG_04\"><\/div>\n\t\t\t\t<div class=\"blockG\" id=\"rotateG_05\"><\/div>\n\t\t\t\t<div class=\"blockG\" id=\"rotateG_06\"><\/div>\n\t\t\t\t<div class=\"blockG\" id=\"rotateG_07\"><\/div>\n\t\t\t\t<div class=\"blockG\" id=\"rotateG_08\"><\/div>\n\t\t\t<\/div>\n\t\t\t<div class=\"WooZone-cross-sell-loader-text\"><\/div>\n\t\t<\/div>\n\t<\/div>\n\n\t\t\n<\/div>\n<div style=\"clear:both;\"><\/div>\n","protected":false},"excerpt":{"rendered":"<p>Seitlicher Rashguard \u2013 entworfen mit kurzen \u00c4rmeln, Front-Viertelrei\u00dfverschluss, UPF 50+ Sonnenschutzgewebe und verstellbarer Seite mit R\u00fcschen f\u00fcr ideale L\u00e4nge.<br \/>\nGr\u00f6\u00dfenrichtlinie \u2013 S (US 4-6), M (US 8-10), L (US 12-14), XL (US 16-18), 2XL (US 18-20). Details siehe Gr\u00f6\u00dfen in der Produktbeschreibung.<br \/>\nKurzarm<\/p>\n","protected":false},"featured_media":14361,"comment_status":"open","ping_status":"closed","template":"","meta":[],"product_cat":[51],"product_tag":[],"_links":{"self":[{"href":"https:\/\/wellenreiten-surfen.de\/index.php?rest_route=\/wp\/v2\/product\/14360"}],"collection":[{"href":"https:\/\/wellenreiten-surfen.de\/index.php?rest_route=\/wp\/v2\/product"}],"about":[{"href":"https:\/\/wellenreiten-surfen.de\/index.php?rest_route=\/wp\/v2\/types\/product"}],"replies":[{"embeddable":true,"href":"https:\/\/wellenreiten-surfen.de\/index.php?rest_route=%2Fwp%2Fv2%2Fcomments&post=14360"}],"wp:featuredmedia":[{"embeddable":true,"href":"https:\/\/wellenreiten-surfen.de\/index.php?rest_route=\/wp\/v2\/media\/14361"}],"wp:attachment":[{"href":"https:\/\/wellenreiten-surfen.de\/index.php?rest_route=%2Fwp%2Fv2%2Fmedia&parent=14360"}],"wp:term":[{"taxonomy":"product_cat","embeddable":true,"href":"https:\/\/wellenreiten-surfen.de\/index.php?rest_route=%2Fwp%2Fv2%2Fproduct_cat&post=14360"},{"taxonomy":"product_tag","embeddable":true,"href":"https:\/\/wellenreiten-surfen.de\/index.php?rest_route=%2Fwp%2Fv2%2Fproduct_tag&post=14360"}],"curies":[{"name":"wp","href":"https:\/\/api.w.org\/{rel}","templated":true}]}}