{"id":14452,"date":"2021-04-29T11:59:46","date_gmt":"2021-04-29T11:59:46","guid":{"rendered":"https:\/\/wellenreiten-surfen.de\/?product=pi-pe-kinder-spring-short-sleeve-neoprenanzug"},"modified":"2023-04-09T23:33:14","modified_gmt":"2023-04-09T23:33:14","slug":"pi-pe-kinder-spring-short-sleeve-neoprenanzug","status":"publish","type":"product","link":"https:\/\/wellenreiten-surfen.de\/?product=pi-pe-kinder-spring-short-sleeve-neoprenanzug","title":{"rendered":"PI-PE Kinder Kids Toddler Neoprenanzug 2mm, Schwimmanzug, Tauchanzug, Nassanzug, Shorty, Kurzarm"},"content":{"rendered":"<div id='gallery-1' class='gallery galleryid-14452 gallery-columns-3 gallery-size-thumbnail'><figure class='gallery-item'>\n\t\t\t<div class='gallery-icon landscape'>\n\t\t\t\t<a href='https:\/\/wellenreiten-surfen.de\/?attachment_id=14453'><img width=\"150\" height=\"150\" src=\"https:\/\/images-na.ssl-images-amazon.com\/images\/I\/31BDtuIsU1L._SS150_.jpg\" class=\"attachment-thumbnail size-thumbnail\" alt=\"\" decoding=\"async\" loading=\"lazy\" srcset=\"https:\/\/images-na.ssl-images-amazon.com\/images\/I\/31BDtuIsU1L._SS150_.jpg 150w, https:\/\/images-na.ssl-images-amazon.com\/images\/I\/31BDtuIsU1L._SS300_.jpg 300w, https:\/\/images-na.ssl-images-amazon.com\/images\/I\/31BDtuIsU1L._SS768_.jpg 768w, https:\/\/images-na.ssl-images-amazon.com\/images\/I\/31BDtuIsU1L._SS1024_.jpg 1024w, https:\/\/images-na.ssl-images-amazon.com\/images\/I\/31BDtuIsU1L._SS1536_.jpg 1536w, https:\/\/images-na.ssl-images-amazon.com\/images\/I\/31BDtuIsU1L._SS2048_.jpg 2048w, https:\/\/images-na.ssl-images-amazon.com\/images\/I\/31BDtuIsU1L._SS80_.jpg 80w, https:\/\/images-na.ssl-images-amazon.com\/images\/I\/31BDtuIsU1L._SS200_.jpg 200w, https:\/\/images-na.ssl-images-amazon.com\/images\/I\/31BDtuIsU1L.jpg 500w, https:\/\/images-na.ssl-images-amazon.com\/images\/I\/31BDtuIsU1L._SS450_.jpg 450w, https:\/\/images-na.ssl-images-amazon.com\/images\/I\/31BDtuIsU1L._SS1400_.jpg 1400w, https:\/\/images-na.ssl-images-amazon.com\/images\/I\/31BDtuIsU1L._SS180_.jpg 180w, https:\/\/images-na.ssl-images-amazon.com\/images\/I\/31BDtuIsU1L._SS600_.jpg 600w, https:\/\/images-na.ssl-images-amazon.com\/images\/I\/31BDtuIsU1L._SS100_.jpg 100w\" sizes=\"(max-width: 150px) 100vw, 150px\" \/><\/a>\n\t\t\t<\/div><\/figure><figure class='gallery-item'>\n\t\t\t<div class='gallery-icon landscape'>\n\t\t\t\t<a href='https:\/\/wellenreiten-surfen.de\/?attachment_id=14454'><img width=\"150\" height=\"150\" src=\"https:\/\/images-na.ssl-images-amazon.com\/images\/I\/31o5zhR7UZL._SS150_.jpg\" class=\"attachment-thumbnail size-thumbnail\" alt=\"\" decoding=\"async\" loading=\"lazy\" srcset=\"https:\/\/images-na.ssl-images-amazon.com\/images\/I\/31o5zhR7UZL._SS150_.jpg 150w, https:\/\/images-na.ssl-images-amazon.com\/images\/I\/31o5zhR7UZL._SS300_.jpg 300w, https:\/\/images-na.ssl-images-amazon.com\/images\/I\/31o5zhR7UZL._SS768_.jpg 768w, https:\/\/images-na.ssl-images-amazon.com\/images\/I\/31o5zhR7UZL._SS1024_.jpg 1024w, https:\/\/images-na.ssl-images-amazon.com\/images\/I\/31o5zhR7UZL._SS1536_.jpg 1536w, https:\/\/images-na.ssl-images-amazon.com\/images\/I\/31o5zhR7UZL._SS2048_.jpg 2048w, https:\/\/images-na.ssl-images-amazon.com\/images\/I\/31o5zhR7UZL._SS80_.jpg 80w, https:\/\/images-na.ssl-images-amazon.com\/images\/I\/31o5zhR7UZL._SS200_.jpg 200w, https:\/\/images-na.ssl-images-amazon.com\/images\/I\/31o5zhR7UZL.jpg 500w, https:\/\/images-na.ssl-images-amazon.com\/images\/I\/31o5zhR7UZL._SS450_.jpg 450w, https:\/\/images-na.ssl-images-amazon.com\/images\/I\/31o5zhR7UZL._SS1400_.jpg 1400w, https:\/\/images-na.ssl-images-amazon.com\/images\/I\/31o5zhR7UZL._SS180_.jpg 180w, https:\/\/images-na.ssl-images-amazon.com\/images\/I\/31o5zhR7UZL._SS600_.jpg 600w, https:\/\/images-na.ssl-images-amazon.com\/images\/I\/31o5zhR7UZL._SS100_.jpg 100w\" sizes=\"(max-width: 150px) 100vw, 150px\" \/><\/a>\n\t\t\t<\/div><\/figure><figure class='gallery-item'>\n\t\t\t<div class='gallery-icon landscape'>\n\t\t\t\t<a href='https:\/\/wellenreiten-surfen.de\/?attachment_id=14455'><img width=\"150\" height=\"150\" src=\"https:\/\/images-na.ssl-images-amazon.com\/images\/I\/31ny9Lgg7iL._SS150_.jpg\" class=\"attachment-thumbnail size-thumbnail\" alt=\"\" decoding=\"async\" loading=\"lazy\" srcset=\"https:\/\/images-na.ssl-images-amazon.com\/images\/I\/31ny9Lgg7iL._SS150_.jpg 150w, https:\/\/images-na.ssl-images-amazon.com\/images\/I\/31ny9Lgg7iL._SS300_.jpg 300w, https:\/\/images-na.ssl-images-amazon.com\/images\/I\/31ny9Lgg7iL._SS768_.jpg 768w, https:\/\/images-na.ssl-images-amazon.com\/images\/I\/31ny9Lgg7iL._SS1024_.jpg 1024w, https:\/\/images-na.ssl-images-amazon.com\/images\/I\/31ny9Lgg7iL._SS1536_.jpg 1536w, https:\/\/images-na.ssl-images-amazon.com\/images\/I\/31ny9Lgg7iL._SS2048_.jpg 2048w, https:\/\/images-na.ssl-images-amazon.com\/images\/I\/31ny9Lgg7iL._SS80_.jpg 80w, https:\/\/images-na.ssl-images-amazon.com\/images\/I\/31ny9Lgg7iL._SS200_.jpg 200w, https:\/\/images-na.ssl-images-amazon.com\/images\/I\/31ny9Lgg7iL.jpg 500w, https:\/\/images-na.ssl-images-amazon.com\/images\/I\/31ny9Lgg7iL._SS450_.jpg 450w, https:\/\/images-na.ssl-images-amazon.com\/images\/I\/31ny9Lgg7iL._SS1400_.jpg 1400w, https:\/\/images-na.ssl-images-amazon.com\/images\/I\/31ny9Lgg7iL._SS180_.jpg 180w, https:\/\/images-na.ssl-images-amazon.com\/images\/I\/31ny9Lgg7iL._SS600_.jpg 600w, https:\/\/images-na.ssl-images-amazon.com\/images\/I\/31ny9Lgg7iL._SS100_.jpg 100w\" sizes=\"(max-width: 150px) 100vw, 150px\" \/><\/a>\n\t\t\t<\/div><\/figure>\n\t\t<\/div>\n<br \/>\n<!-- show up to 2 reviews by default --> <\/p>\n<p>Der Neoprenanzug f\u00fcr die Kleinen. Der Kinderneoprenanzug sorgt f\u00fcr angenehme W\u00e4rme im Wasser. Flach gearbeitete N\u00e4hte sorgen daf\u00fcr, dass keine Druckstellen am K\u00f6rper auftreten. Schnell trocknendes Material rundet das Gesamtbild ab. <\/p>\n<p>Bitte beachten: Neoprenanz\u00fcge fallen teilweise etwas gr\u00f6\u00dfer aus und m\u00fcssen eng anliegen, daher sollten Sie immer eine Nr. kleiner bestellen.<br \/>\nMaterial: 80% Neorpren, 20% Nylon, 2mm Neoprendicke schnell trocknend, flach gearbeitet N\u00e4hte<br \/>\n80% Polychloropren, 20% Polyamid<br \/>\nSpring Short Sleeve<br \/>\nModellnummer: 2014-2230-2014-1<br \/>\nPI-PE Print am linken Kragen, Oberschenkel sowie R\u00fcckseite<br \/>\n<div class=\"main-cross-sell\" data-asin=\"B00PNR5BWW\">\n\n\t<div class=\"WooZone-cross-sell-loader\">\n\t\t<div>\n\t\t\t<div id=\"floatingBarsG\">\n\t\t\t\t<div class=\"blockG\" id=\"rotateG_01\"><\/div>\n\t\t\t\t<div class=\"blockG\" id=\"rotateG_02\"><\/div>\n\t\t\t\t<div class=\"blockG\" id=\"rotateG_03\"><\/div>\n\t\t\t\t<div class=\"blockG\" id=\"rotateG_04\"><\/div>\n\t\t\t\t<div class=\"blockG\" id=\"rotateG_05\"><\/div>\n\t\t\t\t<div class=\"blockG\" id=\"rotateG_06\"><\/div>\n\t\t\t\t<div class=\"blockG\" id=\"rotateG_07\"><\/div>\n\t\t\t\t<div class=\"blockG\" id=\"rotateG_08\"><\/div>\n\t\t\t<\/div>\n\t\t\t<div class=\"WooZone-cross-sell-loader-text\"><\/div>\n\t\t<\/div>\n\t<\/div>\n\n\t\t\n<\/div>\n<div style=\"clear:both;\"><\/div>\n","protected":false},"excerpt":{"rendered":"<p>Bitte beachten: Neoprenanz\u00fcge fallen teilweise etwas gr\u00f6\u00dfer aus und m\u00fcssen eng anliegen, daher sollten Sie immer eine Nr. kleiner bestellen.<br \/>\nMaterial: 80% Neorpren, 20% Nylon, 2mm Neoprendicke schnell trocknend, flach gearbeitet N\u00e4hte<br \/>\n80% Polychloropren, 20% Polyamid<\/p>\n","protected":false},"featured_media":14453,"comment_status":"open","ping_status":"closed","template":"","meta":[],"product_cat":[51],"product_tag":[],"_links":{"self":[{"href":"https:\/\/wellenreiten-surfen.de\/index.php?rest_route=\/wp\/v2\/product\/14452"}],"collection":[{"href":"https:\/\/wellenreiten-surfen.de\/index.php?rest_route=\/wp\/v2\/product"}],"about":[{"href":"https:\/\/wellenreiten-surfen.de\/index.php?rest_route=\/wp\/v2\/types\/product"}],"replies":[{"embeddable":true,"href":"https:\/\/wellenreiten-surfen.de\/index.php?rest_route=%2Fwp%2Fv2%2Fcomments&post=14452"}],"wp:featuredmedia":[{"embeddable":true,"href":"https:\/\/wellenreiten-surfen.de\/index.php?rest_route=\/wp\/v2\/media\/14453"}],"wp:attachment":[{"href":"https:\/\/wellenreiten-surfen.de\/index.php?rest_route=%2Fwp%2Fv2%2Fmedia&parent=14452"}],"wp:term":[{"taxonomy":"product_cat","embeddable":true,"href":"https:\/\/wellenreiten-surfen.de\/index.php?rest_route=%2Fwp%2Fv2%2Fproduct_cat&post=14452"},{"taxonomy":"product_tag","embeddable":true,"href":"https:\/\/wellenreiten-surfen.de\/index.php?rest_route=%2Fwp%2Fv2%2Fproduct_tag&post=14452"}],"curies":[{"name":"wp","href":"https:\/\/api.w.org\/{rel}","templated":true}]}}