{"id":14456,"date":"2021-04-29T11:59:48","date_gmt":"2021-04-29T11:59:48","guid":{"rendered":"https:\/\/wellenreiten-surfen.de\/?product=aqua-sphere-unisex-jugend-stingray-hp-short-sleeve-wetsuit"},"modified":"2023-04-09T23:33:14","modified_gmt":"2023-04-09T23:33:14","slug":"aqua-sphere-unisex-jugend-stingray-hp-short-sleeve-wetsuit","status":"publish","type":"product","link":"https:\/\/wellenreiten-surfen.de\/?product=aqua-sphere-unisex-jugend-stingray-hp-short-sleeve-wetsuit","title":{"rendered":"Aqua Sphere Unisex Jugend Stingray Hp Short Sleeve Wetsuit, rosa\/Blau, 110 (Herstellergr\u00f6\u00dfe: 4 Jahre)"},"content":{"rendered":"<div id='gallery-1' class='gallery galleryid-14456 gallery-columns-3 gallery-size-thumbnail'><figure class='gallery-item'>\n\t\t\t<div class='gallery-icon landscape'>\n\t\t\t\t<a href='https:\/\/wellenreiten-surfen.de\/?attachment_id=14457'><img width=\"150\" height=\"150\" src=\"https:\/\/images-na.ssl-images-amazon.com\/images\/I\/41wdz4APb4L._SS150_.jpg\" class=\"attachment-thumbnail size-thumbnail\" alt=\"\" decoding=\"async\" loading=\"lazy\" srcset=\"https:\/\/images-na.ssl-images-amazon.com\/images\/I\/41wdz4APb4L._SS150_.jpg 150w, https:\/\/images-na.ssl-images-amazon.com\/images\/I\/41wdz4APb4L._SS300_.jpg 300w, https:\/\/images-na.ssl-images-amazon.com\/images\/I\/41wdz4APb4L._SS768_.jpg 768w, https:\/\/images-na.ssl-images-amazon.com\/images\/I\/41wdz4APb4L._SS1024_.jpg 1024w, https:\/\/images-na.ssl-images-amazon.com\/images\/I\/41wdz4APb4L._SS1536_.jpg 1536w, https:\/\/images-na.ssl-images-amazon.com\/images\/I\/41wdz4APb4L._SS2048_.jpg 2048w, https:\/\/images-na.ssl-images-amazon.com\/images\/I\/41wdz4APb4L._SS80_.jpg 80w, https:\/\/images-na.ssl-images-amazon.com\/images\/I\/41wdz4APb4L._SS200_.jpg 200w, https:\/\/images-na.ssl-images-amazon.com\/images\/I\/41wdz4APb4L.jpg 500w, https:\/\/images-na.ssl-images-amazon.com\/images\/I\/41wdz4APb4L._SS450_.jpg 450w, https:\/\/images-na.ssl-images-amazon.com\/images\/I\/41wdz4APb4L._SS1400_.jpg 1400w, https:\/\/images-na.ssl-images-amazon.com\/images\/I\/41wdz4APb4L._SS180_.jpg 180w, https:\/\/images-na.ssl-images-amazon.com\/images\/I\/41wdz4APb4L._SS600_.jpg 600w, https:\/\/images-na.ssl-images-amazon.com\/images\/I\/41wdz4APb4L._SS100_.jpg 100w\" sizes=\"(max-width: 150px) 100vw, 150px\" \/><\/a>\n\t\t\t<\/div><\/figure><figure class='gallery-item'>\n\t\t\t<div class='gallery-icon landscape'>\n\t\t\t\t<a href='https:\/\/wellenreiten-surfen.de\/?attachment_id=14458'><img width=\"150\" height=\"150\" src=\"https:\/\/images-na.ssl-images-amazon.com\/images\/I\/41-%2BxpNPdbL._SS150_.jpg\" class=\"attachment-thumbnail size-thumbnail\" alt=\"\" decoding=\"async\" loading=\"lazy\" srcset=\"https:\/\/images-na.ssl-images-amazon.com\/images\/I\/41-%2BxpNPdbL._SS150_.jpg 150w, https:\/\/images-na.ssl-images-amazon.com\/images\/I\/41-%2BxpNPdbL._SS300_.jpg 300w, https:\/\/images-na.ssl-images-amazon.com\/images\/I\/41-%2BxpNPdbL._SS768_.jpg 768w, https:\/\/images-na.ssl-images-amazon.com\/images\/I\/41-%2BxpNPdbL._SS1024_.jpg 1024w, https:\/\/images-na.ssl-images-amazon.com\/images\/I\/41-%2BxpNPdbL._SS1536_.jpg 1536w, https:\/\/images-na.ssl-images-amazon.com\/images\/I\/41-%2BxpNPdbL._SS2048_.jpg 2048w, https:\/\/images-na.ssl-images-amazon.com\/images\/I\/41-%2BxpNPdbL._SS80_.jpg 80w, https:\/\/images-na.ssl-images-amazon.com\/images\/I\/41-%2BxpNPdbL._SS200_.jpg 200w, https:\/\/images-na.ssl-images-amazon.com\/images\/I\/41-%2BxpNPdbL.jpg 500w, https:\/\/images-na.ssl-images-amazon.com\/images\/I\/41-%2BxpNPdbL._SS450_.jpg 450w, https:\/\/images-na.ssl-images-amazon.com\/images\/I\/41-%2BxpNPdbL._SS1400_.jpg 1400w, https:\/\/images-na.ssl-images-amazon.com\/images\/I\/41-%2BxpNPdbL._SS180_.jpg 180w, https:\/\/images-na.ssl-images-amazon.com\/images\/I\/41-%2BxpNPdbL._SS600_.jpg 600w, https:\/\/images-na.ssl-images-amazon.com\/images\/I\/41-%2BxpNPdbL._SS100_.jpg 100w\" sizes=\"(max-width: 150px) 100vw, 150px\" \/><\/a>\n\t\t\t<\/div><\/figure>\n\t\t<\/div>\n<br \/>\n<!-- show up to 2 reviews by default --> <\/p>\n<p>Mit 100% Schutz vor UVA- und UVB-Strahlen und seiner Materialkombination aus Neopren und Lycra bietet der Stingray Anzug Schutz vor K\u00e4lte und Sonne. Dabei engt er nicht ein, sondern erm\u00f6glicht eine optimale Bewegungsfreiheit, wie Kinder sie beim Spielen im und am Wasser brauchen. <\/p>\n<p>100% UVA\/UVB Schutz<br \/>\nMaterialkombination aus Neopren und Lycra<br \/>\nKurzarm<br \/>\nZusammengesetzt<br \/>\nWetsuit<br \/>\nModellnummer: SJ21302044Y<br \/>\nVerf\u00fcgbare Gr\u00f6\u00dfen: 2Y-12Y<br \/>\n<div class=\"main-cross-sell\" data-asin=\"B073RR3Y13\">\n\n\t<div class=\"WooZone-cross-sell-loader\">\n\t\t<div>\n\t\t\t<div id=\"floatingBarsG\">\n\t\t\t\t<div class=\"blockG\" id=\"rotateG_01\"><\/div>\n\t\t\t\t<div class=\"blockG\" id=\"rotateG_02\"><\/div>\n\t\t\t\t<div class=\"blockG\" id=\"rotateG_03\"><\/div>\n\t\t\t\t<div class=\"blockG\" id=\"rotateG_04\"><\/div>\n\t\t\t\t<div class=\"blockG\" id=\"rotateG_05\"><\/div>\n\t\t\t\t<div class=\"blockG\" id=\"rotateG_06\"><\/div>\n\t\t\t\t<div class=\"blockG\" id=\"rotateG_07\"><\/div>\n\t\t\t\t<div class=\"blockG\" id=\"rotateG_08\"><\/div>\n\t\t\t<\/div>\n\t\t\t<div class=\"WooZone-cross-sell-loader-text\"><\/div>\n\t\t<\/div>\n\t<\/div>\n\n\t\t\n<\/div>\n<div style=\"clear:both;\"><\/div>\n","protected":false},"excerpt":{"rendered":"<p>100% UVA\/UVB Schutz<br \/>\nMaterialkombination aus Neopren und Lycra<br \/>\nKurzarm<\/p>\n","protected":false},"featured_media":14457,"comment_status":"open","ping_status":"closed","template":"","meta":[],"product_cat":[51],"product_tag":[],"_links":{"self":[{"href":"https:\/\/wellenreiten-surfen.de\/index.php?rest_route=\/wp\/v2\/product\/14456"}],"collection":[{"href":"https:\/\/wellenreiten-surfen.de\/index.php?rest_route=\/wp\/v2\/product"}],"about":[{"href":"https:\/\/wellenreiten-surfen.de\/index.php?rest_route=\/wp\/v2\/types\/product"}],"replies":[{"embeddable":true,"href":"https:\/\/wellenreiten-surfen.de\/index.php?rest_route=%2Fwp%2Fv2%2Fcomments&post=14456"}],"wp:featuredmedia":[{"embeddable":true,"href":"https:\/\/wellenreiten-surfen.de\/index.php?rest_route=\/wp\/v2\/media\/14457"}],"wp:attachment":[{"href":"https:\/\/wellenreiten-surfen.de\/index.php?rest_route=%2Fwp%2Fv2%2Fmedia&parent=14456"}],"wp:term":[{"taxonomy":"product_cat","embeddable":true,"href":"https:\/\/wellenreiten-surfen.de\/index.php?rest_route=%2Fwp%2Fv2%2Fproduct_cat&post=14456"},{"taxonomy":"product_tag","embeddable":true,"href":"https:\/\/wellenreiten-surfen.de\/index.php?rest_route=%2Fwp%2Fv2%2Fproduct_tag&post=14456"}],"curies":[{"name":"wp","href":"https:\/\/api.w.org\/{rel}","templated":true}]}}