{"id":14463,"date":"2021-04-29T11:59:51","date_gmt":"2021-04-29T11:59:51","guid":{"rendered":"https:\/\/wellenreiten-surfen.de\/?product=scubatec-nassanzug-5mm"},"modified":"2023-04-09T23:33:14","modified_gmt":"2023-04-09T23:33:14","slug":"scubatec-nassanzug-5mm","status":"publish","type":"product","link":"https:\/\/wellenreiten-surfen.de\/?product=scubatec-nassanzug-5mm","title":{"rendered":"Scubatec Na\u00dfanzug, 5mm"},"content":{"rendered":"<div id='gallery-1' class='gallery galleryid-14463 gallery-columns-3 gallery-size-thumbnail'><figure class='gallery-item'>\n\t\t\t<div class='gallery-icon landscape'>\n\t\t\t\t<a href='https:\/\/wellenreiten-surfen.de\/?attachment_id=14464'><img width=\"150\" height=\"150\" src=\"https:\/\/images-na.ssl-images-amazon.com\/images\/I\/318w2LKNkjL._SS150_.jpg\" class=\"attachment-thumbnail size-thumbnail\" alt=\"\" decoding=\"async\" loading=\"lazy\" srcset=\"https:\/\/images-na.ssl-images-amazon.com\/images\/I\/318w2LKNkjL._SS150_.jpg 150w, https:\/\/images-na.ssl-images-amazon.com\/images\/I\/318w2LKNkjL._SS300_.jpg 300w, https:\/\/images-na.ssl-images-amazon.com\/images\/I\/318w2LKNkjL._SS768_.jpg 768w, https:\/\/images-na.ssl-images-amazon.com\/images\/I\/318w2LKNkjL._SS1024_.jpg 1024w, https:\/\/images-na.ssl-images-amazon.com\/images\/I\/318w2LKNkjL._SS1536_.jpg 1536w, https:\/\/images-na.ssl-images-amazon.com\/images\/I\/318w2LKNkjL._SS2048_.jpg 2048w, https:\/\/images-na.ssl-images-amazon.com\/images\/I\/318w2LKNkjL._SS80_.jpg 80w, https:\/\/images-na.ssl-images-amazon.com\/images\/I\/318w2LKNkjL._SS200_.jpg 200w, https:\/\/images-na.ssl-images-amazon.com\/images\/I\/318w2LKNkjL.jpg 500w, https:\/\/images-na.ssl-images-amazon.com\/images\/I\/318w2LKNkjL._SS450_.jpg 450w, https:\/\/images-na.ssl-images-amazon.com\/images\/I\/318w2LKNkjL._SS1400_.jpg 1400w, https:\/\/images-na.ssl-images-amazon.com\/images\/I\/318w2LKNkjL._SS180_.jpg 180w, https:\/\/images-na.ssl-images-amazon.com\/images\/I\/318w2LKNkjL._SS600_.jpg 600w, https:\/\/images-na.ssl-images-amazon.com\/images\/I\/318w2LKNkjL._SS100_.jpg 100w\" sizes=\"(max-width: 150px) 100vw, 150px\" \/><\/a>\n\t\t\t<\/div><\/figure><figure class='gallery-item'>\n\t\t\t<div class='gallery-icon landscape'>\n\t\t\t\t<a href='https:\/\/wellenreiten-surfen.de\/?attachment_id=14465'><img width=\"150\" height=\"150\" src=\"https:\/\/images-na.ssl-images-amazon.com\/images\/I\/31Xc7Tl2eoL._SS150_.jpg\" class=\"attachment-thumbnail size-thumbnail\" alt=\"\" decoding=\"async\" loading=\"lazy\" srcset=\"https:\/\/images-na.ssl-images-amazon.com\/images\/I\/31Xc7Tl2eoL._SS150_.jpg 150w, https:\/\/images-na.ssl-images-amazon.com\/images\/I\/31Xc7Tl2eoL._SS300_.jpg 300w, https:\/\/images-na.ssl-images-amazon.com\/images\/I\/31Xc7Tl2eoL._SS768_.jpg 768w, https:\/\/images-na.ssl-images-amazon.com\/images\/I\/31Xc7Tl2eoL._SS1024_.jpg 1024w, https:\/\/images-na.ssl-images-amazon.com\/images\/I\/31Xc7Tl2eoL._SS1536_.jpg 1536w, https:\/\/images-na.ssl-images-amazon.com\/images\/I\/31Xc7Tl2eoL._SS2048_.jpg 2048w, https:\/\/images-na.ssl-images-amazon.com\/images\/I\/31Xc7Tl2eoL._SS80_.jpg 80w, https:\/\/images-na.ssl-images-amazon.com\/images\/I\/31Xc7Tl2eoL._SS200_.jpg 200w, https:\/\/images-na.ssl-images-amazon.com\/images\/I\/31Xc7Tl2eoL.jpg 500w, https:\/\/images-na.ssl-images-amazon.com\/images\/I\/31Xc7Tl2eoL._SS450_.jpg 450w, https:\/\/images-na.ssl-images-amazon.com\/images\/I\/31Xc7Tl2eoL._SS1400_.jpg 1400w, https:\/\/images-na.ssl-images-amazon.com\/images\/I\/31Xc7Tl2eoL._SS180_.jpg 180w, https:\/\/images-na.ssl-images-amazon.com\/images\/I\/31Xc7Tl2eoL._SS600_.jpg 600w, https:\/\/images-na.ssl-images-amazon.com\/images\/I\/31Xc7Tl2eoL._SS100_.jpg 100w\" sizes=\"(max-width: 150px) 100vw, 150px\" \/><\/a>\n\t\t\t<\/div><\/figure><figure class='gallery-item'>\n\t\t\t<div class='gallery-icon landscape'>\n\t\t\t\t<a href='https:\/\/wellenreiten-surfen.de\/?attachment_id=14466'><img width=\"150\" height=\"150\" src=\"https:\/\/images-na.ssl-images-amazon.com\/images\/I\/31nWYpgcl7L._SS150_.jpg\" class=\"attachment-thumbnail size-thumbnail\" alt=\"\" decoding=\"async\" loading=\"lazy\" srcset=\"https:\/\/images-na.ssl-images-amazon.com\/images\/I\/31nWYpgcl7L._SS150_.jpg 150w, https:\/\/images-na.ssl-images-amazon.com\/images\/I\/31nWYpgcl7L._SS300_.jpg 300w, https:\/\/images-na.ssl-images-amazon.com\/images\/I\/31nWYpgcl7L._SS768_.jpg 768w, https:\/\/images-na.ssl-images-amazon.com\/images\/I\/31nWYpgcl7L._SS1024_.jpg 1024w, https:\/\/images-na.ssl-images-amazon.com\/images\/I\/31nWYpgcl7L._SS1536_.jpg 1536w, https:\/\/images-na.ssl-images-amazon.com\/images\/I\/31nWYpgcl7L._SS2048_.jpg 2048w, https:\/\/images-na.ssl-images-amazon.com\/images\/I\/31nWYpgcl7L._SS80_.jpg 80w, https:\/\/images-na.ssl-images-amazon.com\/images\/I\/31nWYpgcl7L._SS200_.jpg 200w, https:\/\/images-na.ssl-images-amazon.com\/images\/I\/31nWYpgcl7L.jpg 500w, https:\/\/images-na.ssl-images-amazon.com\/images\/I\/31nWYpgcl7L._SS450_.jpg 450w, https:\/\/images-na.ssl-images-amazon.com\/images\/I\/31nWYpgcl7L._SS1400_.jpg 1400w, https:\/\/images-na.ssl-images-amazon.com\/images\/I\/31nWYpgcl7L._SS180_.jpg 180w, https:\/\/images-na.ssl-images-amazon.com\/images\/I\/31nWYpgcl7L._SS600_.jpg 600w, https:\/\/images-na.ssl-images-amazon.com\/images\/I\/31nWYpgcl7L._SS100_.jpg 100w\" sizes=\"(max-width: 150px) 100vw, 150px\" \/><\/a>\n\t\t\t<\/div><\/figure>\n\t\t<\/div>\n<br \/>\n<!-- show up to 2 reviews by default --> <\/p>\n<p>S \/ 48: K\u00f6rpergr\u00f6\u00dfe: 160 &#8211; 175 cm \/ Gewicht: 55 &#8211; 65 kg \/ Brustumfang: 82 &#8211; 92 cm<\/p>\n<p>M \/ 50: K\u00f6rpergr\u00f6\u00dfe: 165 &#8211; 180 cm \/ Gewicht: 63 &#8211; 73 kg \/ Brustumfang: 89 &#8211; 99 cm<\/p>\n<p>L \/ 52: K\u00f6rpergr\u00f6\u00dfe: 170 &#8211; 185 cm \/ Gewicht: 71 &#8211; 81 kg \/ Brustumfang: 96 &#8211; 106 cm<\/p>\n<p>XL \/ 54: K\u00f6rpergr\u00f6\u00dfe: 175 &#8211; 190 cm \/ Gewicht: 79 &#8211; 89 kg \/ Brustumfang: 103 &#8211; 113 cm<\/p>\n<p>XXL \/ 56: K\u00f6rpergr\u00f6\u00dfe: 180 &#8211; 195 cm \/ Gewicht: 87 &#8211; 97 kg \/ Brustumfang: 110 &#8211; 120 cm<\/p>\n<p>XXXL \/ 58: K\u00f6rpergr\u00f6\u00dfe: 185 &#8211; 200 cm \/ Gewicht: 95 &#8211; 105 kg \/ Brustumfang: 117 &#8211; 127 cm<\/p>\n<p>XXXXL \/ 60: K\u00f6rpergr\u00f6\u00dfe: 190 &#8211; 205 cm \/ Gewicht: 103 &#8211; 113 kg \/ Brustumfang: 124 &#8211; 134 cm<\/p>\n<\/p>\n<p>zus\u00e4tzlicher Brustrei\u00dfverschlu\u00df f\u00fcr gr\u00f6\u00dferen Tragekomfort<br \/>\nbequemer V-Kragen<br \/>\nLangarm<br \/>\nVerschluss: Rei\u00dfverschluss<br \/>\nNeopren mit hochwertiger und besonders strapazierf\u00e4higer Nylon-N Kaschierung<br \/>\nR\u00fcckenrei\u00dfverschlu\u00df mit zus\u00e4tzlicher Klett-Sicherung<br \/>\n<div class=\"main-cross-sell\" data-asin=\"B00K4THTPG\">\n\n\t<div class=\"WooZone-cross-sell-loader\">\n\t\t<div>\n\t\t\t<div id=\"floatingBarsG\">\n\t\t\t\t<div class=\"blockG\" id=\"rotateG_01\"><\/div>\n\t\t\t\t<div class=\"blockG\" id=\"rotateG_02\"><\/div>\n\t\t\t\t<div class=\"blockG\" id=\"rotateG_03\"><\/div>\n\t\t\t\t<div class=\"blockG\" id=\"rotateG_04\"><\/div>\n\t\t\t\t<div class=\"blockG\" id=\"rotateG_05\"><\/div>\n\t\t\t\t<div class=\"blockG\" id=\"rotateG_06\"><\/div>\n\t\t\t\t<div class=\"blockG\" id=\"rotateG_07\"><\/div>\n\t\t\t\t<div class=\"blockG\" id=\"rotateG_08\"><\/div>\n\t\t\t<\/div>\n\t\t\t<div class=\"WooZone-cross-sell-loader-text\"><\/div>\n\t\t<\/div>\n\t<\/div>\n\n\t\t\n<\/div>\n<div style=\"clear:both;\"><\/div>\n","protected":false},"excerpt":{"rendered":"<p>zus\u00e4tzlicher Brustrei\u00dfverschlu\u00df f\u00fcr gr\u00f6\u00dferen Tragekomfort<br \/>\nbequemer V-Kragen<br \/>\nLangarm<\/p>\n","protected":false},"featured_media":14464,"comment_status":"open","ping_status":"closed","template":"","meta":[],"product_cat":[51],"product_tag":[],"_links":{"self":[{"href":"https:\/\/wellenreiten-surfen.de\/index.php?rest_route=\/wp\/v2\/product\/14463"}],"collection":[{"href":"https:\/\/wellenreiten-surfen.de\/index.php?rest_route=\/wp\/v2\/product"}],"about":[{"href":"https:\/\/wellenreiten-surfen.de\/index.php?rest_route=\/wp\/v2\/types\/product"}],"replies":[{"embeddable":true,"href":"https:\/\/wellenreiten-surfen.de\/index.php?rest_route=%2Fwp%2Fv2%2Fcomments&post=14463"}],"wp:featuredmedia":[{"embeddable":true,"href":"https:\/\/wellenreiten-surfen.de\/index.php?rest_route=\/wp\/v2\/media\/14464"}],"wp:attachment":[{"href":"https:\/\/wellenreiten-surfen.de\/index.php?rest_route=%2Fwp%2Fv2%2Fmedia&parent=14463"}],"wp:term":[{"taxonomy":"product_cat","embeddable":true,"href":"https:\/\/wellenreiten-surfen.de\/index.php?rest_route=%2Fwp%2Fv2%2Fproduct_cat&post=14463"},{"taxonomy":"product_tag","embeddable":true,"href":"https:\/\/wellenreiten-surfen.de\/index.php?rest_route=%2Fwp%2Fv2%2Fproduct_tag&post=14463"}],"curies":[{"name":"wp","href":"https:\/\/api.w.org\/{rel}","templated":true}]}}