{"id":14473,"date":"2021-04-29T11:59:57","date_gmt":"2021-04-29T11:59:57","guid":{"rendered":"https:\/\/wellenreiten-surfen.de\/?product=aqua-sphere-stingray-hp-sl"},"modified":"2023-04-09T23:33:14","modified_gmt":"2023-04-09T23:33:14","slug":"aqua-sphere-stingray-hp-sl","status":"publish","type":"product","link":"https:\/\/wellenreiten-surfen.de\/?product=aqua-sphere-stingray-hp-sl","title":{"rendered":"Aqua Sphere Stingray HP SL"},"content":{"rendered":"<div id='gallery-1' class='gallery galleryid-14473 gallery-columns-3 gallery-size-thumbnail'><figure class='gallery-item'>\n\t\t\t<div class='gallery-icon landscape'>\n\t\t\t\t<a href='https:\/\/wellenreiten-surfen.de\/?attachment_id=14474'><img width=\"150\" height=\"150\" src=\"https:\/\/images-na.ssl-images-amazon.com\/images\/I\/41rNf9QaNfL._SS150_.jpg\" class=\"attachment-thumbnail size-thumbnail\" alt=\"\" decoding=\"async\" loading=\"lazy\" srcset=\"https:\/\/images-na.ssl-images-amazon.com\/images\/I\/41rNf9QaNfL._SS150_.jpg 150w, https:\/\/images-na.ssl-images-amazon.com\/images\/I\/41rNf9QaNfL._SS300_.jpg 300w, https:\/\/images-na.ssl-images-amazon.com\/images\/I\/41rNf9QaNfL._SS768_.jpg 768w, https:\/\/images-na.ssl-images-amazon.com\/images\/I\/41rNf9QaNfL._SS1024_.jpg 1024w, https:\/\/images-na.ssl-images-amazon.com\/images\/I\/41rNf9QaNfL._SS1536_.jpg 1536w, https:\/\/images-na.ssl-images-amazon.com\/images\/I\/41rNf9QaNfL._SS2048_.jpg 2048w, https:\/\/images-na.ssl-images-amazon.com\/images\/I\/41rNf9QaNfL._SS80_.jpg 80w, https:\/\/images-na.ssl-images-amazon.com\/images\/I\/41rNf9QaNfL._SS200_.jpg 200w, https:\/\/images-na.ssl-images-amazon.com\/images\/I\/41rNf9QaNfL.jpg 500w, https:\/\/images-na.ssl-images-amazon.com\/images\/I\/41rNf9QaNfL._SS450_.jpg 450w, https:\/\/images-na.ssl-images-amazon.com\/images\/I\/41rNf9QaNfL._SS1400_.jpg 1400w, https:\/\/images-na.ssl-images-amazon.com\/images\/I\/41rNf9QaNfL._SS180_.jpg 180w, https:\/\/images-na.ssl-images-amazon.com\/images\/I\/41rNf9QaNfL._SS600_.jpg 600w, https:\/\/images-na.ssl-images-amazon.com\/images\/I\/41rNf9QaNfL._SS100_.jpg 100w\" sizes=\"(max-width: 150px) 100vw, 150px\" \/><\/a>\n\t\t\t<\/div><\/figure><figure class='gallery-item'>\n\t\t\t<div class='gallery-icon landscape'>\n\t\t\t\t<a href='https:\/\/wellenreiten-surfen.de\/?attachment_id=14475'><img width=\"150\" height=\"150\" src=\"https:\/\/images-na.ssl-images-amazon.com\/images\/I\/41CbKQkYVhL._SS150_.jpg\" class=\"attachment-thumbnail size-thumbnail\" alt=\"\" decoding=\"async\" loading=\"lazy\" srcset=\"https:\/\/images-na.ssl-images-amazon.com\/images\/I\/41CbKQkYVhL._SS150_.jpg 150w, https:\/\/images-na.ssl-images-amazon.com\/images\/I\/41CbKQkYVhL._SS300_.jpg 300w, https:\/\/images-na.ssl-images-amazon.com\/images\/I\/41CbKQkYVhL._SS768_.jpg 768w, https:\/\/images-na.ssl-images-amazon.com\/images\/I\/41CbKQkYVhL._SS1024_.jpg 1024w, https:\/\/images-na.ssl-images-amazon.com\/images\/I\/41CbKQkYVhL._SS1536_.jpg 1536w, https:\/\/images-na.ssl-images-amazon.com\/images\/I\/41CbKQkYVhL._SS2048_.jpg 2048w, https:\/\/images-na.ssl-images-amazon.com\/images\/I\/41CbKQkYVhL._SS80_.jpg 80w, https:\/\/images-na.ssl-images-amazon.com\/images\/I\/41CbKQkYVhL._SS200_.jpg 200w, https:\/\/images-na.ssl-images-amazon.com\/images\/I\/41CbKQkYVhL.jpg 500w, https:\/\/images-na.ssl-images-amazon.com\/images\/I\/41CbKQkYVhL._SS450_.jpg 450w, https:\/\/images-na.ssl-images-amazon.com\/images\/I\/41CbKQkYVhL._SS1400_.jpg 1400w, https:\/\/images-na.ssl-images-amazon.com\/images\/I\/41CbKQkYVhL._SS180_.jpg 180w, https:\/\/images-na.ssl-images-amazon.com\/images\/I\/41CbKQkYVhL._SS600_.jpg 600w, https:\/\/images-na.ssl-images-amazon.com\/images\/I\/41CbKQkYVhL._SS100_.jpg 100w\" sizes=\"(max-width: 150px) 100vw, 150px\" \/><\/a>\n\t\t\t<\/div><\/figure><figure class='gallery-item'>\n\t\t\t<div class='gallery-icon landscape'>\n\t\t\t\t<a href='https:\/\/wellenreiten-surfen.de\/?attachment_id=14476'><img width=\"150\" height=\"150\" src=\"https:\/\/images-na.ssl-images-amazon.com\/images\/I\/51MbADR-eKL._SS150_.jpg\" class=\"attachment-thumbnail size-thumbnail\" alt=\"\" decoding=\"async\" loading=\"lazy\" srcset=\"https:\/\/images-na.ssl-images-amazon.com\/images\/I\/51MbADR-eKL._SS150_.jpg 150w, https:\/\/images-na.ssl-images-amazon.com\/images\/I\/51MbADR-eKL._SS300_.jpg 300w, https:\/\/images-na.ssl-images-amazon.com\/images\/I\/51MbADR-eKL._SS768_.jpg 768w, https:\/\/images-na.ssl-images-amazon.com\/images\/I\/51MbADR-eKL._SS1024_.jpg 1024w, https:\/\/images-na.ssl-images-amazon.com\/images\/I\/51MbADR-eKL._SS1536_.jpg 1536w, https:\/\/images-na.ssl-images-amazon.com\/images\/I\/51MbADR-eKL._SS2048_.jpg 2048w, https:\/\/images-na.ssl-images-amazon.com\/images\/I\/51MbADR-eKL._SS80_.jpg 80w, https:\/\/images-na.ssl-images-amazon.com\/images\/I\/51MbADR-eKL._SS200_.jpg 200w, https:\/\/images-na.ssl-images-amazon.com\/images\/I\/51MbADR-eKL.jpg 500w, https:\/\/images-na.ssl-images-amazon.com\/images\/I\/51MbADR-eKL._SS450_.jpg 450w, https:\/\/images-na.ssl-images-amazon.com\/images\/I\/51MbADR-eKL._SS1400_.jpg 1400w, https:\/\/images-na.ssl-images-amazon.com\/images\/I\/51MbADR-eKL._SS180_.jpg 180w, https:\/\/images-na.ssl-images-amazon.com\/images\/I\/51MbADR-eKL._SS600_.jpg 600w, https:\/\/images-na.ssl-images-amazon.com\/images\/I\/51MbADR-eKL._SS100_.jpg 100w\" sizes=\"(max-width: 150px) 100vw, 150px\" \/><\/a>\n\t\t\t<\/div><\/figure>\n\t\t<\/div>\n<br \/>\n100% UVA\/UVB Schutz<br \/>\nMaterialkombination aus Neopren und Lycra<br \/>\nVerf\u00fcgbare Gr\u00f6\u00dfen: 2Y-12Y<br \/>\n<div class=\"main-cross-sell\" data-asin=\"B073B2VHPR\">\n\n\t<div class=\"WooZone-cross-sell-loader\">\n\t\t<div>\n\t\t\t<div id=\"floatingBarsG\">\n\t\t\t\t<div class=\"blockG\" id=\"rotateG_01\"><\/div>\n\t\t\t\t<div class=\"blockG\" id=\"rotateG_02\"><\/div>\n\t\t\t\t<div class=\"blockG\" id=\"rotateG_03\"><\/div>\n\t\t\t\t<div class=\"blockG\" id=\"rotateG_04\"><\/div>\n\t\t\t\t<div class=\"blockG\" id=\"rotateG_05\"><\/div>\n\t\t\t\t<div class=\"blockG\" id=\"rotateG_06\"><\/div>\n\t\t\t\t<div class=\"blockG\" id=\"rotateG_07\"><\/div>\n\t\t\t\t<div class=\"blockG\" id=\"rotateG_08\"><\/div>\n\t\t\t<\/div>\n\t\t\t<div class=\"WooZone-cross-sell-loader-text\"><\/div>\n\t\t<\/div>\n\t<\/div>\n\n\t\t\n<\/div>\n<div style=\"clear:both;\"><\/div>\n","protected":false},"excerpt":{"rendered":"<p>100% UVA\/UVB Schutz<br \/>\nMaterialkombination aus Neopren und Lycra<br \/>\nVerf\u00fcgbare Gr\u00f6\u00dfen: 2Y-12Y<\/p>\n","protected":false},"featured_media":14474,"comment_status":"open","ping_status":"closed","template":"","meta":[],"product_cat":[51],"product_tag":[],"_links":{"self":[{"href":"https:\/\/wellenreiten-surfen.de\/index.php?rest_route=\/wp\/v2\/product\/14473"}],"collection":[{"href":"https:\/\/wellenreiten-surfen.de\/index.php?rest_route=\/wp\/v2\/product"}],"about":[{"href":"https:\/\/wellenreiten-surfen.de\/index.php?rest_route=\/wp\/v2\/types\/product"}],"replies":[{"embeddable":true,"href":"https:\/\/wellenreiten-surfen.de\/index.php?rest_route=%2Fwp%2Fv2%2Fcomments&post=14473"}],"wp:featuredmedia":[{"embeddable":true,"href":"https:\/\/wellenreiten-surfen.de\/index.php?rest_route=\/wp\/v2\/media\/14474"}],"wp:attachment":[{"href":"https:\/\/wellenreiten-surfen.de\/index.php?rest_route=%2Fwp%2Fv2%2Fmedia&parent=14473"}],"wp:term":[{"taxonomy":"product_cat","embeddable":true,"href":"https:\/\/wellenreiten-surfen.de\/index.php?rest_route=%2Fwp%2Fv2%2Fproduct_cat&post=14473"},{"taxonomy":"product_tag","embeddable":true,"href":"https:\/\/wellenreiten-surfen.de\/index.php?rest_route=%2Fwp%2Fv2%2Fproduct_tag&post=14473"}],"curies":[{"name":"wp","href":"https:\/\/api.w.org\/{rel}","templated":true}]}}