{"id":14528,"date":"2021-04-29T12:00:25","date_gmt":"2021-04-29T12:00:25","guid":{"rendered":"https:\/\/wellenreiten-surfen.de\/?product=scubatec-4mm-shorty"},"modified":"2023-04-09T23:33:15","modified_gmt":"2023-04-09T23:33:15","slug":"scubatec-4mm-shorty","status":"publish","type":"product","link":"https:\/\/wellenreiten-surfen.de\/?product=scubatec-4mm-shorty","title":{"rendered":"Scubatec 4mm Shorty"},"content":{"rendered":"<div id='gallery-1' class='gallery galleryid-14528 gallery-columns-3 gallery-size-thumbnail'><figure class='gallery-item'>\n\t\t\t<div class='gallery-icon landscape'>\n\t\t\t\t<a href='https:\/\/wellenreiten-surfen.de\/?attachment_id=14529'><img width=\"150\" height=\"150\" src=\"https:\/\/images-na.ssl-images-amazon.com\/images\/I\/31USrctGErL._SS150_.jpg\" class=\"attachment-thumbnail size-thumbnail\" alt=\"\" decoding=\"async\" loading=\"lazy\" srcset=\"https:\/\/images-na.ssl-images-amazon.com\/images\/I\/31USrctGErL._SS150_.jpg 150w, https:\/\/images-na.ssl-images-amazon.com\/images\/I\/31USrctGErL._SS300_.jpg 300w, https:\/\/images-na.ssl-images-amazon.com\/images\/I\/31USrctGErL._SS768_.jpg 768w, https:\/\/images-na.ssl-images-amazon.com\/images\/I\/31USrctGErL._SS1024_.jpg 1024w, https:\/\/images-na.ssl-images-amazon.com\/images\/I\/31USrctGErL._SS1536_.jpg 1536w, https:\/\/images-na.ssl-images-amazon.com\/images\/I\/31USrctGErL._SS2048_.jpg 2048w, https:\/\/images-na.ssl-images-amazon.com\/images\/I\/31USrctGErL._SS80_.jpg 80w, https:\/\/images-na.ssl-images-amazon.com\/images\/I\/31USrctGErL._SS200_.jpg 200w, https:\/\/images-na.ssl-images-amazon.com\/images\/I\/31USrctGErL.jpg 500w, https:\/\/images-na.ssl-images-amazon.com\/images\/I\/31USrctGErL._SS450_.jpg 450w, https:\/\/images-na.ssl-images-amazon.com\/images\/I\/31USrctGErL._SS1400_.jpg 1400w, https:\/\/images-na.ssl-images-amazon.com\/images\/I\/31USrctGErL._SS180_.jpg 180w, https:\/\/images-na.ssl-images-amazon.com\/images\/I\/31USrctGErL._SS600_.jpg 600w, https:\/\/images-na.ssl-images-amazon.com\/images\/I\/31USrctGErL._SS100_.jpg 100w\" sizes=\"(max-width: 150px) 100vw, 150px\" \/><\/a>\n\t\t\t<\/div><\/figure><figure class='gallery-item'>\n\t\t\t<div class='gallery-icon landscape'>\n\t\t\t\t<a href='https:\/\/wellenreiten-surfen.de\/?attachment_id=14530'><img width=\"150\" height=\"150\" src=\"https:\/\/images-na.ssl-images-amazon.com\/images\/I\/41sjwy7QrHL._SS150_.jpg\" class=\"attachment-thumbnail size-thumbnail\" alt=\"\" decoding=\"async\" loading=\"lazy\" srcset=\"https:\/\/images-na.ssl-images-amazon.com\/images\/I\/41sjwy7QrHL._SS150_.jpg 150w, https:\/\/images-na.ssl-images-amazon.com\/images\/I\/41sjwy7QrHL._SS300_.jpg 300w, https:\/\/images-na.ssl-images-amazon.com\/images\/I\/41sjwy7QrHL._SS768_.jpg 768w, https:\/\/images-na.ssl-images-amazon.com\/images\/I\/41sjwy7QrHL._SS1024_.jpg 1024w, https:\/\/images-na.ssl-images-amazon.com\/images\/I\/41sjwy7QrHL._SS1536_.jpg 1536w, https:\/\/images-na.ssl-images-amazon.com\/images\/I\/41sjwy7QrHL._SS2048_.jpg 2048w, https:\/\/images-na.ssl-images-amazon.com\/images\/I\/41sjwy7QrHL._SS80_.jpg 80w, https:\/\/images-na.ssl-images-amazon.com\/images\/I\/41sjwy7QrHL._SS200_.jpg 200w, https:\/\/images-na.ssl-images-amazon.com\/images\/I\/41sjwy7QrHL.jpg 500w, https:\/\/images-na.ssl-images-amazon.com\/images\/I\/41sjwy7QrHL._SS450_.jpg 450w, https:\/\/images-na.ssl-images-amazon.com\/images\/I\/41sjwy7QrHL._SS1400_.jpg 1400w, https:\/\/images-na.ssl-images-amazon.com\/images\/I\/41sjwy7QrHL._SS180_.jpg 180w, https:\/\/images-na.ssl-images-amazon.com\/images\/I\/41sjwy7QrHL._SS600_.jpg 600w, https:\/\/images-na.ssl-images-amazon.com\/images\/I\/41sjwy7QrHL._SS100_.jpg 100w\" sizes=\"(max-width: 150px) 100vw, 150px\" \/><\/a>\n\t\t\t<\/div><\/figure><figure class='gallery-item'>\n\t\t\t<div class='gallery-icon landscape'>\n\t\t\t\t<a href='https:\/\/wellenreiten-surfen.de\/?attachment_id=14531'><img width=\"150\" height=\"150\" src=\"https:\/\/images-na.ssl-images-amazon.com\/images\/I\/3199Yl3qd1L._SS150_.jpg\" class=\"attachment-thumbnail size-thumbnail\" alt=\"\" decoding=\"async\" loading=\"lazy\" srcset=\"https:\/\/images-na.ssl-images-amazon.com\/images\/I\/3199Yl3qd1L._SS150_.jpg 150w, https:\/\/images-na.ssl-images-amazon.com\/images\/I\/3199Yl3qd1L._SS300_.jpg 300w, https:\/\/images-na.ssl-images-amazon.com\/images\/I\/3199Yl3qd1L._SS768_.jpg 768w, https:\/\/images-na.ssl-images-amazon.com\/images\/I\/3199Yl3qd1L._SS1024_.jpg 1024w, https:\/\/images-na.ssl-images-amazon.com\/images\/I\/3199Yl3qd1L._SS1536_.jpg 1536w, https:\/\/images-na.ssl-images-amazon.com\/images\/I\/3199Yl3qd1L._SS2048_.jpg 2048w, https:\/\/images-na.ssl-images-amazon.com\/images\/I\/3199Yl3qd1L._SS80_.jpg 80w, https:\/\/images-na.ssl-images-amazon.com\/images\/I\/3199Yl3qd1L._SS200_.jpg 200w, https:\/\/images-na.ssl-images-amazon.com\/images\/I\/3199Yl3qd1L.jpg 500w, https:\/\/images-na.ssl-images-amazon.com\/images\/I\/3199Yl3qd1L._SS450_.jpg 450w, https:\/\/images-na.ssl-images-amazon.com\/images\/I\/3199Yl3qd1L._SS1400_.jpg 1400w, https:\/\/images-na.ssl-images-amazon.com\/images\/I\/3199Yl3qd1L._SS180_.jpg 180w, https:\/\/images-na.ssl-images-amazon.com\/images\/I\/3199Yl3qd1L._SS600_.jpg 600w, https:\/\/images-na.ssl-images-amazon.com\/images\/I\/3199Yl3qd1L._SS100_.jpg 100w\" sizes=\"(max-width: 150px) 100vw, 150px\" \/><\/a>\n\t\t\t<\/div><\/figure>\n\t\t<\/div>\n<br \/>\n<!-- show up to 2 reviews by default --> <\/p>\n<p>Dieser 4mm Shorty besticht durch seine gute Pa\u00dfform und hochwertige Verarbeitung. Der ohnehin schon hohe Tragekomfort wird durch den zus\u00e4tzlich Brustrei\u00dfverschlu\u00df noch einmal deutlich erh\u00f6ht und der robuste und selbstverst\u00e4ndlich unterlegte R\u00fcckenrei\u00dfverschlu\u00df von YKK ist leicht gekr\u00fcmmt, was das Schlie\u00dfen das Rei\u00dfverschlusses erleichtert. Durch das flexible Material ist der Anzug gleicherma\u00dfen gut geeignet zum Schwimmen, Surfen, Kiten, Tauchen, Wakeboarden und viele weitere Wassersportarten. Da der Anzug im Blindstichverfahren gen\u00e4ht und 3-fach verklebt ist, kann \u00fcber die N\u00e4hte kein Wasser eindringen was den K\u00e4lteschutz noch einmal deutlich erh\u00f6ht. Dar\u00fcber hinaus ist der Anzug einfach zu pflegen. Er kann (in einem Feinw\u00e4schenetz) bei 30\u00baC entweder mit klarem Wasser oder mit Feinwaschmittel in jeder Waschmaschine gewaschen werden. Anschlie\u00dfend l\u00e4\u00dft man ihn auf einem B\u00fcgel an einem schattigen Platz trocknen. Fertig. Bei der Auswahl der Gr\u00f6\u00dfe ber\u00fccksichtigen Sie bitte die unten aufgef\u00fchrte Tabelle. Wenn Sie sich nicht sicher sind oder zus\u00e4tzlich Fragen haben k\u00f6nnen Sie sich jederzeit an uns wenden. Unser erfahrenes und kompetentes Team hilft Ihnen gern. <\/p>\n<p>3-fach verklebte blindstich N\u00e4hte<br \/>\nzus\u00e4tzlicher Brustrei\u00dfverschlu\u00df f\u00fcr mehr Komfort<br \/>\nKurzarm<br \/>\nVerschluss: Rei\u00dfverschluss<br \/>\n4mm Neopren<br \/>\nleichtl\u00e4ufiger R\u00fcckenrei\u00dfverschlu\u00df<br \/>\nbei der Gr\u00f6\u00dfenwahl richten Sie sich bitte nach der Gr\u00f6\u00dfentabelle (zu finden unter den Produktbildern)<br \/>\n<div class=\"main-cross-sell\" data-asin=\"B00PVYFZFK\">\n\n\t<div class=\"WooZone-cross-sell-loader\">\n\t\t<div>\n\t\t\t<div id=\"floatingBarsG\">\n\t\t\t\t<div class=\"blockG\" id=\"rotateG_01\"><\/div>\n\t\t\t\t<div class=\"blockG\" id=\"rotateG_02\"><\/div>\n\t\t\t\t<div class=\"blockG\" id=\"rotateG_03\"><\/div>\n\t\t\t\t<div class=\"blockG\" id=\"rotateG_04\"><\/div>\n\t\t\t\t<div class=\"blockG\" id=\"rotateG_05\"><\/div>\n\t\t\t\t<div class=\"blockG\" id=\"rotateG_06\"><\/div>\n\t\t\t\t<div class=\"blockG\" id=\"rotateG_07\"><\/div>\n\t\t\t\t<div class=\"blockG\" id=\"rotateG_08\"><\/div>\n\t\t\t<\/div>\n\t\t\t<div class=\"WooZone-cross-sell-loader-text\"><\/div>\n\t\t<\/div>\n\t<\/div>\n\n\t\t\n<\/div>\n<div style=\"clear:both;\"><\/div>\n","protected":false},"excerpt":{"rendered":"<p>3-fach verklebte blindstich N\u00e4hte<br \/>\nzus\u00e4tzlicher Brustrei\u00dfverschlu\u00df f\u00fcr mehr Komfort<br \/>\nKurzarm<\/p>\n","protected":false},"featured_media":14529,"comment_status":"open","ping_status":"closed","template":"","meta":[],"product_cat":[51],"product_tag":[],"_links":{"self":[{"href":"https:\/\/wellenreiten-surfen.de\/index.php?rest_route=\/wp\/v2\/product\/14528"}],"collection":[{"href":"https:\/\/wellenreiten-surfen.de\/index.php?rest_route=\/wp\/v2\/product"}],"about":[{"href":"https:\/\/wellenreiten-surfen.de\/index.php?rest_route=\/wp\/v2\/types\/product"}],"replies":[{"embeddable":true,"href":"https:\/\/wellenreiten-surfen.de\/index.php?rest_route=%2Fwp%2Fv2%2Fcomments&post=14528"}],"wp:featuredmedia":[{"embeddable":true,"href":"https:\/\/wellenreiten-surfen.de\/index.php?rest_route=\/wp\/v2\/media\/14529"}],"wp:attachment":[{"href":"https:\/\/wellenreiten-surfen.de\/index.php?rest_route=%2Fwp%2Fv2%2Fmedia&parent=14528"}],"wp:term":[{"taxonomy":"product_cat","embeddable":true,"href":"https:\/\/wellenreiten-surfen.de\/index.php?rest_route=%2Fwp%2Fv2%2Fproduct_cat&post=14528"},{"taxonomy":"product_tag","embeddable":true,"href":"https:\/\/wellenreiten-surfen.de\/index.php?rest_route=%2Fwp%2Fv2%2Fproduct_tag&post=14528"}],"curies":[{"name":"wp","href":"https:\/\/api.w.org\/{rel}","templated":true}]}}