{"id":14538,"date":"2021-04-29T12:00:29","date_gmt":"2021-04-29T12:00:29","guid":{"rendered":"https:\/\/wellenreiten-surfen.de\/?product=seac-herren-sense-long-3mm-neoprenanzug"},"modified":"2023-04-09T23:33:15","modified_gmt":"2023-04-09T23:33:15","slug":"seac-herren-sense-long-3mm-neoprenanzug","status":"publish","type":"product","link":"https:\/\/wellenreiten-surfen.de\/?product=seac-herren-sense-long-3mm-neoprenanzug","title":{"rendered":"Seac Sense Long, Herren-Overall zum Schnorcheln und Tauchen, aus superelastischem 3mm-Neopren"},"content":{"rendered":"<div id='gallery-1' class='gallery galleryid-14538 gallery-columns-3 gallery-size-thumbnail'><figure class='gallery-item'>\n\t\t\t<div class='gallery-icon landscape'>\n\t\t\t\t<a href='https:\/\/wellenreiten-surfen.de\/?attachment_id=14539'><img width=\"150\" height=\"150\" src=\"https:\/\/images-na.ssl-images-amazon.com\/images\/I\/31Abzej2KjS._SS150_.jpg\" class=\"attachment-thumbnail size-thumbnail\" alt=\"\" decoding=\"async\" loading=\"lazy\" srcset=\"https:\/\/images-na.ssl-images-amazon.com\/images\/I\/31Abzej2KjS._SS150_.jpg 150w, https:\/\/images-na.ssl-images-amazon.com\/images\/I\/31Abzej2KjS._SS300_.jpg 300w, https:\/\/images-na.ssl-images-amazon.com\/images\/I\/31Abzej2KjS._SS768_.jpg 768w, https:\/\/images-na.ssl-images-amazon.com\/images\/I\/31Abzej2KjS._SS1024_.jpg 1024w, https:\/\/images-na.ssl-images-amazon.com\/images\/I\/31Abzej2KjS._SS1536_.jpg 1536w, https:\/\/images-na.ssl-images-amazon.com\/images\/I\/31Abzej2KjS._SS2048_.jpg 2048w, https:\/\/images-na.ssl-images-amazon.com\/images\/I\/31Abzej2KjS._SS80_.jpg 80w, https:\/\/images-na.ssl-images-amazon.com\/images\/I\/31Abzej2KjS._SS200_.jpg 200w, https:\/\/images-na.ssl-images-amazon.com\/images\/I\/31Abzej2KjS.jpg 500w, https:\/\/images-na.ssl-images-amazon.com\/images\/I\/31Abzej2KjS._SS450_.jpg 450w, https:\/\/images-na.ssl-images-amazon.com\/images\/I\/31Abzej2KjS._SS1400_.jpg 1400w, https:\/\/images-na.ssl-images-amazon.com\/images\/I\/31Abzej2KjS._SS180_.jpg 180w, https:\/\/images-na.ssl-images-amazon.com\/images\/I\/31Abzej2KjS._SS600_.jpg 600w, https:\/\/images-na.ssl-images-amazon.com\/images\/I\/31Abzej2KjS._SS100_.jpg 100w\" sizes=\"(max-width: 150px) 100vw, 150px\" \/><\/a>\n\t\t\t<\/div><\/figure><figure class='gallery-item'>\n\t\t\t<div class='gallery-icon landscape'>\n\t\t\t\t<a href='https:\/\/wellenreiten-surfen.de\/?attachment_id=14540'><img width=\"150\" height=\"150\" src=\"https:\/\/images-na.ssl-images-amazon.com\/images\/I\/41g7Rt4PzgL._SS150_.jpg\" class=\"attachment-thumbnail size-thumbnail\" alt=\"\" decoding=\"async\" loading=\"lazy\" srcset=\"https:\/\/images-na.ssl-images-amazon.com\/images\/I\/41g7Rt4PzgL._SS150_.jpg 150w, https:\/\/images-na.ssl-images-amazon.com\/images\/I\/41g7Rt4PzgL._SS300_.jpg 300w, https:\/\/images-na.ssl-images-amazon.com\/images\/I\/41g7Rt4PzgL._SS768_.jpg 768w, https:\/\/images-na.ssl-images-amazon.com\/images\/I\/41g7Rt4PzgL._SS1024_.jpg 1024w, https:\/\/images-na.ssl-images-amazon.com\/images\/I\/41g7Rt4PzgL._SS1536_.jpg 1536w, https:\/\/images-na.ssl-images-amazon.com\/images\/I\/41g7Rt4PzgL._SS2048_.jpg 2048w, https:\/\/images-na.ssl-images-amazon.com\/images\/I\/41g7Rt4PzgL._SS80_.jpg 80w, https:\/\/images-na.ssl-images-amazon.com\/images\/I\/41g7Rt4PzgL._SS200_.jpg 200w, https:\/\/images-na.ssl-images-amazon.com\/images\/I\/41g7Rt4PzgL.jpg 500w, https:\/\/images-na.ssl-images-amazon.com\/images\/I\/41g7Rt4PzgL._SS450_.jpg 450w, https:\/\/images-na.ssl-images-amazon.com\/images\/I\/41g7Rt4PzgL._SS1400_.jpg 1400w, https:\/\/images-na.ssl-images-amazon.com\/images\/I\/41g7Rt4PzgL._SS180_.jpg 180w, https:\/\/images-na.ssl-images-amazon.com\/images\/I\/41g7Rt4PzgL._SS600_.jpg 600w, https:\/\/images-na.ssl-images-amazon.com\/images\/I\/41g7Rt4PzgL._SS100_.jpg 100w\" sizes=\"(max-width: 150px) 100vw, 150px\" \/><\/a>\n\t\t\t<\/div><\/figure><figure class='gallery-item'>\n\t\t\t<div class='gallery-icon landscape'>\n\t\t\t\t<a href='https:\/\/wellenreiten-surfen.de\/?attachment_id=14541'><img width=\"150\" height=\"150\" src=\"https:\/\/images-na.ssl-images-amazon.com\/images\/I\/41XdkCG1R5L._SS150_.jpg\" class=\"attachment-thumbnail size-thumbnail\" alt=\"\" decoding=\"async\" loading=\"lazy\" srcset=\"https:\/\/images-na.ssl-images-amazon.com\/images\/I\/41XdkCG1R5L._SS150_.jpg 150w, https:\/\/images-na.ssl-images-amazon.com\/images\/I\/41XdkCG1R5L._SS300_.jpg 300w, https:\/\/images-na.ssl-images-amazon.com\/images\/I\/41XdkCG1R5L._SS768_.jpg 768w, https:\/\/images-na.ssl-images-amazon.com\/images\/I\/41XdkCG1R5L._SS1024_.jpg 1024w, https:\/\/images-na.ssl-images-amazon.com\/images\/I\/41XdkCG1R5L._SS1536_.jpg 1536w, https:\/\/images-na.ssl-images-amazon.com\/images\/I\/41XdkCG1R5L._SS2048_.jpg 2048w, https:\/\/images-na.ssl-images-amazon.com\/images\/I\/41XdkCG1R5L._SS80_.jpg 80w, https:\/\/images-na.ssl-images-amazon.com\/images\/I\/41XdkCG1R5L._SS200_.jpg 200w, https:\/\/images-na.ssl-images-amazon.com\/images\/I\/41XdkCG1R5L.jpg 500w, https:\/\/images-na.ssl-images-amazon.com\/images\/I\/41XdkCG1R5L._SS450_.jpg 450w, https:\/\/images-na.ssl-images-amazon.com\/images\/I\/41XdkCG1R5L._SS1400_.jpg 1400w, https:\/\/images-na.ssl-images-amazon.com\/images\/I\/41XdkCG1R5L._SS180_.jpg 180w, https:\/\/images-na.ssl-images-amazon.com\/images\/I\/41XdkCG1R5L._SS600_.jpg 600w, https:\/\/images-na.ssl-images-amazon.com\/images\/I\/41XdkCG1R5L._SS100_.jpg 100w\" sizes=\"(max-width: 150px) 100vw, 150px\" \/><\/a>\n\t\t\t<\/div><\/figure>\n\t\t<\/div>\n<br \/>\n<!-- show up to 2 reviews by default --> <\/p>\n<p>Seac Sense Short ist der perfekte, ultrabequeme Overall, um Wassersport in warmen Gew\u00e4ssern (20\u00b0C &#8211; 30\u00b0C) auszu\u00fcben. Dieses Shorty wird aus superelastischem 3mm-Neopren hergestellt und besitzt einen Mesh Skin-Einsatz vorne und Abschl\u00fcsse am Hals und an den Armen aus Smooth Skin-Glattneopren f\u00fcr einen Wasserstop-Effekt. Ideal nicht nur zum Schnorcheln und Tauchen, sondern auch f\u00fcr alle anderen Wassersportarten (Surfen, Windsurfen, Wasserski, Stand-Up-Paddeling etc.). Der Seac Sense Long-Overall ist einfach anzuziehen durch den langen, Neopren-unterlegten R\u00fcckenrei\u00dfverschlu\u00df. Es ist in Damen- und Herrenschnitten lieferbar. Das Damenmodell gibt es von XS bis XXL, das Herrenmodell von S bis XXXXL. Seac Sense ist auch als Shorty aus 2,5mm-Neopren lieferbar. <\/p>\n<p>Herrenanzug aus 3mm-Neopren, perfekt zum Schnorcheln, Tauchen und andere Wassersportarten in warmen Gew\u00e4ssern<br \/>\nSuperelastisches Neopren der neuesten Generation. Herrenschnitt. Pa\u00dft sich perfekt an den K\u00f6rper an, f\u00fcr optimalen Tragekomfort<br \/>\nSense Long 3mm<br \/>\nModellnummer: 0010078011160A<br \/>\nPraktische Unterlegung des Rei\u00dfverschlusses mit Mesh Skin und superelastisches Smooth Skin-Neopren am Kragen bewirken einen Wasserstop-Effekt.<br \/>\nRei\u00dfverschluss am R\u00fccken mit Edelstahschieber und langem Riemen, dadurch praktisch anzuziehen<br \/>\nLieferbar in 7 Gr\u00f6\u00dfen, von S bis XXXXL<br \/>\n<div class=\"main-cross-sell\" data-asin=\"B01DF1YDIA\">\n\n\t<div class=\"WooZone-cross-sell-loader\">\n\t\t<div>\n\t\t\t<div id=\"floatingBarsG\">\n\t\t\t\t<div class=\"blockG\" id=\"rotateG_01\"><\/div>\n\t\t\t\t<div class=\"blockG\" id=\"rotateG_02\"><\/div>\n\t\t\t\t<div class=\"blockG\" id=\"rotateG_03\"><\/div>\n\t\t\t\t<div class=\"blockG\" id=\"rotateG_04\"><\/div>\n\t\t\t\t<div class=\"blockG\" id=\"rotateG_05\"><\/div>\n\t\t\t\t<div class=\"blockG\" id=\"rotateG_06\"><\/div>\n\t\t\t\t<div class=\"blockG\" id=\"rotateG_07\"><\/div>\n\t\t\t\t<div class=\"blockG\" id=\"rotateG_08\"><\/div>\n\t\t\t<\/div>\n\t\t\t<div class=\"WooZone-cross-sell-loader-text\"><\/div>\n\t\t<\/div>\n\t<\/div>\n\n\t\t\n<\/div>\n<div style=\"clear:both;\"><\/div>\n","protected":false},"excerpt":{"rendered":"<p>Herrenanzug aus 3mm-Neopren, perfekt zum Schnorcheln, Tauchen und andere Wassersportarten in warmen Gew\u00e4ssern<br \/>\nSuperelastisches Neopren der neuesten Generation. Herrenschnitt. Pa\u00dft sich perfekt an den K\u00f6rper an, f\u00fcr optimalen Tragekomfort<br \/>\nSense Long 3mm<\/p>\n","protected":false},"featured_media":14539,"comment_status":"open","ping_status":"closed","template":"","meta":[],"product_cat":[51],"product_tag":[],"_links":{"self":[{"href":"https:\/\/wellenreiten-surfen.de\/index.php?rest_route=\/wp\/v2\/product\/14538"}],"collection":[{"href":"https:\/\/wellenreiten-surfen.de\/index.php?rest_route=\/wp\/v2\/product"}],"about":[{"href":"https:\/\/wellenreiten-surfen.de\/index.php?rest_route=\/wp\/v2\/types\/product"}],"replies":[{"embeddable":true,"href":"https:\/\/wellenreiten-surfen.de\/index.php?rest_route=%2Fwp%2Fv2%2Fcomments&post=14538"}],"wp:featuredmedia":[{"embeddable":true,"href":"https:\/\/wellenreiten-surfen.de\/index.php?rest_route=\/wp\/v2\/media\/14539"}],"wp:attachment":[{"href":"https:\/\/wellenreiten-surfen.de\/index.php?rest_route=%2Fwp%2Fv2%2Fmedia&parent=14538"}],"wp:term":[{"taxonomy":"product_cat","embeddable":true,"href":"https:\/\/wellenreiten-surfen.de\/index.php?rest_route=%2Fwp%2Fv2%2Fproduct_cat&post=14538"},{"taxonomy":"product_tag","embeddable":true,"href":"https:\/\/wellenreiten-surfen.de\/index.php?rest_route=%2Fwp%2Fv2%2Fproduct_tag&post=14538"}],"curies":[{"name":"wp","href":"https:\/\/api.w.org\/{rel}","templated":true}]}}