{"id":14715,"date":"2021-04-30T03:27:25","date_gmt":"2021-04-30T03:27:25","guid":{"rendered":"https:\/\/wellenreiten-surfen.de\/?product=seac-unisex-vela-flossen-zum-schwimmen"},"modified":"2023-04-09T23:33:17","modified_gmt":"2023-04-09T23:33:17","slug":"seac-unisex-vela-flossen-zum-schwimmen","status":"publish","type":"product","link":"https:\/\/wellenreiten-surfen.de\/?product=seac-unisex-vela-flossen-zum-schwimmen","title":{"rendered":"Seac Unisex Vela Flossen zum Schwimmen"},"content":{"rendered":"<div id='gallery-1' class='gallery galleryid-14715 gallery-columns-3 gallery-size-thumbnail'><figure class='gallery-item'>\n\t\t\t<div class='gallery-icon landscape'>\n\t\t\t\t<a href='https:\/\/wellenreiten-surfen.de\/?attachment_id=14716'><img width=\"150\" height=\"150\" src=\"https:\/\/images-na.ssl-images-amazon.com\/images\/I\/519LN0y%2B-sL._SS150_.jpg\" class=\"attachment-thumbnail size-thumbnail\" alt=\"\" decoding=\"async\" loading=\"lazy\" srcset=\"https:\/\/images-na.ssl-images-amazon.com\/images\/I\/519LN0y%2B-sL._SS150_.jpg 150w, https:\/\/images-na.ssl-images-amazon.com\/images\/I\/519LN0y%2B-sL._SS300_.jpg 300w, https:\/\/images-na.ssl-images-amazon.com\/images\/I\/519LN0y%2B-sL._SS768_.jpg 768w, https:\/\/images-na.ssl-images-amazon.com\/images\/I\/519LN0y%2B-sL._SS1024_.jpg 1024w, https:\/\/images-na.ssl-images-amazon.com\/images\/I\/519LN0y%2B-sL._SS1536_.jpg 1536w, https:\/\/images-na.ssl-images-amazon.com\/images\/I\/519LN0y%2B-sL._SS2048_.jpg 2048w, https:\/\/images-na.ssl-images-amazon.com\/images\/I\/519LN0y%2B-sL._SS80_.jpg 80w, https:\/\/images-na.ssl-images-amazon.com\/images\/I\/519LN0y%2B-sL._SS200_.jpg 200w, https:\/\/images-na.ssl-images-amazon.com\/images\/I\/519LN0y%2B-sL.jpg 500w, https:\/\/images-na.ssl-images-amazon.com\/images\/I\/519LN0y%2B-sL._SS450_.jpg 450w, https:\/\/images-na.ssl-images-amazon.com\/images\/I\/519LN0y%2B-sL._SS1400_.jpg 1400w, https:\/\/images-na.ssl-images-amazon.com\/images\/I\/519LN0y%2B-sL._SS180_.jpg 180w, https:\/\/images-na.ssl-images-amazon.com\/images\/I\/519LN0y%2B-sL._SS600_.jpg 600w, https:\/\/images-na.ssl-images-amazon.com\/images\/I\/519LN0y%2B-sL._SS100_.jpg 100w\" sizes=\"(max-width: 150px) 100vw, 150px\" \/><\/a>\n\t\t\t<\/div><\/figure><figure class='gallery-item'>\n\t\t\t<div class='gallery-icon landscape'>\n\t\t\t\t<a href='https:\/\/wellenreiten-surfen.de\/?attachment_id=14717'><img width=\"150\" height=\"150\" src=\"https:\/\/images-na.ssl-images-amazon.com\/images\/I\/41LItUJcNtL._SS150_.jpg\" class=\"attachment-thumbnail size-thumbnail\" alt=\"\" decoding=\"async\" loading=\"lazy\" srcset=\"https:\/\/images-na.ssl-images-amazon.com\/images\/I\/41LItUJcNtL._SS150_.jpg 150w, https:\/\/images-na.ssl-images-amazon.com\/images\/I\/41LItUJcNtL._SS300_.jpg 300w, https:\/\/images-na.ssl-images-amazon.com\/images\/I\/41LItUJcNtL._SS768_.jpg 768w, https:\/\/images-na.ssl-images-amazon.com\/images\/I\/41LItUJcNtL._SS1024_.jpg 1024w, https:\/\/images-na.ssl-images-amazon.com\/images\/I\/41LItUJcNtL._SS1536_.jpg 1536w, https:\/\/images-na.ssl-images-amazon.com\/images\/I\/41LItUJcNtL._SS2048_.jpg 2048w, https:\/\/images-na.ssl-images-amazon.com\/images\/I\/41LItUJcNtL._SS80_.jpg 80w, https:\/\/images-na.ssl-images-amazon.com\/images\/I\/41LItUJcNtL._SS200_.jpg 200w, https:\/\/images-na.ssl-images-amazon.com\/images\/I\/41LItUJcNtL.jpg 500w, https:\/\/images-na.ssl-images-amazon.com\/images\/I\/41LItUJcNtL._SS450_.jpg 450w, https:\/\/images-na.ssl-images-amazon.com\/images\/I\/41LItUJcNtL._SS1400_.jpg 1400w, https:\/\/images-na.ssl-images-amazon.com\/images\/I\/41LItUJcNtL._SS180_.jpg 180w, https:\/\/images-na.ssl-images-amazon.com\/images\/I\/41LItUJcNtL._SS600_.jpg 600w, https:\/\/images-na.ssl-images-amazon.com\/images\/I\/41LItUJcNtL._SS100_.jpg 100w\" sizes=\"(max-width: 150px) 100vw, 150px\" \/><\/a>\n\t\t\t<\/div><\/figure><figure class='gallery-item'>\n\t\t\t<div class='gallery-icon landscape'>\n\t\t\t\t<a href='https:\/\/wellenreiten-surfen.de\/?attachment_id=14718'><img width=\"150\" height=\"150\" src=\"https:\/\/images-na.ssl-images-amazon.com\/images\/I\/21RDumPrVxL._SS150_.jpg\" class=\"attachment-thumbnail size-thumbnail\" alt=\"\" decoding=\"async\" loading=\"lazy\" srcset=\"https:\/\/images-na.ssl-images-amazon.com\/images\/I\/21RDumPrVxL._SS150_.jpg 150w, https:\/\/images-na.ssl-images-amazon.com\/images\/I\/21RDumPrVxL._SS300_.jpg 300w, https:\/\/images-na.ssl-images-amazon.com\/images\/I\/21RDumPrVxL._SS768_.jpg 768w, https:\/\/images-na.ssl-images-amazon.com\/images\/I\/21RDumPrVxL._SS1024_.jpg 1024w, https:\/\/images-na.ssl-images-amazon.com\/images\/I\/21RDumPrVxL._SS1536_.jpg 1536w, https:\/\/images-na.ssl-images-amazon.com\/images\/I\/21RDumPrVxL._SS2048_.jpg 2048w, https:\/\/images-na.ssl-images-amazon.com\/images\/I\/21RDumPrVxL._SS80_.jpg 80w, https:\/\/images-na.ssl-images-amazon.com\/images\/I\/21RDumPrVxL._SS200_.jpg 200w, https:\/\/images-na.ssl-images-amazon.com\/images\/I\/21RDumPrVxL.jpg 500w, https:\/\/images-na.ssl-images-amazon.com\/images\/I\/21RDumPrVxL._SS450_.jpg 450w, https:\/\/images-na.ssl-images-amazon.com\/images\/I\/21RDumPrVxL._SS1400_.jpg 1400w, https:\/\/images-na.ssl-images-amazon.com\/images\/I\/21RDumPrVxL._SS180_.jpg 180w, https:\/\/images-na.ssl-images-amazon.com\/images\/I\/21RDumPrVxL._SS600_.jpg 600w, https:\/\/images-na.ssl-images-amazon.com\/images\/I\/21RDumPrVxL._SS100_.jpg 100w\" sizes=\"(max-width: 150px) 100vw, 150px\" \/><\/a>\n\t\t\t<\/div><\/figure>\n\t\t<\/div>\n<br \/>\n<!-- show up to 2 reviews by default --> <\/p>\n<p>Die kurzen Flossen Seac Vela verbessern die Trainingserfahrung beim Schwimmtraining im Becken. Das Anziehen erfolgt schnell und bequem, dank dem weichen, ergonomisch geformten Fu\u00dffach, das den Fu\u00df umh\u00fcllt und f\u00fcr einen festen Sitz der Flosse sorgt. Das Kurze Blatt besitzt Kan\u00e4le, die den Wasserablauf verbessern und sto\u00dfd\u00e4mpfende Gummir\u00e4nder. Die Schwimmflossen Seac Vela sind flexibel und robust und k\u00f6nnen auch zum Schnorcheln im Meer genutzt werden. Erh\u00e4ltlich in 3 Farben und 7 Gr\u00f6\u00dfen, f\u00fcr Schuhgr\u00f6\u00dfe 32 &#8211; 47. <\/p>\n<p>Kurze Flossen zum Schwimmen im Schwimmbecken, flexibel und robust, um die Leistung des Schwimmers beim Training zu optimieren, ohne die Muskeln zu erm\u00fcden, dank optimaler Nachgiebigkeit der verwendeten Materialien<br \/>\nGeschlossenes ergonomisch geformtes Fu\u00dffach aus weichem Gummi, der sich an den Fu\u00df schmiegt und fest am Fu\u00df sitzt, um Erm\u00fcdung und Antriebsverlust zu vermeiden.<br \/>\nDas kurze Blatt der Schwimmflossen Seac Vela besitzt Kan\u00e4le, um den Wasserablauf zu verbessern und R\u00e4nder aus sto\u00dfd\u00e4mpfendem Gummi zum Schutz der anderen Schwimmer<br \/>\nIdeal sowohl f\u00fcr das Schwimmtraining im Schwimmbad als auch zum Paddeln im Meer beim Schnorcheln.<br \/>\nDie kurzen Flossen Seac Vela sind erh\u00e4ltlich in 5 Farben und 8 Gr\u00f6\u00dfen, f\u00fcr Schuhgr\u00f6\u00dfe 32 &#8211; 47<br \/>\n<div class=\"main-cross-sell\" data-asin=\"B07KGNQH5L\">\n\n\t<div class=\"WooZone-cross-sell-loader\">\n\t\t<div>\n\t\t\t<div id=\"floatingBarsG\">\n\t\t\t\t<div class=\"blockG\" id=\"rotateG_01\"><\/div>\n\t\t\t\t<div class=\"blockG\" id=\"rotateG_02\"><\/div>\n\t\t\t\t<div class=\"blockG\" id=\"rotateG_03\"><\/div>\n\t\t\t\t<div class=\"blockG\" id=\"rotateG_04\"><\/div>\n\t\t\t\t<div class=\"blockG\" id=\"rotateG_05\"><\/div>\n\t\t\t\t<div class=\"blockG\" id=\"rotateG_06\"><\/div>\n\t\t\t\t<div class=\"blockG\" id=\"rotateG_07\"><\/div>\n\t\t\t\t<div class=\"blockG\" id=\"rotateG_08\"><\/div>\n\t\t\t<\/div>\n\t\t\t<div class=\"WooZone-cross-sell-loader-text\"><\/div>\n\t\t<\/div>\n\t<\/div>\n\n\t\t\n<\/div>\n<div style=\"clear:both;\"><\/div>\n","protected":false},"excerpt":{"rendered":"<p>Kurze Flossen zum Schwimmen im Schwimmbecken, flexibel und robust, um die Leistung des Schwimmers beim Training zu optimieren, ohne die Muskeln zu erm\u00fcden, dank optimaler Nachgiebigkeit der verwendeten Materialien<br \/>\nGeschlossenes ergonomisch geformtes Fu\u00dffach aus weichem Gummi, der sich an den Fu\u00df schmiegt und fest am Fu\u00df sitzt, um Erm\u00fcdung und Antriebsverlust zu vermeiden.<br \/>\nDas kurze Blatt der Schwimmflossen Seac Vela besitzt Kan\u00e4le, um den Wasserablauf zu verbessern und R\u00e4nder aus sto\u00dfd\u00e4mpfendem Gummi zum Schutz der anderen Schwimmer<\/p>\n","protected":false},"featured_media":14716,"comment_status":"open","ping_status":"closed","template":"","meta":[],"product_cat":[50],"product_tag":[],"_links":{"self":[{"href":"https:\/\/wellenreiten-surfen.de\/index.php?rest_route=\/wp\/v2\/product\/14715"}],"collection":[{"href":"https:\/\/wellenreiten-surfen.de\/index.php?rest_route=\/wp\/v2\/product"}],"about":[{"href":"https:\/\/wellenreiten-surfen.de\/index.php?rest_route=\/wp\/v2\/types\/product"}],"replies":[{"embeddable":true,"href":"https:\/\/wellenreiten-surfen.de\/index.php?rest_route=%2Fwp%2Fv2%2Fcomments&post=14715"}],"wp:featuredmedia":[{"embeddable":true,"href":"https:\/\/wellenreiten-surfen.de\/index.php?rest_route=\/wp\/v2\/media\/14716"}],"wp:attachment":[{"href":"https:\/\/wellenreiten-surfen.de\/index.php?rest_route=%2Fwp%2Fv2%2Fmedia&parent=14715"}],"wp:term":[{"taxonomy":"product_cat","embeddable":true,"href":"https:\/\/wellenreiten-surfen.de\/index.php?rest_route=%2Fwp%2Fv2%2Fproduct_cat&post=14715"},{"taxonomy":"product_tag","embeddable":true,"href":"https:\/\/wellenreiten-surfen.de\/index.php?rest_route=%2Fwp%2Fv2%2Fproduct_tag&post=14715"}],"curies":[{"name":"wp","href":"https:\/\/api.w.org\/{rel}","templated":true}]}}