{"id":14723,"date":"2021-04-30T03:27:28","date_gmt":"2021-04-30T03:27:28","guid":{"rendered":"https:\/\/wellenreiten-surfen.de\/?product=eckla-board-guard-finnenkastenschloss-us-box"},"modified":"2023-04-09T23:33:17","modified_gmt":"2023-04-09T23:33:17","slug":"eckla-board-guard-finnenkastenschloss-us-box","status":"publish","type":"product","link":"https:\/\/wellenreiten-surfen.de\/?product=eckla-board-guard-finnenkastenschloss-us-box","title":{"rendered":"ECKLA Board Guard, Finnenkastenschloss US Box"},"content":{"rendered":"<div id='gallery-1' class='gallery galleryid-14723 gallery-columns-3 gallery-size-thumbnail'><figure class='gallery-item'>\n\t\t\t<div class='gallery-icon landscape'>\n\t\t\t\t<a href='https:\/\/wellenreiten-surfen.de\/?attachment_id=14724'><img width=\"150\" height=\"150\" src=\"https:\/\/images-na.ssl-images-amazon.com\/images\/I\/51lem0Z%2BbTL._SS150_.jpg\" class=\"attachment-thumbnail size-thumbnail\" alt=\"\" decoding=\"async\" loading=\"lazy\" srcset=\"https:\/\/images-na.ssl-images-amazon.com\/images\/I\/51lem0Z%2BbTL._SS150_.jpg 150w, https:\/\/images-na.ssl-images-amazon.com\/images\/I\/51lem0Z%2BbTL._SS300_.jpg 300w, https:\/\/images-na.ssl-images-amazon.com\/images\/I\/51lem0Z%2BbTL._SS768_.jpg 768w, https:\/\/images-na.ssl-images-amazon.com\/images\/I\/51lem0Z%2BbTL._SS1024_.jpg 1024w, https:\/\/images-na.ssl-images-amazon.com\/images\/I\/51lem0Z%2BbTL._SS1536_.jpg 1536w, https:\/\/images-na.ssl-images-amazon.com\/images\/I\/51lem0Z%2BbTL._SS2048_.jpg 2048w, https:\/\/images-na.ssl-images-amazon.com\/images\/I\/51lem0Z%2BbTL._SS80_.jpg 80w, https:\/\/images-na.ssl-images-amazon.com\/images\/I\/51lem0Z%2BbTL._SS200_.jpg 200w, https:\/\/images-na.ssl-images-amazon.com\/images\/I\/51lem0Z%2BbTL.jpg 500w, https:\/\/images-na.ssl-images-amazon.com\/images\/I\/51lem0Z%2BbTL._SS450_.jpg 450w, https:\/\/images-na.ssl-images-amazon.com\/images\/I\/51lem0Z%2BbTL._SS1400_.jpg 1400w, https:\/\/images-na.ssl-images-amazon.com\/images\/I\/51lem0Z%2BbTL._SS180_.jpg 180w, https:\/\/images-na.ssl-images-amazon.com\/images\/I\/51lem0Z%2BbTL._SS600_.jpg 600w, https:\/\/images-na.ssl-images-amazon.com\/images\/I\/51lem0Z%2BbTL._SS100_.jpg 100w\" sizes=\"(max-width: 150px) 100vw, 150px\" \/><\/a>\n\t\t\t<\/div><\/figure><figure class='gallery-item'>\n\t\t\t<div class='gallery-icon landscape'>\n\t\t\t\t<a href='https:\/\/wellenreiten-surfen.de\/?attachment_id=14725'><img width=\"150\" height=\"150\" src=\"https:\/\/images-na.ssl-images-amazon.com\/images\/I\/31Y-crGmvnL._SS150_.jpg\" class=\"attachment-thumbnail size-thumbnail\" alt=\"\" decoding=\"async\" loading=\"lazy\" srcset=\"https:\/\/images-na.ssl-images-amazon.com\/images\/I\/31Y-crGmvnL._SS150_.jpg 150w, https:\/\/images-na.ssl-images-amazon.com\/images\/I\/31Y-crGmvnL._SS300_.jpg 300w, https:\/\/images-na.ssl-images-amazon.com\/images\/I\/31Y-crGmvnL._SS768_.jpg 768w, https:\/\/images-na.ssl-images-amazon.com\/images\/I\/31Y-crGmvnL._SS1024_.jpg 1024w, https:\/\/images-na.ssl-images-amazon.com\/images\/I\/31Y-crGmvnL._SS1536_.jpg 1536w, https:\/\/images-na.ssl-images-amazon.com\/images\/I\/31Y-crGmvnL._SS2048_.jpg 2048w, https:\/\/images-na.ssl-images-amazon.com\/images\/I\/31Y-crGmvnL._SS80_.jpg 80w, https:\/\/images-na.ssl-images-amazon.com\/images\/I\/31Y-crGmvnL._SS200_.jpg 200w, https:\/\/images-na.ssl-images-amazon.com\/images\/I\/31Y-crGmvnL.jpg 500w, https:\/\/images-na.ssl-images-amazon.com\/images\/I\/31Y-crGmvnL._SS450_.jpg 450w, https:\/\/images-na.ssl-images-amazon.com\/images\/I\/31Y-crGmvnL._SS1400_.jpg 1400w, https:\/\/images-na.ssl-images-amazon.com\/images\/I\/31Y-crGmvnL._SS180_.jpg 180w, https:\/\/images-na.ssl-images-amazon.com\/images\/I\/31Y-crGmvnL._SS600_.jpg 600w, https:\/\/images-na.ssl-images-amazon.com\/images\/I\/31Y-crGmvnL._SS100_.jpg 100w\" sizes=\"(max-width: 150px) 100vw, 150px\" \/><\/a>\n\t\t\t<\/div><\/figure>\n\t\t<\/div>\n<br \/>\n<!-- show up to 2 reviews by default --> <\/p>\n<p>ECKLA Board Guard Boardschloss f\u00fcr Finnenk\u00e4sten und Mastfu\u00dfschienen mit kleiner und gro\u00dfer Aussparung geeignet. Platzbedarf 4 cm. <\/p>\n<div class=\"main-cross-sell\" data-asin=\"B00UQHPX54\">\n\n\t<div class=\"WooZone-cross-sell-loader\">\n\t\t<div>\n\t\t\t<div id=\"floatingBarsG\">\n\t\t\t\t<div class=\"blockG\" id=\"rotateG_01\"><\/div>\n\t\t\t\t<div class=\"blockG\" id=\"rotateG_02\"><\/div>\n\t\t\t\t<div class=\"blockG\" id=\"rotateG_03\"><\/div>\n\t\t\t\t<div class=\"blockG\" id=\"rotateG_04\"><\/div>\n\t\t\t\t<div class=\"blockG\" id=\"rotateG_05\"><\/div>\n\t\t\t\t<div class=\"blockG\" id=\"rotateG_06\"><\/div>\n\t\t\t\t<div class=\"blockG\" id=\"rotateG_07\"><\/div>\n\t\t\t\t<div class=\"blockG\" id=\"rotateG_08\"><\/div>\n\t\t\t<\/div>\n\t\t\t<div class=\"WooZone-cross-sell-loader-text\"><\/div>\n\t\t<\/div>\n\t<\/div>\n\n\t\t\n<\/div>\n<div style=\"clear:both;\"><\/div>\n","protected":false},"excerpt":{"rendered":"<p>ECKLA Board Guard Boardschloss f\u00fcr Finnenk\u00e4sten und Mastfu\u00dfschienen mit kleiner und gro\u00dfer Aussparung geeignet. Platzbedarf 4 cm.<\/p>\n","protected":false},"featured_media":14724,"comment_status":"open","ping_status":"closed","template":"","meta":[],"product_cat":[50],"product_tag":[],"_links":{"self":[{"href":"https:\/\/wellenreiten-surfen.de\/index.php?rest_route=\/wp\/v2\/product\/14723"}],"collection":[{"href":"https:\/\/wellenreiten-surfen.de\/index.php?rest_route=\/wp\/v2\/product"}],"about":[{"href":"https:\/\/wellenreiten-surfen.de\/index.php?rest_route=\/wp\/v2\/types\/product"}],"replies":[{"embeddable":true,"href":"https:\/\/wellenreiten-surfen.de\/index.php?rest_route=%2Fwp%2Fv2%2Fcomments&post=14723"}],"wp:featuredmedia":[{"embeddable":true,"href":"https:\/\/wellenreiten-surfen.de\/index.php?rest_route=\/wp\/v2\/media\/14724"}],"wp:attachment":[{"href":"https:\/\/wellenreiten-surfen.de\/index.php?rest_route=%2Fwp%2Fv2%2Fmedia&parent=14723"}],"wp:term":[{"taxonomy":"product_cat","embeddable":true,"href":"https:\/\/wellenreiten-surfen.de\/index.php?rest_route=%2Fwp%2Fv2%2Fproduct_cat&post=14723"},{"taxonomy":"product_tag","embeddable":true,"href":"https:\/\/wellenreiten-surfen.de\/index.php?rest_route=%2Fwp%2Fv2%2Fproduct_tag&post=14723"}],"curies":[{"name":"wp","href":"https:\/\/api.w.org\/{rel}","templated":true}]}}