{"id":14726,"date":"2021-04-30T03:27:30","date_gmt":"2021-04-30T03:27:30","guid":{"rendered":"https:\/\/wellenreiten-surfen.de\/?product=silverline-244990-mini-einhandhobel-72-mm"},"modified":"2023-04-09T23:33:17","modified_gmt":"2023-04-09T23:33:17","slug":"silverline-244990-mini-einhandhobel-72-mm","status":"publish","type":"product","link":"https:\/\/wellenreiten-surfen.de\/?product=silverline-244990-mini-einhandhobel-72-mm","title":{"rendered":"Silverline 244990 Mini-Einhandhobel 72 mm"},"content":{"rendered":"<p><!-- show up to 2 reviews by default --> <\/p>\n<p>Aus Rosenholz und Messing. Dieser Hobel ist besonders geeignet f\u00fcr Fein- und Kunstarbeiten. Ideal f\u00fcr jeden Hobby- und M\u00f6belschreiner. <\/p>\n<p>Aus Rosenholz und Messing<br \/>\nMit Tiefenschraube<br \/>\n72-mm-L\u00e4nge<br \/>\nIdeal f\u00fcr Hobby und M\u00f6belschreiner<br \/>\n22-mm-Hobelbreite<br \/>\n<div class=\"main-cross-sell\" data-asin=\"B000LFVKTY\">\n\n\t<div class=\"WooZone-cross-sell-loader\">\n\t\t<div>\n\t\t\t<div id=\"floatingBarsG\">\n\t\t\t\t<div class=\"blockG\" id=\"rotateG_01\"><\/div>\n\t\t\t\t<div class=\"blockG\" id=\"rotateG_02\"><\/div>\n\t\t\t\t<div class=\"blockG\" id=\"rotateG_03\"><\/div>\n\t\t\t\t<div class=\"blockG\" id=\"rotateG_04\"><\/div>\n\t\t\t\t<div class=\"blockG\" id=\"rotateG_05\"><\/div>\n\t\t\t\t<div class=\"blockG\" id=\"rotateG_06\"><\/div>\n\t\t\t\t<div class=\"blockG\" id=\"rotateG_07\"><\/div>\n\t\t\t\t<div class=\"blockG\" id=\"rotateG_08\"><\/div>\n\t\t\t<\/div>\n\t\t\t<div class=\"WooZone-cross-sell-loader-text\"><\/div>\n\t\t<\/div>\n\t<\/div>\n\n\t\t\n<\/div>\n<div style=\"clear:both;\"><\/div>\n","protected":false},"excerpt":{"rendered":"<p>Aus Rosenholz und Messing<br \/>\nMit Tiefenschraube<br \/>\n72-mm-L\u00e4nge<\/p>\n","protected":false},"featured_media":14727,"comment_status":"open","ping_status":"closed","template":"","meta":[],"product_cat":[50],"product_tag":[],"_links":{"self":[{"href":"https:\/\/wellenreiten-surfen.de\/index.php?rest_route=\/wp\/v2\/product\/14726"}],"collection":[{"href":"https:\/\/wellenreiten-surfen.de\/index.php?rest_route=\/wp\/v2\/product"}],"about":[{"href":"https:\/\/wellenreiten-surfen.de\/index.php?rest_route=\/wp\/v2\/types\/product"}],"replies":[{"embeddable":true,"href":"https:\/\/wellenreiten-surfen.de\/index.php?rest_route=%2Fwp%2Fv2%2Fcomments&post=14726"}],"wp:featuredmedia":[{"embeddable":true,"href":"https:\/\/wellenreiten-surfen.de\/index.php?rest_route=\/wp\/v2\/media\/14727"}],"wp:attachment":[{"href":"https:\/\/wellenreiten-surfen.de\/index.php?rest_route=%2Fwp%2Fv2%2Fmedia&parent=14726"}],"wp:term":[{"taxonomy":"product_cat","embeddable":true,"href":"https:\/\/wellenreiten-surfen.de\/index.php?rest_route=%2Fwp%2Fv2%2Fproduct_cat&post=14726"},{"taxonomy":"product_tag","embeddable":true,"href":"https:\/\/wellenreiten-surfen.de\/index.php?rest_route=%2Fwp%2Fv2%2Fproduct_tag&post=14726"}],"curies":[{"name":"wp","href":"https:\/\/api.w.org\/{rel}","templated":true}]}}