{"id":14746,"date":"2021-04-30T03:27:41","date_gmt":"2021-04-30T03:27:41","guid":{"rendered":"https:\/\/wellenreiten-surfen.de\/?product=the-ultimate-kayak-and-canoe-trolley"},"modified":"2023-04-09T23:33:18","modified_gmt":"2023-04-09T23:33:18","slug":"the-ultimate-kayak-and-canoe-trolley","status":"publish","type":"product","link":"https:\/\/wellenreiten-surfen.de\/?product=the-ultimate-kayak-and-canoe-trolley","title":{"rendered":"The Ultimate Kayak and Canoe Trolley"},"content":{"rendered":"<div id='gallery-1' class='gallery galleryid-14746 gallery-columns-3 gallery-size-thumbnail'><figure class='gallery-item'>\n\t\t\t<div class='gallery-icon landscape'>\n\t\t\t\t<a href='https:\/\/wellenreiten-surfen.de\/?attachment_id=14747'><img width=\"150\" height=\"150\" src=\"https:\/\/images-na.ssl-images-amazon.com\/images\/I\/51tjovaPhVL._SS150_.jpg\" class=\"attachment-thumbnail size-thumbnail\" alt=\"\" decoding=\"async\" loading=\"lazy\" srcset=\"https:\/\/images-na.ssl-images-amazon.com\/images\/I\/51tjovaPhVL._SS150_.jpg 150w, https:\/\/images-na.ssl-images-amazon.com\/images\/I\/51tjovaPhVL._SS300_.jpg 300w, https:\/\/images-na.ssl-images-amazon.com\/images\/I\/51tjovaPhVL._SS768_.jpg 768w, https:\/\/images-na.ssl-images-amazon.com\/images\/I\/51tjovaPhVL._SS1024_.jpg 1024w, https:\/\/images-na.ssl-images-amazon.com\/images\/I\/51tjovaPhVL._SS1536_.jpg 1536w, https:\/\/images-na.ssl-images-amazon.com\/images\/I\/51tjovaPhVL._SS2048_.jpg 2048w, https:\/\/images-na.ssl-images-amazon.com\/images\/I\/51tjovaPhVL._SS80_.jpg 80w, https:\/\/images-na.ssl-images-amazon.com\/images\/I\/51tjovaPhVL._SS200_.jpg 200w, https:\/\/images-na.ssl-images-amazon.com\/images\/I\/51tjovaPhVL.jpg 500w, https:\/\/images-na.ssl-images-amazon.com\/images\/I\/51tjovaPhVL._SS450_.jpg 450w, https:\/\/images-na.ssl-images-amazon.com\/images\/I\/51tjovaPhVL._SS1400_.jpg 1400w, https:\/\/images-na.ssl-images-amazon.com\/images\/I\/51tjovaPhVL._SS180_.jpg 180w, https:\/\/images-na.ssl-images-amazon.com\/images\/I\/51tjovaPhVL._SS600_.jpg 600w, https:\/\/images-na.ssl-images-amazon.com\/images\/I\/51tjovaPhVL._SS100_.jpg 100w\" sizes=\"(max-width: 150px) 100vw, 150px\" \/><\/a>\n\t\t\t<\/div><\/figure><figure class='gallery-item'>\n\t\t\t<div class='gallery-icon landscape'>\n\t\t\t\t<a href='https:\/\/wellenreiten-surfen.de\/?attachment_id=14748'><img width=\"150\" height=\"150\" src=\"https:\/\/images-na.ssl-images-amazon.com\/images\/I\/51C-uPDIzHL._SS150_.jpg\" class=\"attachment-thumbnail size-thumbnail\" alt=\"\" decoding=\"async\" loading=\"lazy\" srcset=\"https:\/\/images-na.ssl-images-amazon.com\/images\/I\/51C-uPDIzHL._SS150_.jpg 150w, https:\/\/images-na.ssl-images-amazon.com\/images\/I\/51C-uPDIzHL._SS300_.jpg 300w, https:\/\/images-na.ssl-images-amazon.com\/images\/I\/51C-uPDIzHL._SS768_.jpg 768w, https:\/\/images-na.ssl-images-amazon.com\/images\/I\/51C-uPDIzHL._SS1024_.jpg 1024w, https:\/\/images-na.ssl-images-amazon.com\/images\/I\/51C-uPDIzHL._SS1536_.jpg 1536w, https:\/\/images-na.ssl-images-amazon.com\/images\/I\/51C-uPDIzHL._SS2048_.jpg 2048w, https:\/\/images-na.ssl-images-amazon.com\/images\/I\/51C-uPDIzHL._SS80_.jpg 80w, https:\/\/images-na.ssl-images-amazon.com\/images\/I\/51C-uPDIzHL._SS200_.jpg 200w, https:\/\/images-na.ssl-images-amazon.com\/images\/I\/51C-uPDIzHL.jpg 500w, https:\/\/images-na.ssl-images-amazon.com\/images\/I\/51C-uPDIzHL._SS450_.jpg 450w, https:\/\/images-na.ssl-images-amazon.com\/images\/I\/51C-uPDIzHL._SS1400_.jpg 1400w, https:\/\/images-na.ssl-images-amazon.com\/images\/I\/51C-uPDIzHL._SS180_.jpg 180w, https:\/\/images-na.ssl-images-amazon.com\/images\/I\/51C-uPDIzHL._SS600_.jpg 600w, https:\/\/images-na.ssl-images-amazon.com\/images\/I\/51C-uPDIzHL._SS100_.jpg 100w\" sizes=\"(max-width: 150px) 100vw, 150px\" \/><\/a>\n\t\t\t<\/div><\/figure><figure class='gallery-item'>\n\t\t\t<div class='gallery-icon landscape'>\n\t\t\t\t<a href='https:\/\/wellenreiten-surfen.de\/?attachment_id=14749'><img width=\"150\" height=\"150\" src=\"https:\/\/images-na.ssl-images-amazon.com\/images\/I\/31UDU6bXflL._SS150_.jpg\" class=\"attachment-thumbnail size-thumbnail\" alt=\"\" decoding=\"async\" loading=\"lazy\" srcset=\"https:\/\/images-na.ssl-images-amazon.com\/images\/I\/31UDU6bXflL._SS150_.jpg 150w, https:\/\/images-na.ssl-images-amazon.com\/images\/I\/31UDU6bXflL._SS300_.jpg 300w, https:\/\/images-na.ssl-images-amazon.com\/images\/I\/31UDU6bXflL._SS768_.jpg 768w, https:\/\/images-na.ssl-images-amazon.com\/images\/I\/31UDU6bXflL._SS1024_.jpg 1024w, https:\/\/images-na.ssl-images-amazon.com\/images\/I\/31UDU6bXflL._SS1536_.jpg 1536w, https:\/\/images-na.ssl-images-amazon.com\/images\/I\/31UDU6bXflL._SS2048_.jpg 2048w, https:\/\/images-na.ssl-images-amazon.com\/images\/I\/31UDU6bXflL._SS80_.jpg 80w, https:\/\/images-na.ssl-images-amazon.com\/images\/I\/31UDU6bXflL._SS200_.jpg 200w, https:\/\/images-na.ssl-images-amazon.com\/images\/I\/31UDU6bXflL.jpg 500w, https:\/\/images-na.ssl-images-amazon.com\/images\/I\/31UDU6bXflL._SS450_.jpg 450w, https:\/\/images-na.ssl-images-amazon.com\/images\/I\/31UDU6bXflL._SS1400_.jpg 1400w, https:\/\/images-na.ssl-images-amazon.com\/images\/I\/31UDU6bXflL._SS180_.jpg 180w, https:\/\/images-na.ssl-images-amazon.com\/images\/I\/31UDU6bXflL._SS600_.jpg 600w, https:\/\/images-na.ssl-images-amazon.com\/images\/I\/31UDU6bXflL._SS100_.jpg 100w\" sizes=\"(max-width: 150px) 100vw, 150px\" \/><\/a>\n\t\t\t<\/div><\/figure>\n\t\t<\/div>\n<br \/>\n<!-- show up to 2 reviews by default --> <\/p>\n<p>Le chariot canoe kayak C-TUG anti-crevaison de RAILBLAZA Il vous sera tr\u00e8s facile de monter et <\/p>\n<p>Geringes Gewicht (4,3 kg) und handlich und kann bis zu max. 120 kg beladen werden<br \/>\nVerst\u00e4rkte Verbundwerkstoffe, Thermo-geklebte Elastomer-Rumpfpolster<br \/>\nPannensichere R\u00e4der mit \u00e4u\u00dferst griffiger Gummi-Lauffl\u00e4che<br \/>\nMontage ohne Werkzeug und auseinanderbaubar in weniger als 20 Sekunden<br \/>\nPasst in Kajak-Stauraum<br \/>\n<div class=\"main-cross-sell\" data-asin=\"B00KX5A7NW\">\n\n\t<div class=\"WooZone-cross-sell-loader\">\n\t\t<div>\n\t\t\t<div id=\"floatingBarsG\">\n\t\t\t\t<div class=\"blockG\" id=\"rotateG_01\"><\/div>\n\t\t\t\t<div class=\"blockG\" id=\"rotateG_02\"><\/div>\n\t\t\t\t<div class=\"blockG\" id=\"rotateG_03\"><\/div>\n\t\t\t\t<div class=\"blockG\" id=\"rotateG_04\"><\/div>\n\t\t\t\t<div class=\"blockG\" id=\"rotateG_05\"><\/div>\n\t\t\t\t<div class=\"blockG\" id=\"rotateG_06\"><\/div>\n\t\t\t\t<div class=\"blockG\" id=\"rotateG_07\"><\/div>\n\t\t\t\t<div class=\"blockG\" id=\"rotateG_08\"><\/div>\n\t\t\t<\/div>\n\t\t\t<div class=\"WooZone-cross-sell-loader-text\"><\/div>\n\t\t<\/div>\n\t<\/div>\n\n\t\t\n<\/div>\n<div style=\"clear:both;\"><\/div>\n","protected":false},"excerpt":{"rendered":"<p>Geringes Gewicht (4,3 kg) und handlich und kann bis zu max. 120 kg beladen werden<br \/>\nVerst\u00e4rkte Verbundwerkstoffe, Thermo-geklebte Elastomer-Rumpfpolster<br \/>\nPannensichere R\u00e4der mit \u00e4u\u00dferst griffiger Gummi-Lauffl\u00e4che<\/p>\n","protected":false},"featured_media":14747,"comment_status":"open","ping_status":"closed","template":"","meta":[],"product_cat":[50],"product_tag":[],"_links":{"self":[{"href":"https:\/\/wellenreiten-surfen.de\/index.php?rest_route=\/wp\/v2\/product\/14746"}],"collection":[{"href":"https:\/\/wellenreiten-surfen.de\/index.php?rest_route=\/wp\/v2\/product"}],"about":[{"href":"https:\/\/wellenreiten-surfen.de\/index.php?rest_route=\/wp\/v2\/types\/product"}],"replies":[{"embeddable":true,"href":"https:\/\/wellenreiten-surfen.de\/index.php?rest_route=%2Fwp%2Fv2%2Fcomments&post=14746"}],"wp:featuredmedia":[{"embeddable":true,"href":"https:\/\/wellenreiten-surfen.de\/index.php?rest_route=\/wp\/v2\/media\/14747"}],"wp:attachment":[{"href":"https:\/\/wellenreiten-surfen.de\/index.php?rest_route=%2Fwp%2Fv2%2Fmedia&parent=14746"}],"wp:term":[{"taxonomy":"product_cat","embeddable":true,"href":"https:\/\/wellenreiten-surfen.de\/index.php?rest_route=%2Fwp%2Fv2%2Fproduct_cat&post=14746"},{"taxonomy":"product_tag","embeddable":true,"href":"https:\/\/wellenreiten-surfen.de\/index.php?rest_route=%2Fwp%2Fv2%2Fproduct_tag&post=14746"}],"curies":[{"name":"wp","href":"https:\/\/api.w.org\/{rel}","templated":true}]}}