{"id":14952,"date":"2021-04-30T03:33:44","date_gmt":"2021-04-30T03:33:44","guid":{"rendered":"https:\/\/wellenreiten-surfen.de\/?product=light-hybrid-black-red-epoxy-future-surfboard"},"modified":"2023-04-10T23:28:22","modified_gmt":"2023-04-10T23:28:22","slug":"light-hybrid-black-red-epoxy-future-surfboard","status":"publish","type":"product","link":"https:\/\/wellenreiten-surfen.de\/?product=light-hybrid-black-red-epoxy-future-surfboard","title":{"rendered":"Light Hybrid Black\/Red-Epoxy-Future Surfboard"},"content":{"rendered":"<div id='gallery-1' class='gallery galleryid-14952 gallery-columns-3 gallery-size-thumbnail'><figure class='gallery-item'>\n\t\t\t<div class='gallery-icon landscape'>\n\t\t\t\t<a href='https:\/\/wellenreiten-surfen.de\/?attachment_id=14953'><img width=\"150\" height=\"150\" src=\"https:\/\/images-na.ssl-images-amazon.com\/images\/I\/41QoRclxR7L._SS150_.jpg\" class=\"attachment-thumbnail size-thumbnail\" alt=\"\" decoding=\"async\" loading=\"lazy\" srcset=\"https:\/\/images-na.ssl-images-amazon.com\/images\/I\/41QoRclxR7L._SS150_.jpg 150w, https:\/\/images-na.ssl-images-amazon.com\/images\/I\/41QoRclxR7L._SS300_.jpg 300w, https:\/\/images-na.ssl-images-amazon.com\/images\/I\/41QoRclxR7L._SS768_.jpg 768w, https:\/\/images-na.ssl-images-amazon.com\/images\/I\/41QoRclxR7L._SS1024_.jpg 1024w, https:\/\/images-na.ssl-images-amazon.com\/images\/I\/41QoRclxR7L._SS1536_.jpg 1536w, https:\/\/images-na.ssl-images-amazon.com\/images\/I\/41QoRclxR7L._SS2048_.jpg 2048w, https:\/\/images-na.ssl-images-amazon.com\/images\/I\/41QoRclxR7L._SS80_.jpg 80w, https:\/\/images-na.ssl-images-amazon.com\/images\/I\/41QoRclxR7L._SS200_.jpg 200w, https:\/\/images-na.ssl-images-amazon.com\/images\/I\/41QoRclxR7L.jpg 500w, https:\/\/images-na.ssl-images-amazon.com\/images\/I\/41QoRclxR7L._SS450_.jpg 450w, https:\/\/images-na.ssl-images-amazon.com\/images\/I\/41QoRclxR7L._SS1400_.jpg 1400w, https:\/\/images-na.ssl-images-amazon.com\/images\/I\/41QoRclxR7L._SS180_.jpg 180w, https:\/\/images-na.ssl-images-amazon.com\/images\/I\/41QoRclxR7L._SS600_.jpg 600w, https:\/\/images-na.ssl-images-amazon.com\/images\/I\/41QoRclxR7L._SS100_.jpg 100w\" sizes=\"(max-width: 150px) 100vw, 150px\" \/><\/a>\n\t\t\t<\/div><\/figure><figure class='gallery-item'>\n\t\t\t<div class='gallery-icon landscape'>\n\t\t\t\t<a href='https:\/\/wellenreiten-surfen.de\/?attachment_id=14954'><img width=\"150\" height=\"150\" src=\"https:\/\/images-na.ssl-images-amazon.com\/images\/I\/31X9vlK8XgL._SS150_.jpg\" class=\"attachment-thumbnail size-thumbnail\" alt=\"\" decoding=\"async\" loading=\"lazy\" srcset=\"https:\/\/images-na.ssl-images-amazon.com\/images\/I\/31X9vlK8XgL._SS150_.jpg 150w, https:\/\/images-na.ssl-images-amazon.com\/images\/I\/31X9vlK8XgL._SS300_.jpg 300w, https:\/\/images-na.ssl-images-amazon.com\/images\/I\/31X9vlK8XgL._SS768_.jpg 768w, https:\/\/images-na.ssl-images-amazon.com\/images\/I\/31X9vlK8XgL._SS1024_.jpg 1024w, https:\/\/images-na.ssl-images-amazon.com\/images\/I\/31X9vlK8XgL._SS1536_.jpg 1536w, https:\/\/images-na.ssl-images-amazon.com\/images\/I\/31X9vlK8XgL._SS2048_.jpg 2048w, https:\/\/images-na.ssl-images-amazon.com\/images\/I\/31X9vlK8XgL._SS80_.jpg 80w, https:\/\/images-na.ssl-images-amazon.com\/images\/I\/31X9vlK8XgL._SS200_.jpg 200w, https:\/\/images-na.ssl-images-amazon.com\/images\/I\/31X9vlK8XgL.jpg 500w, https:\/\/images-na.ssl-images-amazon.com\/images\/I\/31X9vlK8XgL._SS450_.jpg 450w, https:\/\/images-na.ssl-images-amazon.com\/images\/I\/31X9vlK8XgL._SS1400_.jpg 1400w, https:\/\/images-na.ssl-images-amazon.com\/images\/I\/31X9vlK8XgL._SS180_.jpg 180w, https:\/\/images-na.ssl-images-amazon.com\/images\/I\/31X9vlK8XgL._SS600_.jpg 600w, https:\/\/images-na.ssl-images-amazon.com\/images\/I\/31X9vlK8XgL._SS100_.jpg 100w\" sizes=\"(max-width: 150px) 100vw, 150px\" \/><\/a>\n\t\t\t<\/div><\/figure><figure class='gallery-item'>\n\t\t\t<div class='gallery-icon landscape'>\n\t\t\t\t<a href='https:\/\/wellenreiten-surfen.de\/?attachment_id=14955'><img width=\"150\" height=\"150\" src=\"https:\/\/images-na.ssl-images-amazon.com\/images\/I\/31lpqpqncyL._SS150_.jpg\" class=\"attachment-thumbnail size-thumbnail\" alt=\"\" decoding=\"async\" loading=\"lazy\" srcset=\"https:\/\/images-na.ssl-images-amazon.com\/images\/I\/31lpqpqncyL._SS150_.jpg 150w, https:\/\/images-na.ssl-images-amazon.com\/images\/I\/31lpqpqncyL._SS300_.jpg 300w, https:\/\/images-na.ssl-images-amazon.com\/images\/I\/31lpqpqncyL._SS768_.jpg 768w, https:\/\/images-na.ssl-images-amazon.com\/images\/I\/31lpqpqncyL._SS1024_.jpg 1024w, https:\/\/images-na.ssl-images-amazon.com\/images\/I\/31lpqpqncyL._SS1536_.jpg 1536w, https:\/\/images-na.ssl-images-amazon.com\/images\/I\/31lpqpqncyL._SS2048_.jpg 2048w, https:\/\/images-na.ssl-images-amazon.com\/images\/I\/31lpqpqncyL._SS80_.jpg 80w, https:\/\/images-na.ssl-images-amazon.com\/images\/I\/31lpqpqncyL._SS200_.jpg 200w, https:\/\/images-na.ssl-images-amazon.com\/images\/I\/31lpqpqncyL.jpg 500w, https:\/\/images-na.ssl-images-amazon.com\/images\/I\/31lpqpqncyL._SS450_.jpg 450w, https:\/\/images-na.ssl-images-amazon.com\/images\/I\/31lpqpqncyL._SS1400_.jpg 1400w, https:\/\/images-na.ssl-images-amazon.com\/images\/I\/31lpqpqncyL._SS180_.jpg 180w, https:\/\/images-na.ssl-images-amazon.com\/images\/I\/31lpqpqncyL._SS600_.jpg 600w, https:\/\/images-na.ssl-images-amazon.com\/images\/I\/31lpqpqncyL._SS100_.jpg 100w\" sizes=\"(max-width: 150px) 100vw, 150px\" \/><\/a>\n\t\t\t<\/div><\/figure>\n\t\t<\/div>\n<br \/>\n<!-- show up to 2 reviews by default --> <\/p>\n<p>The Hybrid Series &#8211; GraphitDas The HYBRID Series ist f\u00fcr Geschwindigkeit und Mellow brechenden Wellen entworfen. Es bietet ein Fl\u00fcssiges fahren in kleineren und weichen Wellen. Dieses Design-Konzept wird jedem helfen mehr Wellen zu surfen, es bietet dir eine Maximierung deiner F\u00e4higkeiten und Erfahrungen zu erweitern.Die Kombination, von hohem Volumen, kurzer L\u00e4nge, geraden Rumpf, einem sch\u00f6nem geschwungenem Tail und einem ausgewogenen weichen Rocker, dienen dazu deine Surfskills auf das n\u00e4chste Level zu bringen.Aus dem Tail heraus verl\u00e4uft bis zum Rumpf ein single to double concave to vee dies sorgt f\u00fcr Geschwindigkeit mit kontrolliertem gleiten f\u00fcr Glatte Fl\u00fcssige turns und erleichtert das anpaddeln von Wellen. Die SALTWATER NOMAD EPS EPOXY HOLZ VENEER TECHNOLOGY verf\u00fcgt \u00fcber einen geschlossenen Zellschaum, einen klassischen Mittelstringer, Glasfaser und einer Schicht aus HOLZ VENEER zwischen den oberen Schichten im Stehbereich und ist die \u00f6kologischste und freundlichste Konstruktion, die wir anbieten k\u00f6nnen. <\/p>\n<p>K\u00d6NNENSTUFBeginners &#8211; Intermidates 1-6WELLENH\u00d6HE0, 3 m &#8211; 1, 6 m<br \/>\nKonstruktionEPS Foam, Epoxy, Single to Double Concave, Matt Finish, fins included x3 &#8211; Future 5 Finbox25kgs EPS core top 6oz+2\/3 6oz reinforced in standing area with wood + 4oz bottom 6oz + 4oz<br \/>\nDimensionen5&#8217;8&#8243;x 21&#8243; x 2.7&#8243; 36, 6L5&#8217;10&#8243;x 21&#8243; x 2.7&#8243; 38, 6L6&#8217;0&#8243;x 21.5&#8243; x 2.8&#8243; 41, 7L6&#8217;2&#8243;x 21.75&#8243; x 2.9&#8243; 44, 4L6&#8217;4&#8243;x 21.75&#8243; x 3&#8243; 46L6&#8217;6&#8243; x 22&#8243; x 3&#8243; 49, 9L<br \/>\n<div class=\"main-cross-sell\" data-asin=\"B074RZ4W4M\">\n\n\t<div class=\"WooZone-cross-sell-loader\">\n\t\t<div>\n\t\t\t<div id=\"floatingBarsG\">\n\t\t\t\t<div class=\"blockG\" id=\"rotateG_01\"><\/div>\n\t\t\t\t<div class=\"blockG\" id=\"rotateG_02\"><\/div>\n\t\t\t\t<div class=\"blockG\" id=\"rotateG_03\"><\/div>\n\t\t\t\t<div class=\"blockG\" id=\"rotateG_04\"><\/div>\n\t\t\t\t<div class=\"blockG\" id=\"rotateG_05\"><\/div>\n\t\t\t\t<div class=\"blockG\" id=\"rotateG_06\"><\/div>\n\t\t\t\t<div class=\"blockG\" id=\"rotateG_07\"><\/div>\n\t\t\t\t<div class=\"blockG\" id=\"rotateG_08\"><\/div>\n\t\t\t<\/div>\n\t\t\t<div class=\"WooZone-cross-sell-loader-text\"><\/div>\n\t\t<\/div>\n\t<\/div>\n\n\t\t\n<\/div>\n<div style=\"clear:both;\"><\/div>\n","protected":false},"excerpt":{"rendered":"<p>K\u00d6NNENSTUFBeginners &#8211; Intermidates 1-6WELLENH\u00d6HE0, 3 m &#8211; 1, 6 m<br \/>\nKonstruktionEPS Foam, Epoxy, Single to Double Concave, Matt Finish, fins included x3 &#8211; Future 5 Finbox25kgs EPS core top 6oz+2\/3 6oz reinforced in standing area with wood + 4oz bottom 6oz + 4oz<br \/>\nDimensionen5&#8217;8&#8243;x 21&#8243; x 2.7&#8243; 36, 6L5&#8217;10&#8243;x 21&#8243; x 2.7&#8243; 38, 6L6&#8217;0&#8243;x 21.5&#8243; x 2.8&#8243; 41, 7L6&#8217;2&#8243;x 21.75&#8243; x 2.9&#8243; 44, 4L6&#8217;4&#8243;x 21.75&#8243; x 3&#8243; 46L6&#8217;6&#8243; x 22&#8243; x 3&#8243; 49, 9L<\/p>\n","protected":false},"featured_media":14953,"comment_status":"open","ping_status":"closed","template":"","meta":[],"product_cat":[3184],"product_tag":[],"_links":{"self":[{"href":"https:\/\/wellenreiten-surfen.de\/index.php?rest_route=\/wp\/v2\/product\/14952"}],"collection":[{"href":"https:\/\/wellenreiten-surfen.de\/index.php?rest_route=\/wp\/v2\/product"}],"about":[{"href":"https:\/\/wellenreiten-surfen.de\/index.php?rest_route=\/wp\/v2\/types\/product"}],"replies":[{"embeddable":true,"href":"https:\/\/wellenreiten-surfen.de\/index.php?rest_route=%2Fwp%2Fv2%2Fcomments&post=14952"}],"wp:featuredmedia":[{"embeddable":true,"href":"https:\/\/wellenreiten-surfen.de\/index.php?rest_route=\/wp\/v2\/media\/14953"}],"wp:attachment":[{"href":"https:\/\/wellenreiten-surfen.de\/index.php?rest_route=%2Fwp%2Fv2%2Fmedia&parent=14952"}],"wp:term":[{"taxonomy":"product_cat","embeddable":true,"href":"https:\/\/wellenreiten-surfen.de\/index.php?rest_route=%2Fwp%2Fv2%2Fproduct_cat&post=14952"},{"taxonomy":"product_tag","embeddable":true,"href":"https:\/\/wellenreiten-surfen.de\/index.php?rest_route=%2Fwp%2Fv2%2Fproduct_tag&post=14952"}],"curies":[{"name":"wp","href":"https:\/\/api.w.org\/{rel}","templated":true}]}}