{"id":15068,"date":"2021-04-30T03:35:51","date_gmt":"2021-04-30T03:35:51","guid":{"rendered":"https:\/\/wellenreiten-surfen.de\/?product=mistral-adventure-edition-inflatable-sup"},"modified":"2023-04-10T23:28:24","modified_gmt":"2023-04-10T23:28:24","slug":"mistral-adventure-edition-inflatable-sup","status":"publish","type":"product","link":"https:\/\/wellenreiten-surfen.de\/?product=mistral-adventure-edition-inflatable-sup","title":{"rendered":"MISTRAL Adventure Edition Inflatable SUP"},"content":{"rendered":"<div id='gallery-1' class='gallery galleryid-15068 gallery-columns-3 gallery-size-thumbnail'><figure class='gallery-item'>\n\t\t\t<div class='gallery-icon landscape'>\n\t\t\t\t<a href='https:\/\/wellenreiten-surfen.de\/?attachment_id=15069'><img width=\"150\" height=\"150\" src=\"https:\/\/images-na.ssl-images-amazon.com\/images\/I\/41kAlcgljRL._SS150_.jpg\" class=\"attachment-thumbnail size-thumbnail\" alt=\"\" decoding=\"async\" loading=\"lazy\" srcset=\"https:\/\/images-na.ssl-images-amazon.com\/images\/I\/41kAlcgljRL._SS150_.jpg 150w, https:\/\/images-na.ssl-images-amazon.com\/images\/I\/41kAlcgljRL._SS300_.jpg 300w, https:\/\/images-na.ssl-images-amazon.com\/images\/I\/41kAlcgljRL._SS768_.jpg 768w, https:\/\/images-na.ssl-images-amazon.com\/images\/I\/41kAlcgljRL._SS1024_.jpg 1024w, https:\/\/images-na.ssl-images-amazon.com\/images\/I\/41kAlcgljRL._SS1536_.jpg 1536w, https:\/\/images-na.ssl-images-amazon.com\/images\/I\/41kAlcgljRL._SS2048_.jpg 2048w, https:\/\/images-na.ssl-images-amazon.com\/images\/I\/41kAlcgljRL._SS80_.jpg 80w, https:\/\/images-na.ssl-images-amazon.com\/images\/I\/41kAlcgljRL._SS200_.jpg 200w, https:\/\/images-na.ssl-images-amazon.com\/images\/I\/41kAlcgljRL.jpg 500w, https:\/\/images-na.ssl-images-amazon.com\/images\/I\/41kAlcgljRL._SS450_.jpg 450w, https:\/\/images-na.ssl-images-amazon.com\/images\/I\/41kAlcgljRL._SS1400_.jpg 1400w, https:\/\/images-na.ssl-images-amazon.com\/images\/I\/41kAlcgljRL._SS180_.jpg 180w, https:\/\/images-na.ssl-images-amazon.com\/images\/I\/41kAlcgljRL._SS600_.jpg 600w, https:\/\/images-na.ssl-images-amazon.com\/images\/I\/41kAlcgljRL._SS100_.jpg 100w\" sizes=\"(max-width: 150px) 100vw, 150px\" \/><\/a>\n\t\t\t<\/div><\/figure><figure class='gallery-item'>\n\t\t\t<div class='gallery-icon landscape'>\n\t\t\t\t<a href='https:\/\/wellenreiten-surfen.de\/?attachment_id=15070'><img width=\"150\" height=\"150\" src=\"https:\/\/images-na.ssl-images-amazon.com\/images\/I\/41HAyJq9xVL._SS150_.jpg\" class=\"attachment-thumbnail size-thumbnail\" alt=\"\" decoding=\"async\" loading=\"lazy\" srcset=\"https:\/\/images-na.ssl-images-amazon.com\/images\/I\/41HAyJq9xVL._SS150_.jpg 150w, https:\/\/images-na.ssl-images-amazon.com\/images\/I\/41HAyJq9xVL._SS300_.jpg 300w, https:\/\/images-na.ssl-images-amazon.com\/images\/I\/41HAyJq9xVL._SS768_.jpg 768w, https:\/\/images-na.ssl-images-amazon.com\/images\/I\/41HAyJq9xVL._SS1024_.jpg 1024w, https:\/\/images-na.ssl-images-amazon.com\/images\/I\/41HAyJq9xVL._SS1536_.jpg 1536w, https:\/\/images-na.ssl-images-amazon.com\/images\/I\/41HAyJq9xVL._SS2048_.jpg 2048w, https:\/\/images-na.ssl-images-amazon.com\/images\/I\/41HAyJq9xVL._SS80_.jpg 80w, https:\/\/images-na.ssl-images-amazon.com\/images\/I\/41HAyJq9xVL._SS200_.jpg 200w, https:\/\/images-na.ssl-images-amazon.com\/images\/I\/41HAyJq9xVL.jpg 500w, https:\/\/images-na.ssl-images-amazon.com\/images\/I\/41HAyJq9xVL._SS450_.jpg 450w, https:\/\/images-na.ssl-images-amazon.com\/images\/I\/41HAyJq9xVL._SS1400_.jpg 1400w, https:\/\/images-na.ssl-images-amazon.com\/images\/I\/41HAyJq9xVL._SS180_.jpg 180w, https:\/\/images-na.ssl-images-amazon.com\/images\/I\/41HAyJq9xVL._SS600_.jpg 600w, https:\/\/images-na.ssl-images-amazon.com\/images\/I\/41HAyJq9xVL._SS100_.jpg 100w\" sizes=\"(max-width: 150px) 100vw, 150px\" \/><\/a>\n\t\t\t<\/div><\/figure><figure class='gallery-item'>\n\t\t\t<div class='gallery-icon landscape'>\n\t\t\t\t<a href='https:\/\/wellenreiten-surfen.de\/?attachment_id=15071'><img width=\"150\" height=\"150\" src=\"https:\/\/images-na.ssl-images-amazon.com\/images\/I\/41Fo5VnY7FL._SS150_.jpg\" class=\"attachment-thumbnail size-thumbnail\" alt=\"\" decoding=\"async\" loading=\"lazy\" srcset=\"https:\/\/images-na.ssl-images-amazon.com\/images\/I\/41Fo5VnY7FL._SS150_.jpg 150w, https:\/\/images-na.ssl-images-amazon.com\/images\/I\/41Fo5VnY7FL._SS300_.jpg 300w, https:\/\/images-na.ssl-images-amazon.com\/images\/I\/41Fo5VnY7FL._SS768_.jpg 768w, https:\/\/images-na.ssl-images-amazon.com\/images\/I\/41Fo5VnY7FL._SS1024_.jpg 1024w, https:\/\/images-na.ssl-images-amazon.com\/images\/I\/41Fo5VnY7FL._SS1536_.jpg 1536w, https:\/\/images-na.ssl-images-amazon.com\/images\/I\/41Fo5VnY7FL._SS2048_.jpg 2048w, https:\/\/images-na.ssl-images-amazon.com\/images\/I\/41Fo5VnY7FL._SS80_.jpg 80w, https:\/\/images-na.ssl-images-amazon.com\/images\/I\/41Fo5VnY7FL._SS200_.jpg 200w, https:\/\/images-na.ssl-images-amazon.com\/images\/I\/41Fo5VnY7FL.jpg 500w, https:\/\/images-na.ssl-images-amazon.com\/images\/I\/41Fo5VnY7FL._SS450_.jpg 450w, https:\/\/images-na.ssl-images-amazon.com\/images\/I\/41Fo5VnY7FL._SS1400_.jpg 1400w, https:\/\/images-na.ssl-images-amazon.com\/images\/I\/41Fo5VnY7FL._SS180_.jpg 180w, https:\/\/images-na.ssl-images-amazon.com\/images\/I\/41Fo5VnY7FL._SS600_.jpg 600w, https:\/\/images-na.ssl-images-amazon.com\/images\/I\/41Fo5VnY7FL._SS100_.jpg 100w\" sizes=\"(max-width: 150px) 100vw, 150px\" \/><\/a>\n\t\t\t<\/div><\/figure>\n\t\t<\/div>\n<br \/>\n<!-- show up to 2 reviews by default --> <\/p>\n<p>Das Mistral Adventure SUP ist aufgrund seiner robusten Bauweise und Stabilit\u00e4t ein ideales Allround Board mit einem hervorragenden Preis-Leistungs-Verh\u00e4ltnis. Es ist Teil der Mistral &#8218;Edition Line&#8216; und geeignet f\u00fcr alle Arten von Touren und Abenteuerfahrten. Dank seiner parallelen Kanten und dem etwas breiteren Mittelteil ist das Board \u00e4u\u00dferst laufruhig, spurtreu, und liegt ausgesprochen sicher im Wasser. Die hochwertige &#8218;Fusion Layer Technologie&#8216; verleiht dem Board einen erh\u00f6hten Steifegrad. <\/p>\n<p>Fusion Layer Technology<br \/>\n1x Center Fin US-Box + 2x Seitenfinnen (nicht abnehmbar)<br \/>\n1x Gep\u00e4cknetz<br \/>\nNeues Deckpad + neues Design<br \/>\nLimitierte St\u00fcckzahl<br \/>\n<div class=\"main-cross-sell\" data-asin=\"B07W1GQ8GJ\">\n\n\t<div class=\"WooZone-cross-sell-loader\">\n\t\t<div>\n\t\t\t<div id=\"floatingBarsG\">\n\t\t\t\t<div class=\"blockG\" id=\"rotateG_01\"><\/div>\n\t\t\t\t<div class=\"blockG\" id=\"rotateG_02\"><\/div>\n\t\t\t\t<div class=\"blockG\" id=\"rotateG_03\"><\/div>\n\t\t\t\t<div class=\"blockG\" id=\"rotateG_04\"><\/div>\n\t\t\t\t<div class=\"blockG\" id=\"rotateG_05\"><\/div>\n\t\t\t\t<div class=\"blockG\" id=\"rotateG_06\"><\/div>\n\t\t\t\t<div class=\"blockG\" id=\"rotateG_07\"><\/div>\n\t\t\t\t<div class=\"blockG\" id=\"rotateG_08\"><\/div>\n\t\t\t<\/div>\n\t\t\t<div class=\"WooZone-cross-sell-loader-text\"><\/div>\n\t\t<\/div>\n\t<\/div>\n\n\t\t\n<\/div>\n<div style=\"clear:both;\"><\/div>\n","protected":false},"excerpt":{"rendered":"<p>Fusion Layer Technology<br \/>\n1x Center Fin US-Box + 2x Seitenfinnen (nicht abnehmbar)<br \/>\n1x Gep\u00e4cknetz<\/p>\n","protected":false},"featured_media":15069,"comment_status":"open","ping_status":"closed","template":"","meta":[],"product_cat":[3184],"product_tag":[],"_links":{"self":[{"href":"https:\/\/wellenreiten-surfen.de\/index.php?rest_route=\/wp\/v2\/product\/15068"}],"collection":[{"href":"https:\/\/wellenreiten-surfen.de\/index.php?rest_route=\/wp\/v2\/product"}],"about":[{"href":"https:\/\/wellenreiten-surfen.de\/index.php?rest_route=\/wp\/v2\/types\/product"}],"replies":[{"embeddable":true,"href":"https:\/\/wellenreiten-surfen.de\/index.php?rest_route=%2Fwp%2Fv2%2Fcomments&post=15068"}],"wp:featuredmedia":[{"embeddable":true,"href":"https:\/\/wellenreiten-surfen.de\/index.php?rest_route=\/wp\/v2\/media\/15069"}],"wp:attachment":[{"href":"https:\/\/wellenreiten-surfen.de\/index.php?rest_route=%2Fwp%2Fv2%2Fmedia&parent=15068"}],"wp:term":[{"taxonomy":"product_cat","embeddable":true,"href":"https:\/\/wellenreiten-surfen.de\/index.php?rest_route=%2Fwp%2Fv2%2Fproduct_cat&post=15068"},{"taxonomy":"product_tag","embeddable":true,"href":"https:\/\/wellenreiten-surfen.de\/index.php?rest_route=%2Fwp%2Fv2%2Fproduct_tag&post=15068"}],"curies":[{"name":"wp","href":"https:\/\/api.w.org\/{rel}","templated":true}]}}