{"id":15116,"date":"2021-04-30T03:39:56","date_gmt":"2021-04-30T03:39:56","guid":{"rendered":"https:\/\/wellenreiten-surfen.de\/?product=fanatic-fa-sup-leash-onesize-black"},"modified":"2023-04-10T23:28:24","modified_gmt":"2023-04-10T23:28:24","slug":"fanatic-fa-sup-leash-onesize-black","status":"publish","type":"product","link":"https:\/\/wellenreiten-surfen.de\/?product=fanatic-fa-sup-leash-onesize-black","title":{"rendered":"FANATIC Sup Leash Schwarz &#8211; Elastische praktische Stand Up Paddle Leash, Gr\u00f6\u00dfe One Size &#8211; Farbe Black"},"content":{"rendered":"<p><!-- show up to 2 reviews by default --> <\/p>\n<p>coiled SUP Leash<br \/>superleichte SUP Leash f\u00fcrs Fu\u00dfgelenk2 Drehgelenkeweiche Neoprenmanschetteinkl. Boardconnector <\/p>\n<p>Die Coiled Leash von FANATIC ist speziell f\u00fcr den Race- und Flachwasserbereich gedacht Wellen, die doppelt \u00fcber den Kopf reichen (1,8 bis 3,0 Meter)<br \/>\nultra starke Urethan Dura-Cord Leash f\u00fcr maximale Stabilit\u00e4t und Widerstandsf\u00e4higkeit<br \/>\nAm Fu\u00dfgelenk zu befestigen, Klettverschluss, Fu\u00dfgelenkmanschette aus dickem Neopren f\u00fcr noch mehr Komfort<br \/>\nSUP Spiral Leash mit 2 Drehgelenken an Railsaver und Fuss-Strap aus festen Gurtband<br \/>\nAufgrund ihrer Flexibilit\u00e4t verf\u00e4ngt sie sich nicht so leicht und ist stets mit an Board<br \/>\n<div class=\"main-cross-sell\" data-asin=\"B086XF393Z\">\n\n\t<div class=\"WooZone-cross-sell-loader\">\n\t\t<div>\n\t\t\t<div id=\"floatingBarsG\">\n\t\t\t\t<div class=\"blockG\" id=\"rotateG_01\"><\/div>\n\t\t\t\t<div class=\"blockG\" id=\"rotateG_02\"><\/div>\n\t\t\t\t<div class=\"blockG\" id=\"rotateG_03\"><\/div>\n\t\t\t\t<div class=\"blockG\" id=\"rotateG_04\"><\/div>\n\t\t\t\t<div class=\"blockG\" id=\"rotateG_05\"><\/div>\n\t\t\t\t<div class=\"blockG\" id=\"rotateG_06\"><\/div>\n\t\t\t\t<div class=\"blockG\" id=\"rotateG_07\"><\/div>\n\t\t\t\t<div class=\"blockG\" id=\"rotateG_08\"><\/div>\n\t\t\t<\/div>\n\t\t\t<div class=\"WooZone-cross-sell-loader-text\"><\/div>\n\t\t<\/div>\n\t<\/div>\n\n\t\t\n<\/div>\n<div style=\"clear:both;\"><\/div>\n","protected":false},"excerpt":{"rendered":"<p>Die Coiled Leash von FANATIC ist speziell f\u00fcr den Race- und Flachwasserbereich gedacht Wellen, die doppelt \u00fcber den Kopf reichen (1,8 bis 3,0 Meter)<br \/>\nultra starke Urethan Dura-Cord Leash f\u00fcr maximale Stabilit\u00e4t und Widerstandsf\u00e4higkeit<br \/>\nAm Fu\u00dfgelenk zu befestigen, Klettverschluss, Fu\u00dfgelenkmanschette aus dickem Neopren f\u00fcr noch mehr Komfort<\/p>\n","protected":false},"featured_media":15117,"comment_status":"open","ping_status":"closed","template":"","meta":[],"product_cat":[50],"product_tag":[],"_links":{"self":[{"href":"https:\/\/wellenreiten-surfen.de\/index.php?rest_route=\/wp\/v2\/product\/15116"}],"collection":[{"href":"https:\/\/wellenreiten-surfen.de\/index.php?rest_route=\/wp\/v2\/product"}],"about":[{"href":"https:\/\/wellenreiten-surfen.de\/index.php?rest_route=\/wp\/v2\/types\/product"}],"replies":[{"embeddable":true,"href":"https:\/\/wellenreiten-surfen.de\/index.php?rest_route=%2Fwp%2Fv2%2Fcomments&post=15116"}],"wp:featuredmedia":[{"embeddable":true,"href":"https:\/\/wellenreiten-surfen.de\/index.php?rest_route=\/wp\/v2\/media\/15117"}],"wp:attachment":[{"href":"https:\/\/wellenreiten-surfen.de\/index.php?rest_route=%2Fwp%2Fv2%2Fmedia&parent=15116"}],"wp:term":[{"taxonomy":"product_cat","embeddable":true,"href":"https:\/\/wellenreiten-surfen.de\/index.php?rest_route=%2Fwp%2Fv2%2Fproduct_cat&post=15116"},{"taxonomy":"product_tag","embeddable":true,"href":"https:\/\/wellenreiten-surfen.de\/index.php?rest_route=%2Fwp%2Fv2%2Fproduct_tag&post=15116"}],"curies":[{"name":"wp","href":"https:\/\/api.w.org\/{rel}","templated":true}]}}