{"id":15137,"date":"2021-04-30T03:40:05","date_gmt":"2021-04-30T03:40:05","guid":{"rendered":"https:\/\/wellenreiten-surfen.de\/?product=ylx-surfbrettguertelseil-surf-sicherheitsfuss-seil-lebensrettende-elastische-fussseil-fuer-surfen"},"modified":"2023-04-10T23:28:24","modified_gmt":"2023-04-10T23:28:24","slug":"ylx-surfbrettguertelseil-surf-sicherheitsfuss-seil-lebensrettende-elastische-fussseil-fuer-surfen","status":"publish","type":"product","link":"https:\/\/wellenreiten-surfen.de\/?product=ylx-surfbrettguertelseil-surf-sicherheitsfuss-seil-lebensrettende-elastische-fussseil-fuer-surfen","title":{"rendered":"YLX Surfbrettg\u00fcrtelseil, Surf Sicherheitsfu\u00df Seil Lebensrettende elastische Fu\u00dfseil f\u00fcr Surfen"},"content":{"rendered":"<div id='gallery-1' class='gallery galleryid-15137 gallery-columns-3 gallery-size-thumbnail'><figure class='gallery-item'>\n\t\t\t<div class='gallery-icon landscape'>\n\t\t\t\t<a href='https:\/\/wellenreiten-surfen.de\/?attachment_id=15138'><img width=\"150\" height=\"150\" src=\"https:\/\/images-na.ssl-images-amazon.com\/images\/I\/41uYiBfuJwL._SS150_.jpg\" class=\"attachment-thumbnail size-thumbnail\" alt=\"\" decoding=\"async\" loading=\"lazy\" srcset=\"https:\/\/images-na.ssl-images-amazon.com\/images\/I\/41uYiBfuJwL._SS150_.jpg 150w, https:\/\/images-na.ssl-images-amazon.com\/images\/I\/41uYiBfuJwL._SS300_.jpg 300w, https:\/\/images-na.ssl-images-amazon.com\/images\/I\/41uYiBfuJwL._SS768_.jpg 768w, https:\/\/images-na.ssl-images-amazon.com\/images\/I\/41uYiBfuJwL._SS1024_.jpg 1024w, https:\/\/images-na.ssl-images-amazon.com\/images\/I\/41uYiBfuJwL._SS1536_.jpg 1536w, https:\/\/images-na.ssl-images-amazon.com\/images\/I\/41uYiBfuJwL._SS2048_.jpg 2048w, https:\/\/images-na.ssl-images-amazon.com\/images\/I\/41uYiBfuJwL._SS80_.jpg 80w, https:\/\/images-na.ssl-images-amazon.com\/images\/I\/41uYiBfuJwL._SS200_.jpg 200w, https:\/\/images-na.ssl-images-amazon.com\/images\/I\/41uYiBfuJwL.jpg 500w, https:\/\/images-na.ssl-images-amazon.com\/images\/I\/41uYiBfuJwL._SS450_.jpg 450w, https:\/\/images-na.ssl-images-amazon.com\/images\/I\/41uYiBfuJwL._SS1400_.jpg 1400w, https:\/\/images-na.ssl-images-amazon.com\/images\/I\/41uYiBfuJwL._SS180_.jpg 180w, https:\/\/images-na.ssl-images-amazon.com\/images\/I\/41uYiBfuJwL._SS600_.jpg 600w, https:\/\/images-na.ssl-images-amazon.com\/images\/I\/41uYiBfuJwL._SS100_.jpg 100w\" sizes=\"(max-width: 150px) 100vw, 150px\" \/><\/a>\n\t\t\t<\/div><\/figure><figure class='gallery-item'>\n\t\t\t<div class='gallery-icon landscape'>\n\t\t\t\t<a href='https:\/\/wellenreiten-surfen.de\/?attachment_id=15139'><img width=\"150\" height=\"150\" src=\"https:\/\/images-na.ssl-images-amazon.com\/images\/I\/419upZFIO1L._SS150_.jpg\" class=\"attachment-thumbnail size-thumbnail\" alt=\"\" decoding=\"async\" loading=\"lazy\" srcset=\"https:\/\/images-na.ssl-images-amazon.com\/images\/I\/419upZFIO1L._SS150_.jpg 150w, https:\/\/images-na.ssl-images-amazon.com\/images\/I\/419upZFIO1L._SS300_.jpg 300w, https:\/\/images-na.ssl-images-amazon.com\/images\/I\/419upZFIO1L._SS768_.jpg 768w, https:\/\/images-na.ssl-images-amazon.com\/images\/I\/419upZFIO1L._SS1024_.jpg 1024w, https:\/\/images-na.ssl-images-amazon.com\/images\/I\/419upZFIO1L._SS1536_.jpg 1536w, https:\/\/images-na.ssl-images-amazon.com\/images\/I\/419upZFIO1L._SS2048_.jpg 2048w, https:\/\/images-na.ssl-images-amazon.com\/images\/I\/419upZFIO1L._SS80_.jpg 80w, https:\/\/images-na.ssl-images-amazon.com\/images\/I\/419upZFIO1L._SS200_.jpg 200w, https:\/\/images-na.ssl-images-amazon.com\/images\/I\/419upZFIO1L.jpg 500w, https:\/\/images-na.ssl-images-amazon.com\/images\/I\/419upZFIO1L._SS450_.jpg 450w, https:\/\/images-na.ssl-images-amazon.com\/images\/I\/419upZFIO1L._SS1400_.jpg 1400w, https:\/\/images-na.ssl-images-amazon.com\/images\/I\/419upZFIO1L._SS180_.jpg 180w, https:\/\/images-na.ssl-images-amazon.com\/images\/I\/419upZFIO1L._SS600_.jpg 600w, https:\/\/images-na.ssl-images-amazon.com\/images\/I\/419upZFIO1L._SS100_.jpg 100w\" sizes=\"(max-width: 150px) 100vw, 150px\" \/><\/a>\n\t\t\t<\/div><\/figure><figure class='gallery-item'>\n\t\t\t<div class='gallery-icon landscape'>\n\t\t\t\t<a href='https:\/\/wellenreiten-surfen.de\/?attachment_id=15140'><img width=\"150\" height=\"150\" src=\"https:\/\/images-na.ssl-images-amazon.com\/images\/I\/516CnXcHtZL._SS150_.jpg\" class=\"attachment-thumbnail size-thumbnail\" alt=\"\" decoding=\"async\" loading=\"lazy\" srcset=\"https:\/\/images-na.ssl-images-amazon.com\/images\/I\/516CnXcHtZL._SS150_.jpg 150w, https:\/\/images-na.ssl-images-amazon.com\/images\/I\/516CnXcHtZL._SS300_.jpg 300w, https:\/\/images-na.ssl-images-amazon.com\/images\/I\/516CnXcHtZL._SS768_.jpg 768w, https:\/\/images-na.ssl-images-amazon.com\/images\/I\/516CnXcHtZL._SS1024_.jpg 1024w, https:\/\/images-na.ssl-images-amazon.com\/images\/I\/516CnXcHtZL._SS1536_.jpg 1536w, https:\/\/images-na.ssl-images-amazon.com\/images\/I\/516CnXcHtZL._SS2048_.jpg 2048w, https:\/\/images-na.ssl-images-amazon.com\/images\/I\/516CnXcHtZL._SS80_.jpg 80w, https:\/\/images-na.ssl-images-amazon.com\/images\/I\/516CnXcHtZL._SS200_.jpg 200w, https:\/\/images-na.ssl-images-amazon.com\/images\/I\/516CnXcHtZL.jpg 500w, https:\/\/images-na.ssl-images-amazon.com\/images\/I\/516CnXcHtZL._SS450_.jpg 450w, https:\/\/images-na.ssl-images-amazon.com\/images\/I\/516CnXcHtZL._SS1400_.jpg 1400w, https:\/\/images-na.ssl-images-amazon.com\/images\/I\/516CnXcHtZL._SS180_.jpg 180w, https:\/\/images-na.ssl-images-amazon.com\/images\/I\/516CnXcHtZL._SS600_.jpg 600w, https:\/\/images-na.ssl-images-amazon.com\/images\/I\/516CnXcHtZL._SS100_.jpg 100w\" sizes=\"(max-width: 150px) 100vw, 150px\" \/><\/a>\n\t\t\t<\/div><\/figure>\n\t\t<\/div>\n<br \/>\n<!-- show up to 2 reviews by default --> <\/p>\n<p>Technische Daten:<\/p>\n<p> Material: Aus hochwertigem TPU-Material mit langer Lebensdauer. Es ist ein ausgereiftes und umweltfreundliches Material.<br \/> Das Surfbrettseil ist ein dickes und weiches Tauchmaterial, das den Komfort des Kn\u00f6chels gew\u00e4hrleistet.<br \/> Surfbrett Leine,Genug L\u00e4nge, Das Surfboard Leash besteht aus TPU Seil, um den l\u00e4ngsten und schwersten Surfbretter zu handhaben.<br \/> Das Surf-Zugseil ist ein einziehbares Design, das Sto\u00dfwellen absorbiert und absoluten Komfort auf See und im Fluss gew\u00e4hrleistet.<br \/> Wenn Sie Fragen zu diesem Produkt haben, kontaktieren Sie uns bitte zuerst! Volle R\u00fcckerstattung oder R\u00fcckerstattung.<\/p>\n<p> \u3010Beinhaltet\u3011<br \/> 1 x Surfbrettg\u00fcrtel<\/p>\n<p> Hinweis:<br \/> Aufgrund des Helligkeitsunterschieds sind der Farbunterschied zum Zeitpunkt der Aufnahme und der Unterschied zwischen dem Display und dem menschlichen Auge unvermeidlich. Eine leichte Abweichung kann auftreten.<br \/> Da die Produktgr\u00f6\u00dfe von Hand gemessen wird, kann es zu einer Abweichung von 1-3 cm <\/p>\n<p>\u273f\u3010Hohe Qualit\u00e4t\u3011 Hergestellt aus hochwertigem TPU-Material mit ausgezeichneter Hochspannung, hoher Zugfestigkeit, Z\u00e4higkeit und Alterungsbest\u00e4ndigkeit.<br \/>\n\u273f\u3010Bequem und Praktisch\u3011 Leash surf ist mit einer versteckten Schl\u00fcsseltasche ausgestattet; F\u00fcgen einen Zugring hinzu, um den Klettverschluss einfach zu entriegeln.<br \/>\n\u273f\u3010Komfortabell\u3011 Das Paddle Leash ist mit verstellbaren Neopren Kn\u00f6chelriemen an den Beinen f\u00fcr eine bequeme Passform f\u00fcr M\u00e4nner und Frauen<br \/>\n\u273f\u3010Einfache Installation, langlebig\u3011 Einfache Installation auf Ihrem Surfbrett, um Verschlei\u00df oder Besch\u00e4digung der Schienen zu vermeiden.<br \/>\n\u273f\u3010Geeignet f\u00fcr die Menge\u3011Geeignet f\u00fcr Surfbretter, Paddel und atmungsaktive Paneele. Surfende Beine haben keinen Einfluss auf das Surfen. Es behandelt jedes Wasser (Meer, Fluss, See usw.) auf die bequemste Art und Weise.<br \/>\n<div class=\"main-cross-sell\" data-asin=\"B0851GQKR2\">\n\n\t<div class=\"WooZone-cross-sell-loader\">\n\t\t<div>\n\t\t\t<div id=\"floatingBarsG\">\n\t\t\t\t<div class=\"blockG\" id=\"rotateG_01\"><\/div>\n\t\t\t\t<div class=\"blockG\" id=\"rotateG_02\"><\/div>\n\t\t\t\t<div class=\"blockG\" id=\"rotateG_03\"><\/div>\n\t\t\t\t<div class=\"blockG\" id=\"rotateG_04\"><\/div>\n\t\t\t\t<div class=\"blockG\" id=\"rotateG_05\"><\/div>\n\t\t\t\t<div class=\"blockG\" id=\"rotateG_06\"><\/div>\n\t\t\t\t<div class=\"blockG\" id=\"rotateG_07\"><\/div>\n\t\t\t\t<div class=\"blockG\" id=\"rotateG_08\"><\/div>\n\t\t\t<\/div>\n\t\t\t<div class=\"WooZone-cross-sell-loader-text\"><\/div>\n\t\t<\/div>\n\t<\/div>\n\n\t\t\n<\/div>\n<div style=\"clear:both;\"><\/div>\n","protected":false},"excerpt":{"rendered":"<p>\u273f\u3010Hohe Qualit\u00e4t\u3011 Hergestellt aus hochwertigem TPU-Material mit ausgezeichneter Hochspannung, hoher Zugfestigkeit, Z\u00e4higkeit und Alterungsbest\u00e4ndigkeit.<br \/>\n\u273f\u3010Bequem und Praktisch\u3011 Leash surf ist mit einer versteckten Schl\u00fcsseltasche ausgestattet; F\u00fcgen einen Zugring hinzu, um den Klettverschluss einfach zu entriegeln.<br \/>\n\u273f\u3010Komfortabell\u3011 Das Paddle Leash ist mit verstellbaren Neopren Kn\u00f6chelriemen an den Beinen f\u00fcr eine bequeme Passform f\u00fcr M\u00e4nner und Frauen<\/p>\n","protected":false},"featured_media":15138,"comment_status":"open","ping_status":"closed","template":"","meta":[],"product_cat":[50],"product_tag":[],"_links":{"self":[{"href":"https:\/\/wellenreiten-surfen.de\/index.php?rest_route=\/wp\/v2\/product\/15137"}],"collection":[{"href":"https:\/\/wellenreiten-surfen.de\/index.php?rest_route=\/wp\/v2\/product"}],"about":[{"href":"https:\/\/wellenreiten-surfen.de\/index.php?rest_route=\/wp\/v2\/types\/product"}],"replies":[{"embeddable":true,"href":"https:\/\/wellenreiten-surfen.de\/index.php?rest_route=%2Fwp%2Fv2%2Fcomments&post=15137"}],"wp:featuredmedia":[{"embeddable":true,"href":"https:\/\/wellenreiten-surfen.de\/index.php?rest_route=\/wp\/v2\/media\/15138"}],"wp:attachment":[{"href":"https:\/\/wellenreiten-surfen.de\/index.php?rest_route=%2Fwp%2Fv2%2Fmedia&parent=15137"}],"wp:term":[{"taxonomy":"product_cat","embeddable":true,"href":"https:\/\/wellenreiten-surfen.de\/index.php?rest_route=%2Fwp%2Fv2%2Fproduct_cat&post=15137"},{"taxonomy":"product_tag","embeddable":true,"href":"https:\/\/wellenreiten-surfen.de\/index.php?rest_route=%2Fwp%2Fv2%2Fproduct_tag&post=15137"}],"curies":[{"name":"wp","href":"https:\/\/api.w.org\/{rel}","templated":true}]}}