{"id":15221,"date":"2021-04-30T03:40:39","date_gmt":"2021-04-30T03:40:39","guid":{"rendered":"https:\/\/wellenreiten-surfen.de\/?product=jjyhehot-surfbrett-sup-leineanti-verschraenkung-und-elastisch-dehnbar-surfboard-leine"},"modified":"2023-04-10T23:28:25","modified_gmt":"2023-04-10T23:28:25","slug":"jjyhehot-surfbrett-sup-leineanti-verschraenkung-und-elastisch-dehnbar-surfboard-leine","status":"publish","type":"product","link":"https:\/\/wellenreiten-surfen.de\/?product=jjyhehot-surfbrett-sup-leineanti-verschraenkung-und-elastisch-dehnbar-surfboard-leine","title":{"rendered":"JJYHEHOT Surfbrett Sup Leine,Anti-verschr\u00e4nkung Und Elastisch Dehnbar Surfboard-Leine"},"content":{"rendered":"<div id='gallery-1' class='gallery galleryid-15221 gallery-columns-3 gallery-size-thumbnail'><figure class='gallery-item'>\n\t\t\t<div class='gallery-icon landscape'>\n\t\t\t\t<a href='https:\/\/wellenreiten-surfen.de\/?attachment_id=15222'><img width=\"150\" height=\"150\" src=\"https:\/\/images-na.ssl-images-amazon.com\/images\/I\/410uWVhs32L._SS150_.jpg\" class=\"attachment-thumbnail size-thumbnail\" alt=\"\" decoding=\"async\" loading=\"lazy\" srcset=\"https:\/\/images-na.ssl-images-amazon.com\/images\/I\/410uWVhs32L._SS150_.jpg 150w, https:\/\/images-na.ssl-images-amazon.com\/images\/I\/410uWVhs32L._SS300_.jpg 300w, https:\/\/images-na.ssl-images-amazon.com\/images\/I\/410uWVhs32L._SS768_.jpg 768w, https:\/\/images-na.ssl-images-amazon.com\/images\/I\/410uWVhs32L._SS1024_.jpg 1024w, https:\/\/images-na.ssl-images-amazon.com\/images\/I\/410uWVhs32L._SS1536_.jpg 1536w, https:\/\/images-na.ssl-images-amazon.com\/images\/I\/410uWVhs32L._SS2048_.jpg 2048w, https:\/\/images-na.ssl-images-amazon.com\/images\/I\/410uWVhs32L._SS80_.jpg 80w, https:\/\/images-na.ssl-images-amazon.com\/images\/I\/410uWVhs32L._SS200_.jpg 200w, https:\/\/images-na.ssl-images-amazon.com\/images\/I\/410uWVhs32L.jpg 500w, https:\/\/images-na.ssl-images-amazon.com\/images\/I\/410uWVhs32L._SS450_.jpg 450w, https:\/\/images-na.ssl-images-amazon.com\/images\/I\/410uWVhs32L._SS1400_.jpg 1400w, https:\/\/images-na.ssl-images-amazon.com\/images\/I\/410uWVhs32L._SS180_.jpg 180w, https:\/\/images-na.ssl-images-amazon.com\/images\/I\/410uWVhs32L._SS600_.jpg 600w, https:\/\/images-na.ssl-images-amazon.com\/images\/I\/410uWVhs32L._SS100_.jpg 100w\" sizes=\"(max-width: 150px) 100vw, 150px\" \/><\/a>\n\t\t\t<\/div><\/figure><figure class='gallery-item'>\n\t\t\t<div class='gallery-icon landscape'>\n\t\t\t\t<a href='https:\/\/wellenreiten-surfen.de\/?attachment_id=15223'><img width=\"150\" height=\"150\" src=\"https:\/\/images-na.ssl-images-amazon.com\/images\/I\/41Kif9H%2BoiL._SS150_.jpg\" class=\"attachment-thumbnail size-thumbnail\" alt=\"\" decoding=\"async\" loading=\"lazy\" srcset=\"https:\/\/images-na.ssl-images-amazon.com\/images\/I\/41Kif9H%2BoiL._SS150_.jpg 150w, https:\/\/images-na.ssl-images-amazon.com\/images\/I\/41Kif9H%2BoiL._SS300_.jpg 300w, https:\/\/images-na.ssl-images-amazon.com\/images\/I\/41Kif9H%2BoiL._SS768_.jpg 768w, https:\/\/images-na.ssl-images-amazon.com\/images\/I\/41Kif9H%2BoiL._SS1024_.jpg 1024w, https:\/\/images-na.ssl-images-amazon.com\/images\/I\/41Kif9H%2BoiL._SS1536_.jpg 1536w, https:\/\/images-na.ssl-images-amazon.com\/images\/I\/41Kif9H%2BoiL._SS2048_.jpg 2048w, https:\/\/images-na.ssl-images-amazon.com\/images\/I\/41Kif9H%2BoiL._SS80_.jpg 80w, https:\/\/images-na.ssl-images-amazon.com\/images\/I\/41Kif9H%2BoiL._SS200_.jpg 200w, https:\/\/images-na.ssl-images-amazon.com\/images\/I\/41Kif9H%2BoiL.jpg 500w, https:\/\/images-na.ssl-images-amazon.com\/images\/I\/41Kif9H%2BoiL._SS450_.jpg 450w, https:\/\/images-na.ssl-images-amazon.com\/images\/I\/41Kif9H%2BoiL._SS1400_.jpg 1400w, https:\/\/images-na.ssl-images-amazon.com\/images\/I\/41Kif9H%2BoiL._SS180_.jpg 180w, https:\/\/images-na.ssl-images-amazon.com\/images\/I\/41Kif9H%2BoiL._SS600_.jpg 600w, https:\/\/images-na.ssl-images-amazon.com\/images\/I\/41Kif9H%2BoiL._SS100_.jpg 100w\" sizes=\"(max-width: 150px) 100vw, 150px\" \/><\/a>\n\t\t\t<\/div><\/figure><figure class='gallery-item'>\n\t\t\t<div class='gallery-icon landscape'>\n\t\t\t\t<a href='https:\/\/wellenreiten-surfen.de\/?attachment_id=15224'><img width=\"150\" height=\"150\" src=\"https:\/\/images-na.ssl-images-amazon.com\/images\/I\/51C-H6JOScL._SS150_.jpg\" class=\"attachment-thumbnail size-thumbnail\" alt=\"\" decoding=\"async\" loading=\"lazy\" srcset=\"https:\/\/images-na.ssl-images-amazon.com\/images\/I\/51C-H6JOScL._SS150_.jpg 150w, https:\/\/images-na.ssl-images-amazon.com\/images\/I\/51C-H6JOScL._SS300_.jpg 300w, https:\/\/images-na.ssl-images-amazon.com\/images\/I\/51C-H6JOScL._SS768_.jpg 768w, https:\/\/images-na.ssl-images-amazon.com\/images\/I\/51C-H6JOScL._SS1024_.jpg 1024w, https:\/\/images-na.ssl-images-amazon.com\/images\/I\/51C-H6JOScL._SS1536_.jpg 1536w, https:\/\/images-na.ssl-images-amazon.com\/images\/I\/51C-H6JOScL._SS2048_.jpg 2048w, https:\/\/images-na.ssl-images-amazon.com\/images\/I\/51C-H6JOScL._SS80_.jpg 80w, https:\/\/images-na.ssl-images-amazon.com\/images\/I\/51C-H6JOScL._SS200_.jpg 200w, https:\/\/images-na.ssl-images-amazon.com\/images\/I\/51C-H6JOScL.jpg 500w, https:\/\/images-na.ssl-images-amazon.com\/images\/I\/51C-H6JOScL._SS450_.jpg 450w, https:\/\/images-na.ssl-images-amazon.com\/images\/I\/51C-H6JOScL._SS1400_.jpg 1400w, https:\/\/images-na.ssl-images-amazon.com\/images\/I\/51C-H6JOScL._SS180_.jpg 180w, https:\/\/images-na.ssl-images-amazon.com\/images\/I\/51C-H6JOScL._SS600_.jpg 600w, https:\/\/images-na.ssl-images-amazon.com\/images\/I\/51C-H6JOScL._SS100_.jpg 100w\" sizes=\"(max-width: 150px) 100vw, 150px\" \/><\/a>\n\t\t\t<\/div><\/figure>\n\t\t<\/div>\n<br \/>\n<!-- show up to 2 reviews by default --> <\/p>\n<p><b> Anwendungsbereich: <\/b> Geeignet f\u00fcr verschiedene Wassersportarten wie Stand-Up-Paddle-Boards, Surfbretter, Kajaks, Wasserski usw. <\/p>\n<p><b> Produktmaterial: <\/b> TPU <\/p>\n<p><b> Farbe: <\/b> Schwarz <\/p>\n<p><b> Gewicht: <\/b> 0,33 Pfund <\/p>\n<p><b> Spiralgr\u00f6\u00dfe: <\/b> 5 mm <\/p>\n<p><b> L\u00e4nge: <\/b> 9,8 Fu\u00df <\/p>\n<p><b> Packliste: <\/b> 1 x Surf-Sicherheitsseil <\/p>\n<p> Tipps zur Verwendung von Surfbrett-Zugseilen: <\/p>\n<p> 1. Bitte legen Sie Ihre H\u00e4nde oder Finger nicht um den G\u00fcrtel, um das Surfbrett zu steuern. Es wird dich ernsthaft verletzen. <br \/> 2. \u00dcberpr\u00fcfen Sie regelm\u00e4\u00dfig Ihren Surfg\u00fcrtel, insbesondere vor jedem Surfen. <br \/> 3. Bitte von Hand waschen, nicht bleichen, b\u00fcgeln oder chemisch reinigen <\/p>\n<p>[VERWICKLUNG VERHINDERN] Das einstellbare TPU-Spiralseil kann um 360 Grad gedreht werden, und das Edelstahl-Doppelverdrillungssystem kann verhindern, dass sich das Zugseil an den Beinen verheddert oder verwickelt. Das Zugbeinseil bewirkt keine Einschr\u00e4nkung der Beinbewegung.<br \/>\n[PERFEKTE ELASTIZIT\u00e4T] Die frei einstellbare L\u00e4nge von Surfbrett Leine betr\u00e4gt 9,8 Fu\u00df, sodass Sie den Spa\u00df am Surfen genie\u00dfen k\u00f6nnen.<br \/>\n[LEICHT ZU TRAGEN] Surfboard Leash ist klein und leicht, leicht zu tragen und zu lagern und kann auch in der Hand aufgeh\u00e4ngt werden, wenn Sie sich auf das Surfen vorbereiten.<br \/>\n[GEBRAUCHSANWEISUNG] \u00d6ffnen Sie zuerst die Kn\u00f6chelschlaufe und befestigen Sie sie am Kn\u00f6chel, stellen Sie sie auf eine angenehme Enge ein und befestigen Sie dann das andere Ende am Surfbrett.Surf Leash kann mit Stand-Up Paddle Boards, Surf Boards, Short Boards usw. verwendet werden.<br \/>\n[MATERIAL] Robustes TPU-Surf-Zugseil, best\u00e4ndig gegen Eintauchen in Meerwasser und Langzeitkorrosion. Dauerhaft.<br \/>\n<div class=\"main-cross-sell\" data-asin=\"B086QJL7Y6\">\n\n\t<div class=\"WooZone-cross-sell-loader\">\n\t\t<div>\n\t\t\t<div id=\"floatingBarsG\">\n\t\t\t\t<div class=\"blockG\" id=\"rotateG_01\"><\/div>\n\t\t\t\t<div class=\"blockG\" id=\"rotateG_02\"><\/div>\n\t\t\t\t<div class=\"blockG\" id=\"rotateG_03\"><\/div>\n\t\t\t\t<div class=\"blockG\" id=\"rotateG_04\"><\/div>\n\t\t\t\t<div class=\"blockG\" id=\"rotateG_05\"><\/div>\n\t\t\t\t<div class=\"blockG\" id=\"rotateG_06\"><\/div>\n\t\t\t\t<div class=\"blockG\" id=\"rotateG_07\"><\/div>\n\t\t\t\t<div class=\"blockG\" id=\"rotateG_08\"><\/div>\n\t\t\t<\/div>\n\t\t\t<div class=\"WooZone-cross-sell-loader-text\"><\/div>\n\t\t<\/div>\n\t<\/div>\n\n\t\t\n<\/div>\n<div style=\"clear:both;\"><\/div>\n","protected":false},"excerpt":{"rendered":"<p>[VERWICKLUNG VERHINDERN] Das einstellbare TPU-Spiralseil kann um 360 Grad gedreht werden, und das Edelstahl-Doppelverdrillungssystem kann verhindern, dass sich das Zugseil an den Beinen verheddert oder verwickelt. Das Zugbeinseil bewirkt keine Einschr\u00e4nkung der Beinbewegung.<br \/>\n[PERFEKTE ELASTIZIT\u00e4T] Die frei einstellbare L\u00e4nge von Surfbrett Leine betr\u00e4gt 9,8 Fu\u00df, sodass Sie den Spa\u00df am Surfen genie\u00dfen k\u00f6nnen.<br \/>\n[LEICHT ZU TRAGEN] Surfboard Leash ist klein und leicht, leicht zu tragen und zu lagern und kann auch in der Hand aufgeh\u00e4ngt werden, wenn Sie sich auf das Surfen vorbereiten.<\/p>\n","protected":false},"featured_media":15222,"comment_status":"open","ping_status":"closed","template":"","meta":[],"product_cat":[50],"product_tag":[],"_links":{"self":[{"href":"https:\/\/wellenreiten-surfen.de\/index.php?rest_route=\/wp\/v2\/product\/15221"}],"collection":[{"href":"https:\/\/wellenreiten-surfen.de\/index.php?rest_route=\/wp\/v2\/product"}],"about":[{"href":"https:\/\/wellenreiten-surfen.de\/index.php?rest_route=\/wp\/v2\/types\/product"}],"replies":[{"embeddable":true,"href":"https:\/\/wellenreiten-surfen.de\/index.php?rest_route=%2Fwp%2Fv2%2Fcomments&post=15221"}],"wp:featuredmedia":[{"embeddable":true,"href":"https:\/\/wellenreiten-surfen.de\/index.php?rest_route=\/wp\/v2\/media\/15222"}],"wp:attachment":[{"href":"https:\/\/wellenreiten-surfen.de\/index.php?rest_route=%2Fwp%2Fv2%2Fmedia&parent=15221"}],"wp:term":[{"taxonomy":"product_cat","embeddable":true,"href":"https:\/\/wellenreiten-surfen.de\/index.php?rest_route=%2Fwp%2Fv2%2Fproduct_cat&post=15221"},{"taxonomy":"product_tag","embeddable":true,"href":"https:\/\/wellenreiten-surfen.de\/index.php?rest_route=%2Fwp%2Fv2%2Fproduct_tag&post=15221"}],"curies":[{"name":"wp","href":"https:\/\/api.w.org\/{rel}","templated":true}]}}