{"id":15323,"date":"2021-04-30T03:44:15","date_gmt":"2021-04-30T03:44:15","guid":{"rendered":"https:\/\/wellenreiten-surfen.de\/?product=uvex-eyewear-strap-brillenband"},"modified":"2023-04-10T23:30:07","modified_gmt":"2023-04-10T23:30:07","slug":"uvex-eyewear-strap-brillenband","status":"publish","type":"product","link":"https:\/\/wellenreiten-surfen.de\/?product=uvex-eyewear-strap-brillenband","title":{"rendered":"Uvex Eyewear Strap Brillenband"},"content":{"rendered":"<p><!-- show up to 2 reviews by default --> <\/p>\n<p>Das Eyewear Strap Brillenband von uvex ist universell, passt an den uvex Sportbrillen. Somit k\u00f6nnen Sie ihre Brille, wenn sie nicht ben\u00f6tigt wird einfach umh\u00e4ngen lassen. Es wird am Ende der Brillenb\u00fcgel aufgeschoben und h\u00e4lt an den gummierten B\u00fcgeln.<\/p>\n<p>zus\u00e4tzlicher halt &#8211; klemme l\u00e4nge einstellen&#8230; <\/p>\n<p>H\u00e4lt die Brille sicher da, wo sie sein soll<br \/>\nKein l\u00e4stiges rutschen der Brille bei sportliches Bet\u00e4tigung<br \/>\n95% Polyester, 5% Elasthan<br \/>\nStrap<br \/>\nModellnummer: 4043197154190<br \/>\nAngenehmes Texilband<br \/>\n95% Polyester \/ 5% Elastan<br \/>\n<div class=\"main-cross-sell\" data-asin=\"B004G8CNJ8\">\n\n\t<div class=\"WooZone-cross-sell-loader\">\n\t\t<div>\n\t\t\t<div id=\"floatingBarsG\">\n\t\t\t\t<div class=\"blockG\" id=\"rotateG_01\"><\/div>\n\t\t\t\t<div class=\"blockG\" id=\"rotateG_02\"><\/div>\n\t\t\t\t<div class=\"blockG\" id=\"rotateG_03\"><\/div>\n\t\t\t\t<div class=\"blockG\" id=\"rotateG_04\"><\/div>\n\t\t\t\t<div class=\"blockG\" id=\"rotateG_05\"><\/div>\n\t\t\t\t<div class=\"blockG\" id=\"rotateG_06\"><\/div>\n\t\t\t\t<div class=\"blockG\" id=\"rotateG_07\"><\/div>\n\t\t\t\t<div class=\"blockG\" id=\"rotateG_08\"><\/div>\n\t\t\t<\/div>\n\t\t\t<div class=\"WooZone-cross-sell-loader-text\"><\/div>\n\t\t<\/div>\n\t<\/div>\n\n\t\t\n<\/div>\n<div style=\"clear:both;\"><\/div>\n","protected":false},"excerpt":{"rendered":"<p>H\u00e4lt die Brille sicher da, wo sie sein soll<br \/>\nKein l\u00e4stiges rutschen der Brille bei sportliches Bet\u00e4tigung<br \/>\n95% Polyester, 5% Elasthan<\/p>\n","protected":false},"featured_media":15324,"comment_status":"open","ping_status":"closed","template":"","meta":[],"product_cat":[50],"product_tag":[],"_links":{"self":[{"href":"https:\/\/wellenreiten-surfen.de\/index.php?rest_route=\/wp\/v2\/product\/15323"}],"collection":[{"href":"https:\/\/wellenreiten-surfen.de\/index.php?rest_route=\/wp\/v2\/product"}],"about":[{"href":"https:\/\/wellenreiten-surfen.de\/index.php?rest_route=\/wp\/v2\/types\/product"}],"replies":[{"embeddable":true,"href":"https:\/\/wellenreiten-surfen.de\/index.php?rest_route=%2Fwp%2Fv2%2Fcomments&post=15323"}],"wp:featuredmedia":[{"embeddable":true,"href":"https:\/\/wellenreiten-surfen.de\/index.php?rest_route=\/wp\/v2\/media\/15324"}],"wp:attachment":[{"href":"https:\/\/wellenreiten-surfen.de\/index.php?rest_route=%2Fwp%2Fv2%2Fmedia&parent=15323"}],"wp:term":[{"taxonomy":"product_cat","embeddable":true,"href":"https:\/\/wellenreiten-surfen.de\/index.php?rest_route=%2Fwp%2Fv2%2Fproduct_cat&post=15323"},{"taxonomy":"product_tag","embeddable":true,"href":"https:\/\/wellenreiten-surfen.de\/index.php?rest_route=%2Fwp%2Fv2%2Fproduct_tag&post=15323"}],"curies":[{"name":"wp","href":"https:\/\/api.w.org\/{rel}","templated":true}]}}