{"id":15383,"date":"2021-04-30T03:44:52","date_gmt":"2021-04-30T03:44:52","guid":{"rendered":"https:\/\/wellenreiten-surfen.de\/?product=docs-pro-plugs-ohrstoepsel-mit-schnur-belueftet-mittelgross"},"modified":"2023-04-10T23:30:08","modified_gmt":"2023-04-10T23:30:08","slug":"docs-pro-plugs-ohrstoepsel-mit-schnur-belueftet-mittelgross","status":"publish","type":"product","link":"https:\/\/wellenreiten-surfen.de\/?product=docs-pro-plugs-ohrstoepsel-mit-schnur-belueftet-mittelgross","title":{"rendered":"Doc&#8217;s Pro Plugs Ohrst\u00f6psel mit Schnur, bel\u00fcftet, mittelgro\u00df"},"content":{"rendered":"<div id='gallery-1' class='gallery galleryid-15383 gallery-columns-3 gallery-size-thumbnail'><figure class='gallery-item'>\n\t\t\t<div class='gallery-icon landscape'>\n\t\t\t\t<a href='https:\/\/wellenreiten-surfen.de\/?attachment_id=15384'><img width=\"150\" height=\"150\" src=\"https:\/\/images-na.ssl-images-amazon.com\/images\/I\/319If9PMHmL._SS150_.jpg\" class=\"attachment-thumbnail size-thumbnail\" alt=\"\" decoding=\"async\" loading=\"lazy\" srcset=\"https:\/\/images-na.ssl-images-amazon.com\/images\/I\/319If9PMHmL._SS150_.jpg 150w, https:\/\/images-na.ssl-images-amazon.com\/images\/I\/319If9PMHmL._SS300_.jpg 300w, https:\/\/images-na.ssl-images-amazon.com\/images\/I\/319If9PMHmL._SS768_.jpg 768w, https:\/\/images-na.ssl-images-amazon.com\/images\/I\/319If9PMHmL._SS1024_.jpg 1024w, https:\/\/images-na.ssl-images-amazon.com\/images\/I\/319If9PMHmL._SS1536_.jpg 1536w, https:\/\/images-na.ssl-images-amazon.com\/images\/I\/319If9PMHmL._SS2048_.jpg 2048w, https:\/\/images-na.ssl-images-amazon.com\/images\/I\/319If9PMHmL._SS80_.jpg 80w, https:\/\/images-na.ssl-images-amazon.com\/images\/I\/319If9PMHmL._SS200_.jpg 200w, https:\/\/images-na.ssl-images-amazon.com\/images\/I\/319If9PMHmL.jpg 500w, https:\/\/images-na.ssl-images-amazon.com\/images\/I\/319If9PMHmL._SS450_.jpg 450w, https:\/\/images-na.ssl-images-amazon.com\/images\/I\/319If9PMHmL._SS1400_.jpg 1400w, https:\/\/images-na.ssl-images-amazon.com\/images\/I\/319If9PMHmL._SS180_.jpg 180w, https:\/\/images-na.ssl-images-amazon.com\/images\/I\/319If9PMHmL._SS600_.jpg 600w, https:\/\/images-na.ssl-images-amazon.com\/images\/I\/319If9PMHmL._SS100_.jpg 100w\" sizes=\"(max-width: 150px) 100vw, 150px\" \/><\/a>\n\t\t\t<\/div><\/figure><figure class='gallery-item'>\n\t\t\t<div class='gallery-icon landscape'>\n\t\t\t\t<a href='https:\/\/wellenreiten-surfen.de\/?attachment_id=15385'><img width=\"150\" height=\"150\" src=\"https:\/\/images-na.ssl-images-amazon.com\/images\/I\/41enhjTrp7L._SS150_.jpg\" class=\"attachment-thumbnail size-thumbnail\" alt=\"\" decoding=\"async\" loading=\"lazy\" srcset=\"https:\/\/images-na.ssl-images-amazon.com\/images\/I\/41enhjTrp7L._SS150_.jpg 150w, https:\/\/images-na.ssl-images-amazon.com\/images\/I\/41enhjTrp7L._SS300_.jpg 300w, https:\/\/images-na.ssl-images-amazon.com\/images\/I\/41enhjTrp7L._SS768_.jpg 768w, https:\/\/images-na.ssl-images-amazon.com\/images\/I\/41enhjTrp7L._SS1024_.jpg 1024w, https:\/\/images-na.ssl-images-amazon.com\/images\/I\/41enhjTrp7L._SS1536_.jpg 1536w, https:\/\/images-na.ssl-images-amazon.com\/images\/I\/41enhjTrp7L._SS2048_.jpg 2048w, https:\/\/images-na.ssl-images-amazon.com\/images\/I\/41enhjTrp7L._SS80_.jpg 80w, https:\/\/images-na.ssl-images-amazon.com\/images\/I\/41enhjTrp7L._SS200_.jpg 200w, https:\/\/images-na.ssl-images-amazon.com\/images\/I\/41enhjTrp7L.jpg 500w, https:\/\/images-na.ssl-images-amazon.com\/images\/I\/41enhjTrp7L._SS450_.jpg 450w, https:\/\/images-na.ssl-images-amazon.com\/images\/I\/41enhjTrp7L._SS1400_.jpg 1400w, https:\/\/images-na.ssl-images-amazon.com\/images\/I\/41enhjTrp7L._SS180_.jpg 180w, https:\/\/images-na.ssl-images-amazon.com\/images\/I\/41enhjTrp7L._SS600_.jpg 600w, https:\/\/images-na.ssl-images-amazon.com\/images\/I\/41enhjTrp7L._SS100_.jpg 100w\" sizes=\"(max-width: 150px) 100vw, 150px\" \/><\/a>\n\t\t\t<\/div><\/figure><figure class='gallery-item'>\n\t\t\t<div class='gallery-icon landscape'>\n\t\t\t\t<a href='https:\/\/wellenreiten-surfen.de\/?attachment_id=15386'><img width=\"150\" height=\"150\" src=\"https:\/\/images-na.ssl-images-amazon.com\/images\/I\/21CNTJlVhRL._SS150_.jpg\" class=\"attachment-thumbnail size-thumbnail\" alt=\"\" decoding=\"async\" loading=\"lazy\" srcset=\"https:\/\/images-na.ssl-images-amazon.com\/images\/I\/21CNTJlVhRL._SS150_.jpg 150w, https:\/\/images-na.ssl-images-amazon.com\/images\/I\/21CNTJlVhRL._SS300_.jpg 300w, https:\/\/images-na.ssl-images-amazon.com\/images\/I\/21CNTJlVhRL._SS768_.jpg 768w, https:\/\/images-na.ssl-images-amazon.com\/images\/I\/21CNTJlVhRL._SS1024_.jpg 1024w, https:\/\/images-na.ssl-images-amazon.com\/images\/I\/21CNTJlVhRL._SS1536_.jpg 1536w, https:\/\/images-na.ssl-images-amazon.com\/images\/I\/21CNTJlVhRL._SS2048_.jpg 2048w, https:\/\/images-na.ssl-images-amazon.com\/images\/I\/21CNTJlVhRL._SS80_.jpg 80w, https:\/\/images-na.ssl-images-amazon.com\/images\/I\/21CNTJlVhRL._SS200_.jpg 200w, https:\/\/images-na.ssl-images-amazon.com\/images\/I\/21CNTJlVhRL.jpg 500w, https:\/\/images-na.ssl-images-amazon.com\/images\/I\/21CNTJlVhRL._SS450_.jpg 450w, https:\/\/images-na.ssl-images-amazon.com\/images\/I\/21CNTJlVhRL._SS1400_.jpg 1400w, https:\/\/images-na.ssl-images-amazon.com\/images\/I\/21CNTJlVhRL._SS180_.jpg 180w, https:\/\/images-na.ssl-images-amazon.com\/images\/I\/21CNTJlVhRL._SS600_.jpg 600w, https:\/\/images-na.ssl-images-amazon.com\/images\/I\/21CNTJlVhRL._SS100_.jpg 100w\" sizes=\"(max-width: 150px) 100vw, 150px\" \/><\/a>\n\t\t\t<\/div><\/figure>\n\t\t<\/div>\n<br \/>\nGeben Sie Ihr Modell ein, um sicherzustellen, dass dieser Artikel passt.<br \/>\nVerringert Schalldruck bis zu 20 dB<br \/>\nWird von Musikern, Roadies, Clubg\u00e4ngern, Aufnahmeleitern, Musikliebhabern, Konzertbesuchern, Schwimmern und Wasserski-Sportlern, Windsurfern, Tauchern, Kayak-und Kanufahrern genutzt.<br \/>\nNicht geeignet f\u00fcr Menschen mit einer Trommelfellperforation, die an Wassersport teilnehmen.<br \/>\nDurch das transparente Material wirken die Ohrst\u00f6psel sehr diskret<br \/>\nDie Ohrst\u00f6psel reduzieren den Schalldruck w\u00e4hrend der Klang klar bleibt Die Schnur sorgt daf\u00fcr, dass beide St\u00f6psel beieinander bleiben<br \/>\n<div class=\"main-cross-sell\" data-asin=\"B00K1AAK5O\">\n\n\t<div class=\"WooZone-cross-sell-loader\">\n\t\t<div>\n\t\t\t<div id=\"floatingBarsG\">\n\t\t\t\t<div class=\"blockG\" id=\"rotateG_01\"><\/div>\n\t\t\t\t<div class=\"blockG\" id=\"rotateG_02\"><\/div>\n\t\t\t\t<div class=\"blockG\" id=\"rotateG_03\"><\/div>\n\t\t\t\t<div class=\"blockG\" id=\"rotateG_04\"><\/div>\n\t\t\t\t<div class=\"blockG\" id=\"rotateG_05\"><\/div>\n\t\t\t\t<div class=\"blockG\" id=\"rotateG_06\"><\/div>\n\t\t\t\t<div class=\"blockG\" id=\"rotateG_07\"><\/div>\n\t\t\t\t<div class=\"blockG\" id=\"rotateG_08\"><\/div>\n\t\t\t<\/div>\n\t\t\t<div class=\"WooZone-cross-sell-loader-text\"><\/div>\n\t\t<\/div>\n\t<\/div>\n\n\t\t\n<\/div>\n<div style=\"clear:both;\"><\/div>\n","protected":false},"excerpt":{"rendered":"<p>Geben Sie Ihr Modell ein, um sicherzustellen, dass dieser Artikel passt.<br \/>\nVerringert Schalldruck bis zu 20 dB<br \/>\nWird von Musikern, Roadies, Clubg\u00e4ngern, Aufnahmeleitern, Musikliebhabern, Konzertbesuchern, Schwimmern und Wasserski-Sportlern, Windsurfern, Tauchern, Kayak-und Kanufahrern genutzt.<\/p>\n","protected":false},"featured_media":15384,"comment_status":"open","ping_status":"closed","template":"","meta":[],"product_cat":[50],"product_tag":[],"_links":{"self":[{"href":"https:\/\/wellenreiten-surfen.de\/index.php?rest_route=\/wp\/v2\/product\/15383"}],"collection":[{"href":"https:\/\/wellenreiten-surfen.de\/index.php?rest_route=\/wp\/v2\/product"}],"about":[{"href":"https:\/\/wellenreiten-surfen.de\/index.php?rest_route=\/wp\/v2\/types\/product"}],"replies":[{"embeddable":true,"href":"https:\/\/wellenreiten-surfen.de\/index.php?rest_route=%2Fwp%2Fv2%2Fcomments&post=15383"}],"wp:featuredmedia":[{"embeddable":true,"href":"https:\/\/wellenreiten-surfen.de\/index.php?rest_route=\/wp\/v2\/media\/15384"}],"wp:attachment":[{"href":"https:\/\/wellenreiten-surfen.de\/index.php?rest_route=%2Fwp%2Fv2%2Fmedia&parent=15383"}],"wp:term":[{"taxonomy":"product_cat","embeddable":true,"href":"https:\/\/wellenreiten-surfen.de\/index.php?rest_route=%2Fwp%2Fv2%2Fproduct_cat&post=15383"},{"taxonomy":"product_tag","embeddable":true,"href":"https:\/\/wellenreiten-surfen.de\/index.php?rest_route=%2Fwp%2Fv2%2Fproduct_tag&post=15383"}],"curies":[{"name":"wp","href":"https:\/\/api.w.org\/{rel}","templated":true}]}}