{"id":15429,"date":"2021-04-30T03:50:50","date_gmt":"2021-04-30T03:50:50","guid":{"rendered":"https:\/\/wellenreiten-surfen.de\/?product=navyline-damen-herren-neopren-brillenband-sport-schwimmfaehig-farberot"},"modified":"2023-04-10T23:30:08","modified_gmt":"2023-04-10T23:30:08","slug":"navyline-damen-herren-neopren-brillenband-sport-schwimmfaehig-farberot","status":"publish","type":"product","link":"https:\/\/wellenreiten-surfen.de\/?product=navyline-damen-herren-neopren-brillenband-sport-schwimmfaehig-farberot","title":{"rendered":"Navyline Damen Herren Neopren Brillenband Sport schwimmf\u00e4hig, Farbe:rot"},"content":{"rendered":"<p><!-- show up to 2 reviews by default --> <\/p>\n<p>Navyline hochwertiges Neopren-Brillenband f\u00fcr Wassersportler; bietet perfekten Sitz und rutscht nicht; mit Auftrieb; Gesamtl\u00e4nge: 75 cm; L\u00e4nge ohne Halterungen: 65 cm; erh\u00e4ltlich in den Farben schwarz, dunkelblau, hellblau, grau oder rot. <\/p>\n<p>Navyline elastisches Brillenband aus Neopren &#8211; mit Auftrieb, ideal f\u00fcr Wassersportler<br \/>\nbietet perfekten Sitz f\u00fcr die Sonnenbrille mit flexibler \u00d6ffnung f\u00fcr die B\u00fcgel &#8211; rutscht nicht<br \/>\nGesamtl\u00e4nge: 75 cm, L\u00e4nge ohne Halterungen: 65 cm &#8211; f\u00fcr Sonnenbrillen oder Lesebrillen<br \/>\n<div class=\"main-cross-sell\" data-asin=\"B00IHVXC90\">\n\n\t<div class=\"WooZone-cross-sell-loader\">\n\t\t<div>\n\t\t\t<div id=\"floatingBarsG\">\n\t\t\t\t<div class=\"blockG\" id=\"rotateG_01\"><\/div>\n\t\t\t\t<div class=\"blockG\" id=\"rotateG_02\"><\/div>\n\t\t\t\t<div class=\"blockG\" id=\"rotateG_03\"><\/div>\n\t\t\t\t<div class=\"blockG\" id=\"rotateG_04\"><\/div>\n\t\t\t\t<div class=\"blockG\" id=\"rotateG_05\"><\/div>\n\t\t\t\t<div class=\"blockG\" id=\"rotateG_06\"><\/div>\n\t\t\t\t<div class=\"blockG\" id=\"rotateG_07\"><\/div>\n\t\t\t\t<div class=\"blockG\" id=\"rotateG_08\"><\/div>\n\t\t\t<\/div>\n\t\t\t<div class=\"WooZone-cross-sell-loader-text\"><\/div>\n\t\t<\/div>\n\t<\/div>\n\n\t\t\n<\/div>\n<div style=\"clear:both;\"><\/div>\n","protected":false},"excerpt":{"rendered":"<p>Navyline elastisches Brillenband aus Neopren &#8211; mit Auftrieb, ideal f\u00fcr Wassersportler<br \/>\nbietet perfekten Sitz f\u00fcr die Sonnenbrille mit flexibler \u00d6ffnung f\u00fcr die B\u00fcgel &#8211; rutscht nicht<br \/>\nGesamtl\u00e4nge: 75 cm, L\u00e4nge ohne Halterungen: 65 cm &#8211; f\u00fcr Sonnenbrillen oder Lesebrillen<\/p>\n","protected":false},"featured_media":15430,"comment_status":"open","ping_status":"closed","template":"","meta":[],"product_cat":[50],"product_tag":[],"_links":{"self":[{"href":"https:\/\/wellenreiten-surfen.de\/index.php?rest_route=\/wp\/v2\/product\/15429"}],"collection":[{"href":"https:\/\/wellenreiten-surfen.de\/index.php?rest_route=\/wp\/v2\/product"}],"about":[{"href":"https:\/\/wellenreiten-surfen.de\/index.php?rest_route=\/wp\/v2\/types\/product"}],"replies":[{"embeddable":true,"href":"https:\/\/wellenreiten-surfen.de\/index.php?rest_route=%2Fwp%2Fv2%2Fcomments&post=15429"}],"wp:featuredmedia":[{"embeddable":true,"href":"https:\/\/wellenreiten-surfen.de\/index.php?rest_route=\/wp\/v2\/media\/15430"}],"wp:attachment":[{"href":"https:\/\/wellenreiten-surfen.de\/index.php?rest_route=%2Fwp%2Fv2%2Fmedia&parent=15429"}],"wp:term":[{"taxonomy":"product_cat","embeddable":true,"href":"https:\/\/wellenreiten-surfen.de\/index.php?rest_route=%2Fwp%2Fv2%2Fproduct_cat&post=15429"},{"taxonomy":"product_tag","embeddable":true,"href":"https:\/\/wellenreiten-surfen.de\/index.php?rest_route=%2Fwp%2Fv2%2Fproduct_tag&post=15429"}],"curies":[{"name":"wp","href":"https:\/\/api.w.org\/{rel}","templated":true}]}}