{"id":15515,"date":"2021-04-30T03:54:59","date_gmt":"2021-04-30T03:54:59","guid":{"rendered":"https:\/\/wellenreiten-surfen.de\/?product=aqua-marina-hyper-sup-2019"},"modified":"2023-04-10T23:30:09","modified_gmt":"2023-04-10T23:30:09","slug":"aqua-marina-hyper-sup-2019","status":"publish","type":"product","link":"https:\/\/wellenreiten-surfen.de\/?product=aqua-marina-hyper-sup-2019","title":{"rendered":"AQUA MARINA Hyper SUP 2019"},"content":{"rendered":"<div id='gallery-1' class='gallery galleryid-15515 gallery-columns-3 gallery-size-thumbnail'><figure class='gallery-item'>\n\t\t\t<div class='gallery-icon landscape'>\n\t\t\t\t<a href='https:\/\/wellenreiten-surfen.de\/?attachment_id=15516'><img width=\"150\" height=\"150\" src=\"https:\/\/images-na.ssl-images-amazon.com\/images\/I\/51qoYltxZ9L._SS150_.jpg\" class=\"attachment-thumbnail size-thumbnail\" alt=\"\" decoding=\"async\" loading=\"lazy\" srcset=\"https:\/\/images-na.ssl-images-amazon.com\/images\/I\/51qoYltxZ9L._SS150_.jpg 150w, https:\/\/images-na.ssl-images-amazon.com\/images\/I\/51qoYltxZ9L._SS300_.jpg 300w, https:\/\/images-na.ssl-images-amazon.com\/images\/I\/51qoYltxZ9L._SS768_.jpg 768w, https:\/\/images-na.ssl-images-amazon.com\/images\/I\/51qoYltxZ9L._SS1024_.jpg 1024w, https:\/\/images-na.ssl-images-amazon.com\/images\/I\/51qoYltxZ9L._SS1536_.jpg 1536w, https:\/\/images-na.ssl-images-amazon.com\/images\/I\/51qoYltxZ9L._SS2048_.jpg 2048w, https:\/\/images-na.ssl-images-amazon.com\/images\/I\/51qoYltxZ9L._SS80_.jpg 80w, https:\/\/images-na.ssl-images-amazon.com\/images\/I\/51qoYltxZ9L._SS200_.jpg 200w, https:\/\/images-na.ssl-images-amazon.com\/images\/I\/51qoYltxZ9L.jpg 500w, https:\/\/images-na.ssl-images-amazon.com\/images\/I\/51qoYltxZ9L._SS450_.jpg 450w, https:\/\/images-na.ssl-images-amazon.com\/images\/I\/51qoYltxZ9L._SS1400_.jpg 1400w, https:\/\/images-na.ssl-images-amazon.com\/images\/I\/51qoYltxZ9L._SS180_.jpg 180w, https:\/\/images-na.ssl-images-amazon.com\/images\/I\/51qoYltxZ9L._SS600_.jpg 600w, https:\/\/images-na.ssl-images-amazon.com\/images\/I\/51qoYltxZ9L._SS100_.jpg 100w\" sizes=\"(max-width: 150px) 100vw, 150px\" \/><\/a>\n\t\t\t<\/div><\/figure><figure class='gallery-item'>\n\t\t\t<div class='gallery-icon landscape'>\n\t\t\t\t<a href='https:\/\/wellenreiten-surfen.de\/?attachment_id=15517'><img width=\"150\" height=\"150\" src=\"https:\/\/images-na.ssl-images-amazon.com\/images\/I\/51S709E2p5L._SS150_.jpg\" class=\"attachment-thumbnail size-thumbnail\" alt=\"\" decoding=\"async\" loading=\"lazy\" srcset=\"https:\/\/images-na.ssl-images-amazon.com\/images\/I\/51S709E2p5L._SS150_.jpg 150w, https:\/\/images-na.ssl-images-amazon.com\/images\/I\/51S709E2p5L._SS300_.jpg 300w, https:\/\/images-na.ssl-images-amazon.com\/images\/I\/51S709E2p5L._SS768_.jpg 768w, https:\/\/images-na.ssl-images-amazon.com\/images\/I\/51S709E2p5L._SS1024_.jpg 1024w, https:\/\/images-na.ssl-images-amazon.com\/images\/I\/51S709E2p5L._SS1536_.jpg 1536w, https:\/\/images-na.ssl-images-amazon.com\/images\/I\/51S709E2p5L._SS2048_.jpg 2048w, https:\/\/images-na.ssl-images-amazon.com\/images\/I\/51S709E2p5L._SS80_.jpg 80w, https:\/\/images-na.ssl-images-amazon.com\/images\/I\/51S709E2p5L._SS200_.jpg 200w, https:\/\/images-na.ssl-images-amazon.com\/images\/I\/51S709E2p5L.jpg 500w, https:\/\/images-na.ssl-images-amazon.com\/images\/I\/51S709E2p5L._SS450_.jpg 450w, https:\/\/images-na.ssl-images-amazon.com\/images\/I\/51S709E2p5L._SS1400_.jpg 1400w, https:\/\/images-na.ssl-images-amazon.com\/images\/I\/51S709E2p5L._SS180_.jpg 180w, https:\/\/images-na.ssl-images-amazon.com\/images\/I\/51S709E2p5L._SS600_.jpg 600w, https:\/\/images-na.ssl-images-amazon.com\/images\/I\/51S709E2p5L._SS100_.jpg 100w\" sizes=\"(max-width: 150px) 100vw, 150px\" \/><\/a>\n\t\t\t<\/div><\/figure><figure class='gallery-item'>\n\t\t\t<div class='gallery-icon landscape'>\n\t\t\t\t<a href='https:\/\/wellenreiten-surfen.de\/?attachment_id=15518'><img width=\"150\" height=\"150\" src=\"https:\/\/images-na.ssl-images-amazon.com\/images\/I\/51jgzv3n32L._SS150_.jpg\" class=\"attachment-thumbnail size-thumbnail\" alt=\"\" decoding=\"async\" loading=\"lazy\" srcset=\"https:\/\/images-na.ssl-images-amazon.com\/images\/I\/51jgzv3n32L._SS150_.jpg 150w, https:\/\/images-na.ssl-images-amazon.com\/images\/I\/51jgzv3n32L._SS300_.jpg 300w, https:\/\/images-na.ssl-images-amazon.com\/images\/I\/51jgzv3n32L._SS768_.jpg 768w, https:\/\/images-na.ssl-images-amazon.com\/images\/I\/51jgzv3n32L._SS1024_.jpg 1024w, https:\/\/images-na.ssl-images-amazon.com\/images\/I\/51jgzv3n32L._SS1536_.jpg 1536w, https:\/\/images-na.ssl-images-amazon.com\/images\/I\/51jgzv3n32L._SS2048_.jpg 2048w, https:\/\/images-na.ssl-images-amazon.com\/images\/I\/51jgzv3n32L._SS80_.jpg 80w, https:\/\/images-na.ssl-images-amazon.com\/images\/I\/51jgzv3n32L._SS200_.jpg 200w, https:\/\/images-na.ssl-images-amazon.com\/images\/I\/51jgzv3n32L.jpg 500w, https:\/\/images-na.ssl-images-amazon.com\/images\/I\/51jgzv3n32L._SS450_.jpg 450w, https:\/\/images-na.ssl-images-amazon.com\/images\/I\/51jgzv3n32L._SS1400_.jpg 1400w, https:\/\/images-na.ssl-images-amazon.com\/images\/I\/51jgzv3n32L._SS180_.jpg 180w, https:\/\/images-na.ssl-images-amazon.com\/images\/I\/51jgzv3n32L._SS600_.jpg 600w, https:\/\/images-na.ssl-images-amazon.com\/images\/I\/51jgzv3n32L._SS100_.jpg 100w\" sizes=\"(max-width: 150px) 100vw, 150px\" \/><\/a>\n\t\t\t<\/div><\/figure>\n\t\t<\/div>\n<br \/>\n<!-- show up to 2 reviews by default --> <\/p>\n<p> Die beiden Gr\u00f6\u00dfen 11 ? 6 ?und 12 ? 6 ? sind schnell, sehr einfach zu paddeln und um das Gleichgewicht zu halten gut geeignet, selbst wenn Sie zum ersten Mal auf einem Sup stehen. Die 6-Zoll-Dicke sorgt f\u00fcr unglaubliche Steifigkeit, w\u00e4hrend das zus\u00e4tzliche Volumen Sie und Ihr Gep\u00e4ck trocken h\u00e4lt. Un\u00fcbertroffene Steifigkeit und Stabilit\u00e4t durch die neue Zweikammerkonstruktion machen HYPER ideal f\u00fcr das Tragen von Campingausr\u00fcstung. Die stromlinienf\u00f6rmigen Umrisse machen sie ideal f\u00fcr Hochgeschwindigkeitsfahrten, sodass Sie immer weiter paddeln k\u00f6nnen. <br \/>Eigenschaften: <br \/>&#8211; Boardgr\u00f6\u00dfe: 350x79x15cm; 381x81x15cm <br \/>&#8211; Volumen: 315l; 355l <br \/>&#8211; Gewicht: 9, 8 kg; 11kg <br \/>&#8211; max gewicht: 145kg; 160kg <br \/>&#8211; Doppelkammertechnologie f\u00fcr zus\u00e4tzliche Steifigkeit und Sicherheit <br \/>&#8211; Volldeck- und Base mit Qualit\u00e4tsdruck und Rail Design f\u00fcr gehobene Optik <br \/>&#8211; Herausnehmbare Racing Finne <br \/>&#8211; Tail Kick Pad f\u00fcr kritische Bottom Turns und Cutbacks <br \/>&#8211; Doppelt integriertes Decknetz f\u00fcr zus\u00e4tzlichen Stauraum <br \/>&#8211; Hochwertige Abschlepp\u00f6sen und komfortabler Griff <br \/>&#8211; Diamond Groove Footpad f\u00fcr ultimativen Grip und Komfort <br \/>&#8211; Aqua Marina Double Action-Pumpe f\u00fcr schnelles und einfaches Aufpumpen <br \/>&#8211; Der neu geformte Tail Strip minimiert den Nachlaufverlust beim Hochgeschwindigkeits-Paddeln <\/p>\n<\/p>\n<p>Volumen 355l. &#8211; Gewicht 11kg.<br \/>\nMax. Nutzlast 160kg.<br \/>\nNeue Doppelkammerntechnologie f\u00fcr mehr Sicherheit<br \/>\nLieferumfang: Zipper-Rucksack, Double Action Pump, Safety Coil Leash, Racing Finne<br \/>\nmax. Luftdruck: Hauptkammer 15psi \/ Centerkammer 10psi<br \/>\n<div class=\"main-cross-sell\" data-asin=\"B07HKQ4S38\">\n\n\t<div class=\"WooZone-cross-sell-loader\">\n\t\t<div>\n\t\t\t<div id=\"floatingBarsG\">\n\t\t\t\t<div class=\"blockG\" id=\"rotateG_01\"><\/div>\n\t\t\t\t<div class=\"blockG\" id=\"rotateG_02\"><\/div>\n\t\t\t\t<div class=\"blockG\" id=\"rotateG_03\"><\/div>\n\t\t\t\t<div class=\"blockG\" id=\"rotateG_04\"><\/div>\n\t\t\t\t<div class=\"blockG\" id=\"rotateG_05\"><\/div>\n\t\t\t\t<div class=\"blockG\" id=\"rotateG_06\"><\/div>\n\t\t\t\t<div class=\"blockG\" id=\"rotateG_07\"><\/div>\n\t\t\t\t<div class=\"blockG\" id=\"rotateG_08\"><\/div>\n\t\t\t<\/div>\n\t\t\t<div class=\"WooZone-cross-sell-loader-text\"><\/div>\n\t\t<\/div>\n\t<\/div>\n\n\t\t\n<\/div>\n<div style=\"clear:both;\"><\/div>\n","protected":false},"excerpt":{"rendered":"<p>Volumen 355l. &#8211; Gewicht 11kg.<br \/>\nMax. Nutzlast 160kg.<br \/>\nNeue Doppelkammerntechnologie f\u00fcr mehr Sicherheit<\/p>\n","protected":false},"featured_media":15516,"comment_status":"open","ping_status":"closed","template":"","meta":[],"product_cat":[3184],"product_tag":[],"_links":{"self":[{"href":"https:\/\/wellenreiten-surfen.de\/index.php?rest_route=\/wp\/v2\/product\/15515"}],"collection":[{"href":"https:\/\/wellenreiten-surfen.de\/index.php?rest_route=\/wp\/v2\/product"}],"about":[{"href":"https:\/\/wellenreiten-surfen.de\/index.php?rest_route=\/wp\/v2\/types\/product"}],"replies":[{"embeddable":true,"href":"https:\/\/wellenreiten-surfen.de\/index.php?rest_route=%2Fwp%2Fv2%2Fcomments&post=15515"}],"wp:featuredmedia":[{"embeddable":true,"href":"https:\/\/wellenreiten-surfen.de\/index.php?rest_route=\/wp\/v2\/media\/15516"}],"wp:attachment":[{"href":"https:\/\/wellenreiten-surfen.de\/index.php?rest_route=%2Fwp%2Fv2%2Fmedia&parent=15515"}],"wp:term":[{"taxonomy":"product_cat","embeddable":true,"href":"https:\/\/wellenreiten-surfen.de\/index.php?rest_route=%2Fwp%2Fv2%2Fproduct_cat&post=15515"},{"taxonomy":"product_tag","embeddable":true,"href":"https:\/\/wellenreiten-surfen.de\/index.php?rest_route=%2Fwp%2Fv2%2Fproduct_tag&post=15515"}],"curies":[{"name":"wp","href":"https:\/\/api.w.org\/{rel}","templated":true}]}}