{"id":15679,"date":"2021-04-30T03:59:23","date_gmt":"2021-04-30T03:59:23","guid":{"rendered":"https:\/\/wellenreiten-surfen.de\/?product=10-premium-aufblasbares-stand-up-paddle-board-breite-haltung-fuer-jugendliche-und-erwachsene-mit-sup-zubehoer-surf-control-rutschfestem-deck-leine-paddel-und-pumpe"},"modified":"2023-04-05T22:55:06","modified_gmt":"2023-04-05T22:55:06","slug":"10-premium-aufblasbares-stand-up-paddle-board-breite-haltung-fuer-jugendliche-und-erwachsene-mit-sup-zubehoer-surf-control-rutschfestem-deck-leine-paddel-und-pumpe","status":"publish","type":"product","link":"https:\/\/wellenreiten-surfen.de\/?product=10-premium-aufblasbares-stand-up-paddle-board-breite-haltung-fuer-jugendliche-und-erwachsene-mit-sup-zubehoer-surf-control-rutschfestem-deck-leine-paddel-und-pumpe","title":{"rendered":"10 &#8218;Premium Aufblasbares Stand Up Paddle Board, Breite Haltung F\u00fcr Jugendliche Und Erwachsene, Mit SUP-Zubeh\u00f6r Surf\u2026"},"content":{"rendered":"<div id='gallery-1' class='gallery galleryid-15679 gallery-columns-3 gallery-size-thumbnail'><figure class='gallery-item'>\n\t\t\t<div class='gallery-icon landscape'>\n\t\t\t\t<a href='https:\/\/wellenreiten-surfen.de\/?attachment_id=15680'><img width=\"150\" height=\"150\" src=\"https:\/\/images-na.ssl-images-amazon.com\/images\/I\/41iYadr7yhL._SS150_.jpg\" class=\"attachment-thumbnail size-thumbnail\" alt=\"\" decoding=\"async\" loading=\"lazy\" srcset=\"https:\/\/images-na.ssl-images-amazon.com\/images\/I\/41iYadr7yhL._SS150_.jpg 150w, https:\/\/images-na.ssl-images-amazon.com\/images\/I\/41iYadr7yhL._SS300_.jpg 300w, https:\/\/images-na.ssl-images-amazon.com\/images\/I\/41iYadr7yhL._SS768_.jpg 768w, https:\/\/images-na.ssl-images-amazon.com\/images\/I\/41iYadr7yhL._SS1024_.jpg 1024w, https:\/\/images-na.ssl-images-amazon.com\/images\/I\/41iYadr7yhL._SS1536_.jpg 1536w, https:\/\/images-na.ssl-images-amazon.com\/images\/I\/41iYadr7yhL._SS2048_.jpg 2048w, https:\/\/images-na.ssl-images-amazon.com\/images\/I\/41iYadr7yhL._SS80_.jpg 80w, https:\/\/images-na.ssl-images-amazon.com\/images\/I\/41iYadr7yhL._SS200_.jpg 200w, https:\/\/images-na.ssl-images-amazon.com\/images\/I\/41iYadr7yhL.jpg 500w, https:\/\/images-na.ssl-images-amazon.com\/images\/I\/41iYadr7yhL._SS450_.jpg 450w, https:\/\/images-na.ssl-images-amazon.com\/images\/I\/41iYadr7yhL._SS1400_.jpg 1400w, https:\/\/images-na.ssl-images-amazon.com\/images\/I\/41iYadr7yhL._SS180_.jpg 180w, https:\/\/images-na.ssl-images-amazon.com\/images\/I\/41iYadr7yhL._SS600_.jpg 600w, https:\/\/images-na.ssl-images-amazon.com\/images\/I\/41iYadr7yhL._SS100_.jpg 100w\" sizes=\"(max-width: 150px) 100vw, 150px\" \/><\/a>\n\t\t\t<\/div><\/figure><figure class='gallery-item'>\n\t\t\t<div class='gallery-icon landscape'>\n\t\t\t\t<a href='https:\/\/wellenreiten-surfen.de\/?attachment_id=15681'><img width=\"150\" height=\"150\" src=\"https:\/\/images-na.ssl-images-amazon.com\/images\/I\/513eFpC9QsL._SS150_.jpg\" class=\"attachment-thumbnail size-thumbnail\" alt=\"\" decoding=\"async\" loading=\"lazy\" srcset=\"https:\/\/images-na.ssl-images-amazon.com\/images\/I\/513eFpC9QsL._SS150_.jpg 150w, https:\/\/images-na.ssl-images-amazon.com\/images\/I\/513eFpC9QsL._SS300_.jpg 300w, https:\/\/images-na.ssl-images-amazon.com\/images\/I\/513eFpC9QsL._SS768_.jpg 768w, https:\/\/images-na.ssl-images-amazon.com\/images\/I\/513eFpC9QsL._SS1024_.jpg 1024w, https:\/\/images-na.ssl-images-amazon.com\/images\/I\/513eFpC9QsL._SS1536_.jpg 1536w, https:\/\/images-na.ssl-images-amazon.com\/images\/I\/513eFpC9QsL._SS2048_.jpg 2048w, https:\/\/images-na.ssl-images-amazon.com\/images\/I\/513eFpC9QsL._SS80_.jpg 80w, https:\/\/images-na.ssl-images-amazon.com\/images\/I\/513eFpC9QsL._SS200_.jpg 200w, https:\/\/images-na.ssl-images-amazon.com\/images\/I\/513eFpC9QsL.jpg 500w, https:\/\/images-na.ssl-images-amazon.com\/images\/I\/513eFpC9QsL._SS450_.jpg 450w, https:\/\/images-na.ssl-images-amazon.com\/images\/I\/513eFpC9QsL._SS1400_.jpg 1400w, https:\/\/images-na.ssl-images-amazon.com\/images\/I\/513eFpC9QsL._SS180_.jpg 180w, https:\/\/images-na.ssl-images-amazon.com\/images\/I\/513eFpC9QsL._SS600_.jpg 600w, https:\/\/images-na.ssl-images-amazon.com\/images\/I\/513eFpC9QsL._SS100_.jpg 100w\" sizes=\"(max-width: 150px) 100vw, 150px\" \/><\/a>\n\t\t\t<\/div><\/figure><figure class='gallery-item'>\n\t\t\t<div class='gallery-icon landscape'>\n\t\t\t\t<a href='https:\/\/wellenreiten-surfen.de\/?attachment_id=15682'><img width=\"150\" height=\"150\" src=\"https:\/\/images-na.ssl-images-amazon.com\/images\/I\/41Sury0R7YL._SS150_.jpg\" class=\"attachment-thumbnail size-thumbnail\" alt=\"\" decoding=\"async\" loading=\"lazy\" srcset=\"https:\/\/images-na.ssl-images-amazon.com\/images\/I\/41Sury0R7YL._SS150_.jpg 150w, https:\/\/images-na.ssl-images-amazon.com\/images\/I\/41Sury0R7YL._SS300_.jpg 300w, https:\/\/images-na.ssl-images-amazon.com\/images\/I\/41Sury0R7YL._SS768_.jpg 768w, https:\/\/images-na.ssl-images-amazon.com\/images\/I\/41Sury0R7YL._SS1024_.jpg 1024w, https:\/\/images-na.ssl-images-amazon.com\/images\/I\/41Sury0R7YL._SS1536_.jpg 1536w, https:\/\/images-na.ssl-images-amazon.com\/images\/I\/41Sury0R7YL._SS2048_.jpg 2048w, https:\/\/images-na.ssl-images-amazon.com\/images\/I\/41Sury0R7YL._SS80_.jpg 80w, https:\/\/images-na.ssl-images-amazon.com\/images\/I\/41Sury0R7YL._SS200_.jpg 200w, https:\/\/images-na.ssl-images-amazon.com\/images\/I\/41Sury0R7YL.jpg 500w, https:\/\/images-na.ssl-images-amazon.com\/images\/I\/41Sury0R7YL._SS450_.jpg 450w, https:\/\/images-na.ssl-images-amazon.com\/images\/I\/41Sury0R7YL._SS1400_.jpg 1400w, https:\/\/images-na.ssl-images-amazon.com\/images\/I\/41Sury0R7YL._SS180_.jpg 180w, https:\/\/images-na.ssl-images-amazon.com\/images\/I\/41Sury0R7YL._SS600_.jpg 600w, https:\/\/images-na.ssl-images-amazon.com\/images\/I\/41Sury0R7YL._SS100_.jpg 100w\" sizes=\"(max-width: 150px) 100vw, 150px\" \/><\/a>\n\t\t\t<\/div><\/figure>\n\t\t<\/div>\n<br \/>\n<!-- show up to 2 reviews by default --> <\/p>\n<p>\u2605 stabil: L\u00e4nge 305 cm * Breite 76 cm * Dicke 15 cm SUP-Board hat eine sichere Tragf\u00e4higkeit von 150 kg (330 \u00a3), breite und hervorragende Stabilit\u00e4t, leicht zu reiten. Eine Planke, die f\u00fcr das Meer mit Kindern geeignet ist. vor allem, wenn Sie ein Anf\u00e4nger sind, der versucht, SUP zu lernen<br \/>\u2605 Aufbau f\u00fcr die Erkundung: Das aufblasbare SUST-Brett ist f\u00fcr den aufblasbaren SUP-Board mit einer Hybridase zum Angeln, Touren, Schnorcheln, Speerfischen oder zum Erholungspaddeln bei allen Wetterbedingungen ausgestattet<br \/>\u2605 EXTRA TRAKTION &amp; COMFORT: Das strukturierte EVA-Deck-Pad sorgt f\u00fcr einen guten Griff, selbst wenn es nass ist; und f\u00fchlt sich wohl, sich zu stehen, knien oder zu sitzen. Es ist lang und gro\u00df, um viel Platz zu geben, um mit einem Kind oder Haustier zu paddeln, machen Sie Yoga oder andere Aktivit\u00e4ten<br \/>\u2605 Starke Haltbarkeit: Unser Stand Up Paddel Board ist mit einem Mietwagen-PVC-Material und einem superverst\u00e4rkten zusammengesetzten HALYARD-Stichbauf ausgestattet. Entwickelt f\u00fcr stabil und stark in S\u00fc\u00dfwasser- und Salzwasserumgebungen unter verschiedenen Bedingungen.<br \/>Hinweis:<br \/>1. Lesen Sie die Benutzerhandbuch sorgf\u00e4ltig, bevor Sie ihn verwenden.<br \/>2. Nehmen Sie keine scharfen Gegenst\u00e4nde zusammen mit der Verwendung des Boards. Vermeiden Sie alle Kontakte zwischen dem SUP und allen scharfen Gegenst\u00e4nden.<br \/>3. Vermeiden Sie Sandbanks, Korallenriffe und Felsen. Navigieren Sie in der N\u00e4he des Ufers oder des Strandes und des bezeichneten Bootsbereichs. <\/p>\n<p>\u2605 stabil: L\u00e4nge 305 cm * Breite 76 cm * Dicke 15 cm SUP-Board hat eine sichere Tragf\u00e4higkeit von 150 kg (330 \u00a3), breite und hervorragende Stabilit\u00e4t, leicht zu reiten. Eine Planke, die f\u00fcr das Meer mit Kindern geeignet ist. Besonders wenn Sie ein Anf\u00e4nger sind, der versucht, SUP zu lernen.<br \/>\n\u2605 Ultra dauerhaft: Mit zus\u00e4tzlicher PVC-Schicht aus PVC-Schienenschienen k\u00f6nnen die Board-Haltbarkeit stark gest\u00e4rkt.<br \/>\n\u2605 EXTRA TRAKTION &amp; COMFORT: Das strukturierte EVA-Deck-Pad sorgt f\u00fcr einen guten Griff, selbst wenn es nass ist; und f\u00fchlt sich wohl, sich zu stehen, knien oder zu sitzen. Es ist lang und gro\u00df, gibt viel Platz zum Paddeln mit einem Kind oder Haustier, do Yoga oder anderen Aktivit\u00e4ten.<br \/>\n\u2605 Rutschfestes weiches Top-Deck: Ideal f\u00fcr alle F\u00e4higkeiten f\u00fcr weniger Unf\u00e4lle oder Verletzungen sollten Sie fallen! Geb\u00fcrstete Verdickung aufblasbarer St\u00e4nder nach oben Paddelplatine. Beste Fischerei, Touren, Schnorcheln, Speerfischen oder Erholungspaddeln bei allen Wetterbedingungen ..<br \/>\n\u2605 bereit zum Surfen von ISUP-Zubeh\u00f6rpaket: Ideal f\u00fcr alle Fertigkeiten und Wasserbedingungen, das Set umfasst eine aufblasbare Paddelplatte, eine Hochdruckpumpe und eine Flosse; Alle passt in den mitgelieferten Tragrucksack. Schnell aufblasen und zu speichern.<br \/>\n<div class=\"main-cross-sell\" data-asin=\"B0915ZR8C9\">\n\n\t<div class=\"WooZone-cross-sell-loader\">\n\t\t<div>\n\t\t\t<div id=\"floatingBarsG\">\n\t\t\t\t<div class=\"blockG\" id=\"rotateG_01\"><\/div>\n\t\t\t\t<div class=\"blockG\" id=\"rotateG_02\"><\/div>\n\t\t\t\t<div class=\"blockG\" id=\"rotateG_03\"><\/div>\n\t\t\t\t<div class=\"blockG\" id=\"rotateG_04\"><\/div>\n\t\t\t\t<div class=\"blockG\" id=\"rotateG_05\"><\/div>\n\t\t\t\t<div class=\"blockG\" id=\"rotateG_06\"><\/div>\n\t\t\t\t<div class=\"blockG\" id=\"rotateG_07\"><\/div>\n\t\t\t\t<div class=\"blockG\" id=\"rotateG_08\"><\/div>\n\t\t\t<\/div>\n\t\t\t<div class=\"WooZone-cross-sell-loader-text\"><\/div>\n\t\t<\/div>\n\t<\/div>\n\n\t\t\n<\/div>\n<div style=\"clear:both;\"><\/div>\n","protected":false},"excerpt":{"rendered":"<p>\u2605 stabil: L\u00e4nge 305 cm * Breite 76 cm * Dicke 15 cm SUP-Board hat eine sichere Tragf\u00e4higkeit von 150 kg (330 \u00a3), breite und hervorragende Stabilit\u00e4t, leicht zu reiten. Eine Planke, die f\u00fcr das Meer mit Kindern geeignet ist. Besonders wenn Sie ein Anf\u00e4nger sind, der versucht, SUP zu lernen.<br \/>\n\u2605 Ultra dauerhaft: Mit zus\u00e4tzlicher PVC-Schicht aus PVC-Schienenschienen k\u00f6nnen die Board-Haltbarkeit stark gest\u00e4rkt.<br \/>\n\u2605 EXTRA TRAKTION &amp; COMFORT: Das strukturierte EVA-Deck-Pad sorgt f\u00fcr einen guten Griff, selbst wenn es nass ist; und f\u00fchlt sich wohl, sich zu stehen, knien oder zu sitzen. Es ist lang und gro\u00df, gibt viel Platz zum Paddeln mit einem Kind oder Haustier, do Yoga oder anderen Aktivit\u00e4ten.<\/p>\n","protected":false},"featured_media":15680,"comment_status":"open","ping_status":"closed","template":"","meta":[],"product_cat":[3184],"product_tag":[],"_links":{"self":[{"href":"https:\/\/wellenreiten-surfen.de\/index.php?rest_route=\/wp\/v2\/product\/15679"}],"collection":[{"href":"https:\/\/wellenreiten-surfen.de\/index.php?rest_route=\/wp\/v2\/product"}],"about":[{"href":"https:\/\/wellenreiten-surfen.de\/index.php?rest_route=\/wp\/v2\/types\/product"}],"replies":[{"embeddable":true,"href":"https:\/\/wellenreiten-surfen.de\/index.php?rest_route=%2Fwp%2Fv2%2Fcomments&post=15679"}],"wp:featuredmedia":[{"embeddable":true,"href":"https:\/\/wellenreiten-surfen.de\/index.php?rest_route=\/wp\/v2\/media\/15680"}],"wp:attachment":[{"href":"https:\/\/wellenreiten-surfen.de\/index.php?rest_route=%2Fwp%2Fv2%2Fmedia&parent=15679"}],"wp:term":[{"taxonomy":"product_cat","embeddable":true,"href":"https:\/\/wellenreiten-surfen.de\/index.php?rest_route=%2Fwp%2Fv2%2Fproduct_cat&post=15679"},{"taxonomy":"product_tag","embeddable":true,"href":"https:\/\/wellenreiten-surfen.de\/index.php?rest_route=%2Fwp%2Fv2%2Fproduct_tag&post=15679"}],"curies":[{"name":"wp","href":"https:\/\/api.w.org\/{rel}","templated":true}]}}