{"id":15775,"date":"2021-04-30T04:06:19","date_gmt":"2021-04-30T04:06:19","guid":{"rendered":"https:\/\/wellenreiten-surfen.de\/?product=dakine-mission-hybrid-reisetasche-carbon"},"modified":"2023-04-05T22:55:07","modified_gmt":"2023-04-05T22:55:07","slug":"dakine-mission-hybrid-reisetasche-carbon","status":"publish","type":"product","link":"https:\/\/wellenreiten-surfen.de\/?product=dakine-mission-hybrid-reisetasche-carbon","title":{"rendered":"Dakine Mission Hybrid Reisetasche \u2013 Carbon"},"content":{"rendered":"<div id='gallery-1' class='gallery galleryid-15775 gallery-columns-3 gallery-size-thumbnail'><figure class='gallery-item'>\n\t\t\t<div class='gallery-icon landscape'>\n\t\t\t\t<a href='https:\/\/wellenreiten-surfen.de\/?attachment_id=15776'><img width=\"150\" height=\"150\" src=\"https:\/\/images-na.ssl-images-amazon.com\/images\/I\/41syq77kaiL._SS150_.jpg\" class=\"attachment-thumbnail size-thumbnail\" alt=\"\" decoding=\"async\" loading=\"lazy\" srcset=\"https:\/\/images-na.ssl-images-amazon.com\/images\/I\/41syq77kaiL._SS150_.jpg 150w, https:\/\/images-na.ssl-images-amazon.com\/images\/I\/41syq77kaiL._SS300_.jpg 300w, https:\/\/images-na.ssl-images-amazon.com\/images\/I\/41syq77kaiL._SS768_.jpg 768w, https:\/\/images-na.ssl-images-amazon.com\/images\/I\/41syq77kaiL._SS1024_.jpg 1024w, https:\/\/images-na.ssl-images-amazon.com\/images\/I\/41syq77kaiL._SS1536_.jpg 1536w, https:\/\/images-na.ssl-images-amazon.com\/images\/I\/41syq77kaiL._SS2048_.jpg 2048w, https:\/\/images-na.ssl-images-amazon.com\/images\/I\/41syq77kaiL._SS80_.jpg 80w, https:\/\/images-na.ssl-images-amazon.com\/images\/I\/41syq77kaiL._SS200_.jpg 200w, https:\/\/images-na.ssl-images-amazon.com\/images\/I\/41syq77kaiL.jpg 500w, https:\/\/images-na.ssl-images-amazon.com\/images\/I\/41syq77kaiL._SS450_.jpg 450w, https:\/\/images-na.ssl-images-amazon.com\/images\/I\/41syq77kaiL._SS1400_.jpg 1400w, https:\/\/images-na.ssl-images-amazon.com\/images\/I\/41syq77kaiL._SS180_.jpg 180w, https:\/\/images-na.ssl-images-amazon.com\/images\/I\/41syq77kaiL._SS600_.jpg 600w, https:\/\/images-na.ssl-images-amazon.com\/images\/I\/41syq77kaiL._SS100_.jpg 100w\" sizes=\"(max-width: 150px) 100vw, 150px\" \/><\/a>\n\t\t\t<\/div><\/figure><figure class='gallery-item'>\n\t\t\t<div class='gallery-icon landscape'>\n\t\t\t\t<a href='https:\/\/wellenreiten-surfen.de\/?attachment_id=15777'><img width=\"150\" height=\"150\" src=\"https:\/\/images-na.ssl-images-amazon.com\/images\/I\/31SJMt0PhlL._SS150_.jpg\" class=\"attachment-thumbnail size-thumbnail\" alt=\"\" decoding=\"async\" loading=\"lazy\" srcset=\"https:\/\/images-na.ssl-images-amazon.com\/images\/I\/31SJMt0PhlL._SS150_.jpg 150w, https:\/\/images-na.ssl-images-amazon.com\/images\/I\/31SJMt0PhlL._SS300_.jpg 300w, https:\/\/images-na.ssl-images-amazon.com\/images\/I\/31SJMt0PhlL._SS768_.jpg 768w, https:\/\/images-na.ssl-images-amazon.com\/images\/I\/31SJMt0PhlL._SS1024_.jpg 1024w, https:\/\/images-na.ssl-images-amazon.com\/images\/I\/31SJMt0PhlL._SS1536_.jpg 1536w, https:\/\/images-na.ssl-images-amazon.com\/images\/I\/31SJMt0PhlL._SS2048_.jpg 2048w, https:\/\/images-na.ssl-images-amazon.com\/images\/I\/31SJMt0PhlL._SS80_.jpg 80w, https:\/\/images-na.ssl-images-amazon.com\/images\/I\/31SJMt0PhlL._SS200_.jpg 200w, https:\/\/images-na.ssl-images-amazon.com\/images\/I\/31SJMt0PhlL.jpg 500w, https:\/\/images-na.ssl-images-amazon.com\/images\/I\/31SJMt0PhlL._SS450_.jpg 450w, https:\/\/images-na.ssl-images-amazon.com\/images\/I\/31SJMt0PhlL._SS1400_.jpg 1400w, https:\/\/images-na.ssl-images-amazon.com\/images\/I\/31SJMt0PhlL._SS180_.jpg 180w, https:\/\/images-na.ssl-images-amazon.com\/images\/I\/31SJMt0PhlL._SS600_.jpg 600w, https:\/\/images-na.ssl-images-amazon.com\/images\/I\/31SJMt0PhlL._SS100_.jpg 100w\" sizes=\"(max-width: 150px) 100vw, 150px\" \/><\/a>\n\t\t\t<\/div><\/figure><figure class='gallery-item'>\n\t\t\t<div class='gallery-icon landscape'>\n\t\t\t\t<a href='https:\/\/wellenreiten-surfen.de\/?attachment_id=15778'><img width=\"150\" height=\"150\" src=\"https:\/\/images-na.ssl-images-amazon.com\/images\/I\/61yW-2rq9nL._SS150_.jpg\" class=\"attachment-thumbnail size-thumbnail\" alt=\"\" decoding=\"async\" loading=\"lazy\" srcset=\"https:\/\/images-na.ssl-images-amazon.com\/images\/I\/61yW-2rq9nL._SS150_.jpg 150w, https:\/\/images-na.ssl-images-amazon.com\/images\/I\/61yW-2rq9nL._SS300_.jpg 300w, https:\/\/images-na.ssl-images-amazon.com\/images\/I\/61yW-2rq9nL._SS768_.jpg 768w, https:\/\/images-na.ssl-images-amazon.com\/images\/I\/61yW-2rq9nL._SS1024_.jpg 1024w, https:\/\/images-na.ssl-images-amazon.com\/images\/I\/61yW-2rq9nL._SS1536_.jpg 1536w, https:\/\/images-na.ssl-images-amazon.com\/images\/I\/61yW-2rq9nL._SS2048_.jpg 2048w, https:\/\/images-na.ssl-images-amazon.com\/images\/I\/61yW-2rq9nL._SS80_.jpg 80w, https:\/\/images-na.ssl-images-amazon.com\/images\/I\/61yW-2rq9nL._SS200_.jpg 200w, https:\/\/images-na.ssl-images-amazon.com\/images\/I\/61yW-2rq9nL.jpg 500w, https:\/\/images-na.ssl-images-amazon.com\/images\/I\/61yW-2rq9nL._SS450_.jpg 450w, https:\/\/images-na.ssl-images-amazon.com\/images\/I\/61yW-2rq9nL._SS1400_.jpg 1400w, https:\/\/images-na.ssl-images-amazon.com\/images\/I\/61yW-2rq9nL._SS180_.jpg 180w, https:\/\/images-na.ssl-images-amazon.com\/images\/I\/61yW-2rq9nL._SS600_.jpg 600w, https:\/\/images-na.ssl-images-amazon.com\/images\/I\/61yW-2rq9nL._SS100_.jpg 100w\" sizes=\"(max-width: 150px) 100vw, 150px\" \/><\/a>\n\t\t\t<\/div><\/figure>\n\t\t<\/div>\n<br \/>\n<!-- show up to 2 reviews by default --> <\/p>\n<p>Surfbrett-Taschen aus der DaKines Mission Serie sind hergestellt, um Ihr Board vor den Strapazen der langen Reisen zu sch\u00fctzen. Sie verf\u00fcgen \u00fcber eine w\u00e4rmereflektierende, energiereiche Unterseite, eine robuste 600D-Diamant-Ripstop-Oberseite und eine 3\/8-Zoll-Schaumstoffpolsterung f\u00fcr maximalen Schutz. Ein robuster, geformter YKK-Rei\u00dfverschluss mit internem Schienenschutz, abnehmbarer, gepolsterter Schultergurt und eine Tasche runden das Paket ab. Passt bis zu 2 Boards ohne Flossen <\/p>\n<p>600D Diamant-Ripstop-Oberseite f\u00fcr geringes Gewicht und Langlebigkeit<br \/>\nHitzereflektierender Energieschild unten<br \/>\n10 mm geschlossenzelliger Schaumstoff f\u00fcr maximalen Schutz<br \/>\nRobuster, geformter YKK-Rei\u00dfverschluss mit internem Schienenschutz<br \/>\nTPU-Bel\u00fcftung<br \/>\n<div class=\"main-cross-sell\" data-asin=\"B005AT6G5Y\">\n\n\t<div class=\"WooZone-cross-sell-loader\">\n\t\t<div>\n\t\t\t<div id=\"floatingBarsG\">\n\t\t\t\t<div class=\"blockG\" id=\"rotateG_01\"><\/div>\n\t\t\t\t<div class=\"blockG\" id=\"rotateG_02\"><\/div>\n\t\t\t\t<div class=\"blockG\" id=\"rotateG_03\"><\/div>\n\t\t\t\t<div class=\"blockG\" id=\"rotateG_04\"><\/div>\n\t\t\t\t<div class=\"blockG\" id=\"rotateG_05\"><\/div>\n\t\t\t\t<div class=\"blockG\" id=\"rotateG_06\"><\/div>\n\t\t\t\t<div class=\"blockG\" id=\"rotateG_07\"><\/div>\n\t\t\t\t<div class=\"blockG\" id=\"rotateG_08\"><\/div>\n\t\t\t<\/div>\n\t\t\t<div class=\"WooZone-cross-sell-loader-text\"><\/div>\n\t\t<\/div>\n\t<\/div>\n\n\t\t\n<\/div>\n<div style=\"clear:both;\"><\/div>\n","protected":false},"excerpt":{"rendered":"<p>600D Diamant-Ripstop-Oberseite f\u00fcr geringes Gewicht und Langlebigkeit<br \/>\nHitzereflektierender Energieschild unten<br \/>\n10 mm geschlossenzelliger Schaumstoff f\u00fcr maximalen Schutz<\/p>\n","protected":false},"featured_media":15776,"comment_status":"open","ping_status":"closed","template":"","meta":[],"product_cat":[52],"product_tag":[],"_links":{"self":[{"href":"https:\/\/wellenreiten-surfen.de\/index.php?rest_route=\/wp\/v2\/product\/15775"}],"collection":[{"href":"https:\/\/wellenreiten-surfen.de\/index.php?rest_route=\/wp\/v2\/product"}],"about":[{"href":"https:\/\/wellenreiten-surfen.de\/index.php?rest_route=\/wp\/v2\/types\/product"}],"replies":[{"embeddable":true,"href":"https:\/\/wellenreiten-surfen.de\/index.php?rest_route=%2Fwp%2Fv2%2Fcomments&post=15775"}],"wp:featuredmedia":[{"embeddable":true,"href":"https:\/\/wellenreiten-surfen.de\/index.php?rest_route=\/wp\/v2\/media\/15776"}],"wp:attachment":[{"href":"https:\/\/wellenreiten-surfen.de\/index.php?rest_route=%2Fwp%2Fv2%2Fmedia&parent=15775"}],"wp:term":[{"taxonomy":"product_cat","embeddable":true,"href":"https:\/\/wellenreiten-surfen.de\/index.php?rest_route=%2Fwp%2Fv2%2Fproduct_cat&post=15775"},{"taxonomy":"product_tag","embeddable":true,"href":"https:\/\/wellenreiten-surfen.de\/index.php?rest_route=%2Fwp%2Fv2%2Fproduct_tag&post=15775"}],"curies":[{"name":"wp","href":"https:\/\/api.w.org\/{rel}","templated":true}]}}