{"id":15779,"date":"2021-04-30T04:06:20","date_gmt":"2021-04-30T04:06:20","guid":{"rendered":"https:\/\/wellenreiten-surfen.de\/?product=rip-curl-lwt-day-cover-60"},"modified":"2023-04-05T22:55:07","modified_gmt":"2023-04-05T22:55:07","slug":"rip-curl-lwt-day-cover-60","status":"publish","type":"product","link":"https:\/\/wellenreiten-surfen.de\/?product=rip-curl-lwt-day-cover-60","title":{"rendered":"Rip Curl LWT Day Cover 6&#8217;0"},"content":{"rendered":"<p><!-- show up to 2 reviews by default --> <\/p>\n<p> Die LWT Day Cover ist eine strapazierf\u00e4hige Surfboardh\u00fclle aus robustem Polyester mit 5 mm High-Density-Schaumstoff, Tragegriff und Schultergurt. Ein absolutes Must-have f\u00fcr jeden Surfer. <\/p>\n<p> Eigenschaften: <br \/>&#8211; 5 mm high density protective foam <br \/>&#8211; Carry handle and shoulder strap <br \/>&#8211; Fins extension gusset <br \/>&#8211; Reinforced nose and tail <\/p>\n<\/p>\n<p>Gender: Men<br \/>\n<div class=\"main-cross-sell\" data-asin=\"B07H52TTCH\">\n\n\t<div class=\"WooZone-cross-sell-loader\">\n\t\t<div>\n\t\t\t<div id=\"floatingBarsG\">\n\t\t\t\t<div class=\"blockG\" id=\"rotateG_01\"><\/div>\n\t\t\t\t<div class=\"blockG\" id=\"rotateG_02\"><\/div>\n\t\t\t\t<div class=\"blockG\" id=\"rotateG_03\"><\/div>\n\t\t\t\t<div class=\"blockG\" id=\"rotateG_04\"><\/div>\n\t\t\t\t<div class=\"blockG\" id=\"rotateG_05\"><\/div>\n\t\t\t\t<div class=\"blockG\" id=\"rotateG_06\"><\/div>\n\t\t\t\t<div class=\"blockG\" id=\"rotateG_07\"><\/div>\n\t\t\t\t<div class=\"blockG\" id=\"rotateG_08\"><\/div>\n\t\t\t<\/div>\n\t\t\t<div class=\"WooZone-cross-sell-loader-text\"><\/div>\n\t\t<\/div>\n\t<\/div>\n\n\t\t\n<\/div>\n<div style=\"clear:both;\"><\/div>\n","protected":false},"excerpt":{"rendered":"<p>Gender: Men<\/p>\n","protected":false},"featured_media":15780,"comment_status":"open","ping_status":"closed","template":"","meta":[],"product_cat":[52],"product_tag":[],"_links":{"self":[{"href":"https:\/\/wellenreiten-surfen.de\/index.php?rest_route=\/wp\/v2\/product\/15779"}],"collection":[{"href":"https:\/\/wellenreiten-surfen.de\/index.php?rest_route=\/wp\/v2\/product"}],"about":[{"href":"https:\/\/wellenreiten-surfen.de\/index.php?rest_route=\/wp\/v2\/types\/product"}],"replies":[{"embeddable":true,"href":"https:\/\/wellenreiten-surfen.de\/index.php?rest_route=%2Fwp%2Fv2%2Fcomments&post=15779"}],"wp:featuredmedia":[{"embeddable":true,"href":"https:\/\/wellenreiten-surfen.de\/index.php?rest_route=\/wp\/v2\/media\/15780"}],"wp:attachment":[{"href":"https:\/\/wellenreiten-surfen.de\/index.php?rest_route=%2Fwp%2Fv2%2Fmedia&parent=15779"}],"wp:term":[{"taxonomy":"product_cat","embeddable":true,"href":"https:\/\/wellenreiten-surfen.de\/index.php?rest_route=%2Fwp%2Fv2%2Fproduct_cat&post=15779"},{"taxonomy":"product_tag","embeddable":true,"href":"https:\/\/wellenreiten-surfen.de\/index.php?rest_route=%2Fwp%2Fv2%2Fproduct_tag&post=15779"}],"curies":[{"name":"wp","href":"https:\/\/api.w.org\/{rel}","templated":true}]}}