{"id":15856,"date":"2021-04-30T04:06:53","date_gmt":"2021-04-30T04:06:53","guid":{"rendered":"https:\/\/wellenreiten-surfen.de\/?product=dakine-recon-surf-thruster-reisetasche-carbon"},"modified":"2023-04-05T22:55:08","modified_gmt":"2023-04-05T22:55:08","slug":"dakine-recon-surf-thruster-reisetasche-carbon","status":"publish","type":"product","link":"https:\/\/wellenreiten-surfen.de\/?product=dakine-recon-surf-thruster-reisetasche-carbon","title":{"rendered":"Dakine Recon Surf Thruster Reisetasche, Carbon"},"content":{"rendered":"<div id='gallery-1' class='gallery galleryid-15856 gallery-columns-3 gallery-size-thumbnail'><figure class='gallery-item'>\n\t\t\t<div class='gallery-icon landscape'>\n\t\t\t\t<a href='https:\/\/wellenreiten-surfen.de\/?attachment_id=15857'><img width=\"150\" height=\"150\" src=\"https:\/\/images-na.ssl-images-amazon.com\/images\/I\/31z-Vy4o8PL._SS150_.jpg\" class=\"attachment-thumbnail size-thumbnail\" alt=\"\" decoding=\"async\" loading=\"lazy\" srcset=\"https:\/\/images-na.ssl-images-amazon.com\/images\/I\/31z-Vy4o8PL._SS150_.jpg 150w, https:\/\/images-na.ssl-images-amazon.com\/images\/I\/31z-Vy4o8PL._SS300_.jpg 300w, https:\/\/images-na.ssl-images-amazon.com\/images\/I\/31z-Vy4o8PL._SS768_.jpg 768w, https:\/\/images-na.ssl-images-amazon.com\/images\/I\/31z-Vy4o8PL._SS1024_.jpg 1024w, https:\/\/images-na.ssl-images-amazon.com\/images\/I\/31z-Vy4o8PL._SS1536_.jpg 1536w, https:\/\/images-na.ssl-images-amazon.com\/images\/I\/31z-Vy4o8PL._SS2048_.jpg 2048w, https:\/\/images-na.ssl-images-amazon.com\/images\/I\/31z-Vy4o8PL._SS80_.jpg 80w, https:\/\/images-na.ssl-images-amazon.com\/images\/I\/31z-Vy4o8PL._SS200_.jpg 200w, https:\/\/images-na.ssl-images-amazon.com\/images\/I\/31z-Vy4o8PL.jpg 500w, https:\/\/images-na.ssl-images-amazon.com\/images\/I\/31z-Vy4o8PL._SS450_.jpg 450w, https:\/\/images-na.ssl-images-amazon.com\/images\/I\/31z-Vy4o8PL._SS1400_.jpg 1400w, https:\/\/images-na.ssl-images-amazon.com\/images\/I\/31z-Vy4o8PL._SS180_.jpg 180w, https:\/\/images-na.ssl-images-amazon.com\/images\/I\/31z-Vy4o8PL._SS600_.jpg 600w, https:\/\/images-na.ssl-images-amazon.com\/images\/I\/31z-Vy4o8PL._SS100_.jpg 100w\" sizes=\"(max-width: 150px) 100vw, 150px\" \/><\/a>\n\t\t\t<\/div><\/figure><figure class='gallery-item'>\n\t\t\t<div class='gallery-icon landscape'>\n\t\t\t\t<a href='https:\/\/wellenreiten-surfen.de\/?attachment_id=15858'><img width=\"150\" height=\"150\" src=\"https:\/\/images-na.ssl-images-amazon.com\/images\/I\/41GebMUemML._SS150_.jpg\" class=\"attachment-thumbnail size-thumbnail\" alt=\"\" decoding=\"async\" loading=\"lazy\" srcset=\"https:\/\/images-na.ssl-images-amazon.com\/images\/I\/41GebMUemML._SS150_.jpg 150w, https:\/\/images-na.ssl-images-amazon.com\/images\/I\/41GebMUemML._SS300_.jpg 300w, https:\/\/images-na.ssl-images-amazon.com\/images\/I\/41GebMUemML._SS768_.jpg 768w, https:\/\/images-na.ssl-images-amazon.com\/images\/I\/41GebMUemML._SS1024_.jpg 1024w, https:\/\/images-na.ssl-images-amazon.com\/images\/I\/41GebMUemML._SS1536_.jpg 1536w, https:\/\/images-na.ssl-images-amazon.com\/images\/I\/41GebMUemML._SS2048_.jpg 2048w, https:\/\/images-na.ssl-images-amazon.com\/images\/I\/41GebMUemML._SS80_.jpg 80w, https:\/\/images-na.ssl-images-amazon.com\/images\/I\/41GebMUemML._SS200_.jpg 200w, https:\/\/images-na.ssl-images-amazon.com\/images\/I\/41GebMUemML.jpg 500w, https:\/\/images-na.ssl-images-amazon.com\/images\/I\/41GebMUemML._SS450_.jpg 450w, https:\/\/images-na.ssl-images-amazon.com\/images\/I\/41GebMUemML._SS1400_.jpg 1400w, https:\/\/images-na.ssl-images-amazon.com\/images\/I\/41GebMUemML._SS180_.jpg 180w, https:\/\/images-na.ssl-images-amazon.com\/images\/I\/41GebMUemML._SS600_.jpg 600w, https:\/\/images-na.ssl-images-amazon.com\/images\/I\/41GebMUemML._SS100_.jpg 100w\" sizes=\"(max-width: 150px) 100vw, 150px\" \/><\/a>\n\t\t\t<\/div><\/figure>\n\t\t<\/div>\n<br \/>\n<!-- show up to 2 reviews by default --> <\/p>\n<p>Surfbrett-Taschen aus der Recon-Serie von DaKine sch\u00fctzen Ihr Board vor den Strapazen auf langen Reisen. Die Recon Surf Thruster Reisetasche verf\u00fcgt \u00fcber eine w\u00e4rmereflektierende, energieregulierende Unterseite, eine strapazierf\u00e4hige 600D Polyester Diamond Ripstop Oberseite und eine 3\/8 Zoll geschlossenzellige Schaumstoffpolsterung f\u00fcr maximalen Schutz. Ein robuster, geformter YKK-Rei\u00dfverschluss mit internem Schienenschutz, abnehmbarer, gepolsterter Schultergurt und eine Tasche runden das Paket ab. Passend f\u00fcr bis zu 2 Boards ohne Flossen mit verdeckter Bodenplatte <\/p>\n<p>Passend f\u00fcr bis zu zwei Bretter, w\u00e4hrend das untere Brett nicht sichtbar ist<br \/>\nDaKine ist ein wahrer Marktf\u00fchrer in der Welt von Taschen, Rucks\u00e4cken und Accessoires. Nach der Feier des 40-j\u00e4hrigen Jubil\u00e4ums im Jahr 2019 ist DaKine weiterhin stolz darauf, Produkte f\u00fcr die Top-Profis in jedem Boardsport zu entwickeln und seinen Ruf f\u00fcr Innovation und Qualit\u00e4t seit \u00fcber einem Vierteljahrhundert aufbauen.<br \/>\n<div class=\"main-cross-sell\" data-asin=\"B07MTJ4WCJ\">\n\n\t<div class=\"WooZone-cross-sell-loader\">\n\t\t<div>\n\t\t\t<div id=\"floatingBarsG\">\n\t\t\t\t<div class=\"blockG\" id=\"rotateG_01\"><\/div>\n\t\t\t\t<div class=\"blockG\" id=\"rotateG_02\"><\/div>\n\t\t\t\t<div class=\"blockG\" id=\"rotateG_03\"><\/div>\n\t\t\t\t<div class=\"blockG\" id=\"rotateG_04\"><\/div>\n\t\t\t\t<div class=\"blockG\" id=\"rotateG_05\"><\/div>\n\t\t\t\t<div class=\"blockG\" id=\"rotateG_06\"><\/div>\n\t\t\t\t<div class=\"blockG\" id=\"rotateG_07\"><\/div>\n\t\t\t\t<div class=\"blockG\" id=\"rotateG_08\"><\/div>\n\t\t\t<\/div>\n\t\t\t<div class=\"WooZone-cross-sell-loader-text\"><\/div>\n\t\t<\/div>\n\t<\/div>\n\n\t\t\n<\/div>\n<div style=\"clear:both;\"><\/div>\n","protected":false},"excerpt":{"rendered":"<p>Passend f\u00fcr bis zu zwei Bretter, w\u00e4hrend das untere Brett nicht sichtbar ist<br \/>\nDaKine ist ein wahrer Marktf\u00fchrer in der Welt von Taschen, Rucks\u00e4cken und Accessoires. Nach der Feier des 40-j\u00e4hrigen Jubil\u00e4ums im Jahr 2019 ist DaKine weiterhin stolz darauf, Produkte f\u00fcr die Top-Profis in jedem Boardsport zu entwickeln und seinen Ruf f\u00fcr Innovation und Qualit\u00e4t seit \u00fcber einem Vierteljahrhundert aufbauen.<\/p>\n","protected":false},"featured_media":15857,"comment_status":"open","ping_status":"closed","template":"","meta":[],"product_cat":[52],"product_tag":[],"_links":{"self":[{"href":"https:\/\/wellenreiten-surfen.de\/index.php?rest_route=\/wp\/v2\/product\/15856"}],"collection":[{"href":"https:\/\/wellenreiten-surfen.de\/index.php?rest_route=\/wp\/v2\/product"}],"about":[{"href":"https:\/\/wellenreiten-surfen.de\/index.php?rest_route=\/wp\/v2\/types\/product"}],"replies":[{"embeddable":true,"href":"https:\/\/wellenreiten-surfen.de\/index.php?rest_route=%2Fwp%2Fv2%2Fcomments&post=15856"}],"wp:featuredmedia":[{"embeddable":true,"href":"https:\/\/wellenreiten-surfen.de\/index.php?rest_route=\/wp\/v2\/media\/15857"}],"wp:attachment":[{"href":"https:\/\/wellenreiten-surfen.de\/index.php?rest_route=%2Fwp%2Fv2%2Fmedia&parent=15856"}],"wp:term":[{"taxonomy":"product_cat","embeddable":true,"href":"https:\/\/wellenreiten-surfen.de\/index.php?rest_route=%2Fwp%2Fv2%2Fproduct_cat&post=15856"},{"taxonomy":"product_tag","embeddable":true,"href":"https:\/\/wellenreiten-surfen.de\/index.php?rest_route=%2Fwp%2Fv2%2Fproduct_tag&post=15856"}],"curies":[{"name":"wp","href":"https:\/\/api.w.org\/{rel}","templated":true}]}}