{"id":15871,"date":"2021-04-30T04:06:58","date_gmt":"2021-04-30T04:06:58","guid":{"rendered":"https:\/\/wellenreiten-surfen.de\/?product=cwb-connelly-surf-sock-over-surfboard-tasche-152-cm"},"modified":"2023-04-05T22:55:08","modified_gmt":"2023-04-05T22:55:08","slug":"cwb-connelly-surf-sock-over-surfboard-tasche-152-cm","status":"publish","type":"product","link":"https:\/\/wellenreiten-surfen.de\/?product=cwb-connelly-surf-sock-over-surfboard-tasche-152-cm","title":{"rendered":"CWB Surf Sock Wakesurf Tasche"},"content":{"rendered":"<p><!-- show up to 2 reviews by default --> <\/p>\n<p>Pl\u00fcsch-Frottee-Stoff leitet Feuchtigkeit ab f\u00fcr trockene Lagerung, robuste, verst\u00e4rkte Nase f\u00fcr zus\u00e4tzlichen Schutz, gro\u00dfe Kordelzug\u00f6ffnung f\u00fcr einfaches Verstauen, 2 Gr\u00f6\u00dfen \u2013 Bretter unter 152 cm und Bretter \u00fcber 152 cm. Passend f\u00fcr Boards \u00fcber 1,52 m. <\/p>\n<p>Pl\u00fcsch-Frottee-Stoff leitet Feuchtigkeit ab f\u00fcr trockene Aufbewahrung<br \/>\nRobuste, verst\u00e4rkte Nase f\u00fcr zus\u00e4tzlichen Schutz<br \/>\nGro\u00dfe Kordelzug\u00f6ffnung f\u00fcr einfaches Verstauen<br \/>\nF\u00fcr Bretter mit einer L\u00e4nge von \u00fcber 1,52 m<br \/>\n<div class=\"main-cross-sell\" data-asin=\"B01LZWGSJ6\">\n\n\t<div class=\"WooZone-cross-sell-loader\">\n\t\t<div>\n\t\t\t<div id=\"floatingBarsG\">\n\t\t\t\t<div class=\"blockG\" id=\"rotateG_01\"><\/div>\n\t\t\t\t<div class=\"blockG\" id=\"rotateG_02\"><\/div>\n\t\t\t\t<div class=\"blockG\" id=\"rotateG_03\"><\/div>\n\t\t\t\t<div class=\"blockG\" id=\"rotateG_04\"><\/div>\n\t\t\t\t<div class=\"blockG\" id=\"rotateG_05\"><\/div>\n\t\t\t\t<div class=\"blockG\" id=\"rotateG_06\"><\/div>\n\t\t\t\t<div class=\"blockG\" id=\"rotateG_07\"><\/div>\n\t\t\t\t<div class=\"blockG\" id=\"rotateG_08\"><\/div>\n\t\t\t<\/div>\n\t\t\t<div class=\"WooZone-cross-sell-loader-text\"><\/div>\n\t\t<\/div>\n\t<\/div>\n\n\t\t\n<\/div>\n<div style=\"clear:both;\"><\/div>\n","protected":false},"excerpt":{"rendered":"<p>Pl\u00fcsch-Frottee-Stoff leitet Feuchtigkeit ab f\u00fcr trockene Aufbewahrung<br \/>\nRobuste, verst\u00e4rkte Nase f\u00fcr zus\u00e4tzlichen Schutz<br \/>\nGro\u00dfe Kordelzug\u00f6ffnung f\u00fcr einfaches Verstauen<\/p>\n","protected":false},"featured_media":15872,"comment_status":"open","ping_status":"closed","template":"","meta":[],"product_cat":[52],"product_tag":[],"_links":{"self":[{"href":"https:\/\/wellenreiten-surfen.de\/index.php?rest_route=\/wp\/v2\/product\/15871"}],"collection":[{"href":"https:\/\/wellenreiten-surfen.de\/index.php?rest_route=\/wp\/v2\/product"}],"about":[{"href":"https:\/\/wellenreiten-surfen.de\/index.php?rest_route=\/wp\/v2\/types\/product"}],"replies":[{"embeddable":true,"href":"https:\/\/wellenreiten-surfen.de\/index.php?rest_route=%2Fwp%2Fv2%2Fcomments&post=15871"}],"wp:featuredmedia":[{"embeddable":true,"href":"https:\/\/wellenreiten-surfen.de\/index.php?rest_route=\/wp\/v2\/media\/15872"}],"wp:attachment":[{"href":"https:\/\/wellenreiten-surfen.de\/index.php?rest_route=%2Fwp%2Fv2%2Fmedia&parent=15871"}],"wp:term":[{"taxonomy":"product_cat","embeddable":true,"href":"https:\/\/wellenreiten-surfen.de\/index.php?rest_route=%2Fwp%2Fv2%2Fproduct_cat&post=15871"},{"taxonomy":"product_tag","embeddable":true,"href":"https:\/\/wellenreiten-surfen.de\/index.php?rest_route=%2Fwp%2Fv2%2Fproduct_tag&post=15871"}],"curies":[{"name":"wp","href":"https:\/\/api.w.org\/{rel}","templated":true}]}}