{"id":15889,"date":"2021-04-30T04:07:03","date_gmt":"2021-04-30T04:07:03","guid":{"rendered":"https:\/\/wellenreiten-surfen.de\/?product=dakine-unisex-10002830-surfbrett-taschen"},"modified":"2023-04-05T22:55:08","modified_gmt":"2023-04-05T22:55:08","slug":"dakine-unisex-10002830-surfbrett-taschen","status":"publish","type":"product","link":"https:\/\/wellenreiten-surfen.de\/?product=dakine-unisex-10002830-surfbrett-taschen","title":{"rendered":"Dakine Daylight"},"content":{"rendered":"<p><!-- show up to 2 reviews by default --> <\/p>\n<p>Behandeln Sie Ihr Brett richtig. Von der routinem\u00e4\u00dfigen Aufbewahrung bis hin zum t\u00e4glichen Transport bietet unsere Daylight Surfboard-Tasche eine unschlagbar leichte, gepolsterte Abdeckung. Es ist f\u00fcr Longboards mit einer Gr\u00f6\u00dfe von 2,8 m bis 3,8 m geeignet. Einmal eingepackt, bietet Ihr Board eine hitze- und wasserabweisende Abdeckung sowie einen durchgehenden 6,5 mm Schaumstoff-gepolsterten Dellenschutz. Ein gepolsterter Schultergurt l\u00e4sst Ihre H\u00e4nde frei f\u00fcr andere Ausr\u00fcstung. <\/p>\n<p>Verbessertes hitze- und wasserabweisendes Planenmaterial<br \/>\n6,5 mm Schaumstoffpolsterung<br \/>\nVerschluss: Rei\u00dfverschluss<br \/>\nDakine Daylight Surfboard Bag Noserider<br \/>\nModellnummer: DAKINE<br \/>\nStrapazierf\u00e4higer YKK-Spiralrei\u00dfverschluss<br \/>\nFlossenschlitz mit Rei\u00dfverschluss<br \/>\nRutschfester, gepolsterter Schultergurt mit versteckter Tasche<br \/>\n<div class=\"main-cross-sell\" data-asin=\"B07ZG7DG54\">\n\n\t<div class=\"WooZone-cross-sell-loader\">\n\t\t<div>\n\t\t\t<div id=\"floatingBarsG\">\n\t\t\t\t<div class=\"blockG\" id=\"rotateG_01\"><\/div>\n\t\t\t\t<div class=\"blockG\" id=\"rotateG_02\"><\/div>\n\t\t\t\t<div class=\"blockG\" id=\"rotateG_03\"><\/div>\n\t\t\t\t<div class=\"blockG\" id=\"rotateG_04\"><\/div>\n\t\t\t\t<div class=\"blockG\" id=\"rotateG_05\"><\/div>\n\t\t\t\t<div class=\"blockG\" id=\"rotateG_06\"><\/div>\n\t\t\t\t<div class=\"blockG\" id=\"rotateG_07\"><\/div>\n\t\t\t\t<div class=\"blockG\" id=\"rotateG_08\"><\/div>\n\t\t\t<\/div>\n\t\t\t<div class=\"WooZone-cross-sell-loader-text\"><\/div>\n\t\t<\/div>\n\t<\/div>\n\n\t\t\n<\/div>\n<div style=\"clear:both;\"><\/div>\n","protected":false},"excerpt":{"rendered":"<p>Verbessertes hitze- und wasserabweisendes Planenmaterial<br \/>\n6,5 mm Schaumstoffpolsterung<br \/>\nVerschluss: Rei\u00dfverschluss<\/p>\n","protected":false},"featured_media":15890,"comment_status":"open","ping_status":"closed","template":"","meta":[],"product_cat":[52],"product_tag":[],"_links":{"self":[{"href":"https:\/\/wellenreiten-surfen.de\/index.php?rest_route=\/wp\/v2\/product\/15889"}],"collection":[{"href":"https:\/\/wellenreiten-surfen.de\/index.php?rest_route=\/wp\/v2\/product"}],"about":[{"href":"https:\/\/wellenreiten-surfen.de\/index.php?rest_route=\/wp\/v2\/types\/product"}],"replies":[{"embeddable":true,"href":"https:\/\/wellenreiten-surfen.de\/index.php?rest_route=%2Fwp%2Fv2%2Fcomments&post=15889"}],"wp:featuredmedia":[{"embeddable":true,"href":"https:\/\/wellenreiten-surfen.de\/index.php?rest_route=\/wp\/v2\/media\/15890"}],"wp:attachment":[{"href":"https:\/\/wellenreiten-surfen.de\/index.php?rest_route=%2Fwp%2Fv2%2Fmedia&parent=15889"}],"wp:term":[{"taxonomy":"product_cat","embeddable":true,"href":"https:\/\/wellenreiten-surfen.de\/index.php?rest_route=%2Fwp%2Fv2%2Fproduct_cat&post=15889"},{"taxonomy":"product_tag","embeddable":true,"href":"https:\/\/wellenreiten-surfen.de\/index.php?rest_route=%2Fwp%2Fv2%2Fproduct_tag&post=15889"}],"curies":[{"name":"wp","href":"https:\/\/api.w.org\/{rel}","templated":true}]}}