{"id":15891,"date":"2021-04-30T04:07:05","date_gmt":"2021-04-30T04:07:05","guid":{"rendered":"https:\/\/wellenreiten-surfen.de\/?product=dakine-daylight-longboard-tasche-weiss"},"modified":"2023-04-05T22:55:08","modified_gmt":"2023-04-05T22:55:08","slug":"dakine-daylight-longboard-tasche-weiss","status":"publish","type":"product","link":"https:\/\/wellenreiten-surfen.de\/?product=dakine-daylight-longboard-tasche-weiss","title":{"rendered":"Dakine Surf Daylight-Noserider Day Bag &#8211; Wei\u00df &#8211; Unisex &#8211; Hitze- und wasserabweisendes Planenmaterial"},"content":{"rendered":"<p><!-- show up to 2 reviews by default --> <\/p>\n<p>Die Daylight Surfboard-Tasche ist hochwertig verarbeitet und hat eine gepolsterte Leistung zu einem erschwinglichen Preis. Aus hitzebest\u00e4ndigem Planenmaterial und 1\/4 Zoll Polsterung, es ist eine perfekte Tagestasche. Es verf\u00fcgt \u00fcber einen gepolsterten Schultergurt, eine Tasche und einen Flossenschlitz mit Rei\u00dfverschluss. <\/p>\n<p>Verbessertes hitze- und wasserabweisendes Planenmaterial<br \/>\n6,5 mm Schaumstoffpolsterung<br \/>\nStrapazierf\u00e4higer YKK-Spiralrei\u00dfverschluss<br \/>\nFlossenschlitz mit Rei\u00dfverschluss<br \/>\nRutschfester, gepolsterter Schultergurt mit versteckter Tasche<br \/>\n<div class=\"main-cross-sell\" data-asin=\"B007IN4ZOO\">\n\n\t<div class=\"WooZone-cross-sell-loader\">\n\t\t<div>\n\t\t\t<div id=\"floatingBarsG\">\n\t\t\t\t<div class=\"blockG\" id=\"rotateG_01\"><\/div>\n\t\t\t\t<div class=\"blockG\" id=\"rotateG_02\"><\/div>\n\t\t\t\t<div class=\"blockG\" id=\"rotateG_03\"><\/div>\n\t\t\t\t<div class=\"blockG\" id=\"rotateG_04\"><\/div>\n\t\t\t\t<div class=\"blockG\" id=\"rotateG_05\"><\/div>\n\t\t\t\t<div class=\"blockG\" id=\"rotateG_06\"><\/div>\n\t\t\t\t<div class=\"blockG\" id=\"rotateG_07\"><\/div>\n\t\t\t\t<div class=\"blockG\" id=\"rotateG_08\"><\/div>\n\t\t\t<\/div>\n\t\t\t<div class=\"WooZone-cross-sell-loader-text\"><\/div>\n\t\t<\/div>\n\t<\/div>\n\n\t\t\n<\/div>\n<div style=\"clear:both;\"><\/div>\n","protected":false},"excerpt":{"rendered":"<p>Verbessertes hitze- und wasserabweisendes Planenmaterial<br \/>\n6,5 mm Schaumstoffpolsterung<br \/>\nStrapazierf\u00e4higer YKK-Spiralrei\u00dfverschluss<\/p>\n","protected":false},"featured_media":15892,"comment_status":"open","ping_status":"closed","template":"","meta":[],"product_cat":[52],"product_tag":[],"_links":{"self":[{"href":"https:\/\/wellenreiten-surfen.de\/index.php?rest_route=\/wp\/v2\/product\/15891"}],"collection":[{"href":"https:\/\/wellenreiten-surfen.de\/index.php?rest_route=\/wp\/v2\/product"}],"about":[{"href":"https:\/\/wellenreiten-surfen.de\/index.php?rest_route=\/wp\/v2\/types\/product"}],"replies":[{"embeddable":true,"href":"https:\/\/wellenreiten-surfen.de\/index.php?rest_route=%2Fwp%2Fv2%2Fcomments&post=15891"}],"wp:featuredmedia":[{"embeddable":true,"href":"https:\/\/wellenreiten-surfen.de\/index.php?rest_route=\/wp\/v2\/media\/15892"}],"wp:attachment":[{"href":"https:\/\/wellenreiten-surfen.de\/index.php?rest_route=%2Fwp%2Fv2%2Fmedia&parent=15891"}],"wp:term":[{"taxonomy":"product_cat","embeddable":true,"href":"https:\/\/wellenreiten-surfen.de\/index.php?rest_route=%2Fwp%2Fv2%2Fproduct_cat&post=15891"},{"taxonomy":"product_tag","embeddable":true,"href":"https:\/\/wellenreiten-surfen.de\/index.php?rest_route=%2Fwp%2Fv2%2Fproduct_tag&post=15891"}],"curies":[{"name":"wp","href":"https:\/\/api.w.org\/{rel}","templated":true}]}}